{"id":8873,"date":"2024-09-12T10:09:48","date_gmt":"2024-09-12T08:09:48","guid":{"rendered":"https:\/\/mesguides.info\/test-yetinnov\/?page_id=8873"},"modified":"2024-09-12T12:13:03","modified_gmt":"2024-09-12T10:13:03","slug":"psm-i-pspoi","status":"publish","type":"page","link":"https:\/\/mesguides.info\/test-yetinnov\/psm-i-pspoi\/","title":{"rendered":"PSM I \u2013 PSPOI"},"content":{"rendered":"\t\t<div data-elementor-type=\"wp-page\" data-elementor-id=\"8873\" class=\"elementor elementor-8873\">\n\t\t\t\t\t\t<section class=\"elementor-section elementor-top-section elementor-element elementor-element-5246a12 elementor-section-boxed elementor-section-height-default elementor-section-height-default\" data-id=\"5246a12\" data-element_type=\"section\" data-settings=\"{&quot;background_background&quot;:&quot;classic&quot;,&quot;_ha_eqh_enable&quot;:false}\">\n\t\t\t\t\t\t<div class=\"elementor-container elementor-column-gap-default\">\n\t\t\t\t\t<div class=\"elementor-column elementor-col-100 elementor-top-column elementor-element elementor-element-b20b5d8\" data-id=\"b20b5d8\" data-element_type=\"column\">\n\t\t\t<div class=\"elementor-widget-wrap elementor-element-populated\">\n\t\t\t\t\t\t<section class=\"elementor-section elementor-inner-section elementor-element elementor-element-6e583f1 elementor-section-full_width elementor-section-height-default elementor-section-height-default\" data-id=\"6e583f1\" data-element_type=\"section\" data-settings=\"{&quot;_ha_eqh_enable&quot;:false}\">\n\t\t\t\t\t\t<div class=\"elementor-container elementor-column-gap-no\">\n\t\t\t\t\t<div class=\"elementor-column elementor-col-100 elementor-inner-column elementor-element elementor-element-2fc379e\" data-id=\"2fc379e\" data-element_type=\"column\">\n\t\t\t<div class=\"elementor-widget-wrap elementor-element-populated\">\n\t\t\t\t\t\t<div class=\"elementor-element elementor-element-155a00a elementor-invisible elementor-widget elementor-widget-elementskit-heading\" data-id=\"155a00a\" data-element_type=\"widget\" data-settings=\"{&quot;_animation&quot;:&quot;fadeInUp&quot;}\" data-widget_type=\"elementskit-heading.default\">\n\t\t\t\t<div class=\"elementor-widget-container\">\n\t\t\t<div class=\"ekit-wid-con\" ><div class=\"ekit-heading elementskit-section-title-wraper center   ekit_heading_tablet-   ekit_heading_mobile-\"><h2 class=\"ekit-heading--title elementskit-section-title \">PSM I &amp; PSPO I <\/h2><div class=\"ekit_heading_separetor_wraper ekit_heading_elementskit-border-divider\"><div class=\"elementskit-border-divider\"><\/div><\/div>\t\t\t\t<div class='ekit-heading__description'>\n\t\t\t\t\t<p>Bienvenue \u00e0 cette formation interentreprise de 3 jours d\u00e9di\u00e9e \u00e0 la certification Professional Scrum Master I (PSM I) et Professional Scrum Product Owner I (PSPO I). Tout au long de ces sessions intensives, encadr\u00e9es par nos experts, vous explorerez en profondeur les principes et pratiques fondamentaux de Scrum, avec un accent particulier sur les r\u00f4les essentiels de Scrum Master et Product Owner. Gr\u00e2ce \u00e0 un environnement d'apprentissage interactif et stimulant, vous aurez l'occasion de ma\u00eetriser les outils et techniques de Scrum qui transformeront votre approche de la gestion de projet agile et de la gestion des produits. Pr\u00e9parez-vous \u00e0 d\u00e9velopper des comp\u00e9tences solides pour guider vos \u00e9quipes vers la r\u00e9ussite et optimiser la livraison de valeur produit<\/p>\n\t\t\t\t<\/div>\n\t\t\t<\/div><\/div>\t\t<\/div>\n\t\t\t\t<\/div>\n\t\t\t\t<div class=\"elementor-element elementor-element-33acf61 elementor-widget elementor-widget-elementskit-simple-tab\" data-id=\"33acf61\" data-element_type=\"widget\" data-widget_type=\"elementskit-simple-tab.default\">\n\t\t\t\t<div class=\"elementor-widget-container\">\n\t\t\t<div class=\"ekit-wid-con\" >        <div class=\"elementkit-tab-wraper   elementskit-fitcontent-tab \">\n            <ul class=\"nav nav-tabs elementkit-tab-nav  elementskit_tooltip_style elementskit_tooltip_style\">\n                                    <li class=\"elementkit-nav-item elementor-repeater-item-e7fb3c4\">\n                        <a class=\"elementkit-nav-link  active show left-pos\" id=\"content-e7fb3c469de2d15544c6-tab\" data-ekit-handler-id=\"pourquoi-psm-i-pspo-i-\" data-ekit-toggle=\"tab\" data-target=\"#content-e7fb3c469de2d15544c6\" href=\"#Content-e7fb3c469de2d15544c6\"\n                            data-ekit-toggle-trigger=\"click\"\n                            aria-describedby=\"Content-e7fb3c469de2d15544c6\">\n                            <span class=\" elementskit-tab-icon\"><\/span>                            <span class=\"elementskit-tab-title\"> Pourquoi PSM I & PSPO I  ? <\/span>\n                        <\/a>\n                    <\/li>\n                                        <li class=\"elementkit-nav-item elementor-repeater-item-9077dfd\">\n                        <a class=\"elementkit-nav-link  left-pos\" id=\"content-9077dfd69de2d15544c6-tab\" data-ekit-handler-id=\"cibles\" data-ekit-toggle=\"tab\" data-target=\"#content-9077dfd69de2d15544c6\" href=\"#Content-9077dfd69de2d15544c6\"\n                            data-ekit-toggle-trigger=\"click\"\n                            aria-describedby=\"Content-9077dfd69de2d15544c6\">\n                            <span class=\" elementskit-tab-icon\"><\/span>                            <span class=\"elementskit-tab-title\"> Cibles<\/span>\n                        <\/a>\n                    <\/li>\n                                        <li class=\"elementkit-nav-item elementor-repeater-item-8ccf88b\">\n                        <a class=\"elementkit-nav-link  left-pos\" id=\"content-8ccf88b69de2d15544c6-tab\" data-ekit-handler-id=\"-programme-de-formation-\" data-ekit-toggle=\"tab\" data-target=\"#content-8ccf88b69de2d15544c6\" href=\"#Content-8ccf88b69de2d15544c6\"\n                            data-ekit-toggle-trigger=\"click\"\n                            aria-describedby=\"Content-8ccf88b69de2d15544c6\">\n                            <span class=\" elementskit-tab-icon\"><\/span>                            <span class=\"elementskit-tab-title\">  Programme de formation <\/span>\n                        <\/a>\n                    <\/li>\n                                        <li class=\"elementkit-nav-item elementor-repeater-item-00f52ae\">\n                        <a class=\"elementkit-nav-link  left-pos\" id=\"content-00f52ae69de2d15544c6-tab\" data-ekit-handler-id=\"objectifs-de-la-formation-\" data-ekit-toggle=\"tab\" data-target=\"#content-00f52ae69de2d15544c6\" href=\"#Content-00f52ae69de2d15544c6\"\n                            data-ekit-toggle-trigger=\"click\"\n                            aria-describedby=\"Content-00f52ae69de2d15544c6\">\n                            <span class=\" elementskit-tab-icon\"><\/span>                            <span class=\"elementskit-tab-title\"> Objectifs de la formation <\/span>\n                        <\/a>\n                    <\/li>\n                                        <li class=\"elementkit-nav-item elementor-repeater-item-5e2f044\">\n                        <a class=\"elementkit-nav-link  left-pos\" id=\"content-5e2f04469de2d15544c6-tab\" data-ekit-handler-id=\"objectifs-p-dagogique\" data-ekit-toggle=\"tab\" data-target=\"#content-5e2f04469de2d15544c6\" href=\"#Content-5e2f04469de2d15544c6\"\n                            data-ekit-toggle-trigger=\"click\"\n                            aria-describedby=\"Content-5e2f04469de2d15544c6\">\n                            <span class=\" elementskit-tab-icon\"><\/span>                            <span class=\"elementskit-tab-title\"> Objectifs P\u00e9dagogique<\/span>\n                        <\/a>\n                    <\/li>\n                                <\/ul>\n\n            <div class=\"tab-content elementkit-tab-content\">\n                                    <div class=\"tab-pane elementkit-tab-pane elementor-repeater-item-e7fb3c4  active show\" id=\"content-e7fb3c469de2d15544c6\" role=\"tabpanel\"\n                         aria-labelledby=\"content-e7fb3c469de2d15544c6-tab\">\n                        <div class=\"animated fadeIn\">\n                            Ces deux certifications compl\u00e9mentaires vous permettent de ma\u00eetriser les r\u00f4les cl\u00e9s de Scrum : le Scrum Master, garant des processus et de la dynamique d&#8217;\u00e9quipe, et le Product Owner, responsable de la vision produit et de la cr\u00e9ation de valeur. En obtenant ces certifications, vous d\u00e9velopperez une expertise compl\u00e8te dans l&#8217;application des pratiques agiles, renfor\u00e7ant ainsi vos capacit\u00e9s \u00e0 optimiser la gestion de projet et la livraison de produits.                        <\/div>\n                    <\/div>\n                                    <div class=\"tab-pane elementkit-tab-pane elementor-repeater-item-9077dfd \" id=\"content-9077dfd69de2d15544c6\" role=\"tabpanel\"\n                         aria-labelledby=\"content-9077dfd69de2d15544c6-tab\">\n                        <div class=\"animated fadeIn\">\n                            <p style=\"text-align: center; font-size: 20px; margin-bottom: 40px;\"><strong>A quel public cette formation s\u2019adresse-t-elle?<\/strong><\/p>\n<p><i class=\"fa fa-check\" style=\"color: green;\"><\/i> Chefs de projet MOE et MOA.<\/p>\n<p><i class=\"fa fa-check\" style=\"color: green;\"><\/i> Architectes et consultants,<\/p>\n<p><i class=\"fa fa-check\" style=\"color: green;\"><\/i> Toute personne pouvant \u00eatre impliqu\u00e9e dans un projet agile.<\/p>\n<p style=\"text-align: center; color: red; font-size: 20px; margin-top: 40px;\">Aucun pr\u00e9requis n&#8217;est n\u00e9cessaire pour les personnes souhaitant y participer.<\/p>                        <\/div>\n                    <\/div>\n                                    <div class=\"tab-pane elementkit-tab-pane elementor-repeater-item-8ccf88b \" id=\"content-8ccf88b69de2d15544c6\" role=\"tabpanel\"\n                         aria-labelledby=\"content-8ccf88b69de2d15544c6-tab\">\n                        <div class=\"animated fadeIn\">\n                            <p style=\"text-align: center; font-size: 20px; color: red; margin-bottom: 60px;\"><span style=\"color: #000;\">Dur\u00e9e de la Formation :<\/span> <i class=\"fa fa-calendar\" style=\"color: #576194;\"><\/i> 3 Jours<\/p>\n\n<h4>1- M\u00e9thodes traditionnelles ou approche agile ?<\/h4>\n\n<p><i class=\"fa fa-check\" style=\"color: green;\"><\/i> Exploration des principes fondamentaux et des valeurs de l&#8217;agilit\u00e9.<\/p>\n\n<p><i class=\"fa fa-check\" style=\"color: green;\"><\/i> Les insuffisances des m\u00e9thodes pr\u00e9dictives.<\/p>\n\n<p><i class=\"fa fa-check\" style=\"color: green;\"><\/i> Le manifeste Agile.<\/p>\n\n<p><i class=\"fa fa-check\" style=\"color: green;\"><\/i> Valeurs et principes des m\u00e9thodes Agiles.<\/p>\n\n<h4>2- Scrum : un framework agile pour le management de projet<\/h4>\n\n<p><i class=\"fa fa-check\" style=\"color: green;\"><\/i> Vue d\u2019ensemble.<\/p>\n\n<p><i class=\"fa fa-check\" style=\"color: green;\"><\/i> Valeurs et piliers de Scrum.<\/p>\n\n<h4>3- Le Product Owner<\/h4>\n\n<p><i class=\"fa fa-check\" style=\"color: green;\"><\/i> Le Product Owner et les autres acteurs.<\/p>\n\n<p><i class=\"fa fa-check\" style=\"color: green;\"><\/i> Les comp\u00e9tences d\u2019un Product Owner.<\/p>\n\n<p><i class=\"fa fa-check\" style=\"color: green;\"><\/i> Le r\u00f4le du Prodcut Owner dans une \u00e9quipe Scrum.<\/p>\n\n<h4>4- Le ScrumMaster et l\u2019\u00e9quipe de R\u00e9alisation<\/h4>\n\n<p><i class=\"fa fa-check\" style=\"color: green;\"><\/i> La facilitation par le Scrum Master.<\/p>\n\n<p><i class=\"fa fa-check\" style=\"color: green;\"><\/i> Le Scrum Master : un Leader au service des autres.<\/p>\n\n<p><i class=\"fa fa-check\" style=\"color: green;\"><\/i> L\u2019\u00e9quipe de r\u00e9alisation (auto-organisation et multidisciplinarit\u00e9).<\/p>\n\n<h4>5- Le backlog de produit<\/h4>\n\n<p><i class=\"fa fa-check\" style=\"color: green;\"><\/i> Les \u00e9l\u00e9ments du Product Backlog.<\/p>\n\n<p><i class=\"fa fa-check\" style=\"color: green;\"><\/i> Description structur\u00e9e des user stories.<\/p>\n\n<p><i class=\"fa fa-check\" style=\"color: green;\"><\/i> Prioriser les exigences, les techniques de priorisation.<\/p>\n\n<p><i class=\"fa fa-check\" style=\"color: green;\"><\/i> Maximiser la valeur apport\u00e9e de la solution propos\u00e9e.<\/p>\n\n<p><i class=\"fa fa-check\" style=\"color: green;\"><\/i> Organiser et actualiser le Product Backlog.<\/p>\n\n<p><i class=\"fa fa-check\" style=\"color: green;\"><\/i> Affiner le Product Backlog.<\/p>\n\n<h4>6- La r\u00e9union de planification de sprint<\/h4>\n\n<p><i class=\"fa fa-check\" style=\"color: green;\"><\/i> Planifier le sprint.<\/p>\n\n<p><i class=\"fa fa-check\" style=\"color: green;\"><\/i> Sprint Goal &#038; Sprint Backlog.<\/p>\n\n<p><i class=\"fa fa-check\" style=\"color: green;\"><\/i> La Definition de Done \u00ab DoD \u00bb.<\/p>\n\n<p><i class=\"fa fa-check\" style=\"color: green;\"><\/i> Comment faire une r\u00e9union de planification de sprint ?.<\/p>\n\n<h4>7- Le Scrum quotidien<\/h4>\n\n<p><i class=\"fa fa-check\" style=\"color: green;\"><\/i> Une r\u00e9union quotidienne.<\/p>\n\n<p><i class=\"fa fa-check\" style=\"color: green;\"><\/i> La liste des obstacles potentiels pour la r\u00e9ussite une scrum quotidien.<\/p>\n\n<p><i class=\"fa fa-check\" style=\"color: green;\"><\/i> Burndown charts.<\/p>\n\n<p><i class=\"fa fa-check\" style=\"color: green;\"><\/i> Guides pour le scrum.<\/p>\n\n<h4>8- La revue de sprint<\/h4>\n\n<p><i class=\"fa fa-check\" style=\"color: green;\"><\/i> La revue est bas\u00e9e sur une d\u00e9monstration.<\/p>\n\n<p><i class=\"fa fa-check\" style=\"color: green;\"><\/i> Comment organiser une r\u00e9union de revue de sprint ?<\/p>\n\n<h4>9- La r\u00e9trospective de sprint<\/h4>\n\n<p><i class=\"fa fa-check\" style=\"color: green;\"><\/i> Une pratique d\u2019am\u00e9lioration continue.<\/p>\n\n<p><i class=\"fa fa-check\" style=\"color: green;\"><\/i> Comment faire une r\u00e9trospective de sprint ?<\/p>\n\n                        <\/div>\n                    <\/div>\n                                    <div class=\"tab-pane elementkit-tab-pane elementor-repeater-item-00f52ae \" id=\"content-00f52ae69de2d15544c6\" role=\"tabpanel\"\n                         aria-labelledby=\"content-00f52ae69de2d15544c6-tab\">\n                        <div class=\"animated fadeIn\">\n                            <p><i class=\"fa fa-check\" style=\"color: green;\"><\/i> Comprendre les principes et valeurs de l&#8217;agilit\u00e9.<\/p>\n\n<p><i class=\"fa fa-check\" style=\"color: green;\"><\/i> Appr\u00e9hender les principes de fonctionnement d&#8217;un projet Scrum.<\/p>\n\n<p><i class=\"fa fa-check\" style=\"color: green;\"><\/i> Conna\u00eetre les r\u00f4les et leurs responsabilit\u00e9s respectives.<\/p>\n\n<p><i class=\"fa fa-check\" style=\"color: green;\"><\/i> D\u00e9finir le besoin d\u2019un projet, le prioriser et s\u2019assurer de sa maitrise.<\/p>\n\n<p><i class=\"fa fa-check\" style=\"color: green;\"><\/i> Mettre en oeuvre les techniques et outils n\u00e9cessaires pour un projet Scrum.<\/p>\n\n<p><i class=\"fa fa-check\" style=\"color: green;\"><\/i> Comprendre la mani\u00e8re dont Scrum fait collaborer les diff\u00e9rents intervenants d&#8217;un projet (planification des Sprints, les revues et r\u00e9trospectives).<\/p>\n\n<p><i class=\"fa fa-check\" style=\"color: green;\"><\/i> Pouvoir identifier les situations o\u00f9 Scrum est particuli\u00e8rement adapt\u00e9e.<\/p>\n\n<p><i class=\"fa fa-check\" style=\"color: green;\"><\/i> Se pr\u00e9parer \u00e0 la certification PSM (Professional Scrum Master) et\/ou PSPO (Professional Scrum Product Owner).<\/p>\n\n\n                        <\/div>\n                    <\/div>\n                                    <div class=\"tab-pane elementkit-tab-pane elementor-repeater-item-5e2f044 \" id=\"content-5e2f04469de2d15544c6\" role=\"tabpanel\"\n                         aria-labelledby=\"content-5e2f04469de2d15544c6-tab\">\n                        <div class=\"animated fadeIn\">\n                            <p>Cette formation sera r\u00e9partie comme suit :<\/p>\n<p><i class=\"fa fa-check\" style=\"color: green;\"><\/i> 40% th\u00e9orique, 60% pratique<\/p>\n\n<p><i class=\"fa fa-check\" style=\"color: green;\"><\/i> La partie th\u00e9orique int\u00e8gre des d\u00e9bats questions\/r\u00e9ponses<\/p>\n\n<p><i class=\"fa fa-check\" style=\"color: green;\"><\/i> La partie pratique int\u00e8gre une \u00e9tude cas d\u00e9taill\u00e9e ainsi que des simulations de cas concrets qui seront propos\u00e9es,<\/p>\n\n<p>Cette formation est bas\u00e9e sur l&#8217;apprentissage par la pratique avec des exercices, des ateliers et des \u00ab serious games \u00bb en fin de chaque journ\u00e9e. Ainsi les participants acqui\u00e8rent de l&#8217;exp\u00e9rience par \u00e9mergence naturelle au cours des ateliers et assimilent mieux les concepts pr\u00e9sent\u00e9s. Des questions de pr\u00e9paration \u00e0 la certification PSM sont \u00e9galement abord\u00e9es tout au long de la formation,<\/p>                        <\/div>\n                    <\/div>\n                            <\/div>\n        <\/div>\n    <\/div>\t\t<\/div>\n\t\t\t\t<\/div>\n\t\t\t\t\t<\/div>\n\t\t<\/div>\n\t\t\t\t\t<\/div>\n\t\t<\/section>\n\t\t\t\t\t<\/div>\n\t\t<\/div>\n\t\t\t\t\t<\/div>\n\t\t<\/section>\n\t\t\t\t<\/div>\n\t\t","protected":false},"excerpt":{"rendered":"<p>PSM I &amp; PSPO I Bienvenue \u00e0 cette formation interentreprise de 3 jours d\u00e9di\u00e9e \u00e0 la certification Professional Scrum Master I (PSM I) et Professional Scrum Product Owner I (PSPO I). Tout au long de ces sessions intensives, encadr\u00e9es par nos experts, vous explorerez en profondeur les principes et pratiques [&hellip;]<\/p>\n","protected":false},"author":1,"featured_media":0,"parent":0,"menu_order":0,"comment_status":"closed","ping_status":"closed","template":"elementor_theme","meta":{"footnotes":""},"class_list":["post-8873","page","type-page","status-publish","hentry"],"_links":{"self":[{"href":"https:\/\/mesguides.info\/test-yetinnov\/wp-json\/wp\/v2\/pages\/8873"}],"collection":[{"href":"https:\/\/mesguides.info\/test-yetinnov\/wp-json\/wp\/v2\/pages"}],"about":[{"href":"https:\/\/mesguides.info\/test-yetinnov\/wp-json\/wp\/v2\/types\/page"}],"author":[{"embeddable":true,"href":"https:\/\/mesguides.info\/test-yetinnov\/wp-json\/wp\/v2\/users\/1"}],"replies":[{"embeddable":true,"href":"https:\/\/mesguides.info\/test-yetinnov\/wp-json\/wp\/v2\/comments?post=8873"}],"version-history":[{"count":16,"href":"https:\/\/mesguides.info\/test-yetinnov\/wp-json\/wp\/v2\/pages\/8873\/revisions"}],"predecessor-version":[{"id":8919,"href":"https:\/\/mesguides.info\/test-yetinnov\/wp-json\/wp\/v2\/pages\/8873\/revisions\/8919"}],"wp:attachment":[{"href":"https:\/\/mesguides.info\/test-yetinnov\/wp-json\/wp\/v2\/media?parent=8873"}],"curies":[{"name":"wp","href":"https:\/\/api.w.org\/{rel}","templated":true}]}}