{"id":8806,"date":"2024-09-11T15:23:46","date_gmt":"2024-09-11T13:23:46","guid":{"rendered":"https:\/\/mesguides.info\/test-yetinnov\/?page_id=8806"},"modified":"2024-09-11T16:47:47","modified_gmt":"2024-09-11T14:47:47","slug":"participer","status":"publish","type":"page","link":"https:\/\/mesguides.info\/test-yetinnov\/participer\/","title":{"rendered":"Participer"},"content":{"rendered":"\t\t<div data-elementor-type=\"wp-page\" data-elementor-id=\"8806\" class=\"elementor elementor-8806\">\n\t\t\t\t\t\t<section class=\"elementor-section elementor-top-section elementor-element elementor-element-879666e elementor-section-boxed elementor-section-height-default elementor-section-height-default\" data-id=\"879666e\" data-element_type=\"section\" data-settings=\"{&quot;_ha_eqh_enable&quot;:false}\">\n\t\t\t\t\t\t<div class=\"elementor-container elementor-column-gap-default\">\n\t\t\t\t\t<div class=\"elementor-column elementor-col-100 elementor-top-column elementor-element elementor-element-fdc99fe\" data-id=\"fdc99fe\" data-element_type=\"column\">\n\t\t\t<div class=\"elementor-widget-wrap elementor-element-populated\">\n\t\t\t\t\t\t<div class=\"elementor-element elementor-element-5854c64 elementor-invisible elementor-widget elementor-widget-elementskit-heading\" data-id=\"5854c64\" data-element_type=\"widget\" data-settings=\"{&quot;_animation&quot;:&quot;fadeInUp&quot;}\" data-widget_type=\"elementskit-heading.default\">\n\t\t\t\t<div class=\"elementor-widget-container\">\n\t\t\t<div class=\"ekit-wid-con\" ><div class=\"ekit-heading elementskit-section-title-wraper center   ekit_heading_tablet-   ekit_heading_mobile-\"><h2 class=\"ekit-heading--title elementskit-section-title \">Participer<\/h2><div class=\"ekit_heading_separetor_wraper ekit_heading_elementskit-border-divider\"><div class=\"elementskit-border-divider\"><\/div><\/div><\/div><\/div>\t\t<\/div>\n\t\t\t\t<\/div>\n\t\t\t\t\t<\/div>\n\t\t<\/div>\n\t\t\t\t\t<\/div>\n\t\t<\/section>\n\t\t\t\t<section class=\"elementor-section elementor-top-section elementor-element elementor-element-75f6a5a elementor-section-boxed elementor-section-height-default elementor-section-height-default\" data-id=\"75f6a5a\" data-element_type=\"section\" data-settings=\"{&quot;_ha_eqh_enable&quot;:false}\">\n\t\t\t\t\t\t<div class=\"elementor-container elementor-column-gap-default\">\n\t\t\t\t\t<div class=\"elementor-column elementor-col-50 elementor-top-column elementor-element elementor-element-b061873\" data-id=\"b061873\" data-element_type=\"column\" data-settings=\"{&quot;background_background&quot;:&quot;classic&quot;}\">\n\t\t\t<div class=\"elementor-widget-wrap elementor-element-populated\">\n\t\t\t\t\t<div class=\"elementor-background-overlay\"><\/div>\n\t\t\t\t\t\t<div class=\"elementor-element elementor-element-5092e0c elementor-widget elementor-widget-thim-heading\" data-id=\"5092e0c\" data-element_type=\"widget\" data-widget_type=\"thim-heading.default\">\n\t\t\t\t<div class=\"elementor-widget-container\">\n\t\t\t<div class=\"sc_heading bussiness  text-center\"><h3 style=\"color:#616DB2;font-size:42px;font-weight:500;\" class=\"title\"><strong>S'inscrire\n<\/strong>\n\n<\/h3><p class=\"sub-heading\" style=\"color:#000000;font-size:20px;line-height:31px;\">Inscrivez-vous d\u00e8s maintenant pour d\u00e9velopper vos comp\u00e9tences et booster votre carri\u00e8re !\n<\/p><span class=\"line\"><\/span><\/div>\t\t<\/div>\n\t\t\t\t<\/div>\n\t\t\t\t<div class=\"elementor-element elementor-element-dd66ae6 elementor-widget elementor-widget-thim-ekits-site-logo\" data-id=\"dd66ae6\" data-element_type=\"widget\" data-widget_type=\"thim-ekits-site-logo.default\">\n\t\t\t\t<div class=\"elementor-widget-container\">\n\t\t\t\n\t\t<div class=\"thim-ekit-site-logo\">\n\t\t\t\t\t\t\t<a href=\"https:\/\/mesguides.info\/test-yetinnov\/\" rel=\"home\">\n\t\t\t\t\t<img decoding=\"async\" width=\"150\" height=\"150\" src=\"https:\/\/mesguides.info\/test-yetinnov\/wp-content\/uploads\/2024\/08\/cropped-YET-INNOV-logo-150x150.png\" class=\"attachment-thumbnail size-thumbnail wp-image-7039\" alt=\"\" srcset=\"https:\/\/mesguides.info\/test-yetinnov\/wp-content\/uploads\/2024\/08\/cropped-YET-INNOV-logo-150x150.png 150w, https:\/\/mesguides.info\/test-yetinnov\/wp-content\/uploads\/2024\/08\/cropped-YET-INNOV-logo-300x300.png 300w, https:\/\/mesguides.info\/test-yetinnov\/wp-content\/uploads\/2024\/08\/cropped-YET-INNOV-logo-100x100.png 100w, https:\/\/mesguides.info\/test-yetinnov\/wp-content\/uploads\/2024\/08\/cropped-YET-INNOV-logo-270x270.png 270w, https:\/\/mesguides.info\/test-yetinnov\/wp-content\/uploads\/2024\/08\/cropped-YET-INNOV-logo-192x192.png 192w, https:\/\/mesguides.info\/test-yetinnov\/wp-content\/uploads\/2024\/08\/cropped-YET-INNOV-logo-180x180.png 180w, https:\/\/mesguides.info\/test-yetinnov\/wp-content\/uploads\/2024\/08\/cropped-YET-INNOV-logo-32x32.png 32w, https:\/\/mesguides.info\/test-yetinnov\/wp-content\/uploads\/2024\/08\/cropped-YET-INNOV-logo-64x64.png 64w, https:\/\/mesguides.info\/test-yetinnov\/wp-content\/uploads\/2024\/08\/cropped-YET-INNOV-logo.png 512w\" sizes=\"(max-width: 150px) 100vw, 150px\" \/>\t\t\t\t<\/a>\n\t\t\t\t\t<\/div>\n\n\t\t\t\t<\/div>\n\t\t\t\t<\/div>\n\t\t\t\t\t<\/div>\n\t\t<\/div>\n\t\t\t\t<div class=\"elementor-column elementor-col-50 elementor-top-column elementor-element elementor-element-9ef9d6b\" data-id=\"9ef9d6b\" data-element_type=\"column\">\n\t\t\t<div class=\"elementor-widget-wrap elementor-element-populated\">\n\t\t\t\t\t\t<div class=\"elementor-element elementor-element-e16b221 elementor-widget-mobile__width-inherit elementor-widget thim-widget-tab\" data-id=\"e16b221\" data-element_type=\"widget\" data-widget_type=\"thim-tab.default\">\n\t\t\t\t<div class=\"elementor-widget-container\">\n\t\t\t<ul class=\"nav nav-tabs\" role=\"tablist\"><li role=\"presentation\" class='active'style=\"width:auto !important;\" ><a href=\"#thim-widget-tab-11776193161-1-24\"  role=\"tab\" data-toggle=\"tab\">Intra-entreprises<\/a><\/li><li role=\"presentation\" style=\"width:auto !important;\" ><a href=\"#thim-widget-tab-21776193161-1-24\"  role=\"tab\" data-toggle=\"tab\">Inter-entreprises<\/a><\/li><\/ul><div class=\"tab-content\"> <div role=\"tabpanel\" class=\"tab-pane active\" id=\"thim-widget-tab-11776193161-1-24\">\n<div class=\"wpcf7 no-js\" id=\"wpcf7-f8816-o1\" lang=\"fr-FR\" dir=\"ltr\">\n<div class=\"screen-reader-response\"><p role=\"status\" aria-live=\"polite\" aria-atomic=\"true\"><\/p> <ul><\/ul><\/div>\n<form action=\"\/test-yetinnov\/wp-json\/wp\/v2\/pages\/8806#wpcf7-f8816-o1\" method=\"post\" class=\"wpcf7-form init\" aria-label=\"Formulaire de contact\" novalidate=\"novalidate\" data-status=\"init\">\n<div style=\"display: none;\">\n<input type=\"hidden\" name=\"_wpcf7\" value=\"8816\" \/>\n<input type=\"hidden\" name=\"_wpcf7_version\" value=\"5.9.8\" \/>\n<input type=\"hidden\" name=\"_wpcf7_locale\" value=\"fr_FR\" \/>\n<input type=\"hidden\" name=\"_wpcf7_unit_tag\" value=\"wpcf7-f8816-o1\" \/>\n<input type=\"hidden\" name=\"_wpcf7_container_post\" value=\"0\" \/>\n<input type=\"hidden\" name=\"_wpcf7_posted_data_hash\" value=\"\" \/>\n<\/div>\n<div class=\"contact-home5\">\n\t<p><span class=\"wpcf7-form-control-wrap\" data-name=\"your-name\"><input size=\"40\" maxlength=\"400\" class=\"wpcf7-form-control wpcf7-text wpcf7-validates-as-required\" aria-required=\"true\" aria-invalid=\"false\" placeholder=\"Nom\" value=\"\" type=\"text\" name=\"your-name\" \/><\/span>\n\t<\/p>\n\t<p><span class=\"wpcf7-form-control-wrap\" data-name=\"your-pren\"><input size=\"40\" maxlength=\"400\" class=\"wpcf7-form-control wpcf7-text wpcf7-validates-as-required\" aria-required=\"true\" aria-invalid=\"false\" placeholder=\"Pr\u00e9nom\" value=\"\" type=\"text\" name=\"your-pren\" \/><\/span>\n\t<\/p>\n\t<p><span class=\"wpcf7-form-control-wrap\" data-name=\"your-phone\"><input size=\"40\" maxlength=\"400\" class=\"wpcf7-form-control wpcf7-tel wpcf7-validates-as-required wpcf7-text wpcf7-validates-as-tel\" aria-required=\"true\" aria-invalid=\"false\" placeholder=\"T\u00e9l\u00e9phone\" value=\"\" type=\"tel\" name=\"your-phone\" \/><\/span>\n\t<\/p>\n\t<p><span class=\"wpcf7-form-control-wrap\" data-name=\"your-email\"><input size=\"40\" maxlength=\"400\" class=\"wpcf7-form-control wpcf7-email wpcf7-validates-as-required wpcf7-text wpcf7-validates-as-email\" aria-required=\"true\" aria-invalid=\"false\" placeholder=\"Email\" value=\"\" type=\"email\" name=\"your-email\" \/><\/span>\n\t<\/p>\n\t<p><span class=\"wpcf7-form-control-wrap\" data-name=\"menu-446\"><select class=\"wpcf7-form-control wpcf7-select wpcf7-validates-as-required\" aria-required=\"true\" aria-invalid=\"false\" name=\"menu-446\"><option value=\"Les fondamentaux de Scrum &amp; l\u2019agilit\u00e9\">Les fondamentaux de Scrum &amp; l\u2019agilit\u00e9<\/option><option value=\"Les fondamentaux du KANBAN\">Les fondamentaux du KANBAN<\/option><option value=\"PSM I \u2013 Professional Scrum Master I\">PSM I \u2013 Professional Scrum Master I<\/option><option value=\"PSPO I \u2013 Professional Scrum Product Owner\">PSPO I \u2013 Professional Scrum Product Owner<\/option><option value=\"SAFe Agilist 6.0\">SAFe Agilist 6.0<\/option><option value=\"SAFe POPM\">SAFe POPM<\/option><option value=\"SAFe For Scrum Master - TEAM Coach\">SAFe For Scrum Master - TEAM Coach<\/option><option value=\"PMI - ACP\">PMI - ACP<\/option><option value=\"Management 3.0\">Management 3.0<\/option><option value=\"L\u2019intelligence \u00e9motionnelle\">L\u2019intelligence \u00e9motionnelle<\/option><option value=\"La conduite du changement\">La conduite du changement<\/option><option value=\"AGILE Leadership\">AGILE Leadership<\/option><option value=\"Communication inter &amp; intra personnelle\">Communication inter &amp; intra personnelle<\/option><option value=\"Gestion de conflit\">Gestion de conflit<\/option><option value=\"Gestion de stress\">Gestion de stress<\/option><option value=\"Communication avec le client\">Communication avec le client<\/option><option value=\"Formation des formateurs\">Formation des formateurs<\/option><option value=\"Management de l\u2019innovation\">Management de l\u2019innovation<\/option><option value=\"L\u2019Entrepreneuriat\">L\u2019Entrepreneuriat<\/option><option value=\"Le Design Thinking\">Le Design Thinking<\/option><option value=\"Le Critical Thinking\">Le Critical Thinking<\/option><option value=\"MS Project\">MS Project<\/option><option value=\"MS Azure DevOps\">MS Azure DevOps<\/option><option value=\"JIRA Fondamentaux Niveau 1\">JIRA Fondamentaux Niveau 1<\/option><option value=\"JIRA Administration Niveau 2\">JIRA Administration Niveau 2<\/option><option value=\"Transformation manag\u00e9riale\">Transformation manag\u00e9riale<\/option><option value=\"Marketing Digitale\">Marketing Digitale<\/option><option value=\"ISTQB\">ISTQB<\/option><option value=\"Les fondamentaux DevOps \u2013 Niveau 1\">Les fondamentaux DevOps \u2013 Niveau 1<\/option><option value=\"DevOps avanc\u00e9 \u2013 Niveau 2\">DevOps avanc\u00e9 \u2013 Niveau 2<\/option><\/select><\/span>\n\t<\/p>\n\t<p class=\"contact-submit\"><input class=\"wpcf7-form-control wpcf7-submit has-spinner\" type=\"submit\" value=\"Submit\" \/>\n\t<\/p>\n<\/div><div class=\"wpcf7-response-output\" aria-hidden=\"true\"><\/div>\n<\/form>\n<\/div>\n<\/div> <div role=\"tabpanel\" class=\"tab-pane\" id=\"thim-widget-tab-21776193161-1-24\">\n<div class=\"wpcf7 no-js\" id=\"wpcf7-f8809-o2\" lang=\"fr-FR\" dir=\"ltr\">\n<div class=\"screen-reader-response\"><p role=\"status\" aria-live=\"polite\" aria-atomic=\"true\"><\/p> <ul><\/ul><\/div>\n<form action=\"\/test-yetinnov\/wp-json\/wp\/v2\/pages\/8806#wpcf7-f8809-o2\" method=\"post\" class=\"wpcf7-form init\" aria-label=\"Formulaire de contact\" novalidate=\"novalidate\" data-status=\"init\">\n<div style=\"display: none;\">\n<input type=\"hidden\" name=\"_wpcf7\" value=\"8809\" \/>\n<input type=\"hidden\" name=\"_wpcf7_version\" value=\"5.9.8\" \/>\n<input type=\"hidden\" name=\"_wpcf7_locale\" value=\"fr_FR\" \/>\n<input type=\"hidden\" name=\"_wpcf7_unit_tag\" value=\"wpcf7-f8809-o2\" \/>\n<input type=\"hidden\" name=\"_wpcf7_container_post\" value=\"0\" \/>\n<input type=\"hidden\" name=\"_wpcf7_posted_data_hash\" value=\"\" \/>\n<\/div>\n<div class=\"contact-home5\">\n\t<p><span class=\"wpcf7-form-control-wrap\" data-name=\"your-name\"><input size=\"40\" maxlength=\"400\" class=\"wpcf7-form-control wpcf7-text wpcf7-validates-as-required\" aria-required=\"true\" aria-invalid=\"false\" placeholder=\"Nom\" value=\"\" type=\"text\" name=\"your-name\" \/><\/span>\n\t<\/p>\n\t<p><span class=\"wpcf7-form-control-wrap\" data-name=\"your-pren\"><input size=\"40\" maxlength=\"400\" class=\"wpcf7-form-control wpcf7-text wpcf7-validates-as-required\" aria-required=\"true\" aria-invalid=\"false\" placeholder=\"Pr\u00e9nom\" value=\"\" type=\"text\" name=\"your-pren\" \/><\/span>\n\t<\/p>\n\t<p><span class=\"wpcf7-form-control-wrap\" data-name=\"your-phone\"><input size=\"40\" maxlength=\"400\" class=\"wpcf7-form-control wpcf7-tel wpcf7-validates-as-required wpcf7-text wpcf7-validates-as-tel\" aria-required=\"true\" aria-invalid=\"false\" placeholder=\"T\u00e9l\u00e9phone\" value=\"\" type=\"tel\" name=\"your-phone\" \/><\/span>\n\t<\/p>\n\t<p><span class=\"wpcf7-form-control-wrap\" data-name=\"your-email\"><input size=\"40\" maxlength=\"400\" class=\"wpcf7-form-control wpcf7-email wpcf7-validates-as-required wpcf7-text wpcf7-validates-as-email\" aria-required=\"true\" aria-invalid=\"false\" placeholder=\"Email\" value=\"\" type=\"email\" name=\"your-email\" \/><\/span>\n\t<\/p>\n\t<p><span class=\"wpcf7-form-control-wrap\" data-name=\"menu-563\"><select class=\"wpcf7-form-control wpcf7-select wpcf7-validates-as-required\" aria-required=\"true\" aria-invalid=\"false\" name=\"menu-563\"><option value=\"PSMI \u2013 PSPOI\">PSMI \u2013 PSPOI<\/option><option value=\"SAFe Agilist 6.0\">SAFe Agilist 6.0<\/option><option value=\"SAFe POPM\">SAFe POPM<\/option><option value=\"SM\">SM<\/option><option value=\"PAL\">PAL<\/option><option value=\"PSU\">PSU<\/option><option value=\"ISTQB\">ISTQB<\/option><\/select><\/span>\n\t<\/p>\n\t<p class=\"contact-submit\"><input class=\"wpcf7-form-control wpcf7-submit has-spinner\" type=\"submit\" value=\"Submit\" \/>\n\t<\/p>\n<\/div><div class=\"wpcf7-response-output\" aria-hidden=\"true\"><\/div>\n<\/form>\n<\/div>\n<\/div><\/div>\t\t<\/div>\n\t\t\t\t<\/div>\n\t\t\t\t\t<\/div>\n\t\t<\/div>\n\t\t\t\t\t<\/div>\n\t\t<\/section>\n\t\t\t\t<\/div>\n\t\t","protected":false},"excerpt":{"rendered":"<p>Participer S&#8217;inscrire Inscrivez-vous d\u00e8s maintenant pour d\u00e9velopper vos comp\u00e9tences et booster votre carri\u00e8re ! Intra-entreprises Inter-entreprises<\/p>\n","protected":false},"author":1,"featured_media":0,"parent":0,"menu_order":0,"comment_status":"closed","ping_status":"closed","template":"elementor_theme","meta":{"footnotes":""},"class_list":["post-8806","page","type-page","status-publish","hentry"],"_links":{"self":[{"href":"https:\/\/mesguides.info\/test-yetinnov\/wp-json\/wp\/v2\/pages\/8806"}],"collection":[{"href":"https:\/\/mesguides.info\/test-yetinnov\/wp-json\/wp\/v2\/pages"}],"about":[{"href":"https:\/\/mesguides.info\/test-yetinnov\/wp-json\/wp\/v2\/types\/page"}],"author":[{"embeddable":true,"href":"https:\/\/mesguides.info\/test-yetinnov\/wp-json\/wp\/v2\/users\/1"}],"replies":[{"embeddable":true,"href":"https:\/\/mesguides.info\/test-yetinnov\/wp-json\/wp\/v2\/comments?post=8806"}],"version-history":[{"count":40,"href":"https:\/\/mesguides.info\/test-yetinnov\/wp-json\/wp\/v2\/pages\/8806\/revisions"}],"predecessor-version":[{"id":8853,"href":"https:\/\/mesguides.info\/test-yetinnov\/wp-json\/wp\/v2\/pages\/8806\/revisions\/8853"}],"wp:attachment":[{"href":"https:\/\/mesguides.info\/test-yetinnov\/wp-json\/wp\/v2\/media?parent=8806"}],"curies":[{"name":"wp","href":"https:\/\/api.w.org\/{rel}","templated":true}]}}