{"id":8013,"date":"2024-08-29T11:35:24","date_gmt":"2024-08-29T09:35:24","guid":{"rendered":"https:\/\/mesguides.info\/test-yetinnov\/?page_id=8013"},"modified":"2024-09-10T17:29:41","modified_gmt":"2024-09-10T15:29:41","slug":"nos-partenaires","status":"publish","type":"page","link":"https:\/\/mesguides.info\/test-yetinnov\/nos-partenaires\/","title":{"rendered":"Nos Partenaires"},"content":{"rendered":"\t\t<div data-elementor-type=\"wp-page\" data-elementor-id=\"8013\" class=\"elementor elementor-8013\">\n\t\t\t\t\t\t<section class=\"elementor-section elementor-top-section elementor-element elementor-element-f68d764 elementor-section-boxed elementor-section-height-default elementor-section-height-default\" data-id=\"f68d764\" data-element_type=\"section\" data-settings=\"{&quot;_ha_eqh_enable&quot;:false}\">\n\t\t\t\t\t\t<div class=\"elementor-container elementor-column-gap-no\">\n\t\t\t\t\t<div class=\"elementor-column elementor-col-100 elementor-top-column elementor-element elementor-element-67f262c\" data-id=\"67f262c\" data-element_type=\"column\">\n\t\t\t<div class=\"elementor-widget-wrap elementor-element-populated\">\n\t\t\t\t\t\t<div class=\"elementor-element elementor-element-31d48d4 elementor-widget elementor-widget-thim-heading\" data-id=\"31d48d4\" data-element_type=\"widget\" data-widget_type=\"thim-heading.default\">\n\t\t\t\t<div class=\"elementor-widget-container\">\n\t\t\t<div class=\"sc_heading   text-center\"><h3 style=\"color:#333333;font-size:32px;font-weight:500;\" class=\"title\">Nos <strong><span \n style=\"color:#616DB2;\">Partenaires<\/span><\/strong><\/h3><span class=\"line\"><\/span><\/div>\t\t<\/div>\n\t\t\t\t<\/div>\n\t\t\t\t\t<\/div>\n\t\t<\/div>\n\t\t\t\t\t<\/div>\n\t\t<\/section>\n\t\t\t\t<section class=\"elementor-section elementor-top-section elementor-element elementor-element-8f8c080 elementor-section-boxed elementor-section-height-default elementor-section-height-default\" data-id=\"8f8c080\" data-element_type=\"section\" data-settings=\"{&quot;_ha_eqh_enable&quot;:false}\">\n\t\t\t\t\t\t<div class=\"elementor-container elementor-column-gap-default\">\n\t\t\t\t\t<div class=\"elementor-column elementor-col-100 elementor-top-column elementor-element elementor-element-c1def50\" data-id=\"c1def50\" data-element_type=\"column\">\n\t\t\t<div class=\"elementor-widget-wrap elementor-element-populated\">\n\t\t\t\t\t\t<div class=\"elementor-element elementor-element-d2d2625 ha-image-grid--fitRows elementor-widget elementor-widget-ha-image-grid happy-addon ha-image-grid\" data-id=\"d2d2625\" data-element_type=\"widget\" data-settings=\"{&quot;layout&quot;:&quot;fitRows&quot;,&quot;enable_popup&quot;:&quot;yes&quot;}\" data-widget_type=\"ha-image-grid.default\">\n\t\t\t\t<div class=\"elementor-widget-container\">\n\t\t\t\t\t\t<div class=\"ha-filter hajs-filter\" data-default-filter=\".__fltr-1\" role=\"navigation\" aria-label=\"Gallery filter\">\n\t\t\t\t\t\t\t\t\t<button class=\"ha-filter__item\" type=\"button\" data-filter=\"*\">Tous<\/button><\/li>\n\t\t\t\t\t\t\t\t\t\t\t\t\t<button class=\"ha-filter__item\" type=\"button\" data-filter=\".__fltr-1\">Organismes Financiers<\/button><\/li>\n\t\t\t\t\t\t\t\t\t<button class=\"ha-filter__item\" type=\"button\" data-filter=\".__fltr-2\"> Enseignement sup\u00e9rieur<\/button><\/li>\n\t\t\t\t\t\t\t\t\t<button class=\"ha-filter__item\" type=\"button\" data-filter=\".__fltr-3\">Institutions financi\u00e8res<\/button><\/li>\n\t\t\t\t\t\t\t\t\t<button class=\"ha-filter__item\" type=\"button\" data-filter=\".__fltr-4\">Conseils &amp; services<\/button><\/li>\n\t\t\t\t\t\t\t\t\t<button class=\"ha-filter__item\" type=\"button\" data-filter=\".__fltr-5\">Op\u00e9rateur T\u00e9l\u00e9com<\/button><\/li>\n\t\t\t\t\t\t\t\t\t<button class=\"ha-filter__item\" type=\"button\" data-filter=\".__fltr-6\">Digital &amp; Management<\/button><\/li>\n\t\t\t\t\t\t\t\t\t<button class=\"ha-filter__item\" type=\"button\" data-filter=\".__fltr-7\">Industrie<\/button><\/li>\n\t\t\t\t\t\t\t<\/div>\n\t\t\n\t\t<div class=\"ha-image-grid__wrap hajs-isotope ha-lightbox--has\">\n\t\t\t\t\t\t\t\n\t\t\t\t<a href=\"#\" data-mfp-src=\"https:\/\/mesguides.info\/test-yetinnov\/wp-content\/uploads\/2024\/08\/ahk.jpg\" class=\"ha-image-grid__item ha-js-lightbox __fltr-1\">\n\t\t\t\t\t<img decoding=\"async\" width=\"250\" height=\"150\" src=\"https:\/\/mesguides.info\/test-yetinnov\/wp-content\/uploads\/2024\/08\/ahk.jpg\" class=\"elementor-animation-shrink\" alt=\"\" \/>\t\t\t\t<\/a>\n\t\t\t\t\t\t\t\n\t\t\t\t<a href=\"#\" data-mfp-src=\"https:\/\/mesguides.info\/test-yetinnov\/wp-content\/uploads\/2024\/08\/carthage-1.jpg\" class=\"ha-image-grid__item ha-js-lightbox __fltr-1\">\n\t\t\t\t\t<img decoding=\"async\" width=\"250\" height=\"150\" src=\"https:\/\/mesguides.info\/test-yetinnov\/wp-content\/uploads\/2024\/08\/carthage-1.jpg\" class=\"elementor-animation-shrink\" alt=\"\" \/>\t\t\t\t<\/a>\n\t\t\t\t\t\t\t\n\t\t\t\t<a href=\"#\" data-mfp-src=\"https:\/\/mesguides.info\/test-yetinnov\/wp-content\/uploads\/2024\/08\/novation-city-1.jpg\" class=\"ha-image-grid__item ha-js-lightbox __fltr-1\">\n\t\t\t\t\t<img decoding=\"async\" width=\"250\" height=\"150\" src=\"https:\/\/mesguides.info\/test-yetinnov\/wp-content\/uploads\/2024\/08\/novation-city-1.jpg\" class=\"elementor-animation-shrink\" alt=\"\" \/>\t\t\t\t<\/a>\n\t\t\t\t\t\t\t\n\t\t\t\t<a href=\"#\" data-mfp-src=\"https:\/\/mesguides.info\/test-yetinnov\/wp-content\/uploads\/2024\/08\/iset-rades-1.jpg\" class=\"ha-image-grid__item ha-js-lightbox __fltr-2\">\n\t\t\t\t\t<img loading=\"lazy\" decoding=\"async\" width=\"250\" height=\"150\" src=\"https:\/\/mesguides.info\/test-yetinnov\/wp-content\/uploads\/2024\/08\/iset-rades-1.jpg\" class=\"elementor-animation-shrink\" alt=\"\" \/>\t\t\t\t<\/a>\n\t\t\t\t\t\t\t\n\t\t\t\t<a href=\"#\" data-mfp-src=\"https:\/\/mesguides.info\/test-yetinnov\/wp-content\/uploads\/2024\/08\/esstms.jpg\" class=\"ha-image-grid__item ha-js-lightbox __fltr-2\">\n\t\t\t\t\t<img loading=\"lazy\" decoding=\"async\" width=\"250\" height=\"150\" src=\"https:\/\/mesguides.info\/test-yetinnov\/wp-content\/uploads\/2024\/08\/esstms.jpg\" class=\"elementor-animation-shrink\" alt=\"\" \/>\t\t\t\t<\/a>\n\t\t\t\t\t\t\t\n\t\t\t\t<a href=\"#\" data-mfp-src=\"https:\/\/mesguides.info\/test-yetinnov\/wp-content\/uploads\/2024\/08\/aefe.jpg\" class=\"ha-image-grid__item ha-js-lightbox __fltr-2\">\n\t\t\t\t\t<img loading=\"lazy\" decoding=\"async\" width=\"250\" height=\"150\" src=\"https:\/\/mesguides.info\/test-yetinnov\/wp-content\/uploads\/2024\/08\/aefe.jpg\" class=\"elementor-animation-shrink\" alt=\"\" \/>\t\t\t\t<\/a>\n\t\t\t\t\t\t\t\n\t\t\t\t<a href=\"#\" data-mfp-src=\"https:\/\/mesguides.info\/test-yetinnov\/wp-content\/uploads\/2024\/08\/fseg-m-1.jpg\" class=\"ha-image-grid__item ha-js-lightbox __fltr-2\">\n\t\t\t\t\t<img loading=\"lazy\" decoding=\"async\" width=\"250\" height=\"150\" src=\"https:\/\/mesguides.info\/test-yetinnov\/wp-content\/uploads\/2024\/08\/fseg-m-1.jpg\" class=\"elementor-animation-shrink\" alt=\"\" \/>\t\t\t\t<\/a>\n\t\t\t\t\t\t\t\n\t\t\t\t<a href=\"#\" data-mfp-src=\"https:\/\/mesguides.info\/test-yetinnov\/wp-content\/uploads\/2024\/08\/isetm.jpg\" class=\"ha-image-grid__item ha-js-lightbox __fltr-2\">\n\t\t\t\t\t<img loading=\"lazy\" decoding=\"async\" width=\"250\" height=\"150\" src=\"https:\/\/mesguides.info\/test-yetinnov\/wp-content\/uploads\/2024\/08\/isetm.jpg\" class=\"elementor-animation-shrink\" alt=\"\" \/>\t\t\t\t<\/a>\n\t\t\t\t\t\t\t\n\t\t\t\t<a href=\"#\" data-mfp-src=\"https:\/\/mesguides.info\/test-yetinnov\/wp-content\/uploads\/2024\/08\/isi-1-1.jpg\" class=\"ha-image-grid__item ha-js-lightbox __fltr-2\">\n\t\t\t\t\t<img loading=\"lazy\" decoding=\"async\" width=\"250\" height=\"150\" src=\"https:\/\/mesguides.info\/test-yetinnov\/wp-content\/uploads\/2024\/08\/isi-1-1.jpg\" class=\"elementor-animation-shrink\" alt=\"\" \/>\t\t\t\t<\/a>\n\t\t\t\t\t\t\t\n\t\t\t\t<a href=\"#\" data-mfp-src=\"https:\/\/mesguides.info\/test-yetinnov\/wp-content\/uploads\/2024\/08\/uib-1.jpg\" class=\"ha-image-grid__item ha-js-lightbox __fltr-3\">\n\t\t\t\t\t<img loading=\"lazy\" decoding=\"async\" width=\"250\" height=\"150\" src=\"https:\/\/mesguides.info\/test-yetinnov\/wp-content\/uploads\/2024\/08\/uib-1.jpg\" class=\"elementor-animation-shrink\" alt=\"\" \/>\t\t\t\t<\/a>\n\t\t\t\t\t\t\t\n\t\t\t\t<a href=\"#\" data-mfp-src=\"https:\/\/mesguides.info\/test-yetinnov\/wp-content\/uploads\/2024\/08\/attijari-1.jpg\" class=\"ha-image-grid__item ha-js-lightbox __fltr-3\">\n\t\t\t\t\t<img loading=\"lazy\" decoding=\"async\" width=\"250\" height=\"150\" src=\"https:\/\/mesguides.info\/test-yetinnov\/wp-content\/uploads\/2024\/08\/attijari-1.jpg\" class=\"elementor-animation-shrink\" alt=\"\" \/>\t\t\t\t<\/a>\n\t\t\t\t\t\t\t\n\t\t\t\t<a href=\"#\" data-mfp-src=\"https:\/\/mesguides.info\/test-yetinnov\/wp-content\/uploads\/2024\/08\/zitouna.jpg\" class=\"ha-image-grid__item ha-js-lightbox __fltr-3\">\n\t\t\t\t\t<img loading=\"lazy\" decoding=\"async\" width=\"250\" height=\"150\" src=\"https:\/\/mesguides.info\/test-yetinnov\/wp-content\/uploads\/2024\/08\/zitouna.jpg\" class=\"elementor-animation-shrink\" alt=\"\" \/>\t\t\t\t<\/a>\n\t\t\t\t\t\t\t\n\t\t\t\t<a href=\"#\" data-mfp-src=\"https:\/\/mesguides.info\/test-yetinnov\/wp-content\/uploads\/2024\/08\/zitouna-acad.jpg\" class=\"ha-image-grid__item ha-js-lightbox __fltr-3\">\n\t\t\t\t\t<img loading=\"lazy\" decoding=\"async\" width=\"250\" height=\"150\" src=\"https:\/\/mesguides.info\/test-yetinnov\/wp-content\/uploads\/2024\/08\/zitouna-acad.jpg\" class=\"elementor-animation-shrink\" alt=\"\" \/>\t\t\t\t<\/a>\n\t\t\t\t\t\t\t\n\t\t\t\t<a href=\"#\" data-mfp-src=\"https:\/\/mesguides.info\/test-yetinnov\/wp-content\/uploads\/2024\/08\/oddo-1.jpg\" class=\"ha-image-grid__item ha-js-lightbox __fltr-3\">\n\t\t\t\t\t<img loading=\"lazy\" decoding=\"async\" width=\"250\" height=\"150\" src=\"https:\/\/mesguides.info\/test-yetinnov\/wp-content\/uploads\/2024\/08\/oddo-1.jpg\" class=\"elementor-animation-shrink\" alt=\"\" \/>\t\t\t\t<\/a>\n\t\t\t\t\t\t\t\n\t\t\t\t<a href=\"#\" data-mfp-src=\"https:\/\/mesguides.info\/test-yetinnov\/wp-content\/uploads\/2024\/08\/expansya-1.jpg\" class=\"ha-image-grid__item ha-js-lightbox __fltr-4\">\n\t\t\t\t\t<img loading=\"lazy\" decoding=\"async\" width=\"250\" height=\"150\" src=\"https:\/\/mesguides.info\/test-yetinnov\/wp-content\/uploads\/2024\/08\/expansya-1.jpg\" class=\"elementor-animation-shrink\" alt=\"\" \/>\t\t\t\t<\/a>\n\t\t\t\t\t\t\t\n\t\t\t\t<a href=\"#\" data-mfp-src=\"https:\/\/mesguides.info\/test-yetinnov\/wp-content\/uploads\/2024\/08\/teamwill-1.jpg\" class=\"ha-image-grid__item ha-js-lightbox __fltr-4\">\n\t\t\t\t\t<img loading=\"lazy\" decoding=\"async\" width=\"250\" height=\"150\" src=\"https:\/\/mesguides.info\/test-yetinnov\/wp-content\/uploads\/2024\/08\/teamwill-1.jpg\" class=\"elementor-animation-shrink\" alt=\"\" \/>\t\t\t\t<\/a>\n\t\t\t\t\t\t\t\n\t\t\t\t<a href=\"#\" data-mfp-src=\"https:\/\/mesguides.info\/test-yetinnov\/wp-content\/uploads\/2024\/08\/tunisie-telecom-1-1.jpg\" class=\"ha-image-grid__item ha-js-lightbox __fltr-5\">\n\t\t\t\t\t<img loading=\"lazy\" decoding=\"async\" width=\"250\" height=\"150\" src=\"https:\/\/mesguides.info\/test-yetinnov\/wp-content\/uploads\/2024\/08\/tunisie-telecom-1-1.jpg\" class=\"elementor-animation-shrink\" alt=\"\" \/>\t\t\t\t<\/a>\n\t\t\t\t\t\t\t\n\t\t\t\t<a href=\"#\" data-mfp-src=\"https:\/\/mesguides.info\/test-yetinnov\/wp-content\/uploads\/2024\/08\/orange-1-1.jpg\" class=\"ha-image-grid__item ha-js-lightbox __fltr-5\">\n\t\t\t\t\t<img loading=\"lazy\" decoding=\"async\" width=\"250\" height=\"150\" src=\"https:\/\/mesguides.info\/test-yetinnov\/wp-content\/uploads\/2024\/08\/orange-1-1.jpg\" class=\"elementor-animation-shrink\" alt=\"\" \/>\t\t\t\t<\/a>\n\t\t\t\t\t\t\t\n\t\t\t\t<a href=\"#\" data-mfp-src=\"https:\/\/mesguides.info\/test-yetinnov\/wp-content\/uploads\/2024\/08\/p.jpg\" class=\"ha-image-grid__item ha-js-lightbox __fltr-6\">\n\t\t\t\t\t<img loading=\"lazy\" decoding=\"async\" width=\"250\" height=\"150\" src=\"https:\/\/mesguides.info\/test-yetinnov\/wp-content\/uploads\/2024\/08\/p.jpg\" class=\"elementor-animation-shrink\" alt=\"\" \/>\t\t\t\t<\/a>\n\t\t\t\t\t\t\t\n\t\t\t\t<a href=\"#\" data-mfp-src=\"https:\/\/mesguides.info\/test-yetinnov\/wp-content\/uploads\/2024\/08\/maison-web-1.jpg\" class=\"ha-image-grid__item ha-js-lightbox __fltr-6\">\n\t\t\t\t\t<img loading=\"lazy\" decoding=\"async\" width=\"250\" height=\"150\" src=\"https:\/\/mesguides.info\/test-yetinnov\/wp-content\/uploads\/2024\/08\/maison-web-1.jpg\" class=\"elementor-animation-shrink\" alt=\"\" \/>\t\t\t\t<\/a>\n\t\t\t\t\t\t\t\n\t\t\t\t<a href=\"#\" data-mfp-src=\"https:\/\/mesguides.info\/test-yetinnov\/wp-content\/uploads\/2024\/08\/infinity-1.jpg\" class=\"ha-image-grid__item ha-js-lightbox __fltr-6\">\n\t\t\t\t\t<img loading=\"lazy\" decoding=\"async\" width=\"250\" height=\"150\" src=\"https:\/\/mesguides.info\/test-yetinnov\/wp-content\/uploads\/2024\/08\/infinity-1.jpg\" class=\"elementor-animation-shrink\" alt=\"\" \/>\t\t\t\t<\/a>\n\t\t\t\t\t\t\t\n\t\t\t\t<a href=\"#\" data-mfp-src=\"https:\/\/mesguides.info\/test-yetinnov\/wp-content\/uploads\/2024\/08\/looki.jpg\" class=\"ha-image-grid__item ha-js-lightbox __fltr-6\">\n\t\t\t\t\t<img loading=\"lazy\" decoding=\"async\" width=\"250\" height=\"150\" src=\"https:\/\/mesguides.info\/test-yetinnov\/wp-content\/uploads\/2024\/08\/looki.jpg\" class=\"elementor-animation-shrink\" alt=\"\" \/>\t\t\t\t<\/a>\n\t\t\t\t\t\t\t\n\t\t\t\t<a href=\"#\" data-mfp-src=\"https:\/\/mesguides.info\/test-yetinnov\/wp-content\/uploads\/2024\/08\/primatec.jpg\" class=\"ha-image-grid__item ha-js-lightbox __fltr-7\">\n\t\t\t\t\t<img loading=\"lazy\" decoding=\"async\" width=\"250\" height=\"150\" src=\"https:\/\/mesguides.info\/test-yetinnov\/wp-content\/uploads\/2024\/08\/primatec.jpg\" class=\"elementor-animation-shrink\" alt=\"\" \/>\t\t\t\t<\/a>\n\t\t\t\t\t\t\t\n\t\t\t\t<a href=\"#\" data-mfp-src=\"https:\/\/mesguides.info\/test-yetinnov\/wp-content\/uploads\/2024\/08\/delice-1-1.jpg\" class=\"ha-image-grid__item ha-js-lightbox __fltr-7\">\n\t\t\t\t\t<img loading=\"lazy\" decoding=\"async\" width=\"250\" height=\"150\" src=\"https:\/\/mesguides.info\/test-yetinnov\/wp-content\/uploads\/2024\/08\/delice-1-1.jpg\" class=\"elementor-animation-shrink\" alt=\"\" \/>\t\t\t\t<\/a>\n\t\t\t\t\t\t\t\n\t\t\t\t<a href=\"#\" data-mfp-src=\"https:\/\/mesguides.info\/test-yetinnov\/wp-content\/uploads\/2024\/08\/arvea-2.jpg\" class=\"ha-image-grid__item ha-js-lightbox __fltr-7\">\n\t\t\t\t\t<img loading=\"lazy\" decoding=\"async\" width=\"250\" height=\"150\" src=\"https:\/\/mesguides.info\/test-yetinnov\/wp-content\/uploads\/2024\/08\/arvea-2.jpg\" class=\"elementor-animation-shrink\" alt=\"\" \/>\t\t\t\t<\/a>\n\t\t\t\t\t\t\t\n\t\t\t\t<a href=\"#\" data-mfp-src=\"https:\/\/mesguides.info\/test-yetinnov\/wp-content\/uploads\/2024\/08\/cjo.jpg\" class=\"ha-image-grid__item ha-js-lightbox __fltr-7\">\n\t\t\t\t\t<img loading=\"lazy\" decoding=\"async\" width=\"250\" height=\"150\" src=\"https:\/\/mesguides.info\/test-yetinnov\/wp-content\/uploads\/2024\/08\/cjo.jpg\" class=\"elementor-animation-shrink\" alt=\"\" \/>\t\t\t\t<\/a>\n\t\t\t\t\t\t\t\n\t\t\t\t<a href=\"#\" data-mfp-src=\"https:\/\/mesguides.info\/test-yetinnov\/wp-content\/uploads\/2024\/08\/medcities.jpg\" class=\"ha-image-grid__item ha-js-lightbox __fltr-7\">\n\t\t\t\t\t<img loading=\"lazy\" decoding=\"async\" width=\"250\" height=\"150\" src=\"https:\/\/mesguides.info\/test-yetinnov\/wp-content\/uploads\/2024\/08\/medcities.jpg\" class=\"elementor-animation-shrink\" alt=\"\" \/>\t\t\t\t<\/a>\n\t\t\t\t\t\t\t\n\t\t\t\t<a href=\"#\" data-mfp-src=\"https:\/\/mesguides.info\/test-yetinnov\/wp-content\/uploads\/2024\/08\/thinkpro.jpg\" class=\"ha-image-grid__item ha-js-lightbox __fltr-7\">\n\t\t\t\t\t<img loading=\"lazy\" decoding=\"async\" width=\"250\" height=\"150\" src=\"https:\/\/mesguides.info\/test-yetinnov\/wp-content\/uploads\/2024\/08\/thinkpro.jpg\" class=\"elementor-animation-shrink\" alt=\"\" \/>\t\t\t\t<\/a>\n\t\t\t\t\t<\/div>\n\n\t\t\t\t<\/div>\n\t\t\t\t<\/div>\n\t\t\t\t\t<\/div>\n\t\t<\/div>\n\t\t\t\t\t<\/div>\n\t\t<\/section>\n\t\t\t\t<\/div>\n\t\t","protected":false},"excerpt":{"rendered":"<p>Nos Partenaires Tous Organismes Financiers Enseignement sup\u00e9rieur Institutions financi\u00e8res Conseils &amp; services Op\u00e9rateur T\u00e9l\u00e9com Digital &amp; Management Industrie<\/p>\n","protected":false},"author":1,"featured_media":0,"parent":0,"menu_order":0,"comment_status":"closed","ping_status":"closed","template":"elementor_theme","meta":{"footnotes":""},"class_list":["post-8013","page","type-page","status-publish","hentry"],"_links":{"self":[{"href":"https:\/\/mesguides.info\/test-yetinnov\/wp-json\/wp\/v2\/pages\/8013"}],"collection":[{"href":"https:\/\/mesguides.info\/test-yetinnov\/wp-json\/wp\/v2\/pages"}],"about":[{"href":"https:\/\/mesguides.info\/test-yetinnov\/wp-json\/wp\/v2\/types\/page"}],"author":[{"embeddable":true,"href":"https:\/\/mesguides.info\/test-yetinnov\/wp-json\/wp\/v2\/users\/1"}],"replies":[{"embeddable":true,"href":"https:\/\/mesguides.info\/test-yetinnov\/wp-json\/wp\/v2\/comments?post=8013"}],"version-history":[{"count":52,"href":"https:\/\/mesguides.info\/test-yetinnov\/wp-json\/wp\/v2\/pages\/8013\/revisions"}],"predecessor-version":[{"id":8748,"href":"https:\/\/mesguides.info\/test-yetinnov\/wp-json\/wp\/v2\/pages\/8013\/revisions\/8748"}],"wp:attachment":[{"href":"https:\/\/mesguides.info\/test-yetinnov\/wp-json\/wp\/v2\/media?parent=8013"}],"curies":[{"name":"wp","href":"https:\/\/api.w.org\/{rel}","templated":true}]}}