{"id":7702,"date":"2024-08-27T15:25:13","date_gmt":"2024-08-27T13:25:13","guid":{"rendered":"https:\/\/mesguides.info\/test-yetinnov\/?page_id=7702"},"modified":"2024-09-09T10:49:53","modified_gmt":"2024-09-09T08:49:53","slug":"istqb","status":"publish","type":"page","link":"https:\/\/mesguides.info\/test-yetinnov\/istqb\/","title":{"rendered":"ISTQB"},"content":{"rendered":"\t\t<div data-elementor-type=\"wp-page\" data-elementor-id=\"7702\" class=\"elementor elementor-7702\">\n\t\t\t\t\t\t<section class=\"elementor-section elementor-top-section elementor-element elementor-element-1997ce7 elementor-section-boxed elementor-section-height-default elementor-section-height-default\" data-id=\"1997ce7\" data-element_type=\"section\" data-settings=\"{&quot;background_background&quot;:&quot;classic&quot;,&quot;_ha_eqh_enable&quot;:false}\">\n\t\t\t\t\t\t<div class=\"elementor-container elementor-column-gap-default\">\n\t\t\t\t\t<div class=\"elementor-column elementor-col-100 elementor-top-column elementor-element elementor-element-32571e6\" data-id=\"32571e6\" data-element_type=\"column\">\n\t\t\t<div class=\"elementor-widget-wrap elementor-element-populated\">\n\t\t\t\t\t\t<section class=\"elementor-section elementor-inner-section elementor-element elementor-element-f691c5b elementor-section-full_width elementor-section-height-default elementor-section-height-default\" data-id=\"f691c5b\" data-element_type=\"section\" data-settings=\"{&quot;_ha_eqh_enable&quot;:false}\">\n\t\t\t\t\t\t<div class=\"elementor-container elementor-column-gap-no\">\n\t\t\t\t\t<div class=\"elementor-column elementor-col-100 elementor-inner-column elementor-element elementor-element-90b0f8a\" data-id=\"90b0f8a\" data-element_type=\"column\">\n\t\t\t<div class=\"elementor-widget-wrap elementor-element-populated\">\n\t\t\t\t\t\t<div class=\"elementor-element elementor-element-921f59e elementor-invisible elementor-widget elementor-widget-elementskit-heading\" data-id=\"921f59e\" data-element_type=\"widget\" data-settings=\"{&quot;_animation&quot;:&quot;fadeInUp&quot;}\" data-widget_type=\"elementskit-heading.default\">\n\t\t\t\t<div class=\"elementor-widget-container\">\n\t\t\t<div class=\"ekit-wid-con\" ><div class=\"ekit-heading elementskit-section-title-wraper center   ekit_heading_tablet-   ekit_heading_mobile-\"><h2 class=\"ekit-heading--title elementskit-section-title \">ISTQB : Certification ISTQB Foundation<\/h2><div class=\"ekit_heading_separetor_wraper ekit_heading_elementskit-border-divider\"><div class=\"elementskit-border-divider\"><\/div><\/div>\t\t\t\t<div class='ekit-heading__description'>\n\t\t\t\t\t<p>D\u00e9couvrez notre formation ISTQB, un programme essentiel sur deux jours con\u00e7u pour les professionnels cherchant \u00e0 ma\u00eetriser les fondamentaux du test logiciel et \u00e0 obtenir la certification ISTQB. Cette formation  vous pr\u00e9pare \u00e0 exceller dans la gestion des tests dans un contexte agile, en r\u00e9pondant aux exigences croissantes de qualit\u00e9 et de performance dans le d\u00e9veloppement logiciel moderne.<\/p>\n\t\t\t\t<\/div>\n\t\t\t<\/div><\/div>\t\t<\/div>\n\t\t\t\t<\/div>\n\t\t\t\t<div class=\"elementor-element elementor-element-8f72511 elementor-widget elementor-widget-elementskit-simple-tab\" data-id=\"8f72511\" data-element_type=\"widget\" data-widget_type=\"elementskit-simple-tab.default\">\n\t\t\t\t<div class=\"elementor-widget-container\">\n\t\t\t<div class=\"ekit-wid-con\" >        <div class=\"elementkit-tab-wraper   elementskit-fitcontent-tab \">\n            <ul class=\"nav nav-tabs elementkit-tab-nav  elementskit_tooltip_style elementskit_tooltip_style\">\n                                    <li class=\"elementkit-nav-item elementor-repeater-item-e7fb3c4\">\n                        <a class=\"elementkit-nav-link  active show left-pos\" id=\"content-e7fb3c469de2cc81030d-tab\" data-ekit-handler-id=\"pourquoi-istqb-foundation-\" data-ekit-toggle=\"tab\" data-target=\"#content-e7fb3c469de2cc81030d\" href=\"#Content-e7fb3c469de2cc81030d\"\n                            data-ekit-toggle-trigger=\"click\"\n                            aria-describedby=\"Content-e7fb3c469de2cc81030d\">\n                            <span class=\" elementskit-tab-icon\"><\/span>                            <span class=\"elementskit-tab-title\"> Pourquoi ISTQB Foundation ?<\/span>\n                        <\/a>\n                    <\/li>\n                                        <li class=\"elementkit-nav-item elementor-repeater-item-9077dfd\">\n                        <a class=\"elementkit-nav-link  left-pos\" id=\"content-9077dfd69de2cc81030d-tab\" data-ekit-handler-id=\"cibles\" data-ekit-toggle=\"tab\" data-target=\"#content-9077dfd69de2cc81030d\" href=\"#Content-9077dfd69de2cc81030d\"\n                            data-ekit-toggle-trigger=\"click\"\n                            aria-describedby=\"Content-9077dfd69de2cc81030d\">\n                            <span class=\" elementskit-tab-icon\"><\/span>                            <span class=\"elementskit-tab-title\"> Cibles<\/span>\n                        <\/a>\n                    <\/li>\n                                        <li class=\"elementkit-nav-item elementor-repeater-item-8ccf88b\">\n                        <a class=\"elementkit-nav-link  left-pos\" id=\"content-8ccf88b69de2cc81030d-tab\" data-ekit-handler-id=\"-programme-de-formation-\" data-ekit-toggle=\"tab\" data-target=\"#content-8ccf88b69de2cc81030d\" href=\"#Content-8ccf88b69de2cc81030d\"\n                            data-ekit-toggle-trigger=\"click\"\n                            aria-describedby=\"Content-8ccf88b69de2cc81030d\">\n                            <span class=\" elementskit-tab-icon\"><\/span>                            <span class=\"elementskit-tab-title\">  Programme de formation <\/span>\n                        <\/a>\n                    <\/li>\n                                        <li class=\"elementkit-nav-item elementor-repeater-item-3096e7d\">\n                        <a class=\"elementkit-nav-link  left-pos\" id=\"content-3096e7d69de2cc81030d-tab\" data-ekit-handler-id=\"objectifs-de-la-formation-\" data-ekit-toggle=\"tab\" data-target=\"#content-3096e7d69de2cc81030d\" href=\"#Content-3096e7d69de2cc81030d\"\n                            data-ekit-toggle-trigger=\"click\"\n                            aria-describedby=\"Content-3096e7d69de2cc81030d\">\n                            <span class=\" elementskit-tab-icon\"><\/span>                            <span class=\"elementskit-tab-title\"> Objectifs de la formation <\/span>\n                        <\/a>\n                    <\/li>\n                                        <li class=\"elementkit-nav-item elementor-repeater-item-00f52ae\">\n                        <a class=\"elementkit-nav-link  left-pos\" id=\"content-00f52ae69de2cc81030d-tab\" data-ekit-handler-id=\"objectifs-p-dagogiques-\" data-ekit-toggle=\"tab\" data-target=\"#content-00f52ae69de2cc81030d\" href=\"#Content-00f52ae69de2cc81030d\"\n                            data-ekit-toggle-trigger=\"click\"\n                            aria-describedby=\"Content-00f52ae69de2cc81030d\">\n                            <span class=\" elementskit-tab-icon\"><\/span>                            <span class=\"elementskit-tab-title\"> Objectifs p\u00e9dagogiques <\/span>\n                        <\/a>\n                    <\/li>\n                                <\/ul>\n\n            <div class=\"tab-content elementkit-tab-content\">\n                                    <div class=\"tab-pane elementkit-tab-pane elementor-repeater-item-e7fb3c4  active show\" id=\"content-e7fb3c469de2cc81030d\" role=\"tabpanel\"\n                         aria-labelledby=\"content-e7fb3c469de2cc81030d-tab\">\n                        <div class=\"animated fadeIn\">\n                            La qualit\u00e9 est au c\u0153ur de tout projet logiciel r\u00e9ussi. La certification ISTQB Foundation est une r\u00e9f\u00e9rence mondiale en mati\u00e8re de comp\u00e9tences en tests logiciels. En vous certifiant ISTQB Foundation, vous acqu\u00e9rez une compr\u00e9hension approfondie des principes fondamentaux, des processus et des techniques de test. Cela vous permet non seulement d&#8217;assurer la qualit\u00e9 des produits logiciels mais aussi de renforcer la confiance des parties prenantes et d&#8217;optimiser les performances de votre \u00e9quipe. Rejoignez-nous pour d\u00e9couvrir comment cette certification peut transformer votre approche du test logiciel et ouvrir de nouvelles perspectives professionnelles passionnantes.                        <\/div>\n                    <\/div>\n                                    <div class=\"tab-pane elementkit-tab-pane elementor-repeater-item-9077dfd \" id=\"content-9077dfd69de2cc81030d\" role=\"tabpanel\"\n                         aria-labelledby=\"content-9077dfd69de2cc81030d-tab\">\n                        <div class=\"animated fadeIn\">\n                            <p style=\"text-align: center; font-size: 20px; margin-bottom: 40px;\"><strong>A quel public cette formation s\u2019adresse-t-elle?<\/strong><\/p>\n<p>Cette formation s&#8217;adresse \u00e0 un large \u00e9ventail de professionnels du secteur informatique, notamment :\n<\/p>\n\n<p><i class=\"fa fa-check\" style=\"color: green;\"><\/i> D\u00e9butants en Test Logiciel,\n<\/p>\n\n<p><i class=\"fa fa-check\" style=\"color: green;\"><\/i> Professionnels en Transition,\n<\/p>\n\n<p><i class=\"fa fa-check\" style=\"color: green;\"><\/i> Testeurs en Activit\u00e9,\n<\/p>\n\n<p><i class=\"fa fa-check\" style=\"color: green;\"><\/i> Chefs de Projets et Managers,\n<\/p>\n\n<p><i class=\"fa fa-check\" style=\"color: green;\"><\/i> \u00c9tudiants en Informatique,\u2026\n<\/p>\n\n<p style=\"text-align: center; color: red; font-size: 20px; margin-top: 40px;\">Aucune connaissance technique n\u2019est requise, mais une certaine familiarit\u00e9 avec l\u2019agilit\u00e9 serait un atout.\n<\/p>                        <\/div>\n                    <\/div>\n                                    <div class=\"tab-pane elementkit-tab-pane elementor-repeater-item-8ccf88b \" id=\"content-8ccf88b69de2cc81030d\" role=\"tabpanel\"\n                         aria-labelledby=\"content-8ccf88b69de2cc81030d-tab\">\n                        <div class=\"animated fadeIn\">\n                            <p style=\"text-align: center; font-size: 20px; color: red; margin-bottom: 60px;\"><span style=\"color: #000;\">Dur\u00e9e de la Formation :<\/span> <i class=\"fa fa-calendar\" style=\"color: #576194;\"><\/i> 2 Jours<\/p>\n\n<h4>1-Introduction et Fondamentaux des Tests :\n<\/h4>\n<p><i class=\"fa fa-check\" style=\"color: green;\"><\/i> Introduction \u00e0 l&#8217;ISTQB et aux Normes de Test (ISO et IEEE)\n<\/p>\n<p><strong>Processus de Test :\n<\/strong><\/p>\n\n<p><i class=\"fa fa-check\" style=\"color: green;\"><\/i> Introduction aux processus de test\n<\/p>\n\n<p><i class=\"fa fa-check\" style=\"color: green;\"><\/i> Ma\u00eetriser les activit\u00e9s d&#8217;un processus de test complet\n<\/p>\n\n<p><i class=\"fa fa-check\" style=\"color: green;\"><\/i> Techniques et m\u00e9thodes utilis\u00e9es \u00e0 chaque \u00e9tape du processus\n<\/p>\n\n<h4>2-Processus de Test et Documentation\n<\/h4>\n\n<p><strong>Suite du Processus de Test\n<\/strong><\/p>\n\n<p><i class=\"fa fa-check\" style=\"color: green;\"><\/i> Poursuite de l&#8217;approfondissement des activit\u00e9s du processus de test\n<\/p>\n\n<p><strong>\u00c9valuation et Am\u00e9lioration de la Documentation de Test\n<\/strong><\/p>\n\n<p><i class=\"fa fa-check\" style=\"color: green;\"><\/i> Techniques pour \u00e9valuer et am\u00e9liorer la documentation de test\n<\/p>\n\n<p><i class=\"fa fa-check\" style=\"color: green;\"><\/i> Bonnes pratiques pour assurer une documentation de qualit\u00e9\n<\/p>\n\n\n<h4>3-Niveaux et Types de Test<\/h4>\n\n<p><strong>Types et Niveaux de Test\n<\/strong><\/p>\n\n<p><i class=\"fa fa-check\" style=\"color: green;\"><\/i> Comprendre les diff\u00e9rents niveaux de test (unitaire, int\u00e9gration, syst\u00e8me, acceptation)\n<\/p>\n\n<p><i class=\"fa fa-check\" style=\"color: green;\"><\/i> Comprendre les diff\u00e9rents types de tests (fonctionnels, non-fonctionnels, r\u00e9gression\u2026)\n<\/p>\n\n\n\n\n\n\n<h4>4-Priorit\u00e9s, Efforts et Automatisation des Tests\n<\/h4>\n<p><strong>Facteurs Influen\u00e7ant les Priorit\u00e9s et les Efforts en Test\n<\/strong><\/p>\n\n<p><i class=\"fa fa-check\" style=\"color: green;\"><\/i> Facteurs internes et externes influen\u00e7ant la planification et la priorisation des tests\n<\/p>\n\n<p><i class=\"fa fa-check\" style=\"color: green;\"><\/i> Strat\u00e9gies pour optimiser les efforts de test en fonction des risques identifi\u00e9s<\/p>\n\n<p><strong>Automatisation des Tests: Risques et B\u00e9n\u00e9fices\n<\/strong><\/p>\n\n<p><i class=\"fa fa-check\" style=\"color: green;\"><\/i> Analyse des risques et b\u00e9n\u00e9fices associ\u00e9s \u00e0 l&#8217;automatisation des tests<\/p>\n\n<p><i class=\"fa fa-check\" style=\"color: green;\"><\/i> Crit\u00e8res de s\u00e9lection des cas de tests \u00e0 automatiser\n<\/p>\n\n<p><i class=\"fa fa-check\" style=\"color: green;\"><\/i> D\u00e9monstrations pratiques et outils d&#8217;automatisation courants\n<\/p>\n\n<h4>5-M\u00e9tier de Testeur et Pr\u00e9paration \u00e0 l&#8217;Examen \n<\/h4>\n<p><strong>Vue d&#8217;Ensemble du M\u00e9tier de Testeur\n<\/strong><\/p>\n\n<p><i class=\"fa fa-check\" style=\"color: green;\"><\/i> Responsabilit\u00e9s et r\u00f4les du testeur dans diff\u00e9rents environnements de d\u00e9veloppement logiciel\n<\/p>\n\n<p><i class=\"fa fa-check\" style=\"color: green;\"><\/i> Comp\u00e9tences et qualit\u00e9s requises pour \u00eatre un testeur efficace Automatisation des Tests: Risques et B\u00e9n\u00e9fices\n<\/p>                        <\/div>\n                    <\/div>\n                                    <div class=\"tab-pane elementkit-tab-pane elementor-repeater-item-3096e7d \" id=\"content-3096e7d69de2cc81030d\" role=\"tabpanel\"\n                         aria-labelledby=\"content-3096e7d69de2cc81030d-tab\">\n                        <div class=\"animated fadeIn\">\n                            <p><i class=\"fa fa-check\" style=\"color: green;\"><\/i> Acqu\u00e9rir le vocabulaire des normes et standards relatifs \u00e0 l&#8217;activit\u00e9 de tests (ISO et IEEE)<\/p>\n\n<p><i class=\"fa fa-check\" style=\"color: green;\"><\/i> Ma\u00eetriser l&#8217;ensemble des activit\u00e9s d&#8217;un processus de test\n<\/p>\n\n<p><i class=\"fa fa-check\" style=\"color: green;\"><\/i> \u00c9valuer et am\u00e9liorer la qualit\u00e9 de la documentation\n<\/p>\n\n<p><i class=\"fa fa-check\" style=\"color: green;\"><\/i> Conna\u00eetre les diff\u00e9rents niveaux et types de tests\n<\/p>\n\n<p><i class=\"fa fa-check\" style=\"color: green;\"><\/i> Comprendre les facteurs qui influencent les priorit\u00e9s et les efforts li\u00e9s aux tests\n<\/p>\n\n<p><i class=\"fa fa-check\" style=\"color: green;\"><\/i> Conna\u00eetre les risques et les b\u00e9n\u00e9fices li\u00e9s \u00e0 l\u2019automatisation des tests\n<\/p>\n\n<p><i class=\"fa fa-check\" style=\"color: green;\"><\/i> Disposer d&#8217;une vue d&#8217;ensemble du m\u00e9tier de testeur\n<\/p>\n\n<p><i class=\"fa fa-check\" style=\"color: green;\"><\/i> Se pr\u00e9parer et passer l&#8217;examen de certification &#8220;ISTQB Foundation v4.0&#8221;\n<\/p>\n\n                        <\/div>\n                    <\/div>\n                                    <div class=\"tab-pane elementkit-tab-pane elementor-repeater-item-00f52ae \" id=\"content-00f52ae69de2cc81030d\" role=\"tabpanel\"\n                         aria-labelledby=\"content-00f52ae69de2cc81030d-tab\">\n                        <div class=\"animated fadeIn\">\n                            <p>Ce programme sur 35 heures utilise une approche p\u00e9dagogique interactive et pratique pour assurer une compr\u00e9hension approfondie des concepts et techniques n\u00e9cessaires pour r\u00e9ussir l&#8217;examen ISTQB Foundation v4.0.\n<\/p>\n<p><i class=\"fa fa-check\" style=\"color: green;\"><\/i> Apprentissage Th\u00e9orique,<\/p>\n\n<p><i class=\"fa fa-check\" style=\"color: green;\"><\/i> Exercices Pratiques.\n<\/p>                        <\/div>\n                    <\/div>\n                            <\/div>\n        <\/div>\n    <\/div>\t\t<\/div>\n\t\t\t\t<\/div>\n\t\t\t\t\t<\/div>\n\t\t<\/div>\n\t\t\t\t\t<\/div>\n\t\t<\/section>\n\t\t\t\t\t<\/div>\n\t\t<\/div>\n\t\t\t\t\t<\/div>\n\t\t<\/section>\n\t\t\t\t<\/div>\n\t\t","protected":false},"excerpt":{"rendered":"<p>ISTQB : Certification ISTQB Foundation D\u00e9couvrez notre formation ISTQB, un programme essentiel sur deux jours con\u00e7u pour les professionnels cherchant \u00e0 ma\u00eetriser les fondamentaux du test logiciel et \u00e0 obtenir la certification ISTQB. Cette formation vous pr\u00e9pare \u00e0 exceller dans la gestion des tests dans un contexte agile, en r\u00e9pondant [&hellip;]<\/p>\n","protected":false},"author":1,"featured_media":0,"parent":0,"menu_order":0,"comment_status":"closed","ping_status":"closed","template":"elementor_theme","meta":{"footnotes":""},"class_list":["post-7702","page","type-page","status-publish","hentry"],"_links":{"self":[{"href":"https:\/\/mesguides.info\/test-yetinnov\/wp-json\/wp\/v2\/pages\/7702"}],"collection":[{"href":"https:\/\/mesguides.info\/test-yetinnov\/wp-json\/wp\/v2\/pages"}],"about":[{"href":"https:\/\/mesguides.info\/test-yetinnov\/wp-json\/wp\/v2\/types\/page"}],"author":[{"embeddable":true,"href":"https:\/\/mesguides.info\/test-yetinnov\/wp-json\/wp\/v2\/users\/1"}],"replies":[{"embeddable":true,"href":"https:\/\/mesguides.info\/test-yetinnov\/wp-json\/wp\/v2\/comments?post=7702"}],"version-history":[{"count":13,"href":"https:\/\/mesguides.info\/test-yetinnov\/wp-json\/wp\/v2\/pages\/7702\/revisions"}],"predecessor-version":[{"id":8569,"href":"https:\/\/mesguides.info\/test-yetinnov\/wp-json\/wp\/v2\/pages\/7702\/revisions\/8569"}],"wp:attachment":[{"href":"https:\/\/mesguides.info\/test-yetinnov\/wp-json\/wp\/v2\/media?parent=7702"}],"curies":[{"name":"wp","href":"https:\/\/api.w.org\/{rel}","templated":true}]}}