{"id":7688,"date":"2024-08-27T15:15:01","date_gmt":"2024-08-27T13:15:01","guid":{"rendered":"https:\/\/mesguides.info\/test-yetinnov\/?page_id=7688"},"modified":"2024-09-09T10:49:34","modified_gmt":"2024-09-09T08:49:34","slug":"transformation-manageriale","status":"publish","type":"page","link":"https:\/\/mesguides.info\/test-yetinnov\/transformation-manageriale\/","title":{"rendered":"Transformation manag\u00e9riale"},"content":{"rendered":"\t\t<div data-elementor-type=\"wp-page\" data-elementor-id=\"7688\" class=\"elementor elementor-7688\">\n\t\t\t\t\t\t<section class=\"elementor-section elementor-top-section elementor-element elementor-element-8be37e1 elementor-section-boxed elementor-section-height-default elementor-section-height-default\" data-id=\"8be37e1\" data-element_type=\"section\" data-settings=\"{&quot;background_background&quot;:&quot;classic&quot;,&quot;_ha_eqh_enable&quot;:false}\">\n\t\t\t\t\t\t<div class=\"elementor-container elementor-column-gap-default\">\n\t\t\t\t\t<div class=\"elementor-column elementor-col-100 elementor-top-column elementor-element elementor-element-1e575b6\" data-id=\"1e575b6\" data-element_type=\"column\">\n\t\t\t<div class=\"elementor-widget-wrap elementor-element-populated\">\n\t\t\t\t\t\t<section class=\"elementor-section elementor-inner-section elementor-element elementor-element-99c8f01 elementor-section-full_width elementor-section-height-default elementor-section-height-default\" data-id=\"99c8f01\" data-element_type=\"section\" data-settings=\"{&quot;_ha_eqh_enable&quot;:false}\">\n\t\t\t\t\t\t<div class=\"elementor-container elementor-column-gap-no\">\n\t\t\t\t\t<div class=\"elementor-column elementor-col-100 elementor-inner-column elementor-element elementor-element-9391fe2\" data-id=\"9391fe2\" data-element_type=\"column\">\n\t\t\t<div class=\"elementor-widget-wrap elementor-element-populated\">\n\t\t\t\t\t\t<div class=\"elementor-element elementor-element-e61573d elementor-invisible elementor-widget elementor-widget-elementskit-heading\" data-id=\"e61573d\" data-element_type=\"widget\" data-settings=\"{&quot;_animation&quot;:&quot;fadeInUp&quot;}\" data-widget_type=\"elementskit-heading.default\">\n\t\t\t\t<div class=\"elementor-widget-container\">\n\t\t\t<div class=\"ekit-wid-con\" ><div class=\"ekit-heading elementskit-section-title-wraper center   ekit_heading_tablet-   ekit_heading_mobile-\"><h2 class=\"ekit-heading--title elementskit-section-title \">Transformation manag\u00e9riale <\/h2><div class=\"ekit_heading_separetor_wraper ekit_heading_elementskit-border-divider\"><div class=\"elementskit-border-divider\"><\/div><\/div>\t\t\t\t<div class='ekit-heading__description'>\n\t\t\t\t\t<p>D\u00e9couvrez notre formation en transformation manag\u00e9riale, un parcours intensif sur deux jours sp\u00e9cialement con\u00e7u pour les leaders et les gestionnaires souhaitant \u00e9voluer et prosp\u00e9rer dans un environnement agile en constante \u00e9volution. Cette formation pratique et immersive vous pr\u00e9pare \u00e0 conduire efficacement votre \u00e9quipe vers une performance optimale et une r\u00e9silience organisationnelle dans un monde professionnel dynamique et agile.<\/p>\n\t\t\t\t<\/div>\n\t\t\t<\/div><\/div>\t\t<\/div>\n\t\t\t\t<\/div>\n\t\t\t\t\t<\/div>\n\t\t<\/div>\n\t\t\t\t\t<\/div>\n\t\t<\/section>\n\t\t\t\t\t<\/div>\n\t\t<\/div>\n\t\t\t\t\t<\/div>\n\t\t<\/section>\n\t\t\t\t<\/div>\n\t\t","protected":false},"excerpt":{"rendered":"<p>Transformation manag\u00e9riale D\u00e9couvrez notre formation en transformation manag\u00e9riale, un parcours intensif sur deux jours sp\u00e9cialement con\u00e7u pour les leaders et les gestionnaires souhaitant \u00e9voluer et prosp\u00e9rer dans un environnement agile en constante \u00e9volution. Cette formation pratique et immersive vous pr\u00e9pare \u00e0 conduire efficacement votre \u00e9quipe vers une performance optimale et [&hellip;]<\/p>\n","protected":false},"author":1,"featured_media":0,"parent":0,"menu_order":0,"comment_status":"closed","ping_status":"closed","template":"elementor_theme","meta":{"footnotes":""},"class_list":["post-7688","page","type-page","status-publish","hentry"],"_links":{"self":[{"href":"https:\/\/mesguides.info\/test-yetinnov\/wp-json\/wp\/v2\/pages\/7688"}],"collection":[{"href":"https:\/\/mesguides.info\/test-yetinnov\/wp-json\/wp\/v2\/pages"}],"about":[{"href":"https:\/\/mesguides.info\/test-yetinnov\/wp-json\/wp\/v2\/types\/page"}],"author":[{"embeddable":true,"href":"https:\/\/mesguides.info\/test-yetinnov\/wp-json\/wp\/v2\/users\/1"}],"replies":[{"embeddable":true,"href":"https:\/\/mesguides.info\/test-yetinnov\/wp-json\/wp\/v2\/comments?post=7688"}],"version-history":[{"count":10,"href":"https:\/\/mesguides.info\/test-yetinnov\/wp-json\/wp\/v2\/pages\/7688\/revisions"}],"predecessor-version":[{"id":8563,"href":"https:\/\/mesguides.info\/test-yetinnov\/wp-json\/wp\/v2\/pages\/7688\/revisions\/8563"}],"wp:attachment":[{"href":"https:\/\/mesguides.info\/test-yetinnov\/wp-json\/wp\/v2\/media?parent=7688"}],"curies":[{"name":"wp","href":"https:\/\/api.w.org\/{rel}","templated":true}]}}