{"id":7673,"date":"2024-08-27T14:47:44","date_gmt":"2024-08-27T12:47:44","guid":{"rendered":"https:\/\/mesguides.info\/test-yetinnov\/?page_id=7673"},"modified":"2024-09-09T10:55:06","modified_gmt":"2024-09-09T08:55:06","slug":"le-critical-thinking","status":"publish","type":"page","link":"https:\/\/mesguides.info\/test-yetinnov\/le-critical-thinking\/","title":{"rendered":"Le Critical Thinking"},"content":{"rendered":"\t\t<div data-elementor-type=\"wp-page\" data-elementor-id=\"7673\" class=\"elementor elementor-7673\">\n\t\t\t\t\t\t<section class=\"elementor-section elementor-top-section elementor-element elementor-element-e0f6056 elementor-section-boxed elementor-section-height-default elementor-section-height-default\" data-id=\"e0f6056\" data-element_type=\"section\" data-settings=\"{&quot;background_background&quot;:&quot;classic&quot;,&quot;_ha_eqh_enable&quot;:false}\">\n\t\t\t\t\t\t<div class=\"elementor-container elementor-column-gap-default\">\n\t\t\t\t\t<div class=\"elementor-column elementor-col-100 elementor-top-column elementor-element elementor-element-455bdb9\" data-id=\"455bdb9\" data-element_type=\"column\">\n\t\t\t<div class=\"elementor-widget-wrap elementor-element-populated\">\n\t\t\t\t\t\t<section class=\"elementor-section elementor-inner-section elementor-element elementor-element-64946d8 elementor-section-full_width elementor-section-height-default elementor-section-height-default\" data-id=\"64946d8\" data-element_type=\"section\" data-settings=\"{&quot;_ha_eqh_enable&quot;:false}\">\n\t\t\t\t\t\t<div class=\"elementor-container elementor-column-gap-no\">\n\t\t\t\t\t<div class=\"elementor-column elementor-col-100 elementor-inner-column elementor-element elementor-element-2ab1881\" data-id=\"2ab1881\" data-element_type=\"column\">\n\t\t\t<div class=\"elementor-widget-wrap elementor-element-populated\">\n\t\t\t\t\t\t<div class=\"elementor-element elementor-element-b3809ff elementor-invisible elementor-widget elementor-widget-elementskit-heading\" data-id=\"b3809ff\" data-element_type=\"widget\" data-settings=\"{&quot;_animation&quot;:&quot;fadeInUp&quot;}\" data-widget_type=\"elementskit-heading.default\">\n\t\t\t\t<div class=\"elementor-widget-container\">\n\t\t\t<div class=\"ekit-wid-con\" ><div class=\"ekit-heading elementskit-section-title-wraper center   ekit_heading_tablet-   ekit_heading_mobile-\"><h2 class=\"ekit-heading--title elementskit-section-title \">Le Critical Thinking<\/h2><div class=\"ekit_heading_separetor_wraper ekit_heading_elementskit-border-divider\"><div class=\"elementskit-border-divider\"><\/div><\/div>\t\t\t\t<div class='ekit-heading__description'>\n\t\t\t\t\t<p>Plongez au c\u0153ur du Critical Thinking avec notre formation d\u00e9di\u00e9e, con\u00e7ue pour ceux qui aspirent \u00e0 exceller dans un environnement agile et dynamique. Le Critical Thinking est la cl\u00e9 pour naviguer efficacement \u00e0 travers les complexit\u00e9 s et les incertitudes du monde professionnel actuel. Notre programme vous offre un espace pour explorer, questionner et affiner votre capacit\u00e9 \u00e0 \u00e9valuer les situations avec clart\u00e9 et discernement. En cultivant cette comp\u00e9tence, vous serez mieux pr\u00e9par\u00e9 \u00e0 anticiper les d\u00e9fis, \u00e0 innover et \u00e0 conduire des transformations significatives au sein de votre organisation. Rejoignez-nous pour enrichir votre perspective et renforcer votre impact professionnel.<\/p>\n\t\t\t\t<\/div>\n\t\t\t<\/div><\/div>\t\t<\/div>\n\t\t\t\t<\/div>\n\t\t\t\t<div class=\"elementor-element elementor-element-348cad5 elementor-widget elementor-widget-elementskit-simple-tab\" data-id=\"348cad5\" data-element_type=\"widget\" data-widget_type=\"elementskit-simple-tab.default\">\n\t\t\t\t<div class=\"elementor-widget-container\">\n\t\t\t<div class=\"ekit-wid-con\" >        <div class=\"elementkit-tab-wraper   elementskit-fitcontent-tab \">\n            <ul class=\"nav nav-tabs elementkit-tab-nav  elementskit_tooltip_style elementskit_tooltip_style\">\n                                    <li class=\"elementkit-nav-item elementor-repeater-item-e7fb3c4\">\n                        <a class=\"elementkit-nav-link  active show left-pos\" id=\"content-e7fb3c469de2cc3012e5-tab\" data-ekit-handler-id=\"pourquoi-se-former-en-critical-thinking-\" data-ekit-toggle=\"tab\" data-target=\"#content-e7fb3c469de2cc3012e5\" href=\"#Content-e7fb3c469de2cc3012e5\"\n                            data-ekit-toggle-trigger=\"click\"\n                            aria-describedby=\"Content-e7fb3c469de2cc3012e5\">\n                            <span class=\" elementskit-tab-icon\"><\/span>                            <span class=\"elementskit-tab-title\"> Pourquoi se former en Critical Thinking ? <\/span>\n                        <\/a>\n                    <\/li>\n                                        <li class=\"elementkit-nav-item elementor-repeater-item-9077dfd\">\n                        <a class=\"elementkit-nav-link  left-pos\" id=\"content-9077dfd69de2cc3012e5-tab\" data-ekit-handler-id=\"cibles\" data-ekit-toggle=\"tab\" data-target=\"#content-9077dfd69de2cc3012e5\" href=\"#Content-9077dfd69de2cc3012e5\"\n                            data-ekit-toggle-trigger=\"click\"\n                            aria-describedby=\"Content-9077dfd69de2cc3012e5\">\n                            <span class=\" elementskit-tab-icon\"><\/span>                            <span class=\"elementskit-tab-title\"> Cibles<\/span>\n                        <\/a>\n                    <\/li>\n                                        <li class=\"elementkit-nav-item elementor-repeater-item-8ccf88b\">\n                        <a class=\"elementkit-nav-link  left-pos\" id=\"content-8ccf88b69de2cc3012e5-tab\" data-ekit-handler-id=\"-programme-de-formation-\" data-ekit-toggle=\"tab\" data-target=\"#content-8ccf88b69de2cc3012e5\" href=\"#Content-8ccf88b69de2cc3012e5\"\n                            data-ekit-toggle-trigger=\"click\"\n                            aria-describedby=\"Content-8ccf88b69de2cc3012e5\">\n                            <span class=\" elementskit-tab-icon\"><\/span>                            <span class=\"elementskit-tab-title\">  Programme de formation <\/span>\n                        <\/a>\n                    <\/li>\n                                        <li class=\"elementkit-nav-item elementor-repeater-item-3096e7d\">\n                        <a class=\"elementkit-nav-link  left-pos\" id=\"content-3096e7d69de2cc3012e5-tab\" data-ekit-handler-id=\"objectifs-de-la-formation-\" data-ekit-toggle=\"tab\" data-target=\"#content-3096e7d69de2cc3012e5\" href=\"#Content-3096e7d69de2cc3012e5\"\n                            data-ekit-toggle-trigger=\"click\"\n                            aria-describedby=\"Content-3096e7d69de2cc3012e5\">\n                            <span class=\" elementskit-tab-icon\"><\/span>                            <span class=\"elementskit-tab-title\"> Objectifs de la formation <\/span>\n                        <\/a>\n                    <\/li>\n                                        <li class=\"elementkit-nav-item elementor-repeater-item-00f52ae\">\n                        <a class=\"elementkit-nav-link  left-pos\" id=\"content-00f52ae69de2cc3012e5-tab\" data-ekit-handler-id=\"objectifs-p-dagogiques-\" data-ekit-toggle=\"tab\" data-target=\"#content-00f52ae69de2cc3012e5\" href=\"#Content-00f52ae69de2cc3012e5\"\n                            data-ekit-toggle-trigger=\"click\"\n                            aria-describedby=\"Content-00f52ae69de2cc3012e5\">\n                            <span class=\" elementskit-tab-icon\"><\/span>                            <span class=\"elementskit-tab-title\"> Objectifs p\u00e9dagogiques <\/span>\n                        <\/a>\n                    <\/li>\n                                <\/ul>\n\n            <div class=\"tab-content elementkit-tab-content\">\n                                    <div class=\"tab-pane elementkit-tab-pane elementor-repeater-item-e7fb3c4  active show\" id=\"content-e7fb3c469de2cc3012e5\" role=\"tabpanel\"\n                         aria-labelledby=\"content-e7fb3c469de2cc3012e5-tab\">\n                        <div class=\"animated fadeIn\">\n                            Se former en critical thinking est essentiel dans le monde complexe et en constante \u00e9volution d&#8217;aujourd&#8217;hui. La pens\u00e9e critique permet de d\u00e9velopper des comp\u00e9tences essentielles pour analyser et \u00e9valuer des informations de mani\u00e8re objective, r\u00e9soudre des probl\u00e8mes de mani\u00e8re efficace et prendre des d\u00e9cisions \u00e9clair\u00e9es. En cultivant une capacit\u00e9 \u00e0 penser de mani\u00e8re ind\u00e9pendante et \u00e0 remettre en question les id\u00e9es re\u00e7ues, on devient mieux pr\u00e9par\u00e9 \u00e0 naviguer dans des situations ambigu\u00ebs et \u00e0 \u00e9laborer des solutions cr\u00e9atives et innovantes. De plus, le critical thinking renforce la communication et la collaboration, des comp\u00e9tences indispensables tant dans la vie professionnelle que  personnelle.\n                        <\/div>\n                    <\/div>\n                                    <div class=\"tab-pane elementkit-tab-pane elementor-repeater-item-9077dfd \" id=\"content-9077dfd69de2cc3012e5\" role=\"tabpanel\"\n                         aria-labelledby=\"content-9077dfd69de2cc3012e5-tab\">\n                        <div class=\"animated fadeIn\">\n                            <p style=\"text-align: center; font-size: 20px; margin-bottom: 40px;\"><strong>A quel public cette formation s\u2019adresse-t-elle?<\/strong><\/p>\n\n<p>Cette formation est adapt\u00e9e \u00e0 toute personne en charge d&#8217;un projet d&#8217;innovation.\n<\/p>\n\n<p><i class=\"fa fa-check\" style=\"color: green;\"><\/i> Manager<\/p>\n\n<p><i class=\"fa fa-check\" style=\"color: green;\"><\/i> Chef de projet de d\u00e9veloppement de produit\/service nouveau\n<\/p>\n\n<p><i class=\"fa fa-check\" style=\"color: green;\"><\/i> Responsable R\/D\n<\/p>\n\n<p><i class=\"fa fa-check\" style=\"color: green;\"><\/i> Responsable marketing\n<\/p>\n\n<p><i class=\"fa fa-check\" style=\"color: green;\"><\/i> Chef de produit\n<\/p>\n\n<p><i class=\"fa fa-check\" style=\"color: green;\"><\/i> Chef des ventes\n<\/p>\n\n<p><i class=\"fa fa-check\" style=\"color: green;\"><\/i> Directeur commercial\n<\/p>\n\n<p style=\"text-align: center; color: red; font-size: 20px; margin-top: 40px;\">Convient \u00e0 tous les niveaux, sans pr\u00e9requis.\n<\/p>                        <\/div>\n                    <\/div>\n                                    <div class=\"tab-pane elementkit-tab-pane elementor-repeater-item-8ccf88b \" id=\"content-8ccf88b69de2cc3012e5\" role=\"tabpanel\"\n                         aria-labelledby=\"content-8ccf88b69de2cc3012e5-tab\">\n                        <div class=\"animated fadeIn\">\n                            <p style=\"text-align: center; font-size: 20px; color: red; margin-bottom: 60px;\"><span style=\"color: #000;\">Dur\u00e9e de la Formation :<\/span> <i class=\"fa fa-calendar\" style=\"color: #576194;\"><\/i> 2 Jours<\/p>\n\n<h4>1-Introduction \u00e0 la Logique \u00c9l\u00e9mentaire\n<\/h4>\n<p><strong>Session 1: Introduction \u00e0 la logique\n<\/strong><\/p>\n\n<p><i class=\"fa fa-check\" style=\"color: green;\"><\/i> D\u00e9finition et importance de la logique\n<\/p>\n\n<p><i class=\"fa fa-check\" style=\"color: green;\"><\/i> Diff\u00e9rents types de raisonnement : d\u00e9ductif et inductif\n<\/p>\n\n<p><strong>Session 2: Modes de raisonnement valides\n<\/strong><\/p>\n\n<p><i class=\"fa fa-check\" style=\"color: green;\"><\/i> Syllogismes\n<\/p>\n\n<p><i class=\"fa fa-check\" style=\"color: green;\"><\/i> Raisonnement hypoth\u00e9tico-d\u00e9ductif\n<\/p>\n\n<p><strong>Session 3: Identification des Sophismes et Paralogismes\n<\/strong><\/p>\n\n<p><i class=\"fa fa-check\" style=\"color: green;\"><\/i> Comprendre les sophismes\n<\/p>\n\n<p><i class=\"fa fa-check\" style=\"color: green;\"><\/i> D\u00e9finition et exemples courants\n<\/p>\n\n<p><i class=\"fa fa-check\" style=\"color: green;\"><\/i> Impact des sophismes dans l\u2019argumentation\n<\/p>\n\n<p><strong>Session 4: Identification des paralogismes\n<\/strong><\/p>\n\n<p><i class=\"fa fa-check\" style=\"color: green;\"><\/i> Diff\u00e9rences entre sophismes et paralogismes\n<\/p>\n\n<h4>2-Construction et D\u00e9construction de l&#8217;Argumentation\n<\/h4>\n<p><strong>Session 5 : Principes de construction d\u2019une argumentation\n<\/strong><\/p>\n\n<p><i class=\"fa fa-check\" style=\"color: green;\"><\/i> Structure d&#8217;un argument solide\n<\/p>\n\n<p><i class=\"fa fa-check\" style=\"color: green;\"><\/i> R\u00e8gles de coh\u00e9rence et de pertinence\n<\/p>\n\n<p><strong>Session 6: Identifier et D\u00e9construire des \u00c9nonc\u00e9s Fallacieux\n<\/strong><\/p>\n\n<p><i class=\"fa fa-check\" style=\"color: green;\"><\/i> Types d&#8217;\u00e9nonc\u00e9s fallacieux : appel \u00e0 l&#8217;\u00e9motion\u2026.\n<\/p>\n\n<p><i class=\"fa fa-check\" style=\"color: green;\"><\/i> M\u00e9thodologie pour r\u00e9futer des arguments fallacieux\n<\/p>                        <\/div>\n                    <\/div>\n                                    <div class=\"tab-pane elementkit-tab-pane elementor-repeater-item-3096e7d \" id=\"content-3096e7d69de2cc3012e5\" role=\"tabpanel\"\n                         aria-labelledby=\"content-3096e7d69de2cc3012e5-tab\">\n                        <div class=\"animated fadeIn\">\n                            <p><i class=\"fa fa-check\" style=\"color: green;\"><\/i> Acquisition des Connaissances Fondamentales en Logique \u00c9l\u00e9mentaire \n<\/p>\n\n<p><i class=\"fa fa-check\" style=\"color: green;\"><\/i> D\u00e9veloppement des Comp\u00e9tences en Construction d\u2019argumentation\n<\/p>\n\n<p><i class=\"fa fa-check\" style=\"color: green;\"><\/i> Capacit\u00e9 \u00e0 identifier et D\u00e9construire des \u00c9nonc\u00e9s Fallacieux\n<\/p>\n                        <\/div>\n                    <\/div>\n                                    <div class=\"tab-pane elementkit-tab-pane elementor-repeater-item-00f52ae \" id=\"content-00f52ae69de2cc3012e5\" role=\"tabpanel\"\n                         aria-labelledby=\"content-00f52ae69de2cc3012e5-tab\">\n                        <div class=\"animated fadeIn\">\n                            <p><i class=\"fa fa-check\" style=\"color: green;\"><\/i> Expos\u00e9s th\u00e9oriques\n<\/p>\n\n<p><i class=\"fa fa-check\" style=\"color: green;\"><\/i> \u00c9tudes de cas pratiques\n<\/p>\n\n<p><i class=\"fa fa-check\" style=\"color: green;\"><\/i> Exercices interactifs\n<\/p>\n\n<p><i class=\"fa fa-check\" style=\"color: green;\"><\/i> Discussions de groupe et feedback\n<\/p>                        <\/div>\n                    <\/div>\n                            <\/div>\n        <\/div>\n    <\/div>\t\t<\/div>\n\t\t\t\t<\/div>\n\t\t\t\t\t<\/div>\n\t\t<\/div>\n\t\t\t\t\t<\/div>\n\t\t<\/section>\n\t\t\t\t\t<\/div>\n\t\t<\/div>\n\t\t\t\t\t<\/div>\n\t\t<\/section>\n\t\t\t\t<\/div>\n\t\t","protected":false},"excerpt":{"rendered":"<p>Le Critical Thinking Plongez au c\u0153ur du Critical Thinking avec notre formation d\u00e9di\u00e9e, con\u00e7ue pour ceux qui aspirent \u00e0 exceller dans un environnement agile et dynamique. Le Critical Thinking est la cl\u00e9 pour naviguer efficacement \u00e0 travers les complexit\u00e9 s et les incertitudes du monde professionnel actuel. Notre programme vous [&hellip;]<\/p>\n","protected":false},"author":1,"featured_media":0,"parent":0,"menu_order":0,"comment_status":"closed","ping_status":"closed","template":"elementor_theme","meta":{"footnotes":""},"class_list":["post-7673","page","type-page","status-publish","hentry"],"_links":{"self":[{"href":"https:\/\/mesguides.info\/test-yetinnov\/wp-json\/wp\/v2\/pages\/7673"}],"collection":[{"href":"https:\/\/mesguides.info\/test-yetinnov\/wp-json\/wp\/v2\/pages"}],"about":[{"href":"https:\/\/mesguides.info\/test-yetinnov\/wp-json\/wp\/v2\/types\/page"}],"author":[{"embeddable":true,"href":"https:\/\/mesguides.info\/test-yetinnov\/wp-json\/wp\/v2\/users\/1"}],"replies":[{"embeddable":true,"href":"https:\/\/mesguides.info\/test-yetinnov\/wp-json\/wp\/v2\/comments?post=7673"}],"version-history":[{"count":10,"href":"https:\/\/mesguides.info\/test-yetinnov\/wp-json\/wp\/v2\/pages\/7673\/revisions"}],"predecessor-version":[{"id":8584,"href":"https:\/\/mesguides.info\/test-yetinnov\/wp-json\/wp\/v2\/pages\/7673\/revisions\/8584"}],"wp:attachment":[{"href":"https:\/\/mesguides.info\/test-yetinnov\/wp-json\/wp\/v2\/media?parent=7673"}],"curies":[{"name":"wp","href":"https:\/\/api.w.org\/{rel}","templated":true}]}}