{"id":7640,"date":"2024-08-27T12:37:48","date_gmt":"2024-08-27T10:37:48","guid":{"rendered":"https:\/\/mesguides.info\/test-yetinnov\/?page_id=7640"},"modified":"2024-09-09T10:53:03","modified_gmt":"2024-09-09T08:53:03","slug":"management-de-linnovation","status":"publish","type":"page","link":"https:\/\/mesguides.info\/test-yetinnov\/management-de-linnovation\/","title":{"rendered":"Management de l\u2019innovation"},"content":{"rendered":"\t\t<div data-elementor-type=\"wp-page\" data-elementor-id=\"7640\" class=\"elementor elementor-7640\">\n\t\t\t\t\t\t<section class=\"elementor-section elementor-top-section elementor-element elementor-element-6001d01 elementor-section-boxed elementor-section-height-default elementor-section-height-default\" data-id=\"6001d01\" data-element_type=\"section\" data-settings=\"{&quot;background_background&quot;:&quot;classic&quot;,&quot;_ha_eqh_enable&quot;:false}\">\n\t\t\t\t\t\t<div class=\"elementor-container elementor-column-gap-default\">\n\t\t\t\t\t<div class=\"elementor-column elementor-col-100 elementor-top-column elementor-element elementor-element-b7f73a8\" data-id=\"b7f73a8\" data-element_type=\"column\">\n\t\t\t<div class=\"elementor-widget-wrap elementor-element-populated\">\n\t\t\t\t\t\t<section class=\"elementor-section elementor-inner-section elementor-element elementor-element-c831c83 elementor-section-full_width elementor-section-height-default elementor-section-height-default\" data-id=\"c831c83\" data-element_type=\"section\" data-settings=\"{&quot;_ha_eqh_enable&quot;:false}\">\n\t\t\t\t\t\t<div class=\"elementor-container elementor-column-gap-no\">\n\t\t\t\t\t<div class=\"elementor-column elementor-col-100 elementor-inner-column elementor-element elementor-element-1ab7d2c\" data-id=\"1ab7d2c\" data-element_type=\"column\">\n\t\t\t<div class=\"elementor-widget-wrap elementor-element-populated\">\n\t\t\t\t\t\t<div class=\"elementor-element elementor-element-55e4f30 elementor-invisible elementor-widget elementor-widget-elementskit-heading\" data-id=\"55e4f30\" data-element_type=\"widget\" data-settings=\"{&quot;_animation&quot;:&quot;fadeInUp&quot;}\" data-widget_type=\"elementskit-heading.default\">\n\t\t\t\t<div class=\"elementor-widget-container\">\n\t\t\t<div class=\"ekit-wid-con\" ><div class=\"ekit-heading elementskit-section-title-wraper center   ekit_heading_tablet-   ekit_heading_mobile-\"><h2 class=\"ekit-heading--title elementskit-section-title \">Management de l\u2019innovation<\/h2><div class=\"ekit_heading_separetor_wraper ekit_heading_elementskit-border-divider\"><div class=\"elementskit-border-divider\"><\/div><\/div>\t\t\t\t<div class='ekit-heading__description'>\n\t\t\t\t\t<p>Plongez dans notre formation en Management de l'innovation, sp\u00e9cialement con\u00e7ue pour les professionnels aspirant \u00e0 devenir des moteurs de changement et de cr\u00e9ativit\u00e9 au sein de leur organisation. <\/p>\n\t\t\t\t<\/div>\n\t\t\t<\/div><\/div>\t\t<\/div>\n\t\t\t\t<\/div>\n\t\t\t\t<div class=\"elementor-element elementor-element-d5d8193 elementor-widget elementor-widget-elementskit-simple-tab\" data-id=\"d5d8193\" data-element_type=\"widget\" data-widget_type=\"elementskit-simple-tab.default\">\n\t\t\t\t<div class=\"elementor-widget-container\">\n\t\t\t<div class=\"ekit-wid-con\" >        <div class=\"elementkit-tab-wraper   elementskit-fitcontent-tab \">\n            <ul class=\"nav nav-tabs elementkit-tab-nav  elementskit_tooltip_style elementskit_tooltip_style\">\n                                    <li class=\"elementkit-nav-item elementor-repeater-item-e7fb3c4\">\n                        <a class=\"elementkit-nav-link  active show left-pos\" id=\"content-e7fb3c469de2d204b649-tab\" data-ekit-handler-id=\"pourquoi-le-management-de-l-innovation-\" data-ekit-toggle=\"tab\" data-target=\"#content-e7fb3c469de2d204b649\" href=\"#Content-e7fb3c469de2d204b649\"\n                            data-ekit-toggle-trigger=\"click\"\n                            aria-describedby=\"Content-e7fb3c469de2d204b649\">\n                            <span class=\" elementskit-tab-icon\"><\/span>                            <span class=\"elementskit-tab-title\"> Pourquoi le Management de l\u2019innovation ? <\/span>\n                        <\/a>\n                    <\/li>\n                                        <li class=\"elementkit-nav-item elementor-repeater-item-9077dfd\">\n                        <a class=\"elementkit-nav-link  left-pos\" id=\"content-9077dfd69de2d204b649-tab\" data-ekit-handler-id=\"cibles\" data-ekit-toggle=\"tab\" data-target=\"#content-9077dfd69de2d204b649\" href=\"#Content-9077dfd69de2d204b649\"\n                            data-ekit-toggle-trigger=\"click\"\n                            aria-describedby=\"Content-9077dfd69de2d204b649\">\n                            <span class=\" elementskit-tab-icon\"><\/span>                            <span class=\"elementskit-tab-title\"> Cibles<\/span>\n                        <\/a>\n                    <\/li>\n                                        <li class=\"elementkit-nav-item elementor-repeater-item-8ccf88b\">\n                        <a class=\"elementkit-nav-link  left-pos\" id=\"content-8ccf88b69de2d204b649-tab\" data-ekit-handler-id=\"-programme-de-formation-\" data-ekit-toggle=\"tab\" data-target=\"#content-8ccf88b69de2d204b649\" href=\"#Content-8ccf88b69de2d204b649\"\n                            data-ekit-toggle-trigger=\"click\"\n                            aria-describedby=\"Content-8ccf88b69de2d204b649\">\n                            <span class=\" elementskit-tab-icon\"><\/span>                            <span class=\"elementskit-tab-title\">  Programme de formation <\/span>\n                        <\/a>\n                    <\/li>\n                                        <li class=\"elementkit-nav-item elementor-repeater-item-3096e7d\">\n                        <a class=\"elementkit-nav-link  left-pos\" id=\"content-3096e7d69de2d204b649-tab\" data-ekit-handler-id=\"objectifs-de-la-formation-\" data-ekit-toggle=\"tab\" data-target=\"#content-3096e7d69de2d204b649\" href=\"#Content-3096e7d69de2d204b649\"\n                            data-ekit-toggle-trigger=\"click\"\n                            aria-describedby=\"Content-3096e7d69de2d204b649\">\n                            <span class=\" elementskit-tab-icon\"><\/span>                            <span class=\"elementskit-tab-title\"> Objectifs de la formation <\/span>\n                        <\/a>\n                    <\/li>\n                                        <li class=\"elementkit-nav-item elementor-repeater-item-00f52ae\">\n                        <a class=\"elementkit-nav-link  left-pos\" id=\"content-00f52ae69de2d204b649-tab\" data-ekit-handler-id=\"objectifs-p-dagogiques-\" data-ekit-toggle=\"tab\" data-target=\"#content-00f52ae69de2d204b649\" href=\"#Content-00f52ae69de2d204b649\"\n                            data-ekit-toggle-trigger=\"click\"\n                            aria-describedby=\"Content-00f52ae69de2d204b649\">\n                            <span class=\" elementskit-tab-icon\"><\/span>                            <span class=\"elementskit-tab-title\"> Objectifs p\u00e9dagogiques <\/span>\n                        <\/a>\n                    <\/li>\n                                <\/ul>\n\n            <div class=\"tab-content elementkit-tab-content\">\n                                    <div class=\"tab-pane elementkit-tab-pane elementor-repeater-item-e7fb3c4  active show\" id=\"content-e7fb3c469de2d204b649\" role=\"tabpanel\"\n                         aria-labelledby=\"content-e7fb3c469de2d204b649-tab\">\n                        <div class=\"animated fadeIn\">\n                            Dans un monde en constante \u00e9volution, l&#8217;innovation est devenue le moteur essentiel de la croissance et de la comp\u00e9titivit\u00e9 des organisations. Le management de l&#8217;innovation joue un r\u00f4le crucial en guidant les entreprises \u00e0 travers le d\u00e9fi complexe de transformer les id\u00e9es novatrices en r\u00e9alisations concr\u00e8tes. En int\u00e9grant des processus strat\u00e9giques et des m\u00e9thodologies efficaces, cette discipline permet non seulement de naviguer dans l&#8217;incertitude mais aussi de stimuler la cr\u00e9ativit\u00e9 et d&#8217;exploiter le potentiel des \u00e9quipes. Cette formation explore pourquoi et comment le management de l&#8217;innovation devient un levier strat\u00e9gique indispensable pour toute organisation aspirant \u00e0 se diff\u00e9rencier et \u00e0 prosp\u00e9rer dans un environnement dynamique et comp\u00e9titif.\n                        <\/div>\n                    <\/div>\n                                    <div class=\"tab-pane elementkit-tab-pane elementor-repeater-item-9077dfd \" id=\"content-9077dfd69de2d204b649\" role=\"tabpanel\"\n                         aria-labelledby=\"content-9077dfd69de2d204b649-tab\">\n                        <div class=\"animated fadeIn\">\n                            <p style=\"text-align: center; font-size: 20px; margin-bottom: 40px;\"><strong>A quel public cette formation s\u2019adresse-t-elle?<\/strong><\/p>\n\n<p>Cette formation est con\u00e7ue pour ceux qui souhaitent ma\u00eetriser les aspects strat\u00e9giques, op\u00e9rationnels et financiers de l&#8217;innovation dans divers contextes organisationnels et \u00e9conomiques.\n<\/p>\n\n<p><i class=\"fa fa-check\" style=\"color: green;\"><\/i> Cadres et Dirigeants d&#8217;Entreprises,\n<\/p>\n\n<p><i class=\"fa fa-check\" style=\"color: green;\"><\/i> Professionnels de la Finance et de l&#8217;Investissement,<\/p>\n\n<p><i class=\"fa fa-check\" style=\"color: green;\"><\/i> Consultants et Experts en Innovation,<\/p>\n\n<p><i class=\"fa fa-check\" style=\"color: green;\"><\/i> Entrepreneurs et Startups\u2026.\n<\/p>\n\n\n<p><i class=\"fa fa-check\" style=\"color: green;\"><\/i> Responsables de R&#038;D et d&#8217;Innovation,\n<\/p>\n\n<p style=\"text-align: center; color: red; font-size: 20px; margin-top: 40px;\">Aucun pr\u00e9requis n\u2019est n\u00e9cessaire.<\/p>                        <\/div>\n                    <\/div>\n                                    <div class=\"tab-pane elementkit-tab-pane elementor-repeater-item-8ccf88b \" id=\"content-8ccf88b69de2d204b649\" role=\"tabpanel\"\n                         aria-labelledby=\"content-8ccf88b69de2d204b649-tab\">\n                        <div class=\"animated fadeIn\">\n                            <p style=\"text-align: center; font-size: 20px; color: red; margin-bottom: 60px;\"><span style=\"color: #000;\">Dur\u00e9e de la Formation :<\/span> <i class=\"fa fa-calendar\" style=\"color: #576194;\"><\/i> 2 Jours<\/p>\n\n<h4>1-Compr\u00e9hension des \u00e9tapes cl\u00e9s du management de l&#8217;innovation\n<\/h4>\n<p><strong>Session 1: Introduction au Management de l&#8217;Innovation\n<\/strong><\/p>\n\n<p><i class=\"fa fa-check\" style=\"color: green;\"><\/i> Introduction aux concepts de base du management de l&#8217;innovation.\n<\/p>\n\n<p><i class=\"fa fa-check\" style=\"color: green;\"><\/i> Importance strat\u00e9gique de l&#8217;innovation pour les entreprises modernes.\n<\/p>\n\n<p><strong>Session 2: Stades du Processus d&#8217;Innovation\n<\/strong><\/p>\n\n<p><i class=\"fa fa-check\" style=\"color: green;\"><\/i> Identification des diff\u00e9rentes phases du processus d&#8217;innovation (id\u00e9ation, d\u00e9veloppement, commercialisation).\n<\/p>\n\n<p><i class=\"fa fa-check\" style=\"color: green;\"><\/i> Approches pour g\u00e9rer chaque \u00e9tape efficacement.\n<\/p>\n\n<p><strong>Session 3: Gestion du Portefeuille d&#8217;Innovation\n<\/strong><\/p>\n\n<p><i class=\"fa fa-check\" style=\"color: green;\"><\/i> Techniques pour \u00e9valuer et prioriser les projets d&#8217;innovation.\n<\/p>\n\n<p><i class=\"fa fa-check\" style=\"color: green;\"><\/i> M\u00e9thodes de gestion de portefeuille pour maximiser le retour sur investissement.\n<\/p>\n\n<h4>2-Compr\u00e9hension des \u00e9tapes cl\u00e9s du management de l&#8217;innovation\n<\/h4>\n<p><strong>Session 4: Outils et M\u00e9thodes de Management de l&#8217;Innovation\n<\/strong><\/p>\n\n<p><i class=\"fa fa-check\" style=\"color: green;\"><\/i> Pr\u00e9sentation des principaux outils tels que le Design Thinking, la gestion de la cr\u00e9ativit\u00e9, et la cocr\u00e9ation.\n<\/p>\n\n<p><i class=\"fa fa-check\" style=\"color: green;\"><\/i> Cas pratiques et exercices pour appliquer ces m\u00e9thodes.\n<\/p>\n\n<p><strong>Session 5: Financement de l&#8217;Innovation\n<\/strong><\/p>\n\n<p><i class=\"fa fa-check\" style=\"color: green;\"><\/i> Vue d&#8217;ensemble des options de financement disponibles (subventions, pr\u00eats, capital risque).<\/p>\n\n<p><i class=\"fa fa-check\" style=\"color: green;\"><\/i> Processus de lev\u00e9e de fonds typique aupr\u00e8s d&#8217;une soci\u00e9t\u00e9 de capital risque.\n<\/p>\n                        <\/div>\n                    <\/div>\n                                    <div class=\"tab-pane elementkit-tab-pane elementor-repeater-item-3096e7d \" id=\"content-3096e7d69de2d204b649\" role=\"tabpanel\"\n                         aria-labelledby=\"content-3096e7d69de2d204b649-tab\">\n                        <div class=\"animated fadeIn\">\n                            <p><i class=\"fa fa-check\" style=\"color: green;\"><\/i> Compr\u00e9hension des \u00c9tapes Cl\u00e9s du Management de l&#8217;Innovation\n<\/p>\n\n<p><i class=\"fa fa-check\" style=\"color: green;\"><\/i> Ma\u00eetrise des Outils et M\u00e9thodes de Management de l&#8217;Innovation\n<\/p>\n\n<p><i class=\"fa fa-check\" style=\"color: green;\"><\/i> Connaissance des Options de Financement de l&#8217;Innovation \n<\/p>\n\n<p><i class=\"fa fa-check\" style=\"color: green;\"><\/i> Familiarisation avec le Processus de Lev\u00e9e de Fonds aupr\u00e8s des Soci\u00e9t\u00e9s de Capital Risque \n<\/p>                        <\/div>\n                    <\/div>\n                                    <div class=\"tab-pane elementkit-tab-pane elementor-repeater-item-00f52ae \" id=\"content-00f52ae69de2d204b649\" role=\"tabpanel\"\n                         aria-labelledby=\"content-00f52ae69de2d204b649-tab\">\n                        <div class=\"animated fadeIn\">\n                            <p>Ce programme vise \u00e0 fournir une compr\u00e9hension approfondie des principes et des pratiques du management de l&#8217;innovation, tout en int\u00e9grant des :\n<\/p>\n<p><i class=\"fa fa-check\" style=\"color: green;\"><\/i> Exercices pratiques,\n<\/p>\n\n<p><i class=\"fa fa-check\" style=\"color: green;\"><\/i> Des \u00e9tudes de cas pour renforcer l&#8217;apprentissage.\n<\/p>                        <\/div>\n                    <\/div>\n                            <\/div>\n        <\/div>\n    <\/div>\t\t<\/div>\n\t\t\t\t<\/div>\n\t\t\t\t\t<\/div>\n\t\t<\/div>\n\t\t\t\t\t<\/div>\n\t\t<\/section>\n\t\t\t\t\t<\/div>\n\t\t<\/div>\n\t\t\t\t\t<\/div>\n\t\t<\/section>\n\t\t\t\t<\/div>\n\t\t","protected":false},"excerpt":{"rendered":"<p>Management de l\u2019innovation Plongez dans notre formation en Management de l&#8217;innovation, sp\u00e9cialement con\u00e7ue pour les professionnels aspirant \u00e0 devenir des moteurs de changement et de cr\u00e9ativit\u00e9 au sein de leur organisation. Pourquoi le Management de l\u2019innovation ? Cibles Programme de formation Objectifs de la formation Objectifs p\u00e9dagogiques Dans un monde [&hellip;]<\/p>\n","protected":false},"author":1,"featured_media":0,"parent":0,"menu_order":0,"comment_status":"closed","ping_status":"closed","template":"elementor_theme","meta":{"footnotes":""},"class_list":["post-7640","page","type-page","status-publish","hentry"],"_links":{"self":[{"href":"https:\/\/mesguides.info\/test-yetinnov\/wp-json\/wp\/v2\/pages\/7640"}],"collection":[{"href":"https:\/\/mesguides.info\/test-yetinnov\/wp-json\/wp\/v2\/pages"}],"about":[{"href":"https:\/\/mesguides.info\/test-yetinnov\/wp-json\/wp\/v2\/types\/page"}],"author":[{"embeddable":true,"href":"https:\/\/mesguides.info\/test-yetinnov\/wp-json\/wp\/v2\/users\/1"}],"replies":[{"embeddable":true,"href":"https:\/\/mesguides.info\/test-yetinnov\/wp-json\/wp\/v2\/comments?post=7640"}],"version-history":[{"count":10,"href":"https:\/\/mesguides.info\/test-yetinnov\/wp-json\/wp\/v2\/pages\/7640\/revisions"}],"predecessor-version":[{"id":8575,"href":"https:\/\/mesguides.info\/test-yetinnov\/wp-json\/wp\/v2\/pages\/7640\/revisions\/8575"}],"wp:attachment":[{"href":"https:\/\/mesguides.info\/test-yetinnov\/wp-json\/wp\/v2\/media?parent=7640"}],"curies":[{"name":"wp","href":"https:\/\/api.w.org\/{rel}","templated":true}]}}