{"id":7620,"date":"2024-08-27T10:50:22","date_gmt":"2024-08-27T08:50:22","guid":{"rendered":"https:\/\/mesguides.info\/test-yetinnov\/?page_id=7620"},"modified":"2024-09-09T10:46:15","modified_gmt":"2024-09-09T08:46:15","slug":"formation-des-formateurs","status":"publish","type":"page","link":"https:\/\/mesguides.info\/test-yetinnov\/formation-des-formateurs\/","title":{"rendered":"Formation des formateurs"},"content":{"rendered":"\t\t<div data-elementor-type=\"wp-page\" data-elementor-id=\"7620\" class=\"elementor elementor-7620\">\n\t\t\t\t\t\t<section class=\"elementor-section elementor-top-section elementor-element elementor-element-47d3e36 elementor-section-boxed elementor-section-height-default elementor-section-height-default\" data-id=\"47d3e36\" data-element_type=\"section\" data-settings=\"{&quot;background_background&quot;:&quot;classic&quot;,&quot;_ha_eqh_enable&quot;:false}\">\n\t\t\t\t\t\t<div class=\"elementor-container elementor-column-gap-default\">\n\t\t\t\t\t<div class=\"elementor-column elementor-col-100 elementor-top-column elementor-element elementor-element-b3c5bf8\" data-id=\"b3c5bf8\" data-element_type=\"column\">\n\t\t\t<div class=\"elementor-widget-wrap elementor-element-populated\">\n\t\t\t\t\t\t<section class=\"elementor-section elementor-inner-section elementor-element elementor-element-97daf2c elementor-section-full_width elementor-section-height-default elementor-section-height-default\" data-id=\"97daf2c\" data-element_type=\"section\" data-settings=\"{&quot;_ha_eqh_enable&quot;:false}\">\n\t\t\t\t\t\t<div class=\"elementor-container elementor-column-gap-no\">\n\t\t\t\t\t<div class=\"elementor-column elementor-col-100 elementor-inner-column elementor-element elementor-element-b489f12\" data-id=\"b489f12\" data-element_type=\"column\">\n\t\t\t<div class=\"elementor-widget-wrap elementor-element-populated\">\n\t\t\t\t\t\t<div class=\"elementor-element elementor-element-67588e8 elementor-invisible elementor-widget elementor-widget-elementskit-heading\" data-id=\"67588e8\" data-element_type=\"widget\" data-settings=\"{&quot;_animation&quot;:&quot;fadeInUp&quot;}\" data-widget_type=\"elementskit-heading.default\">\n\t\t\t\t<div class=\"elementor-widget-container\">\n\t\t\t<div class=\"ekit-wid-con\" ><div class=\"ekit-heading elementskit-section-title-wraper center   ekit_heading_tablet-   ekit_heading_mobile-\"><h2 class=\"ekit-heading--title elementskit-section-title \">Formation des formateurs<\/h2><div class=\"ekit_heading_separetor_wraper ekit_heading_elementskit-border-divider\"><div class=\"elementskit-border-divider\"><\/div><\/div>\t\t\t\t<div class='ekit-heading__description'>\n\t\t\t\t\t<p>D\u00e9couvrez notre formation des formateurs, un programme exhaustif con\u00e7u pour les professionnels cherchant \u00e0 exceller dans l'art de la transmission des connaissances et des comp\u00e9tences dans le domaine de la transformation agile. Cette formation pratique vous permettra de d\u00e9velopper vos capacit\u00e9s \u00e0 inspirer, \u00e0 enseigner et \u00e0 soutenir efficacement les \u00e9quipes dans leur \u00e9volution vers des pratiques de travail plus agiles et collaboratives <\/p>\n\t\t\t\t<\/div>\n\t\t\t<\/div><\/div>\t\t<\/div>\n\t\t\t\t<\/div>\n\t\t\t\t<div class=\"elementor-element elementor-element-4c6f633 elementor-widget elementor-widget-elementskit-simple-tab\" data-id=\"4c6f633\" data-element_type=\"widget\" data-widget_type=\"elementskit-simple-tab.default\">\n\t\t\t\t<div class=\"elementor-widget-container\">\n\t\t\t<div class=\"ekit-wid-con\" >        <div class=\"elementkit-tab-wraper   elementskit-fitcontent-tab \">\n            <ul class=\"nav nav-tabs elementkit-tab-nav  elementskit_tooltip_style elementskit_tooltip_style\">\n                                    <li class=\"elementkit-nav-item elementor-repeater-item-e7fb3c4\">\n                        <a class=\"elementkit-nav-link  active show left-pos\" id=\"content-e7fb3c469de2cec2bd23-tab\" data-ekit-handler-id=\"pourquoi-se-former-formation-des-formateurs-\" data-ekit-toggle=\"tab\" data-target=\"#content-e7fb3c469de2cec2bd23\" href=\"#Content-e7fb3c469de2cec2bd23\"\n                            data-ekit-toggle-trigger=\"click\"\n                            aria-describedby=\"Content-e7fb3c469de2cec2bd23\">\n                            <span class=\" elementskit-tab-icon\"><\/span>                            <span class=\"elementskit-tab-title\"> Pourquoi se former formation des formateurs ? <\/span>\n                        <\/a>\n                    <\/li>\n                                        <li class=\"elementkit-nav-item elementor-repeater-item-9077dfd\">\n                        <a class=\"elementkit-nav-link  left-pos\" id=\"content-9077dfd69de2cec2bd23-tab\" data-ekit-handler-id=\"cibles\" data-ekit-toggle=\"tab\" data-target=\"#content-9077dfd69de2cec2bd23\" href=\"#Content-9077dfd69de2cec2bd23\"\n                            data-ekit-toggle-trigger=\"click\"\n                            aria-describedby=\"Content-9077dfd69de2cec2bd23\">\n                            <span class=\" elementskit-tab-icon\"><\/span>                            <span class=\"elementskit-tab-title\"> Cibles<\/span>\n                        <\/a>\n                    <\/li>\n                                        <li class=\"elementkit-nav-item elementor-repeater-item-8ccf88b\">\n                        <a class=\"elementkit-nav-link  left-pos\" id=\"content-8ccf88b69de2cec2bd23-tab\" data-ekit-handler-id=\"-programme-de-formation-\" data-ekit-toggle=\"tab\" data-target=\"#content-8ccf88b69de2cec2bd23\" href=\"#Content-8ccf88b69de2cec2bd23\"\n                            data-ekit-toggle-trigger=\"click\"\n                            aria-describedby=\"Content-8ccf88b69de2cec2bd23\">\n                            <span class=\" elementskit-tab-icon\"><\/span>                            <span class=\"elementskit-tab-title\">  Programme de formation <\/span>\n                        <\/a>\n                    <\/li>\n                                        <li class=\"elementkit-nav-item elementor-repeater-item-3096e7d\">\n                        <a class=\"elementkit-nav-link  left-pos\" id=\"content-3096e7d69de2cec2bd23-tab\" data-ekit-handler-id=\"objectifs-de-la-formation-\" data-ekit-toggle=\"tab\" data-target=\"#content-3096e7d69de2cec2bd23\" href=\"#Content-3096e7d69de2cec2bd23\"\n                            data-ekit-toggle-trigger=\"click\"\n                            aria-describedby=\"Content-3096e7d69de2cec2bd23\">\n                            <span class=\" elementskit-tab-icon\"><\/span>                            <span class=\"elementskit-tab-title\"> Objectifs de la formation <\/span>\n                        <\/a>\n                    <\/li>\n                                        <li class=\"elementkit-nav-item elementor-repeater-item-00f52ae\">\n                        <a class=\"elementkit-nav-link  left-pos\" id=\"content-00f52ae69de2cec2bd23-tab\" data-ekit-handler-id=\"objectifs-p-dagogiques-\" data-ekit-toggle=\"tab\" data-target=\"#content-00f52ae69de2cec2bd23\" href=\"#Content-00f52ae69de2cec2bd23\"\n                            data-ekit-toggle-trigger=\"click\"\n                            aria-describedby=\"Content-00f52ae69de2cec2bd23\">\n                            <span class=\" elementskit-tab-icon\"><\/span>                            <span class=\"elementskit-tab-title\"> Objectifs p\u00e9dagogiques <\/span>\n                        <\/a>\n                    <\/li>\n                                <\/ul>\n\n            <div class=\"tab-content elementkit-tab-content\">\n                                    <div class=\"tab-pane elementkit-tab-pane elementor-repeater-item-e7fb3c4  active show\" id=\"content-e7fb3c469de2cec2bd23\" role=\"tabpanel\"\n                         aria-labelledby=\"content-e7fb3c469de2cec2bd23-tab\">\n                        <div class=\"animated fadeIn\">\n                            La formation des formateurs est essentielle pour garantir la qualit\u00e9 et l&#8217;efficacit\u00e9 des processus d&#8217;apprentissage au sein d&#8217;une organisation. En investissant dans le d\u00e9veloppement des comp\u00e9tences p\u00e9dagogiques de ses formateurs, une entreprise s&#8217;assure que les connaissances sont transmises de mani\u00e8re claire, engageante et adapt\u00e9e aux besoins des apprenants. Cela permet non seulement de renforcer les capacit\u00e9s des formateurs \u00e0 concevoir et \u00e0 dispenser des contenus pertinents, mais aussi de favoriser une atmosph\u00e8re d&#8217;apprentissage positive et dynamique. Une formation ad\u00e9quate pour les formateurs contribue ainsi \u00e0 am\u00e9liorer les r\u00e9sultats de l&#8217;apprentissage, \u00e0 optimiser l&#8217;utilisation des ressources et \u00e0 encourager une culture de l&#8217;am\u00e9lioration continue au sein de l&#8217;organisation. En somme, se former \u00e0 la formation des formateurs est un investissement strat\u00e9gique qui profite \u00e0 la fois aux formateurs et aux apprenants. \n                        <\/div>\n                    <\/div>\n                                    <div class=\"tab-pane elementkit-tab-pane elementor-repeater-item-9077dfd \" id=\"content-9077dfd69de2cec2bd23\" role=\"tabpanel\"\n                         aria-labelledby=\"content-9077dfd69de2cec2bd23-tab\">\n                        <div class=\"animated fadeIn\">\n                            <p style=\"text-align: center; font-size: 20px; margin-bottom: 40px;\"><strong>A quel public cette formation s\u2019adresse-t-elle?<\/strong><\/p>\n\n<p><i class=\"fa fa-check\" style=\"color: green;\"><\/i> Les professionnels de la formation qui souhaitent am\u00e9liorer leurs comp\u00e9tences p\u00e9dagogiques.<\/p>\n\n<p><i class=\"fa fa-check\" style=\"color: green;\"><\/i> Les responsable de formation ou les chefs de projet qui ont la responsabilit\u00e9 de former d\u2019autres formateurs.\n<\/p>\n\n<p><i class=\"fa fa-check\" style=\"color: green;\"><\/i> Les formateurs d\u00e9butants ou interm\u00e9diaires qui souhaitent am\u00e9liorer leur pratique de formation.\n<\/p>\n\n                        <\/div>\n                    <\/div>\n                                    <div class=\"tab-pane elementkit-tab-pane elementor-repeater-item-8ccf88b \" id=\"content-8ccf88b69de2cec2bd23\" role=\"tabpanel\"\n                         aria-labelledby=\"content-8ccf88b69de2cec2bd23-tab\">\n                        <div class=\"animated fadeIn\">\n                            <p style=\"text-align: center; font-size: 20px; color: red; margin-bottom: 60px;\"><span style=\"color: #000;\">Dur\u00e9e de la Formation :<\/span> <i class=\"fa fa-calendar\" style=\"color: #576194;\"><\/i> 3 Jours<\/p>\n\n<h4>1-Introduction aux principes de la formation\n<\/h4>\n<p><i class=\"fa fa-check\" style=\"color: green;\"><\/i> Les fondements de la formation et de l\u2019apprentissage \n<\/p>\n\n<p><i class=\"fa fa-check\" style=\"color: green;\"><\/i> Les diff\u00e9rents styles d\u2019apprentissage\n<\/p>\n\n<h4>2-Conception p\u00e9dagogique\n<\/h4>\n<p><i class=\"fa fa-check\" style=\"color: green;\"><\/i> Analyse des besoins\n<\/p>\n\n<p><i class=\"fa fa-check\" style=\"color: green;\"><\/i> Conception d&#8217;un programme de formation\n<\/p>\n\n<h4>3-Techniques d&#8217;animation de formation\n<\/h4>\n\n<p><i class=\"fa fa-check\" style=\"color: green;\"><\/i> M\u00e9thodes d&#8217;animation : Techniques d&#8217;animation de groupe, utilisation des supports p\u00e9dagogiques, gestion du temps.\n<\/p>\n\n<p><i class=\"fa fa-check\" style=\"color: green;\"><\/i> Engagement des apprenants : Strat\u00e9gies pour maintenir l&#8217;attention et encourager la participation active.\n<\/p>\n\n<h4>4-Adaptation du style d\u2019enseignement\n<\/h4>\n\n<p><i class=\"fa fa-check\" style=\"color: green;\"><\/i> Identification des besoins des apprenants : Comment \u00e9valuer les profils des apprenants et adapter les m\u00e9thodes en cons\u00e9quence.\n<\/p>\n\n<p><i class=\"fa fa-check\" style=\"color: green;\"><\/i> Techniques d\u2019adaptation : Personnalisation de l\u2019approche p\u00e9dagogique en fonction des besoins et des styles d\u2019apprentissage.\n<\/p>\n\n<h4>5-\u00c9valuation de la formation\n<\/h4>\n\n<p><i class=\"fa fa-check\" style=\"color: green;\"><\/i> M\u00e9thodes d\u2019\u00e9valuation : Techniques pour \u00e9valuer l\u2019efficacit\u00e9 de la formation (questionnaires, \u00e9valuations formatives et sommatives).\n<\/p>\n\n<p><i class=\"fa fa-check\" style=\"color: green;\"><\/i> Analyse des r\u00e9sultats : Interpr\u00e9tation des donn\u00e9es d\u2019\u00e9valuation pour mesurer les progr\u00e8s et l\u2019impact de la formation.\n<\/p>\n\n<h4>6-Utilisation des feedbacks pour l\u2019am\u00e9lioration\n<\/h4>\n\n<p><i class=\"fa fa-check\" style=\"color: green;\"><\/i> Collecte et gestion des feedbacks : Techniques pour recueillir des retours constructifs des apprenants et des parties prenantes.\n<\/p>\n\n<p><i class=\"fa fa-check\" style=\"color: green;\"><\/i> Int\u00e9gration des feedbacks : Comment utiliser les feedbacks pour am\u00e9liorer continuellement les formations.\n<\/p>                        <\/div>\n                    <\/div>\n                                    <div class=\"tab-pane elementkit-tab-pane elementor-repeater-item-3096e7d \" id=\"content-3096e7d69de2cec2bd23\" role=\"tabpanel\"\n                         aria-labelledby=\"content-3096e7d69de2cec2bd23-tab\">\n                        <div class=\"animated fadeIn\">\n                            <p><i class=\"fa fa-check\" style=\"color: green;\"><\/i> Comprendre les principes de la formation et de l\u2019apprentissage.\n<\/p>\n\n<p><i class=\"fa fa-check\" style=\"color: green;\"><\/i> D\u00e9velopper des comp\u00e9tences p\u00e9dagogiques pour concevoir et animer des formations efficaces.\n<\/p>\n\n<p><i class=\"fa fa-check\" style=\"color: green;\"><\/i> Apprendre \u00e0 adapter son style d\u2019enseignement pour r\u00e9pondre aux besoins des apprenants.\n<\/p>\n\n<p><i class=\"fa fa-check\" style=\"color: green;\"><\/i> Savoir \u00e9valuer l\u2019efficacit\u00e9 d\u2019une formation et utiliser les feedbacks pour l\u2019am\u00e9liorer.\n<\/p>                        <\/div>\n                    <\/div>\n                                    <div class=\"tab-pane elementkit-tab-pane elementor-repeater-item-00f52ae \" id=\"content-00f52ae69de2cec2bd23\" role=\"tabpanel\"\n                         aria-labelledby=\"content-00f52ae69de2cec2bd23-tab\">\n                        <div class=\"animated fadeIn\">\n                            <p><i class=\"fa fa-check\" style=\"color: green;\"><\/i> Ateliers pratiques \n<\/p>\n\n<p><i class=\"fa fa-check\" style=\"color: green;\"><\/i> Jeux de r\u00f4le\n<\/p>\n\n<p><i class=\"fa fa-check\" style=\"color: green;\"><\/i> Discussions en groupe\n<\/p>\n\n                        <\/div>\n                    <\/div>\n                            <\/div>\n        <\/div>\n    <\/div>\t\t<\/div>\n\t\t\t\t<\/div>\n\t\t\t\t\t<\/div>\n\t\t<\/div>\n\t\t\t\t\t<\/div>\n\t\t<\/section>\n\t\t\t\t\t<\/div>\n\t\t<\/div>\n\t\t\t\t\t<\/div>\n\t\t<\/section>\n\t\t\t\t<\/div>\n\t\t","protected":false},"excerpt":{"rendered":"<p>Formation des formateurs D\u00e9couvrez notre formation des formateurs, un programme exhaustif con\u00e7u pour les professionnels cherchant \u00e0 exceller dans l&#8217;art de la transmission des connaissances et des comp\u00e9tences dans le domaine de la transformation agile. Cette formation pratique vous permettra de d\u00e9velopper vos capacit\u00e9s \u00e0 inspirer, \u00e0 enseigner et \u00e0 [&hellip;]<\/p>\n","protected":false},"author":1,"featured_media":0,"parent":0,"menu_order":0,"comment_status":"closed","ping_status":"closed","template":"elementor_theme","meta":{"footnotes":""},"class_list":["post-7620","page","type-page","status-publish","hentry"],"_links":{"self":[{"href":"https:\/\/mesguides.info\/test-yetinnov\/wp-json\/wp\/v2\/pages\/7620"}],"collection":[{"href":"https:\/\/mesguides.info\/test-yetinnov\/wp-json\/wp\/v2\/pages"}],"about":[{"href":"https:\/\/mesguides.info\/test-yetinnov\/wp-json\/wp\/v2\/types\/page"}],"author":[{"embeddable":true,"href":"https:\/\/mesguides.info\/test-yetinnov\/wp-json\/wp\/v2\/users\/1"}],"replies":[{"embeddable":true,"href":"https:\/\/mesguides.info\/test-yetinnov\/wp-json\/wp\/v2\/comments?post=7620"}],"version-history":[{"count":10,"href":"https:\/\/mesguides.info\/test-yetinnov\/wp-json\/wp\/v2\/pages\/7620\/revisions"}],"predecessor-version":[{"id":8557,"href":"https:\/\/mesguides.info\/test-yetinnov\/wp-json\/wp\/v2\/pages\/7620\/revisions\/8557"}],"wp:attachment":[{"href":"https:\/\/mesguides.info\/test-yetinnov\/wp-json\/wp\/v2\/media?parent=7620"}],"curies":[{"name":"wp","href":"https:\/\/api.w.org\/{rel}","templated":true}]}}