{"id":7612,"date":"2024-08-27T10:36:28","date_gmt":"2024-08-27T08:36:28","guid":{"rendered":"https:\/\/mesguides.info\/test-yetinnov\/?page_id=7612"},"modified":"2024-09-09T10:46:03","modified_gmt":"2024-09-09T08:46:03","slug":"communication-avec-le-client","status":"publish","type":"page","link":"https:\/\/mesguides.info\/test-yetinnov\/communication-avec-le-client\/","title":{"rendered":"Communication avec le client"},"content":{"rendered":"\t\t<div data-elementor-type=\"wp-page\" data-elementor-id=\"7612\" class=\"elementor elementor-7612\">\n\t\t\t\t\t\t<section class=\"elementor-section elementor-top-section elementor-element elementor-element-e7c841c elementor-section-boxed elementor-section-height-default elementor-section-height-default\" data-id=\"e7c841c\" data-element_type=\"section\" data-settings=\"{&quot;background_background&quot;:&quot;classic&quot;,&quot;_ha_eqh_enable&quot;:false}\">\n\t\t\t\t\t\t<div class=\"elementor-container elementor-column-gap-default\">\n\t\t\t\t\t<div class=\"elementor-column elementor-col-100 elementor-top-column elementor-element elementor-element-c1ef391\" data-id=\"c1ef391\" data-element_type=\"column\">\n\t\t\t<div class=\"elementor-widget-wrap elementor-element-populated\">\n\t\t\t\t\t\t<section class=\"elementor-section elementor-inner-section elementor-element elementor-element-de6c3df elementor-section-full_width elementor-section-height-default elementor-section-height-default\" data-id=\"de6c3df\" data-element_type=\"section\" data-settings=\"{&quot;_ha_eqh_enable&quot;:false}\">\n\t\t\t\t\t\t<div class=\"elementor-container elementor-column-gap-no\">\n\t\t\t\t\t<div class=\"elementor-column elementor-col-100 elementor-inner-column elementor-element elementor-element-0f96fe2\" data-id=\"0f96fe2\" data-element_type=\"column\">\n\t\t\t<div class=\"elementor-widget-wrap elementor-element-populated\">\n\t\t\t\t\t\t<div class=\"elementor-element elementor-element-fae6dc5 elementor-invisible elementor-widget elementor-widget-elementskit-heading\" data-id=\"fae6dc5\" data-element_type=\"widget\" data-settings=\"{&quot;_animation&quot;:&quot;fadeInUp&quot;}\" data-widget_type=\"elementskit-heading.default\">\n\t\t\t\t<div class=\"elementor-widget-container\">\n\t\t\t<div class=\"ekit-wid-con\" ><div class=\"ekit-heading elementskit-section-title-wraper center   ekit_heading_tablet-   ekit_heading_mobile-\"><h2 class=\"ekit-heading--title elementskit-section-title \">Communication avec le client<\/h2><div class=\"ekit_heading_separetor_wraper ekit_heading_elementskit-border-divider\"><div class=\"elementskit-border-divider\"><\/div><\/div>\t\t\t\t<div class='ekit-heading__description'>\n\t\t\t\t\t<p>D\u00e9couvrez notre formation en communication avec le client, un programme strat\u00e9gique sur deux jours con\u00e7u pour d\u00e9velopper vos comp\u00e9tences essentielles dans l'interaction et la gestion des relations client dans un contexte agile.<\/p>\n\t\t\t\t<\/div>\n\t\t\t<\/div><\/div>\t\t<\/div>\n\t\t\t\t<\/div>\n\t\t\t\t<div class=\"elementor-element elementor-element-7a33fd1 elementor-widget elementor-widget-elementskit-simple-tab\" data-id=\"7a33fd1\" data-element_type=\"widget\" data-widget_type=\"elementskit-simple-tab.default\">\n\t\t\t\t<div class=\"elementor-widget-container\">\n\t\t\t<div class=\"ekit-wid-con\" >        <div class=\"elementkit-tab-wraper   elementskit-fitcontent-tab \">\n            <ul class=\"nav nav-tabs elementkit-tab-nav  elementskit_tooltip_style elementskit_tooltip_style\">\n                                    <li class=\"elementkit-nav-item elementor-repeater-item-e7fb3c4\">\n                        <a class=\"elementkit-nav-link  active show left-pos\" id=\"content-e7fb3c469de2cec2caac-tab\" data-ekit-handler-id=\"pourquoi-se-former-en-communication-avec-le-client-\" data-ekit-toggle=\"tab\" data-target=\"#content-e7fb3c469de2cec2caac\" href=\"#Content-e7fb3c469de2cec2caac\"\n                            data-ekit-toggle-trigger=\"click\"\n                            aria-describedby=\"Content-e7fb3c469de2cec2caac\">\n                            <span class=\" elementskit-tab-icon\"><\/span>                            <span class=\"elementskit-tab-title\"> Pourquoi se former en communication avec le client? <\/span>\n                        <\/a>\n                    <\/li>\n                                        <li class=\"elementkit-nav-item elementor-repeater-item-9077dfd\">\n                        <a class=\"elementkit-nav-link  left-pos\" id=\"content-9077dfd69de2cec2caac-tab\" data-ekit-handler-id=\"cibles\" data-ekit-toggle=\"tab\" data-target=\"#content-9077dfd69de2cec2caac\" href=\"#Content-9077dfd69de2cec2caac\"\n                            data-ekit-toggle-trigger=\"click\"\n                            aria-describedby=\"Content-9077dfd69de2cec2caac\">\n                            <span class=\" elementskit-tab-icon\"><\/span>                            <span class=\"elementskit-tab-title\"> Cibles<\/span>\n                        <\/a>\n                    <\/li>\n                                        <li class=\"elementkit-nav-item elementor-repeater-item-8ccf88b\">\n                        <a class=\"elementkit-nav-link  left-pos\" id=\"content-8ccf88b69de2cec2caac-tab\" data-ekit-handler-id=\"-programme-de-formation-\" data-ekit-toggle=\"tab\" data-target=\"#content-8ccf88b69de2cec2caac\" href=\"#Content-8ccf88b69de2cec2caac\"\n                            data-ekit-toggle-trigger=\"click\"\n                            aria-describedby=\"Content-8ccf88b69de2cec2caac\">\n                            <span class=\" elementskit-tab-icon\"><\/span>                            <span class=\"elementskit-tab-title\">  Programme de formation <\/span>\n                        <\/a>\n                    <\/li>\n                                        <li class=\"elementkit-nav-item elementor-repeater-item-3096e7d\">\n                        <a class=\"elementkit-nav-link  left-pos\" id=\"content-3096e7d69de2cec2caac-tab\" data-ekit-handler-id=\"objectifs-de-la-formation-\" data-ekit-toggle=\"tab\" data-target=\"#content-3096e7d69de2cec2caac\" href=\"#Content-3096e7d69de2cec2caac\"\n                            data-ekit-toggle-trigger=\"click\"\n                            aria-describedby=\"Content-3096e7d69de2cec2caac\">\n                            <span class=\" elementskit-tab-icon\"><\/span>                            <span class=\"elementskit-tab-title\"> Objectifs de la formation <\/span>\n                        <\/a>\n                    <\/li>\n                                        <li class=\"elementkit-nav-item elementor-repeater-item-00f52ae\">\n                        <a class=\"elementkit-nav-link  left-pos\" id=\"content-00f52ae69de2cec2caac-tab\" data-ekit-handler-id=\"objectifs-p-dagogiques-\" data-ekit-toggle=\"tab\" data-target=\"#content-00f52ae69de2cec2caac\" href=\"#Content-00f52ae69de2cec2caac\"\n                            data-ekit-toggle-trigger=\"click\"\n                            aria-describedby=\"Content-00f52ae69de2cec2caac\">\n                            <span class=\" elementskit-tab-icon\"><\/span>                            <span class=\"elementskit-tab-title\"> Objectifs p\u00e9dagogiques <\/span>\n                        <\/a>\n                    <\/li>\n                                <\/ul>\n\n            <div class=\"tab-content elementkit-tab-content\">\n                                    <div class=\"tab-pane elementkit-tab-pane elementor-repeater-item-e7fb3c4  active show\" id=\"content-e7fb3c469de2cec2caac\" role=\"tabpanel\"\n                         aria-labelledby=\"content-e7fb3c469de2cec2caac-tab\">\n                        <div class=\"animated fadeIn\">\n                            <p>Se former en communication avec le client est essentiel pour toute organisation cherchant \u00e0 am\u00e9liorer ses relations avec ses clients et \u00e0 optimiser la satisfaction client. Une formation sp\u00e9cialis\u00e9e permet aux collaborateurs de d\u00e9velopper des comp\u00e9tences cruciales telles que l&#8217;\u00e9coute active, la gestion des attentes et des conflits, ainsi que la persuasion efficace. En ma\u00eetrisant ces comp\u00e9tences, les employ\u00e9s peuvent non seulement r\u00e9soudre les probl\u00e8mes de mani\u00e8re plus proactive et empathique, mais aussi cr\u00e9er des relations de confiance durables, ce qui se traduit par une fid\u00e9lisation accrue des clients et une meilleure r\u00e9putation de l&#8217;entreprise. Une communication efficace avec les clients est donc un levier strat\u00e9gique pour augmenter la satisfaction, fid\u00e9liser la client\u00e8le et, en fin de compte, am\u00e9liorer la performance globale de l&#8217;entreprise.<\/p>                        <\/div>\n                    <\/div>\n                                    <div class=\"tab-pane elementkit-tab-pane elementor-repeater-item-9077dfd \" id=\"content-9077dfd69de2cec2caac\" role=\"tabpanel\"\n                         aria-labelledby=\"content-9077dfd69de2cec2caac-tab\">\n                        <div class=\"animated fadeIn\">\n                            <p style=\"text-align: center; font-size: 20px; margin-bottom: 40px;\"><strong>A quel public cette formation s\u2019adresse-t-elle?<\/strong><\/p>\n<p><i class=\"fa fa-check\" style=\"color: green;\"><\/i> Professionnels en contact direct avec les clients (responsables commerciaux, charg\u00e9s de client\u00e8le, etc.).\n<\/p>\n\n<p><i class=\"fa fa-check\" style=\"color: green;\"><\/i> Managers souhaitant am\u00e9liorer la communication de leur \u00e9quipe avec les clients.\n<\/p>\n\n<p><i class=\"fa fa-check\" style=\"color: green;\"><\/i> Toute personne impliqu\u00e9e dans le service client ou la gestion des relations clients.\n<\/p>\n\n\n                        <\/div>\n                    <\/div>\n                                    <div class=\"tab-pane elementkit-tab-pane elementor-repeater-item-8ccf88b \" id=\"content-8ccf88b69de2cec2caac\" role=\"tabpanel\"\n                         aria-labelledby=\"content-8ccf88b69de2cec2caac-tab\">\n                        <div class=\"animated fadeIn\">\n                            <p style=\"text-align: center; font-size: 20px; color: red; margin-bottom: 60px;\"><span style=\"color: #000;\">Dur\u00e9e de la Formation :<\/span> <i class=\"fa fa-calendar\" style=\"color: #576194;\"><\/i> 2 Jours<\/p>\n<h4>1-Comprendre et Adapter la Communication\n<\/h4>\n<p><i class=\"fa fa-check\" style=\"color: green;\"><\/i> Introduction \u00e0 la communication avec le client.\n<\/p>\n\n<p><i class=\"fa fa-check\" style=\"color: green;\"><\/i> Les diff\u00e9rents profils de clients (difficiles, exigeants, etc.).<\/p>\n\n<p><i class=\"fa fa-check\" style=\"color: green;\"><\/i> L\u2019importance de l\u2019\u00e9coute active et de l\u2019empathie.\n<\/p>\n\n<h4>2-Techniques de Communication Efficace\n<\/h4>\n<p><i class=\"fa fa-check\" style=\"color: green;\"><\/i> Techniques de questionnement et \u00e9coute active.\n<\/p>\n\n<p><i class=\"fa fa-check\" style=\"color: green;\"><\/i> Techniques de persuasion et de n\u00e9gociation.\n<\/p>\n\n<p><i class=\"fa fa-check\" style=\"color: green;\"><\/i> Gestion des objections et r\u00e9solution des conflits.\n<\/p>\n\n<h4>3-Gestion des Relations et Suivi Client\n<\/h4>\n<p><i class=\"fa fa-check\" style=\"color: green;\"><\/i> Les principes de la relation de confiance.\n<\/p>\n\n<p><i class=\"fa fa-check\" style=\"color: green;\"><\/i> Techniques de fid\u00e9lisation des clients.\n<\/p>\n\n<p><i class=\"fa fa-check\" style=\"color: green;\"><\/i> Gestion des plaintes et des retours n\u00e9gatifs.\n<\/p>\n\n<h4>4-M\u00e9thodes de Suivi et Am\u00e9lioration Continue\n<\/h4>\n<p><i class=\"fa fa-check\" style=\"color: green;\"><\/i> M\u00e9thodes de suivi post-interaction.\n<\/p>\n\n<p><i class=\"fa fa-check\" style=\"color: green;\"><\/i> Outils de gestion des relations clients (CRM).\n<\/p>\n\n<p><i class=\"fa fa-check\" style=\"color: green;\"><\/i> \u00c9valuation de la satisfaction client et mise en \u0153uvre d\u2019am\u00e9liorations.\n<\/p>                        <\/div>\n                    <\/div>\n                                    <div class=\"tab-pane elementkit-tab-pane elementor-repeater-item-3096e7d \" id=\"content-3096e7d69de2cec2caac\" role=\"tabpanel\"\n                         aria-labelledby=\"content-3096e7d69de2cec2caac-tab\">\n                        <div class=\"animated fadeIn\">\n                            <p><i class=\"fa fa-check\" style=\"color: green;\"><\/i> Am\u00e9liorer les comp\u00e9tences en communication pour une meilleure compr\u00e9hension des besoins et attentes des clients.\n<\/p>\n\n<p><i class=\"fa fa-check\" style=\"color: green;\"><\/i> D\u00e9velopper des techniques pour g\u00e9rer les situations difficiles et renforcer la relation client.\n<\/p>\n\n<p><i class=\"fa fa-check\" style=\"color: green;\"><\/i> Mettre en place des m\u00e9thodes de suivi pour optimiser les interactions avec les clients et am\u00e9liorer continuellement les services propos\u00e9s.\n<\/p>\n                        <\/div>\n                    <\/div>\n                                    <div class=\"tab-pane elementkit-tab-pane elementor-repeater-item-00f52ae \" id=\"content-00f52ae69de2cec2caac\" role=\"tabpanel\"\n                         aria-labelledby=\"content-00f52ae69de2cec2caac-tab\">\n                        <div class=\"animated fadeIn\">\n                            <p><i class=\"fa fa-check\" style=\"color: green;\"><\/i> Exercices pratiques : jeux de r\u00f4le pour identifier les besoins des clients.\n<\/p>\n\n<p><i class=\"fa fa-check\" style=\"color: green;\"><\/i> Ateliers pratiques : simulations de dialogues avec feedbacks.\n<\/p>\n\n<p><i class=\"fa fa-check\" style=\"color: green;\"><\/i> \u00c9tudes de cas : analyse de situations r\u00e9elles et bonnes pratiques.\n<\/p>\n                        <\/div>\n                    <\/div>\n                            <\/div>\n        <\/div>\n    <\/div>\t\t<\/div>\n\t\t\t\t<\/div>\n\t\t\t\t\t<\/div>\n\t\t<\/div>\n\t\t\t\t\t<\/div>\n\t\t<\/section>\n\t\t\t\t\t<\/div>\n\t\t<\/div>\n\t\t\t\t\t<\/div>\n\t\t<\/section>\n\t\t\t\t<\/div>\n\t\t","protected":false},"excerpt":{"rendered":"<p>Communication avec le client D\u00e9couvrez notre formation en communication avec le client, un programme strat\u00e9gique sur deux jours con\u00e7u pour d\u00e9velopper vos comp\u00e9tences essentielles dans l&#8217;interaction et la gestion des relations client dans un contexte agile. Pourquoi se former en communication avec le client? Cibles Programme de formation Objectifs de [&hellip;]<\/p>\n","protected":false},"author":1,"featured_media":0,"parent":0,"menu_order":0,"comment_status":"closed","ping_status":"closed","template":"elementor_theme","meta":{"footnotes":""},"class_list":["post-7612","page","type-page","status-publish","hentry"],"_links":{"self":[{"href":"https:\/\/mesguides.info\/test-yetinnov\/wp-json\/wp\/v2\/pages\/7612"}],"collection":[{"href":"https:\/\/mesguides.info\/test-yetinnov\/wp-json\/wp\/v2\/pages"}],"about":[{"href":"https:\/\/mesguides.info\/test-yetinnov\/wp-json\/wp\/v2\/types\/page"}],"author":[{"embeddable":true,"href":"https:\/\/mesguides.info\/test-yetinnov\/wp-json\/wp\/v2\/users\/1"}],"replies":[{"embeddable":true,"href":"https:\/\/mesguides.info\/test-yetinnov\/wp-json\/wp\/v2\/comments?post=7612"}],"version-history":[{"count":10,"href":"https:\/\/mesguides.info\/test-yetinnov\/wp-json\/wp\/v2\/pages\/7612\/revisions"}],"predecessor-version":[{"id":8554,"href":"https:\/\/mesguides.info\/test-yetinnov\/wp-json\/wp\/v2\/pages\/7612\/revisions\/8554"}],"wp:attachment":[{"href":"https:\/\/mesguides.info\/test-yetinnov\/wp-json\/wp\/v2\/media?parent=7612"}],"curies":[{"name":"wp","href":"https:\/\/api.w.org\/{rel}","templated":true}]}}