{"id":7604,"date":"2024-08-27T10:25:07","date_gmt":"2024-08-27T08:25:07","guid":{"rendered":"https:\/\/mesguides.info\/test-yetinnov\/?page_id=7604"},"modified":"2024-09-09T10:45:51","modified_gmt":"2024-09-09T08:45:51","slug":"gestion-de-stress","status":"publish","type":"page","link":"https:\/\/mesguides.info\/test-yetinnov\/gestion-de-stress\/","title":{"rendered":"Gestion de stress"},"content":{"rendered":"\t\t<div data-elementor-type=\"wp-page\" data-elementor-id=\"7604\" class=\"elementor elementor-7604\">\n\t\t\t\t\t\t<section class=\"elementor-section elementor-top-section elementor-element elementor-element-94509d8 elementor-section-boxed elementor-section-height-default elementor-section-height-default\" data-id=\"94509d8\" data-element_type=\"section\" data-settings=\"{&quot;background_background&quot;:&quot;classic&quot;,&quot;_ha_eqh_enable&quot;:false}\">\n\t\t\t\t\t\t<div class=\"elementor-container elementor-column-gap-default\">\n\t\t\t\t\t<div class=\"elementor-column elementor-col-100 elementor-top-column elementor-element elementor-element-a62528b\" data-id=\"a62528b\" data-element_type=\"column\">\n\t\t\t<div class=\"elementor-widget-wrap elementor-element-populated\">\n\t\t\t\t\t\t<section class=\"elementor-section elementor-inner-section elementor-element elementor-element-b03a570 elementor-section-full_width elementor-section-height-default elementor-section-height-default\" data-id=\"b03a570\" data-element_type=\"section\" data-settings=\"{&quot;_ha_eqh_enable&quot;:false}\">\n\t\t\t\t\t\t<div class=\"elementor-container elementor-column-gap-no\">\n\t\t\t\t\t<div class=\"elementor-column elementor-col-100 elementor-inner-column elementor-element elementor-element-b62f714\" data-id=\"b62f714\" data-element_type=\"column\">\n\t\t\t<div class=\"elementor-widget-wrap elementor-element-populated\">\n\t\t\t\t\t\t<div class=\"elementor-element elementor-element-a34fad4 elementor-invisible elementor-widget elementor-widget-elementskit-heading\" data-id=\"a34fad4\" data-element_type=\"widget\" data-settings=\"{&quot;_animation&quot;:&quot;fadeInUp&quot;}\" data-widget_type=\"elementskit-heading.default\">\n\t\t\t\t<div class=\"elementor-widget-container\">\n\t\t\t<div class=\"ekit-wid-con\" ><div class=\"ekit-heading elementskit-section-title-wraper center   ekit_heading_tablet-   ekit_heading_mobile-\"><h2 class=\"ekit-heading--title elementskit-section-title \">Gestion de stress<\/h2><div class=\"ekit_heading_separetor_wraper ekit_heading_elementskit-border-divider\"><div class=\"elementskit-border-divider\"><\/div><\/div>\t\t\t\t<div class='ekit-heading__description'>\n\t\t\t\t\t<p>D\u00e9couvrez notre formation en gestion de stress, une immersion essentielle sur deux jours con\u00e7ue pour vous aider \u00e0 d\u00e9velopper des strat\u00e9gies efficaces pour g\u00e9rer le stress et cultiver la r\u00e9silience dans un environnement professionnel agile. Cette formation interactive vous permettra d'am\u00e9liorer votre capacit\u00e9 \u00e0 faire face aux d\u00e9fis quotidiens avec calme et efficacit\u00e9, soutenant ainsi votre bien-\u00eatre et votre productivit\u00e9 dans un environnement agile en constante \u00e9volution<\/p>\n\t\t\t\t<\/div>\n\t\t\t<\/div><\/div>\t\t<\/div>\n\t\t\t\t<\/div>\n\t\t\t\t<div class=\"elementor-element elementor-element-39ec8a5 elementor-widget elementor-widget-elementskit-simple-tab\" data-id=\"39ec8a5\" data-element_type=\"widget\" data-widget_type=\"elementskit-simple-tab.default\">\n\t\t\t\t<div class=\"elementor-widget-container\">\n\t\t\t<div class=\"ekit-wid-con\" >        <div class=\"elementkit-tab-wraper   elementskit-fitcontent-tab \">\n            <ul class=\"nav nav-tabs elementkit-tab-nav  elementskit_tooltip_style elementskit_tooltip_style\">\n                                    <li class=\"elementkit-nav-item elementor-repeater-item-e7fb3c4\">\n                        <a class=\"elementkit-nav-link  active show left-pos\" id=\"content-e7fb3c469de2d225c870-tab\" data-ekit-handler-id=\"pourquoi-se-former-en-gestion-de-stress-\" data-ekit-toggle=\"tab\" data-target=\"#content-e7fb3c469de2d225c870\" href=\"#Content-e7fb3c469de2d225c870\"\n                            data-ekit-toggle-trigger=\"click\"\n                            aria-describedby=\"Content-e7fb3c469de2d225c870\">\n                            <span class=\" elementskit-tab-icon\"><\/span>                            <span class=\"elementskit-tab-title\"> Pourquoi se former en Gestion de stress ? <\/span>\n                        <\/a>\n                    <\/li>\n                                        <li class=\"elementkit-nav-item elementor-repeater-item-9077dfd\">\n                        <a class=\"elementkit-nav-link  left-pos\" id=\"content-9077dfd69de2d225c870-tab\" data-ekit-handler-id=\"cibles\" data-ekit-toggle=\"tab\" data-target=\"#content-9077dfd69de2d225c870\" href=\"#Content-9077dfd69de2d225c870\"\n                            data-ekit-toggle-trigger=\"click\"\n                            aria-describedby=\"Content-9077dfd69de2d225c870\">\n                            <span class=\" elementskit-tab-icon\"><\/span>                            <span class=\"elementskit-tab-title\"> Cibles<\/span>\n                        <\/a>\n                    <\/li>\n                                        <li class=\"elementkit-nav-item elementor-repeater-item-8ccf88b\">\n                        <a class=\"elementkit-nav-link  left-pos\" id=\"content-8ccf88b69de2d225c870-tab\" data-ekit-handler-id=\"-programme-de-formation-\" data-ekit-toggle=\"tab\" data-target=\"#content-8ccf88b69de2d225c870\" href=\"#Content-8ccf88b69de2d225c870\"\n                            data-ekit-toggle-trigger=\"click\"\n                            aria-describedby=\"Content-8ccf88b69de2d225c870\">\n                            <span class=\" elementskit-tab-icon\"><\/span>                            <span class=\"elementskit-tab-title\">  Programme de formation <\/span>\n                        <\/a>\n                    <\/li>\n                                        <li class=\"elementkit-nav-item elementor-repeater-item-3096e7d\">\n                        <a class=\"elementkit-nav-link  left-pos\" id=\"content-3096e7d69de2d225c870-tab\" data-ekit-handler-id=\"objectifs-de-la-formation-\" data-ekit-toggle=\"tab\" data-target=\"#content-3096e7d69de2d225c870\" href=\"#Content-3096e7d69de2d225c870\"\n                            data-ekit-toggle-trigger=\"click\"\n                            aria-describedby=\"Content-3096e7d69de2d225c870\">\n                            <span class=\" elementskit-tab-icon\"><\/span>                            <span class=\"elementskit-tab-title\"> Objectifs de la formation <\/span>\n                        <\/a>\n                    <\/li>\n                                        <li class=\"elementkit-nav-item elementor-repeater-item-00f52ae\">\n                        <a class=\"elementkit-nav-link  left-pos\" id=\"content-00f52ae69de2d225c870-tab\" data-ekit-handler-id=\"objectifs-p-dagogiques-\" data-ekit-toggle=\"tab\" data-target=\"#content-00f52ae69de2d225c870\" href=\"#Content-00f52ae69de2d225c870\"\n                            data-ekit-toggle-trigger=\"click\"\n                            aria-describedby=\"Content-00f52ae69de2d225c870\">\n                            <span class=\" elementskit-tab-icon\"><\/span>                            <span class=\"elementskit-tab-title\"> Objectifs p\u00e9dagogiques <\/span>\n                        <\/a>\n                    <\/li>\n                                <\/ul>\n\n            <div class=\"tab-content elementkit-tab-content\">\n                                    <div class=\"tab-pane elementkit-tab-pane elementor-repeater-item-e7fb3c4  active show\" id=\"content-e7fb3c469de2d225c870\" role=\"tabpanel\"\n                         aria-labelledby=\"content-e7fb3c469de2d225c870-tab\">\n                        <div class=\"animated fadeIn\">\n                            Se former en gestion du stress est essentiel pour maintenir un \u00e9quilibre sain entre la vie professionnelle et personnelle. Le stress chronique peut affecter la sant\u00e9 mentale et physique, r\u00e9duire la productivit\u00e9 et nuire aux relations interpersonnelles. Une formation ad\u00e9quate aide \u00e0 identifier les sources de stress, \u00e0 d\u00e9velopper des strat\u00e9gies efficaces pour les g\u00e9rer et \u00e0 renforcer les comp\u00e9tences en r\u00e9silience. Elle permet \u00e9galement d&#8217;adopter des techniques de relaxation et de gestion du temps, favorisant ainsi un bien-\u00eatre g\u00e9n\u00e9ral et une meilleure performance au travail. En investissant dans la gestion du stress, on am\u00e9liore non seulement sa qualit\u00e9 de vie, mais aussi son efficacit\u00e9 et sa satisfaction professionnelle. \n                        <\/div>\n                    <\/div>\n                                    <div class=\"tab-pane elementkit-tab-pane elementor-repeater-item-9077dfd \" id=\"content-9077dfd69de2d225c870\" role=\"tabpanel\"\n                         aria-labelledby=\"content-9077dfd69de2d225c870-tab\">\n                        <div class=\"animated fadeIn\">\n                            <p style=\"text-align: center; font-size: 20px; margin-bottom: 40px;\"><strong>A quel public cette formation s\u2019adresse-t-elle?<\/strong><\/p>\n\n<p><i class=\"fa fa-check\" style=\"color: green;\"><\/i> Managers et Responsables d&#8217;\u00c9quipe,\n<\/p>\n<p><i class=\"fa fa-check\" style=\"color: green;\"><\/i> Ressources Humaines,\n<\/p>\n<p><i class=\"fa fa-check\" style=\"color: green;\"><\/i> Chefs de Projet,\n<\/p>\n<p><i class=\"fa fa-check\" style=\"color: green;\"><\/i> Leaders et Dirigeants,\n<\/p>\n<p><i class=\"fa fa-check\" style=\"color: green;\"><\/i> Formateurs et Consultants\u2026\n<\/p>\n\n<p style=\"text-align: center; color: red; font-size: 20px; margin-top: 40px;\">Aucun pr\u00e9requis n\u2019est n\u00e9cessaire.<\/p>                        <\/div>\n                    <\/div>\n                                    <div class=\"tab-pane elementkit-tab-pane elementor-repeater-item-8ccf88b \" id=\"content-8ccf88b69de2d225c870\" role=\"tabpanel\"\n                         aria-labelledby=\"content-8ccf88b69de2d225c870-tab\">\n                        <div class=\"animated fadeIn\">\n                            <p style=\"text-align: center; font-size: 20px; color: red; margin-bottom: 60px;\"><span style=\"color: #000;\">Dur\u00e9e de la Formation :<\/span> <i class=\"fa fa-calendar\" style=\"color: #576194;\"><\/i> 1 Jour<\/p>\n\n<h4>1-Comprendre le Stress\n<\/h4>\n<p><i class=\"fa fa-check\" style=\"color: green;\"><\/i> D\u00e9finition et sources du stress.\n<\/p>\n\n<p><i class=\"fa fa-check\" style=\"color: green;\"><\/i> Cons\u00e9quences du stress sur la sant\u00e9 et la performance.\n<\/p>\n\n<h4>2-Techniques de Gestion du Stress\n<\/h4>\n\n<p><i class=\"fa fa-check\" style=\"color: green;\"><\/i> Techniques de relaxation (respiration, m\u00e9ditation, visualisation).\n<\/p>\n\n<p><i class=\"fa fa-check\" style=\"color: green;\"><\/i> Gestion du temps et priorisation des t\u00e2ches.\n<\/p>\n\n<h4>3-D\u00e9veloppement de la R\u00e9silience\n<\/h4>\n\n<p><i class=\"fa fa-check\" style=\"color: green;\"><\/i> Strat\u00e9gies pour renforcer la r\u00e9silience personnelle.\n<\/p>\n\n<p><i class=\"fa fa-check\" style=\"color: green;\"><\/i> Techniques de r\u00e9solution de probl\u00e8mes et de prise de d\u00e9cision en situation de stress.\n<\/p>\n\n<h4>4-Mise en Place d\u2019un Plan d\u2019Action Personnel\n<\/h4>\n\n<p><i class=\"fa fa-check\" style=\"color: green;\"><\/i> \u00c9laboration d\u2019un plan d\u2019action personnalis\u00e9 pour la gestion du stress.\n<\/p>\n\n<p><i class=\"fa fa-check\" style=\"color: green;\"><\/i> \u00c9valuation des ressources et soutien disponibles.\n<\/p>                        <\/div>\n                    <\/div>\n                                    <div class=\"tab-pane elementkit-tab-pane elementor-repeater-item-3096e7d \" id=\"content-3096e7d69de2d225c870\" role=\"tabpanel\"\n                         aria-labelledby=\"content-3096e7d69de2d225c870-tab\">\n                        <div class=\"animated fadeIn\">\n                            <p><i class=\"fa fa-check\" style=\"color: green;\"><\/i> Comprendre le Stress\n<\/p>\n\n<p><i class=\"fa fa-check\" style=\"color: green;\"><\/i> D\u00e9velopper des Comp\u00e9tences de Gestion\n<\/p>\n\n<p><i class=\"fa fa-check\" style=\"color: green;\"><\/i> Renforcer la R\u00e9silience \n<\/p>\n\n<p><i class=\"fa fa-check\" style=\"color: green;\"><\/i> Am\u00e9liorer le Bien-\u00catre Global\n<\/p>\n\n                        <\/div>\n                    <\/div>\n                                    <div class=\"tab-pane elementkit-tab-pane elementor-repeater-item-00f52ae \" id=\"content-00f52ae69de2d225c870\" role=\"tabpanel\"\n                         aria-labelledby=\"content-00f52ae69de2d225c870-tab\">\n                        <div class=\"animated fadeIn\">\n                            <p><i class=\"fa fa-check\" style=\"color: green;\"><\/i> Approche interactive : Jeux de r\u00f4le et de discussions en groupe pour favoriser l\u2019engagement et l\u2019application des concepts.\n<\/p>\n\n<p><i class=\"fa fa-check\" style=\"color: green;\"><\/i> M\u00e9thodes actives : Techniques de relaxation, \u00e9tudes de cas, et simulations pour une exp\u00e9rience pratique et concr\u00e8te.\n<\/p>                        <\/div>\n                    <\/div>\n                            <\/div>\n        <\/div>\n    <\/div>\t\t<\/div>\n\t\t\t\t<\/div>\n\t\t\t\t\t<\/div>\n\t\t<\/div>\n\t\t\t\t\t<\/div>\n\t\t<\/section>\n\t\t\t\t\t<\/div>\n\t\t<\/div>\n\t\t\t\t\t<\/div>\n\t\t<\/section>\n\t\t\t\t<\/div>\n\t\t","protected":false},"excerpt":{"rendered":"<p>Gestion de stress D\u00e9couvrez notre formation en gestion de stress, une immersion essentielle sur deux jours con\u00e7ue pour vous aider \u00e0 d\u00e9velopper des strat\u00e9gies efficaces pour g\u00e9rer le stress et cultiver la r\u00e9silience dans un environnement professionnel agile. Cette formation interactive vous permettra d&#8217;am\u00e9liorer votre capacit\u00e9 \u00e0 faire face aux [&hellip;]<\/p>\n","protected":false},"author":1,"featured_media":0,"parent":0,"menu_order":0,"comment_status":"closed","ping_status":"closed","template":"elementor_theme","meta":{"footnotes":""},"class_list":["post-7604","page","type-page","status-publish","hentry"],"_links":{"self":[{"href":"https:\/\/mesguides.info\/test-yetinnov\/wp-json\/wp\/v2\/pages\/7604"}],"collection":[{"href":"https:\/\/mesguides.info\/test-yetinnov\/wp-json\/wp\/v2\/pages"}],"about":[{"href":"https:\/\/mesguides.info\/test-yetinnov\/wp-json\/wp\/v2\/types\/page"}],"author":[{"embeddable":true,"href":"https:\/\/mesguides.info\/test-yetinnov\/wp-json\/wp\/v2\/users\/1"}],"replies":[{"embeddable":true,"href":"https:\/\/mesguides.info\/test-yetinnov\/wp-json\/wp\/v2\/comments?post=7604"}],"version-history":[{"count":10,"href":"https:\/\/mesguides.info\/test-yetinnov\/wp-json\/wp\/v2\/pages\/7604\/revisions"}],"predecessor-version":[{"id":8551,"href":"https:\/\/mesguides.info\/test-yetinnov\/wp-json\/wp\/v2\/pages\/7604\/revisions\/8551"}],"wp:attachment":[{"href":"https:\/\/mesguides.info\/test-yetinnov\/wp-json\/wp\/v2\/media?parent=7604"}],"curies":[{"name":"wp","href":"https:\/\/api.w.org\/{rel}","templated":true}]}}