{"id":7586,"date":"2024-08-26T15:41:20","date_gmt":"2024-08-26T13:41:20","guid":{"rendered":"https:\/\/mesguides.info\/test-yetinnov\/?page_id=7586"},"modified":"2024-09-09T10:45:21","modified_gmt":"2024-09-09T08:45:21","slug":"communication-inter-et-intra-personnelle","status":"publish","type":"page","link":"https:\/\/mesguides.info\/test-yetinnov\/communication-inter-et-intra-personnelle\/","title":{"rendered":"Communication Inter et intra- personnelle"},"content":{"rendered":"\t\t<div data-elementor-type=\"wp-page\" data-elementor-id=\"7586\" class=\"elementor elementor-7586\">\n\t\t\t\t\t\t<section class=\"elementor-section elementor-top-section elementor-element elementor-element-8e313fc elementor-section-boxed elementor-section-height-default elementor-section-height-default\" data-id=\"8e313fc\" data-element_type=\"section\" data-settings=\"{&quot;background_background&quot;:&quot;classic&quot;,&quot;_ha_eqh_enable&quot;:false}\">\n\t\t\t\t\t\t<div class=\"elementor-container elementor-column-gap-default\">\n\t\t\t\t\t<div class=\"elementor-column elementor-col-100 elementor-top-column elementor-element elementor-element-ba01eaa\" data-id=\"ba01eaa\" data-element_type=\"column\">\n\t\t\t<div class=\"elementor-widget-wrap elementor-element-populated\">\n\t\t\t\t\t\t<section class=\"elementor-section elementor-inner-section elementor-element elementor-element-636926a elementor-section-full_width elementor-section-height-default elementor-section-height-default\" data-id=\"636926a\" data-element_type=\"section\" data-settings=\"{&quot;_ha_eqh_enable&quot;:false}\">\n\t\t\t\t\t\t<div class=\"elementor-container elementor-column-gap-no\">\n\t\t\t\t\t<div class=\"elementor-column elementor-col-100 elementor-inner-column elementor-element elementor-element-38e1c9c\" data-id=\"38e1c9c\" data-element_type=\"column\">\n\t\t\t<div class=\"elementor-widget-wrap elementor-element-populated\">\n\t\t\t\t\t\t<div class=\"elementor-element elementor-element-23ffd2f elementor-invisible elementor-widget elementor-widget-elementskit-heading\" data-id=\"23ffd2f\" data-element_type=\"widget\" data-settings=\"{&quot;_animation&quot;:&quot;fadeInUp&quot;}\" data-widget_type=\"elementskit-heading.default\">\n\t\t\t\t<div class=\"elementor-widget-container\">\n\t\t\t<div class=\"ekit-wid-con\" ><div class=\"ekit-heading elementskit-section-title-wraper center   ekit_heading_tablet-   ekit_heading_mobile-\"><h2 class=\"ekit-heading--title elementskit-section-title \">Communication Inter et intra- personnelle<\/h2><div class=\"ekit_heading_separetor_wraper ekit_heading_elementskit-border-divider\"><div class=\"elementskit-border-divider\"><\/div><\/div>\t\t\t\t<div class='ekit-heading__description'>\n\t\t\t\t\t<p>D\u00e9couvrez notre formation en communication interpersonnelle et intrapersonnelle agile, une exploration essentielle sur deux jours pour perfectionner vos comp\u00e9tences de communication dans un environnement professionnel dynamique. Cette formation interactive et pratique vous pr\u00e9pare \u00e0 naviguer avec aisance \u00e0 travers les d\u00e9fis de communication dans un environnement agile, favorisant ainsi une efficacit\u00e9 accrue et des relations professionnelles harmonieuses.<\/p>\n\t\t\t\t<\/div>\n\t\t\t<\/div><\/div>\t\t<\/div>\n\t\t\t\t<\/div>\n\t\t\t\t<div class=\"elementor-element elementor-element-7113f8d elementor-widget elementor-widget-elementskit-simple-tab\" data-id=\"7113f8d\" data-element_type=\"widget\" data-widget_type=\"elementskit-simple-tab.default\">\n\t\t\t\t<div class=\"elementor-widget-container\">\n\t\t\t<div class=\"ekit-wid-con\" >        <div class=\"elementkit-tab-wraper   elementskit-fitcontent-tab \">\n            <ul class=\"nav nav-tabs elementkit-tab-nav  elementskit_tooltip_style elementskit_tooltip_style\">\n                                    <li class=\"elementkit-nav-item elementor-repeater-item-e7fb3c4\">\n                        <a class=\"elementkit-nav-link  active show left-pos\" id=\"content-e7fb3c469de2d5ccb47e-tab\" data-ekit-handler-id=\"pourquoi-se-former-en-communication-interpersonnelle-\" data-ekit-toggle=\"tab\" data-target=\"#content-e7fb3c469de2d5ccb47e\" href=\"#Content-e7fb3c469de2d5ccb47e\"\n                            data-ekit-toggle-trigger=\"click\"\n                            aria-describedby=\"Content-e7fb3c469de2d5ccb47e\">\n                            <span class=\" elementskit-tab-icon\"><\/span>                            <span class=\"elementskit-tab-title\"> Pourquoi se former en communication interpersonnelle? <\/span>\n                        <\/a>\n                    <\/li>\n                                        <li class=\"elementkit-nav-item elementor-repeater-item-9077dfd\">\n                        <a class=\"elementkit-nav-link  left-pos\" id=\"content-9077dfd69de2d5ccb47e-tab\" data-ekit-handler-id=\"cibles\" data-ekit-toggle=\"tab\" data-target=\"#content-9077dfd69de2d5ccb47e\" href=\"#Content-9077dfd69de2d5ccb47e\"\n                            data-ekit-toggle-trigger=\"click\"\n                            aria-describedby=\"Content-9077dfd69de2d5ccb47e\">\n                            <span class=\" elementskit-tab-icon\"><\/span>                            <span class=\"elementskit-tab-title\"> Cibles<\/span>\n                        <\/a>\n                    <\/li>\n                                        <li class=\"elementkit-nav-item elementor-repeater-item-8ccf88b\">\n                        <a class=\"elementkit-nav-link  left-pos\" id=\"content-8ccf88b69de2d5ccb47e-tab\" data-ekit-handler-id=\"-programme-de-formation-\" data-ekit-toggle=\"tab\" data-target=\"#content-8ccf88b69de2d5ccb47e\" href=\"#Content-8ccf88b69de2d5ccb47e\"\n                            data-ekit-toggle-trigger=\"click\"\n                            aria-describedby=\"Content-8ccf88b69de2d5ccb47e\">\n                            <span class=\" elementskit-tab-icon\"><\/span>                            <span class=\"elementskit-tab-title\">  Programme de formation <\/span>\n                        <\/a>\n                    <\/li>\n                                        <li class=\"elementkit-nav-item elementor-repeater-item-3096e7d\">\n                        <a class=\"elementkit-nav-link  left-pos\" id=\"content-3096e7d69de2d5ccb47e-tab\" data-ekit-handler-id=\"objectifs-de-la-formation-\" data-ekit-toggle=\"tab\" data-target=\"#content-3096e7d69de2d5ccb47e\" href=\"#Content-3096e7d69de2d5ccb47e\"\n                            data-ekit-toggle-trigger=\"click\"\n                            aria-describedby=\"Content-3096e7d69de2d5ccb47e\">\n                            <span class=\" elementskit-tab-icon\"><\/span>                            <span class=\"elementskit-tab-title\"> Objectifs de la formation <\/span>\n                        <\/a>\n                    <\/li>\n                                        <li class=\"elementkit-nav-item elementor-repeater-item-00f52ae\">\n                        <a class=\"elementkit-nav-link  left-pos\" id=\"content-00f52ae69de2d5ccb47e-tab\" data-ekit-handler-id=\"objectifs-p-dagogiques-\" data-ekit-toggle=\"tab\" data-target=\"#content-00f52ae69de2d5ccb47e\" href=\"#Content-00f52ae69de2d5ccb47e\"\n                            data-ekit-toggle-trigger=\"click\"\n                            aria-describedby=\"Content-00f52ae69de2d5ccb47e\">\n                            <span class=\" elementskit-tab-icon\"><\/span>                            <span class=\"elementskit-tab-title\"> Objectifs p\u00e9dagogiques <\/span>\n                        <\/a>\n                    <\/li>\n                                <\/ul>\n\n            <div class=\"tab-content elementkit-tab-content\">\n                                    <div class=\"tab-pane elementkit-tab-pane elementor-repeater-item-e7fb3c4  active show\" id=\"content-e7fb3c469de2d5ccb47e\" role=\"tabpanel\"\n                         aria-labelledby=\"content-e7fb3c469de2d5ccb47e-tab\">\n                        <div class=\"animated fadeIn\">\n                            Se former en communication inter et intra-personnelle est essentiel pour favoriser des interactions efficaces et harmonieuses, tant au sein des \u00e9quipes que dans les relations individuelles. La ma\u00eetrise des comp\u00e9tences en communication permet non seulement d&#8217;am\u00e9liorer la collaboration et la coh\u00e9sion d&#8217;\u00e9quipe, mais aussi de renforcer la compr\u00e9hension mutuelle et la r\u00e9solution de conflits. En d\u00e9veloppant ces comp\u00e9tences, on peut mieux exprimer ses id\u00e9es, \u00e9couter activement les autres et \u00e9tablir des relations de confiance, ce qui est crucial pour le succ\u00e8s personnel et professionnel dans un environnement dynamique et en constante \u00e9volution.                         <\/div>\n                    <\/div>\n                                    <div class=\"tab-pane elementkit-tab-pane elementor-repeater-item-9077dfd \" id=\"content-9077dfd69de2d5ccb47e\" role=\"tabpanel\"\n                         aria-labelledby=\"content-9077dfd69de2d5ccb47e-tab\">\n                        <div class=\"animated fadeIn\">\n                            <p style=\"text-align: center; font-size: 20px; margin-bottom: 40px;\"><strong>A quel public cette formation s\u2019adresse-t-elle?<\/strong><\/p>\n\n<p>Tous les employ\u00e9s de l&#8217;entreprise souhaitant am\u00e9liorer leur communication interpersonnelle et intrapersonnelle, y compris :\n<\/p>\n\n\n\n<p><i class=\"fa fa-check\" style=\"color: green;\"><\/i> Ceux qui ont des interactions fr\u00e9quentes avec des clients, des partenaires ou d&#8217;autres parties prenantes.<\/p>\n\n<p><i class=\"fa fa-check\" style=\"color: green;\"><\/i> Les gestionnaires d&#8217;\u00e9quipe et les chefs de projet.\n<\/p>\n\n<p style=\"text-align: center; color: red; font-size: 20px; margin-top: 40px;\">Aucun pr\u00e9requis n\u2019est n\u00e9cessaire.<\/p>                        <\/div>\n                    <\/div>\n                                    <div class=\"tab-pane elementkit-tab-pane elementor-repeater-item-8ccf88b \" id=\"content-8ccf88b69de2d5ccb47e\" role=\"tabpanel\"\n                         aria-labelledby=\"content-8ccf88b69de2d5ccb47e-tab\">\n                        <div class=\"animated fadeIn\">\n                            <p style=\"text-align: center; font-size: 20px; color: red; margin-bottom: 60px;\"><span style=\"color: #000;\">Dur\u00e9e de la Formation :<\/span> <i class=\"fa fa-calendar\" style=\"color: #576194;\"><\/i> 2 Jours<\/p>\n\n<h4>1-Introduction \u00e0 la Communication Intrapersonnelle\n<\/h4>\n<p><i class=\"fa fa-check\" style=\"color: green;\"><\/i> D\u00e9finition et importance\n<\/p>\n\n<p><i class=\"fa fa-check\" style=\"color: green;\"><\/i> Conscience de soi et auto-\u00e9valuation\n<\/p>\n\n<h4>2-Techniques de gestion des \u00e9motions\n<\/h4>\n<p><i class=\"fa fa-check\" style=\"color: green;\"><\/i> Reconna\u00eetre et comprendre ses propres \u00e9motions<\/p>\n\n<p><i class=\"fa fa-check\" style=\"color: green;\"><\/i> Techniques de r\u00e9gulation \u00e9motionnelle\n<\/p>\n\n<h4>3-D\u00e9veloppement de l&#8217;estime de soi\n<\/h4>\n<p><i class=\"fa fa-check\" style=\"color: green;\"><\/i> Identifier les sources de confiance et d&#8217;ins\u00e9curit\u00e9\n<\/p>\n\n<p><i class=\"fa fa-check\" style=\"color: green;\"><\/i> Exercices pratiques pour renforcer la confiance en soi\n<\/p>\n\n<h4>4-Intelligence \u00e9motionnelle\n<\/h4>\n<p><i class=\"fa fa-check\" style=\"color: green;\"><\/i> Comprendre l&#8217;impact des \u00e9motions sur la prise de d\u00e9cision\n<\/p>\n\n<p><i class=\"fa fa-check\" style=\"color: green;\"><\/i> Techniques pour am\u00e9liorer l&#8217;intelligence \u00e9motionnelle\n<\/p>\n\n<h4>5-Communication Interpersonnelle &#8211; Techniques de Communication Efficace\n<\/h4>\n<p><strong>Principes de la communication interpersonnelle :<\/strong>\n<\/p>\n\n<p><i class=\"fa fa-check\" style=\"color: green;\"><\/i> Les \u00e9l\u00e9ments de la communication efficace\n<\/p>\n\n<p><i class=\"fa fa-check\" style=\"color: green;\"><\/i> Les obstacles \u00e0 une communication r\u00e9ussie\n<\/p>\n\n<h4>6-Techniques d&#8217;\u00e9coute active et de feedback\n<\/h4>\n\n<p><i class=\"fa fa-check\" style=\"color: green;\"><\/i> Techniques d&#8217;\u00e9coute active\n<\/p>\n\n<p><i class=\"fa fa-check\" style=\"color: green;\"><\/i> Comment donner et recevoir des feedbacks constructifs\n<\/p>\n\n<h4>7-Gestion des Conflits et N\u00e9gociation\n<\/h4>\n\n<p><i class=\"fa fa-check\" style=\"color: green;\"><\/i> Identifier les sources de conflits.\n<\/p>\n\n<p><i class=\"fa fa-check\" style=\"color: green;\"><\/i> Techniques pour r\u00e9soudre les conflits de mani\u00e8re constructive.\n<\/p>\n\n<p><i class=\"fa fa-check\" style=\"color: green;\"><\/i> Principes de base de la n\u00e9gociation.\n<\/p>\n\n<p><i class=\"fa fa-check\" style=\"color: green;\"><\/i> Exercices pratiques de n\u00e9gociation en groupe.\n<\/p>                        <\/div>\n                    <\/div>\n                                    <div class=\"tab-pane elementkit-tab-pane elementor-repeater-item-3096e7d \" id=\"content-3096e7d69de2d5ccb47e\" role=\"tabpanel\"\n                         aria-labelledby=\"content-3096e7d69de2d5ccb47e-tab\">\n                        <div class=\"animated fadeIn\">\n                            <p><i class=\"fa fa-check\" style=\"color: green;\"><\/i> D\u00e9velopper une meilleure compr\u00e9hension de soi\n<\/p>\n\n<p><i class=\"fa fa-check\" style=\"color: green;\"><\/i> Am\u00e9liorer la communication interpersonnelle\n<\/p>\n\n<p><i class=\"fa fa-check\" style=\"color: green;\"><\/i> Renforcer la communication intrapersonnelle<\/p>\n\n<p><i class=\"fa fa-check\" style=\"color: green;\"><\/i> G\u00e9rer les conflits de mani\u00e8re efficace\n<\/p>\n\n<p><i class=\"fa fa-check\" style=\"color: green;\"><\/i> Cr\u00e9er des relations positives\n<\/p>                        <\/div>\n                    <\/div>\n                                    <div class=\"tab-pane elementkit-tab-pane elementor-repeater-item-00f52ae \" id=\"content-00f52ae69de2d5ccb47e\" role=\"tabpanel\"\n                         aria-labelledby=\"content-00f52ae69de2d5ccb47e-tab\">\n                        <div class=\"animated fadeIn\">\n                            <p><i class=\"fa fa-check\" style=\"color: green;\"><\/i> Apports Th\u00e9oriques\n<\/p>\n\n<p><i class=\"fa fa-check\" style=\"color: green;\"><\/i> Activit\u00e9s Pratiques\n<\/p>\n\n<p><i class=\"fa fa-check\" style=\"color: green;\"><\/i> Discussions et \u00c9changes \n<\/p>\n\n<p><i class=\"fa fa-check\" style=\"color: green;\"><\/i> Feedback et R\u00e9flexion\n<\/p>                        <\/div>\n                    <\/div>\n                            <\/div>\n        <\/div>\n    <\/div>\t\t<\/div>\n\t\t\t\t<\/div>\n\t\t\t\t\t<\/div>\n\t\t<\/div>\n\t\t\t\t\t<\/div>\n\t\t<\/section>\n\t\t\t\t\t<\/div>\n\t\t<\/div>\n\t\t\t\t\t<\/div>\n\t\t<\/section>\n\t\t\t\t<\/div>\n\t\t","protected":false},"excerpt":{"rendered":"<p>Communication Inter et intra- personnelle D\u00e9couvrez notre formation en communication interpersonnelle et intrapersonnelle agile, une exploration essentielle sur deux jours pour perfectionner vos comp\u00e9tences de communication dans un environnement professionnel dynamique. Cette formation interactive et pratique vous pr\u00e9pare \u00e0 naviguer avec aisance \u00e0 travers les d\u00e9fis de communication dans un [&hellip;]<\/p>\n","protected":false},"author":1,"featured_media":0,"parent":0,"menu_order":0,"comment_status":"closed","ping_status":"closed","template":"elementor_theme","meta":{"footnotes":""},"class_list":["post-7586","page","type-page","status-publish","hentry"],"_links":{"self":[{"href":"https:\/\/mesguides.info\/test-yetinnov\/wp-json\/wp\/v2\/pages\/7586"}],"collection":[{"href":"https:\/\/mesguides.info\/test-yetinnov\/wp-json\/wp\/v2\/pages"}],"about":[{"href":"https:\/\/mesguides.info\/test-yetinnov\/wp-json\/wp\/v2\/types\/page"}],"author":[{"embeddable":true,"href":"https:\/\/mesguides.info\/test-yetinnov\/wp-json\/wp\/v2\/users\/1"}],"replies":[{"embeddable":true,"href":"https:\/\/mesguides.info\/test-yetinnov\/wp-json\/wp\/v2\/comments?post=7586"}],"version-history":[{"count":10,"href":"https:\/\/mesguides.info\/test-yetinnov\/wp-json\/wp\/v2\/pages\/7586\/revisions"}],"predecessor-version":[{"id":8545,"href":"https:\/\/mesguides.info\/test-yetinnov\/wp-json\/wp\/v2\/pages\/7586\/revisions\/8545"}],"wp:attachment":[{"href":"https:\/\/mesguides.info\/test-yetinnov\/wp-json\/wp\/v2\/media?parent=7586"}],"curies":[{"name":"wp","href":"https:\/\/api.w.org\/{rel}","templated":true}]}}