{"id":7552,"date":"2024-08-26T13:50:27","date_gmt":"2024-08-26T11:50:27","guid":{"rendered":"https:\/\/mesguides.info\/test-yetinnov\/?page_id=7552"},"modified":"2024-09-09T10:43:36","modified_gmt":"2024-09-09T08:43:36","slug":"lintelligence-emotionnelle","status":"publish","type":"page","link":"https:\/\/mesguides.info\/test-yetinnov\/lintelligence-emotionnelle\/","title":{"rendered":"L\u2019intelligence \u00e9motionnelle"},"content":{"rendered":"\t\t<div data-elementor-type=\"wp-page\" data-elementor-id=\"7552\" class=\"elementor elementor-7552\">\n\t\t\t\t\t\t<section class=\"elementor-section elementor-top-section elementor-element elementor-element-ea69f22 elementor-section-boxed elementor-section-height-default elementor-section-height-default\" data-id=\"ea69f22\" data-element_type=\"section\" data-settings=\"{&quot;background_background&quot;:&quot;classic&quot;,&quot;_ha_eqh_enable&quot;:false}\">\n\t\t\t\t\t\t<div class=\"elementor-container elementor-column-gap-default\">\n\t\t\t\t\t<div class=\"elementor-column elementor-col-100 elementor-top-column elementor-element elementor-element-8fe8d43\" data-id=\"8fe8d43\" data-element_type=\"column\">\n\t\t\t<div class=\"elementor-widget-wrap elementor-element-populated\">\n\t\t\t\t\t\t<section class=\"elementor-section elementor-inner-section elementor-element elementor-element-4f07565 elementor-section-full_width elementor-section-height-default elementor-section-height-default\" data-id=\"4f07565\" data-element_type=\"section\" data-settings=\"{&quot;_ha_eqh_enable&quot;:false}\">\n\t\t\t\t\t\t<div class=\"elementor-container elementor-column-gap-no\">\n\t\t\t\t\t<div class=\"elementor-column elementor-col-100 elementor-inner-column elementor-element elementor-element-34adc7e\" data-id=\"34adc7e\" data-element_type=\"column\">\n\t\t\t<div class=\"elementor-widget-wrap elementor-element-populated\">\n\t\t\t\t\t\t<div class=\"elementor-element elementor-element-2bb76aa elementor-invisible elementor-widget elementor-widget-elementskit-heading\" data-id=\"2bb76aa\" data-element_type=\"widget\" data-settings=\"{&quot;_animation&quot;:&quot;fadeInUp&quot;}\" data-widget_type=\"elementskit-heading.default\">\n\t\t\t\t<div class=\"elementor-widget-container\">\n\t\t\t<div class=\"ekit-wid-con\" ><div class=\"ekit-heading elementskit-section-title-wraper center   ekit_heading_tablet-   ekit_heading_mobile-\"><h2 class=\"ekit-heading--title elementskit-section-title \">L\u2019intelligence \u00e9motionnelle<\/h2><div class=\"ekit_heading_separetor_wraper ekit_heading_elementskit-border-divider\"><div class=\"elementskit-border-divider\"><\/div><\/div>\t\t\t\t<div class='ekit-heading__description'>\n\t\t\t\t\t<p>D\u00e9couvrez notre formation en intelligence \u00e9motionnelle, un programme essentiel sur deux jours con\u00e7u pour d\u00e9velopper les comp\u00e9tences cl\u00e9s n\u00e9cessaires \u00e0 une collaboration efficace et \u00e0 un leadership \u00e9clair\u00e9 dans un environnement agile.<\/p>\n\t\t\t\t<\/div>\n\t\t\t<\/div><\/div>\t\t<\/div>\n\t\t\t\t<\/div>\n\t\t\t\t<div class=\"elementor-element elementor-element-a2d65f7 elementor-widget elementor-widget-elementskit-simple-tab\" data-id=\"a2d65f7\" data-element_type=\"widget\" data-widget_type=\"elementskit-simple-tab.default\">\n\t\t\t\t<div class=\"elementor-widget-container\">\n\t\t\t<div class=\"ekit-wid-con\" >        <div class=\"elementkit-tab-wraper   elementskit-fitcontent-tab \">\n            <ul class=\"nav nav-tabs elementkit-tab-nav  elementskit_tooltip_style elementskit_tooltip_style\">\n                                    <li class=\"elementkit-nav-item elementor-repeater-item-e7fb3c4\">\n                        <a class=\"elementkit-nav-link  active show left-pos\" id=\"content-e7fb3c469de2cc655023-tab\" data-ekit-handler-id=\"pourquoi-se-former-en-intelligence-motionnelle-\" data-ekit-toggle=\"tab\" data-target=\"#content-e7fb3c469de2cc655023\" href=\"#Content-e7fb3c469de2cc655023\"\n                            data-ekit-toggle-trigger=\"click\"\n                            aria-describedby=\"Content-e7fb3c469de2cc655023\">\n                            <span class=\" elementskit-tab-icon\"><\/span>                            <span class=\"elementskit-tab-title\"> Pourquoi se former en Intelligence \u00e9motionnelle ? <\/span>\n                        <\/a>\n                    <\/li>\n                                        <li class=\"elementkit-nav-item elementor-repeater-item-9077dfd\">\n                        <a class=\"elementkit-nav-link  left-pos\" id=\"content-9077dfd69de2cc655023-tab\" data-ekit-handler-id=\"cibles\" data-ekit-toggle=\"tab\" data-target=\"#content-9077dfd69de2cc655023\" href=\"#Content-9077dfd69de2cc655023\"\n                            data-ekit-toggle-trigger=\"click\"\n                            aria-describedby=\"Content-9077dfd69de2cc655023\">\n                            <span class=\" elementskit-tab-icon\"><\/span>                            <span class=\"elementskit-tab-title\"> Cibles<\/span>\n                        <\/a>\n                    <\/li>\n                                        <li class=\"elementkit-nav-item elementor-repeater-item-8ccf88b\">\n                        <a class=\"elementkit-nav-link  left-pos\" id=\"content-8ccf88b69de2cc655023-tab\" data-ekit-handler-id=\"-programme-de-formation-\" data-ekit-toggle=\"tab\" data-target=\"#content-8ccf88b69de2cc655023\" href=\"#Content-8ccf88b69de2cc655023\"\n                            data-ekit-toggle-trigger=\"click\"\n                            aria-describedby=\"Content-8ccf88b69de2cc655023\">\n                            <span class=\" elementskit-tab-icon\"><\/span>                            <span class=\"elementskit-tab-title\">  Programme de formation <\/span>\n                        <\/a>\n                    <\/li>\n                                        <li class=\"elementkit-nav-item elementor-repeater-item-3096e7d\">\n                        <a class=\"elementkit-nav-link  left-pos\" id=\"content-3096e7d69de2cc655023-tab\" data-ekit-handler-id=\"objectifs-de-la-formation-\" data-ekit-toggle=\"tab\" data-target=\"#content-3096e7d69de2cc655023\" href=\"#Content-3096e7d69de2cc655023\"\n                            data-ekit-toggle-trigger=\"click\"\n                            aria-describedby=\"Content-3096e7d69de2cc655023\">\n                            <span class=\" elementskit-tab-icon\"><\/span>                            <span class=\"elementskit-tab-title\"> Objectifs de la formation <\/span>\n                        <\/a>\n                    <\/li>\n                                        <li class=\"elementkit-nav-item elementor-repeater-item-00f52ae\">\n                        <a class=\"elementkit-nav-link  left-pos\" id=\"content-00f52ae69de2cc655023-tab\" data-ekit-handler-id=\"objectifs-p-dagogiques-\" data-ekit-toggle=\"tab\" data-target=\"#content-00f52ae69de2cc655023\" href=\"#Content-00f52ae69de2cc655023\"\n                            data-ekit-toggle-trigger=\"click\"\n                            aria-describedby=\"Content-00f52ae69de2cc655023\">\n                            <span class=\" elementskit-tab-icon\"><\/span>                            <span class=\"elementskit-tab-title\"> Objectifs p\u00e9dagogiques <\/span>\n                        <\/a>\n                    <\/li>\n                                <\/ul>\n\n            <div class=\"tab-content elementkit-tab-content\">\n                                    <div class=\"tab-pane elementkit-tab-pane elementor-repeater-item-e7fb3c4  active show\" id=\"content-e7fb3c469de2cc655023\" role=\"tabpanel\"\n                         aria-labelledby=\"content-e7fb3c469de2cc655023-tab\">\n                        <div class=\"animated fadeIn\">\n                            Se former en intelligence \u00e9motionnelle est essentiel dans le monde professionnel moderne. Elle permet de mieux comprendre et g\u00e9rer ses propres \u00e9motions, ce qui est crucial pour maintenir un \u00e9quilibre personnel et professionnel. D\u00e9velopper cette comp\u00e9tence renforce le leadership, car un leader \u00e9motionnellement intelligent est capable de motiver et d&#8217;inspirer son \u00e9quipe, tout en cr\u00e9ant un environnement de travail positif et productif. Enfin, dans un monde de plus en plus centr\u00e9 sur l&#8217;humain, poss\u00e9der une intelligence \u00e9motionnelle avanc\u00e9e est un atout majeur pour se d\u00e9marquer et r\u00e9ussir dans sa carri\u00e8re.\n                        <\/div>\n                    <\/div>\n                                    <div class=\"tab-pane elementkit-tab-pane elementor-repeater-item-9077dfd \" id=\"content-9077dfd69de2cc655023\" role=\"tabpanel\"\n                         aria-labelledby=\"content-9077dfd69de2cc655023-tab\">\n                        <div class=\"animated fadeIn\">\n                            <p style=\"text-align: center; font-size: 20px; margin-bottom: 40px;\"><strong>A quel public cette formation s\u2019adresse-t-elle?<\/strong><\/p>\n<i class=\"fa fa-check\" style=\"color: green;\"><\/i> cette formation est con\u00e7ue pour toute personne souhaitant am\u00e9liorer sa compr\u00e9hension et sa gestion des \u00e9motions, ainsi que ses comp\u00e9tences relationnelles, afin de mieux r\u00e9ussir dans un cadre manag\u00e9rial.\n\n\n<p style=\"text-align: center; color: red; font-size: 20px; margin-top: 40px;\">Connaissance de base en management.<\/p>                        <\/div>\n                    <\/div>\n                                    <div class=\"tab-pane elementkit-tab-pane elementor-repeater-item-8ccf88b \" id=\"content-8ccf88b69de2cc655023\" role=\"tabpanel\"\n                         aria-labelledby=\"content-8ccf88b69de2cc655023-tab\">\n                        <div class=\"animated fadeIn\">\n                            <p style=\"text-align: center; font-size: 20px; color: red; margin-bottom: 60px;\"><span style=\"color: #000;\">Dur\u00e9e de la Formation :<\/span> <i class=\"fa fa-calendar\" style=\"color: #576194;\"><\/i> 2 Jours<\/p>\n<h4>1-Introduction \u00e0 l&#8217;Intelligence \u00c9motionnelle\n<\/h4>\n<p><i class=\"fa fa-check\" style=\"color: green;\"><\/i> D\u00e9finition et importance de l&#8217;intelligence \u00e9motionnelle\n<\/p>\n\n<p><i class=\"fa fa-check\" style=\"color: green;\"><\/i> Les composantes de l&#8217;intelligence \u00e9motionnelle (conscience de soi, gestion des \u00e9motions, motivation, empathie, comp\u00e9tences sociales)\n<\/p>\n\n<h4>2-Conscience de Soi et Gestion des \u00c9motions\n<\/h4>\n<p><i class=\"fa fa-check\" style=\"color: green;\"><\/i> Techniques pour am\u00e9liorer la conscience de soi\n<\/p>\n\n<p><i class=\"fa fa-check\" style=\"color: green;\"><\/i> Identification et gestion des \u00e9motions\n<\/p>\n\n<h4>3-Motivation et Autogestion\n<\/h4>\n<p><i class=\"fa fa-check\" style=\"color: green;\"><\/i> Comprendre les sources de motivation intrins\u00e8que et extrins\u00e8que\n<\/p>\n\n<p><i class=\"fa fa-check\" style=\"color: green;\"><\/i> Techniques d&#8217;autogestion et de r\u00e9silience\n<\/p>\n\n<h4>4-Empathie et Comp\u00e9tences Sociales\n<\/h4>\n<p><i class=\"fa fa-check\" style=\"color: green;\"><\/i> D\u00e9velopper l&#8217;empathie et comprendre les perspectives des autres\n<\/p>\n\n<p><i class=\"fa fa-check\" style=\"color: green;\"><\/i> Am\u00e9liorer les comp\u00e9tences en communication et en \u00e9coute active\n<\/p>\n\n<h4>5-Intelligence \u00c9motionnelle en Milieu Professionnel\n<\/h4>\n<p><i class=\"fa fa-check\" style=\"color: green;\"><\/i> Importance de l&#8217;intelligence \u00e9motionnelle au travail\n<\/p>\n\n<p><i class=\"fa fa-check\" style=\"color: green;\"><\/i> Gestion des relations professionnelles et r\u00e9solution des conflits\n<\/p>\n\n<h4>6-Leadership et Intelligence \u00c9motionnelle\n<\/h4>\n<p><i class=\"fa fa-check\" style=\"color: green;\"><\/i> R\u00f4le de l&#8217;intelligence \u00e9motionnelle dans le leadership\n<\/p>\n\n<p><i class=\"fa fa-check\" style=\"color: green;\"><\/i> Techniques pour motiver et inspirer son \u00e9quipe\n<\/p>\n\n<h4>7-Cr\u00e9ation d&#8217;un Environnement de Travail Positif\n<\/h4>\n<p><i class=\"fa fa-check\" style=\"color: green;\"><\/i> Strat\u00e9gies pour promouvoir une culture de travail positive et collaborative\n<\/p>\n\n<p><i class=\"fa fa-check\" style=\"color: green;\"><\/i> Techniques de gestion du stress et du bien-\u00eatre au travail\n<\/p>                        <\/div>\n                    <\/div>\n                                    <div class=\"tab-pane elementkit-tab-pane elementor-repeater-item-3096e7d \" id=\"content-3096e7d69de2cc655023\" role=\"tabpanel\"\n                         aria-labelledby=\"content-3096e7d69de2cc655023-tab\">\n                        <div class=\"animated fadeIn\">\n                            <p><i class=\"fa fa-check\" style=\"color: green;\"><\/i> Comprendre et D\u00e9velopper l&#8217;Intelligence \u00c9motionnelle.\n<\/p>\n<p><i class=\"fa fa-check\" style=\"color: green;\"><\/i> Appliquer l&#8217;Intelligence \u00c9motionnelle dans un cadre manag\u00e9rial.\n<\/p>\n                        <\/div>\n                    <\/div>\n                                    <div class=\"tab-pane elementkit-tab-pane elementor-repeater-item-00f52ae \" id=\"content-00f52ae69de2cc655023\" role=\"tabpanel\"\n                         aria-labelledby=\"content-00f52ae69de2cc655023-tab\">\n                        <div class=\"animated fadeIn\">\n                            <p><i class=\"fa fa-check\" style=\"color: green;\"><\/i> \u00c9tudes de cas et exemples pratiques\n<\/p>\n\n<p><i class=\"fa fa-check\" style=\"color: green;\"><\/i> Exercices pratiques \n<\/p>\n\n<p><i class=\"fa fa-check\" style=\"color: green;\"><\/i> Jeux de r\u00f4le et simulations<\/p>\n\n<p><i class=\"fa fa-check\" style=\"color: green;\"><\/i> Questions et r\u00e9ponses\n<\/p>\n\n<p><i class=\"fa fa-check\" style=\"color: green;\"><\/i> Ateliers et discussions en groupe\n<\/p>\n                        <\/div>\n                    <\/div>\n                            <\/div>\n        <\/div>\n    <\/div>\t\t<\/div>\n\t\t\t\t<\/div>\n\t\t\t\t\t<\/div>\n\t\t<\/div>\n\t\t\t\t\t<\/div>\n\t\t<\/section>\n\t\t\t\t\t<\/div>\n\t\t<\/div>\n\t\t\t\t\t<\/div>\n\t\t<\/section>\n\t\t\t\t<\/div>\n\t\t","protected":false},"excerpt":{"rendered":"<p>L\u2019intelligence \u00e9motionnelle D\u00e9couvrez notre formation en intelligence \u00e9motionnelle, un programme essentiel sur deux jours con\u00e7u pour d\u00e9velopper les comp\u00e9tences cl\u00e9s n\u00e9cessaires \u00e0 une collaboration efficace et \u00e0 un leadership \u00e9clair\u00e9 dans un environnement agile. Pourquoi se former en Intelligence \u00e9motionnelle ? Cibles Programme de formation Objectifs de la formation Objectifs [&hellip;]<\/p>\n","protected":false},"author":1,"featured_media":0,"parent":0,"menu_order":0,"comment_status":"closed","ping_status":"closed","template":"elementor_theme","meta":{"footnotes":""},"class_list":["post-7552","page","type-page","status-publish","hentry"],"_links":{"self":[{"href":"https:\/\/mesguides.info\/test-yetinnov\/wp-json\/wp\/v2\/pages\/7552"}],"collection":[{"href":"https:\/\/mesguides.info\/test-yetinnov\/wp-json\/wp\/v2\/pages"}],"about":[{"href":"https:\/\/mesguides.info\/test-yetinnov\/wp-json\/wp\/v2\/types\/page"}],"author":[{"embeddable":true,"href":"https:\/\/mesguides.info\/test-yetinnov\/wp-json\/wp\/v2\/users\/1"}],"replies":[{"embeddable":true,"href":"https:\/\/mesguides.info\/test-yetinnov\/wp-json\/wp\/v2\/comments?post=7552"}],"version-history":[{"count":13,"href":"https:\/\/mesguides.info\/test-yetinnov\/wp-json\/wp\/v2\/pages\/7552\/revisions"}],"predecessor-version":[{"id":8536,"href":"https:\/\/mesguides.info\/test-yetinnov\/wp-json\/wp\/v2\/pages\/7552\/revisions\/8536"}],"wp:attachment":[{"href":"https:\/\/mesguides.info\/test-yetinnov\/wp-json\/wp\/v2\/media?parent=7552"}],"curies":[{"name":"wp","href":"https:\/\/api.w.org\/{rel}","templated":true}]}}