{"id":7538,"date":"2024-08-26T13:01:18","date_gmt":"2024-08-26T11:01:18","guid":{"rendered":"https:\/\/mesguides.info\/test-yetinnov\/?page_id=7538"},"modified":"2024-09-09T11:02:33","modified_gmt":"2024-09-09T09:02:33","slug":"jira-administration-niveau-2","status":"publish","type":"page","link":"https:\/\/mesguides.info\/test-yetinnov\/jira-administration-niveau-2\/","title":{"rendered":"JIRA Administration Niveau 2"},"content":{"rendered":"\t\t<div data-elementor-type=\"wp-page\" data-elementor-id=\"7538\" class=\"elementor elementor-7538\">\n\t\t\t\t\t\t<section class=\"elementor-section elementor-top-section elementor-element elementor-element-8e84c30 elementor-section-boxed elementor-section-height-default elementor-section-height-default\" data-id=\"8e84c30\" data-element_type=\"section\" data-settings=\"{&quot;background_background&quot;:&quot;classic&quot;,&quot;_ha_eqh_enable&quot;:false}\">\n\t\t\t\t\t\t<div class=\"elementor-container elementor-column-gap-default\">\n\t\t\t\t\t<div class=\"elementor-column elementor-col-100 elementor-top-column elementor-element elementor-element-d2f6a25\" data-id=\"d2f6a25\" data-element_type=\"column\">\n\t\t\t<div class=\"elementor-widget-wrap elementor-element-populated\">\n\t\t\t\t\t\t<section class=\"elementor-section elementor-inner-section elementor-element elementor-element-888485a elementor-section-full_width elementor-section-height-default elementor-section-height-default\" data-id=\"888485a\" data-element_type=\"section\" data-settings=\"{&quot;_ha_eqh_enable&quot;:false}\">\n\t\t\t\t\t\t<div class=\"elementor-container elementor-column-gap-no\">\n\t\t\t\t\t<div class=\"elementor-column elementor-col-100 elementor-inner-column elementor-element elementor-element-cea1992\" data-id=\"cea1992\" data-element_type=\"column\">\n\t\t\t<div class=\"elementor-widget-wrap elementor-element-populated\">\n\t\t\t\t\t\t<div class=\"elementor-element elementor-element-b35f3de elementor-invisible elementor-widget elementor-widget-elementskit-heading\" data-id=\"b35f3de\" data-element_type=\"widget\" data-settings=\"{&quot;_animation&quot;:&quot;fadeInUp&quot;}\" data-widget_type=\"elementskit-heading.default\">\n\t\t\t\t<div class=\"elementor-widget-container\">\n\t\t\t<div class=\"ekit-wid-con\" ><div class=\"ekit-heading elementskit-section-title-wraper center   ekit_heading_tablet-   ekit_heading_mobile-\"><h2 class=\"ekit-heading--title elementskit-section-title \">JIRA Administration Niveau 2<\/h2><div class=\"ekit_heading_separetor_wraper ekit_heading_elementskit-border-divider\"><div class=\"elementskit-border-divider\"><\/div><\/div>\t\t\t\t<div class='ekit-heading__description'>\n\t\t\t\t\t<p>D\u00e9couvrez notre formation en Jira Administration Niveau 2, con\u00e7ue pour les administrateurs de syst\u00e8me et les gestionnaires de projet cherchant \u00e0 approfondir leur expertise dans la configuration avanc\u00e9e de Jira. <\/p>\n\t\t\t\t<\/div>\n\t\t\t<\/div><\/div>\t\t<\/div>\n\t\t\t\t<\/div>\n\t\t\t\t<div class=\"elementor-element elementor-element-7102281 elementor-widget elementor-widget-elementskit-simple-tab\" data-id=\"7102281\" data-element_type=\"widget\" data-widget_type=\"elementskit-simple-tab.default\">\n\t\t\t\t<div class=\"elementor-widget-container\">\n\t\t\t<div class=\"ekit-wid-con\" >        <div class=\"elementkit-tab-wraper   elementskit-fitcontent-tab \">\n            <ul class=\"nav nav-tabs elementkit-tab-nav  elementskit_tooltip_style elementskit_tooltip_style\">\n                                    <li class=\"elementkit-nav-item elementor-repeater-item-e7fb3c4\">\n                        <a class=\"elementkit-nav-link  active show left-pos\" id=\"content-e7fb3c469de2d7fd5be3-tab\" data-ekit-handler-id=\"pourquoi-se-former-en-jira-administration-niveau-2-\" data-ekit-toggle=\"tab\" data-target=\"#content-e7fb3c469de2d7fd5be3\" href=\"#Content-e7fb3c469de2d7fd5be3\"\n                            data-ekit-toggle-trigger=\"click\"\n                            aria-describedby=\"Content-e7fb3c469de2d7fd5be3\">\n                            <span class=\" elementskit-tab-icon\"><\/span>                            <span class=\"elementskit-tab-title\"> Pourquoi se former en JIRA administration Niveau 2 ?<\/span>\n                        <\/a>\n                    <\/li>\n                                        <li class=\"elementkit-nav-item elementor-repeater-item-9077dfd\">\n                        <a class=\"elementkit-nav-link  left-pos\" id=\"content-9077dfd69de2d7fd5be3-tab\" data-ekit-handler-id=\"cibles\" data-ekit-toggle=\"tab\" data-target=\"#content-9077dfd69de2d7fd5be3\" href=\"#Content-9077dfd69de2d7fd5be3\"\n                            data-ekit-toggle-trigger=\"click\"\n                            aria-describedby=\"Content-9077dfd69de2d7fd5be3\">\n                            <span class=\" elementskit-tab-icon\"><\/span>                            <span class=\"elementskit-tab-title\"> Cibles<\/span>\n                        <\/a>\n                    <\/li>\n                                        <li class=\"elementkit-nav-item elementor-repeater-item-8ccf88b\">\n                        <a class=\"elementkit-nav-link  left-pos\" id=\"content-8ccf88b69de2d7fd5be3-tab\" data-ekit-handler-id=\"-programme-de-formation-\" data-ekit-toggle=\"tab\" data-target=\"#content-8ccf88b69de2d7fd5be3\" href=\"#Content-8ccf88b69de2d7fd5be3\"\n                            data-ekit-toggle-trigger=\"click\"\n                            aria-describedby=\"Content-8ccf88b69de2d7fd5be3\">\n                            <span class=\" elementskit-tab-icon\"><\/span>                            <span class=\"elementskit-tab-title\">  Programme de formation <\/span>\n                        <\/a>\n                    <\/li>\n                                        <li class=\"elementkit-nav-item elementor-repeater-item-3096e7d\">\n                        <a class=\"elementkit-nav-link  left-pos\" id=\"content-3096e7d69de2d7fd5be3-tab\" data-ekit-handler-id=\"objectifs-de-la-formation-\" data-ekit-toggle=\"tab\" data-target=\"#content-3096e7d69de2d7fd5be3\" href=\"#Content-3096e7d69de2d7fd5be3\"\n                            data-ekit-toggle-trigger=\"click\"\n                            aria-describedby=\"Content-3096e7d69de2d7fd5be3\">\n                            <span class=\" elementskit-tab-icon\"><\/span>                            <span class=\"elementskit-tab-title\"> Objectifs de la formation <\/span>\n                        <\/a>\n                    <\/li>\n                                        <li class=\"elementkit-nav-item elementor-repeater-item-00f52ae\">\n                        <a class=\"elementkit-nav-link  left-pos\" id=\"content-00f52ae69de2d7fd5be3-tab\" data-ekit-handler-id=\"objectifs-p-dagogiques-\" data-ekit-toggle=\"tab\" data-target=\"#content-00f52ae69de2d7fd5be3\" href=\"#Content-00f52ae69de2d7fd5be3\"\n                            data-ekit-toggle-trigger=\"click\"\n                            aria-describedby=\"Content-00f52ae69de2d7fd5be3\">\n                            <span class=\" elementskit-tab-icon\"><\/span>                            <span class=\"elementskit-tab-title\"> Objectifs p\u00e9dagogiques <\/span>\n                        <\/a>\n                    <\/li>\n                                <\/ul>\n\n            <div class=\"tab-content elementkit-tab-content\">\n                                    <div class=\"tab-pane elementkit-tab-pane elementor-repeater-item-e7fb3c4  active show\" id=\"content-e7fb3c469de2d7fd5be3\" role=\"tabpanel\"\n                         aria-labelledby=\"content-e7fb3c469de2d7fd5be3-tab\">\n                        <div class=\"animated fadeIn\">\n                            Se former en JIRA Administration Niveau 2 est essentiel pour ceux qui souhaitent approfondir leurs comp\u00e9tences en gestion avanc\u00e9e des projets et des workflows au sein de leur organisation. Ce niveau de formation permet non seulement de ma\u00eetriser les fonctionnalit\u00e9s avanc\u00e9es de JIRA, telles que la configuration des permissions, la personnalisation des tableaux de bord et l&#8217;automatisation des t\u00e2ches, mais aussi d&#8217;optimiser l&#8217;utilisation de cet outil puissant pour r\u00e9pondre aux besoins sp\u00e9cifiques de l&#8217;\u00e9quipe et de l&#8217;entreprise.\n                        <\/div>\n                    <\/div>\n                                    <div class=\"tab-pane elementkit-tab-pane elementor-repeater-item-9077dfd \" id=\"content-9077dfd69de2d7fd5be3\" role=\"tabpanel\"\n                         aria-labelledby=\"content-9077dfd69de2d7fd5be3-tab\">\n                        <div class=\"animated fadeIn\">\n                            <p style=\"text-align: center; font-size: 20px; margin-bottom: 40px;\"><strong>A quel public cette formation s\u2019adresse-t-elle?<\/strong><\/p>\n\n\n<p><i class=\"fa fa-check\" style=\"color: green;\"><\/i> Administrateurs JIRA ayant une exp\u00e9rience de base\n<\/p>\n\n<p><i class=\"fa fa-check\" style=\"color: green;\"><\/i> Chefs de projet et responsables techniques\n<\/p>\n\n\n<p><i class=\"fa fa-check\" style=\"color: green;\"><\/i> Toute personne souhaitant approfondir ses connaissances en gestion avanc\u00e9e de JIRA\n<\/p>\n\n<p style=\"text-align: center; color: red; font-size: 20px; margin-top: 40px;\">Connaissances de base en administration de JIRA\n<\/p>\n\n<p style=\"text-align: center; color: red; font-size: 20px; margin-top: 40px;\">Familiarit\u00e9 avec les concepts de gestion de projet et les m\u00e9thodologies agiles\n<\/p>                        <\/div>\n                    <\/div>\n                                    <div class=\"tab-pane elementkit-tab-pane elementor-repeater-item-8ccf88b \" id=\"content-8ccf88b69de2d7fd5be3\" role=\"tabpanel\"\n                         aria-labelledby=\"content-8ccf88b69de2d7fd5be3-tab\">\n                        <div class=\"animated fadeIn\">\n                            <p style=\"text-align: center; font-size: 20px; color: red; margin-bottom: 60px;\"><span style=\"color: #000;\">Dur\u00e9e de la Formation :<\/span> <i class=\"fa fa-calendar\" style=\"color: #576194;\"><\/i> 2 Jours<\/p>\n\n<h4>1-Introduction \u00e0 JIRA<\/h4>\n<p><i class=\"fa fa-check\" style=\"color: green;\"><\/i> Pr\u00e9sentation de JIRA et de son utilisation dans la gestion de projets agiles.<\/p>\n\n<p><i class=\"fa fa-check\" style=\"color: green;\"><\/i> Vue d&#8217;ensemble de l&#8217;interface utilisateur de JIRA.\n<\/p>\n\n<p><i class=\"fa fa-check\" style=\"color: green;\"><\/i> Navigation dans JIRA : tableaux de bord, projets, tickets.\n<\/p>\n\n<h4>2-Configuration de Base \n<\/h4>\n<p><i class=\"fa fa-check\" style=\"color: green;\"><\/i> Cr\u00e9ation et configuration de projets JIRA.\n<\/p>\n\n<p><i class=\"fa fa-check\" style=\"color: green;\"><\/i> Types de projets : Scrum, Kanban, et projets classiques.\n<\/p>\n\n<p><i class=\"fa fa-check\" style=\"color: green;\"><\/i> Configuration des tableaux JIRA pour les diff\u00e9rents types de projets.\n<\/p>\n\n<p><i class=\"fa fa-check\" style=\"color: green;\"><\/i> Cr\u00e9ation et gestion de projets.\n<\/p>\n\n\n<h4>3-Gestion des Tickets (Issues) \n<\/h4>\n<p><i class=\"fa fa-check\" style=\"color: green;\"><\/i> Cr\u00e9ation de tickets : bugs, t\u00e2ches, stories, \u00e9pop\u00e9es.\n<\/p>\n\n<p><i class=\"fa fa-check\" style=\"color: green;\"><\/i> \u00c9dition et mise \u00e0 jour des tickets.\n<\/p>\n\n<p><i class=\"fa fa-check\" style=\"color: green;\"><\/i> Utilisation des sous-t\u00e2ches et des relations entre tickets.\n<\/p>\n\n<h4>4-Workflows et \u00c9tats des Tickets \n<\/h4>\n<p><i class=\"fa fa-check\" style=\"color: green;\"><\/i> Comprendre les workflows par d\u00e9faut dans JIRA.\n<\/p>\n\n<p><i class=\"fa fa-check\" style=\"color: green;\"><\/i> Personnalisation des workflows pour les besoins sp\u00e9cifiques du projet.\n<\/p>\n\n<p><i class=\"fa fa-check\" style=\"color: green;\"><\/i> Gestion des \u00e9tats des tickets et transitions entre \u00e9tats.\n<\/p>\n\n<h4>5-Permissions et R\u00f4les d&#8217;Utilisateurs \n<\/h4>\n<p><i class=\"fa fa-check\" style=\"color: green;\"><\/i> Configuration des permissions de projet.\n<\/p>\n\n<p><i class=\"fa fa-check\" style=\"color: green;\"><\/i> Gestion des r\u00f4les et des groupes d&#8217;utilisateurs.\n<\/p>\n\n<p><i class=\"fa fa-check\" style=\"color: green;\"><\/i> Attribution de permissions sp\u00e9cifiques aux utilisateurs et groupes.\n<\/p>\n\n<h4>6-Personnalisation des Champs et \u00c9crans \n<\/h4>\n<p><i class=\"fa fa-check\" style=\"color: green;\"><\/i> Ajout et gestion des champs personnalis\u00e9s.\n<\/p>\n\n<p><i class=\"fa fa-check\" style=\"color: green;\"><\/i> Personnalisation des \u00e9crans de tickets.\n<\/p>\n\n<p><i class=\"fa fa-check\" style=\"color: green;\"><\/i> Utilisation des configurations d&#8217;\u00e9cran pour diff\u00e9rents types de tickets.\n<\/p>                        <\/div>\n                    <\/div>\n                                    <div class=\"tab-pane elementkit-tab-pane elementor-repeater-item-3096e7d \" id=\"content-3096e7d69de2d7fd5be3\" role=\"tabpanel\"\n                         aria-labelledby=\"content-3096e7d69de2d7fd5be3-tab\">\n                        <div class=\"animated fadeIn\">\n                            <p><i class=\"fa fa-check\" style=\"color: green;\"><\/i> Acqu\u00e9rir des comp\u00e9tences avanc\u00e9es en administration de JIRA\n<\/p>\n\n<p><i class=\"fa fa-check\" style=\"color: green;\"><\/i> Optimiser les configurations et les workflows pour r\u00e9pondre aux besoins sp\u00e9cifiques de l&#8217;organisation\n<\/p>\n\n<p><i class=\"fa fa-check\" style=\"color: green;\"><\/i> Assurer la s\u00e9curit\u00e9, la maintenance et les performances de JIRA\n<\/p>\n\n<p><i class=\"fa fa-check\" style=\"color: green;\"><\/i> Utiliser les int\u00e9grations et les extensions pour am\u00e9liorer l&#8217;efficacit\u00e9 des processus\n<\/p>\n\n\n                        <\/div>\n                    <\/div>\n                                    <div class=\"tab-pane elementkit-tab-pane elementor-repeater-item-00f52ae \" id=\"content-00f52ae69de2d7fd5be3\" role=\"tabpanel\"\n                         aria-labelledby=\"content-00f52ae69de2d7fd5be3-tab\">\n                        <div class=\"animated fadeIn\">\n                            <p><i class=\"fa fa-check\" style=\"color: green;\"><\/i> Pr\u00e9sentations, \n<\/p>\n\n<p><i class=\"fa fa-check\" style=\"color: green;\"><\/i> Exemples p\u00e9dagogiques et concrets pour assimiler les principaux concepts, \n<\/p>\n\n<p><i class=\"fa fa-check\" style=\"color: green;\"><\/i> \u00c9tude de cas pratique\n<\/p>\n\n\n                        <\/div>\n                    <\/div>\n                            <\/div>\n        <\/div>\n    <\/div>\t\t<\/div>\n\t\t\t\t<\/div>\n\t\t\t\t\t<\/div>\n\t\t<\/div>\n\t\t\t\t\t<\/div>\n\t\t<\/section>\n\t\t\t\t\t<\/div>\n\t\t<\/div>\n\t\t\t\t\t<\/div>\n\t\t<\/section>\n\t\t\t\t<\/div>\n\t\t","protected":false},"excerpt":{"rendered":"<p>JIRA Administration Niveau 2 D\u00e9couvrez notre formation en Jira Administration Niveau 2, con\u00e7ue pour les administrateurs de syst\u00e8me et les gestionnaires de projet cherchant \u00e0 approfondir leur expertise dans la configuration avanc\u00e9e de Jira. Pourquoi se former en JIRA administration Niveau 2 ? Cibles Programme de formation Objectifs de la [&hellip;]<\/p>\n","protected":false},"author":1,"featured_media":0,"parent":0,"menu_order":0,"comment_status":"closed","ping_status":"closed","template":"elementor_theme","meta":{"footnotes":""},"class_list":["post-7538","page","type-page","status-publish","hentry"],"_links":{"self":[{"href":"https:\/\/mesguides.info\/test-yetinnov\/wp-json\/wp\/v2\/pages\/7538"}],"collection":[{"href":"https:\/\/mesguides.info\/test-yetinnov\/wp-json\/wp\/v2\/pages"}],"about":[{"href":"https:\/\/mesguides.info\/test-yetinnov\/wp-json\/wp\/v2\/types\/page"}],"author":[{"embeddable":true,"href":"https:\/\/mesguides.info\/test-yetinnov\/wp-json\/wp\/v2\/users\/1"}],"replies":[{"embeddable":true,"href":"https:\/\/mesguides.info\/test-yetinnov\/wp-json\/wp\/v2\/comments?post=7538"}],"version-history":[{"count":10,"href":"https:\/\/mesguides.info\/test-yetinnov\/wp-json\/wp\/v2\/pages\/7538\/revisions"}],"predecessor-version":[{"id":8602,"href":"https:\/\/mesguides.info\/test-yetinnov\/wp-json\/wp\/v2\/pages\/7538\/revisions\/8602"}],"wp:attachment":[{"href":"https:\/\/mesguides.info\/test-yetinnov\/wp-json\/wp\/v2\/media?parent=7538"}],"curies":[{"name":"wp","href":"https:\/\/api.w.org\/{rel}","templated":true}]}}