{"id":7528,"date":"2024-08-26T12:34:41","date_gmt":"2024-08-26T10:34:41","guid":{"rendered":"https:\/\/mesguides.info\/test-yetinnov\/?page_id=7528"},"modified":"2024-09-09T11:02:22","modified_gmt":"2024-09-09T09:02:22","slug":"jira-fondamentaux-niveau-1","status":"publish","type":"page","link":"https:\/\/mesguides.info\/test-yetinnov\/jira-fondamentaux-niveau-1\/","title":{"rendered":"JIRA Fondamentaux Niveau 1"},"content":{"rendered":"\t\t<div data-elementor-type=\"wp-page\" data-elementor-id=\"7528\" class=\"elementor elementor-7528\">\n\t\t\t\t\t\t<section class=\"elementor-section elementor-top-section elementor-element elementor-element-d7d3eb7 elementor-section-boxed elementor-section-height-default elementor-section-height-default\" data-id=\"d7d3eb7\" data-element_type=\"section\" data-settings=\"{&quot;background_background&quot;:&quot;classic&quot;,&quot;_ha_eqh_enable&quot;:false}\">\n\t\t\t\t\t\t<div class=\"elementor-container elementor-column-gap-default\">\n\t\t\t\t\t<div class=\"elementor-column elementor-col-100 elementor-top-column elementor-element elementor-element-c63ae30\" data-id=\"c63ae30\" data-element_type=\"column\">\n\t\t\t<div class=\"elementor-widget-wrap elementor-element-populated\">\n\t\t\t\t\t\t<section class=\"elementor-section elementor-inner-section elementor-element elementor-element-3be3a65 elementor-section-full_width elementor-section-height-default elementor-section-height-default\" data-id=\"3be3a65\" data-element_type=\"section\" data-settings=\"{&quot;_ha_eqh_enable&quot;:false}\">\n\t\t\t\t\t\t<div class=\"elementor-container elementor-column-gap-no\">\n\t\t\t\t\t<div class=\"elementor-column elementor-col-100 elementor-inner-column elementor-element elementor-element-f65cd81\" data-id=\"f65cd81\" data-element_type=\"column\">\n\t\t\t<div class=\"elementor-widget-wrap elementor-element-populated\">\n\t\t\t\t\t\t<div class=\"elementor-element elementor-element-991baea elementor-invisible elementor-widget elementor-widget-elementskit-heading\" data-id=\"991baea\" data-element_type=\"widget\" data-settings=\"{&quot;_animation&quot;:&quot;fadeInUp&quot;}\" data-widget_type=\"elementskit-heading.default\">\n\t\t\t\t<div class=\"elementor-widget-container\">\n\t\t\t<div class=\"ekit-wid-con\" ><div class=\"ekit-heading elementskit-section-title-wraper center   ekit_heading_tablet-   ekit_heading_mobile-\"><h2 class=\"ekit-heading--title elementskit-section-title \">JIRA Fondamentaux Niveau 1<\/h2><div class=\"ekit_heading_separetor_wraper ekit_heading_elementskit-border-divider\"><div class=\"elementskit-border-divider\"><\/div><\/div>\t\t\t\t<div class='ekit-heading__description'>\n\t\t\t\t\t<p>D\u00e9couvrez notre formation en Jira Fondamentaux Niveau 1, une initiation essentielle sur deux jours pour ma\u00eetriser l'utilisation de Jira dans la gestion agile de projet. Guid\u00e9s par des formateurs exp\u00e9riment\u00e9s, vous explorerez les bases de Jira, apprendrez \u00e0 configurer des projets, \u00e0 cr\u00e9er et g\u00e9rer des t\u00e2ches, et \u00e0 suivre les progr\u00e8s de mani\u00e8re efficace. <\/p>\n\t\t\t\t<\/div>\n\t\t\t<\/div><\/div>\t\t<\/div>\n\t\t\t\t<\/div>\n\t\t\t\t<div class=\"elementor-element elementor-element-bdb92fa elementor-widget elementor-widget-elementskit-simple-tab\" data-id=\"bdb92fa\" data-element_type=\"widget\" data-widget_type=\"elementskit-simple-tab.default\">\n\t\t\t\t<div class=\"elementor-widget-container\">\n\t\t\t<div class=\"ekit-wid-con\" >        <div class=\"elementkit-tab-wraper   elementskit-fitcontent-tab \">\n            <ul class=\"nav nav-tabs elementkit-tab-nav  elementskit_tooltip_style elementskit_tooltip_style\">\n                                    <li class=\"elementkit-nav-item elementor-repeater-item-e7fb3c4\">\n                        <a class=\"elementkit-nav-link  active show left-pos\" id=\"content-e7fb3c469de2d698977f-tab\" data-ekit-handler-id=\"pourquoi-se-former-en-jira-niveau-1-\" data-ekit-toggle=\"tab\" data-target=\"#content-e7fb3c469de2d698977f\" href=\"#Content-e7fb3c469de2d698977f\"\n                            data-ekit-toggle-trigger=\"click\"\n                            aria-describedby=\"Content-e7fb3c469de2d698977f\">\n                            <span class=\" elementskit-tab-icon\"><\/span>                            <span class=\"elementskit-tab-title\"> Pourquoi se former en JIRA Niveau 1 ? <\/span>\n                        <\/a>\n                    <\/li>\n                                        <li class=\"elementkit-nav-item elementor-repeater-item-9077dfd\">\n                        <a class=\"elementkit-nav-link  left-pos\" id=\"content-9077dfd69de2d698977f-tab\" data-ekit-handler-id=\"cibles\" data-ekit-toggle=\"tab\" data-target=\"#content-9077dfd69de2d698977f\" href=\"#Content-9077dfd69de2d698977f\"\n                            data-ekit-toggle-trigger=\"click\"\n                            aria-describedby=\"Content-9077dfd69de2d698977f\">\n                            <span class=\" elementskit-tab-icon\"><\/span>                            <span class=\"elementskit-tab-title\"> Cibles<\/span>\n                        <\/a>\n                    <\/li>\n                                        <li class=\"elementkit-nav-item elementor-repeater-item-8ccf88b\">\n                        <a class=\"elementkit-nav-link  left-pos\" id=\"content-8ccf88b69de2d698977f-tab\" data-ekit-handler-id=\"-programme-de-formation-\" data-ekit-toggle=\"tab\" data-target=\"#content-8ccf88b69de2d698977f\" href=\"#Content-8ccf88b69de2d698977f\"\n                            data-ekit-toggle-trigger=\"click\"\n                            aria-describedby=\"Content-8ccf88b69de2d698977f\">\n                            <span class=\" elementskit-tab-icon\"><\/span>                            <span class=\"elementskit-tab-title\">  Programme de formation <\/span>\n                        <\/a>\n                    <\/li>\n                                        <li class=\"elementkit-nav-item elementor-repeater-item-3096e7d\">\n                        <a class=\"elementkit-nav-link  left-pos\" id=\"content-3096e7d69de2d698977f-tab\" data-ekit-handler-id=\"objectifs-de-la-formation-\" data-ekit-toggle=\"tab\" data-target=\"#content-3096e7d69de2d698977f\" href=\"#Content-3096e7d69de2d698977f\"\n                            data-ekit-toggle-trigger=\"click\"\n                            aria-describedby=\"Content-3096e7d69de2d698977f\">\n                            <span class=\" elementskit-tab-icon\"><\/span>                            <span class=\"elementskit-tab-title\"> Objectifs de la formation <\/span>\n                        <\/a>\n                    <\/li>\n                                        <li class=\"elementkit-nav-item elementor-repeater-item-00f52ae\">\n                        <a class=\"elementkit-nav-link  left-pos\" id=\"content-00f52ae69de2d698977f-tab\" data-ekit-handler-id=\"objectifs-p-dagogiques-\" data-ekit-toggle=\"tab\" data-target=\"#content-00f52ae69de2d698977f\" href=\"#Content-00f52ae69de2d698977f\"\n                            data-ekit-toggle-trigger=\"click\"\n                            aria-describedby=\"Content-00f52ae69de2d698977f\">\n                            <span class=\" elementskit-tab-icon\"><\/span>                            <span class=\"elementskit-tab-title\"> Objectifs p\u00e9dagogiques <\/span>\n                        <\/a>\n                    <\/li>\n                                <\/ul>\n\n            <div class=\"tab-content elementkit-tab-content\">\n                                    <div class=\"tab-pane elementkit-tab-pane elementor-repeater-item-e7fb3c4  active show\" id=\"content-e7fb3c469de2d698977f\" role=\"tabpanel\"\n                         aria-labelledby=\"content-e7fb3c469de2d698977f-tab\">\n                        <div class=\"animated fadeIn\">\n                            Se former aux fondamentaux de JIRA Niveau 1 est essentiel pour toute personne impliqu\u00e9e dans la gestion de projets ou l&#8217;ing\u00e9nierie logicielle. JIRA, en tant qu&#8217;outil de gestion des t\u00e2ches et des projets largement adopt\u00e9, offre une plateforme robuste pour suivre les t\u00e2ches, g\u00e9rer les flux de travail et am\u00e9liorer la collaboration d&#8217;\u00e9quipe.\n                        <\/div>\n                    <\/div>\n                                    <div class=\"tab-pane elementkit-tab-pane elementor-repeater-item-9077dfd \" id=\"content-9077dfd69de2d698977f\" role=\"tabpanel\"\n                         aria-labelledby=\"content-9077dfd69de2d698977f-tab\">\n                        <div class=\"animated fadeIn\">\n                            <p style=\"text-align: center; font-size: 20px; margin-bottom: 40px;\"><strong>A quel public cette formation s\u2019adresse-t-elle?<\/strong><\/p>\nToute personne impliqu\u00e9e dans la conduite d&#8217;un projet: organisationnel, technique, administratif ou autre.\n\n<p><i class=\"fa fa-check\" style=\"color: green;\"><\/i> Chefs de Projet<\/p>\n\n<p><i class=\"fa fa-check\" style=\"color: green;\"><\/i> Product Owners\n<\/p>\n\n<p><i class=\"fa fa-check\" style=\"color: green;\"><\/i> Scrum Masters\n<\/p>\n\n<p><i class=\"fa fa-check\" style=\"color: green;\"><\/i> D\u00e9veloppeurs et Testeurs\n<\/p>\n\n<p><i class=\"fa fa-check\" style=\"color: green;\"><\/i> Analystes Business\n<\/p>\n\n<p><i class=\"fa fa-check\" style=\"color: green;\"><\/i> Managers et Responsables d&#8217;\u00c9quipe\n<\/p>\n\n<p><i class=\"fa fa-check\" style=\"color: green;\"><\/i> Coordinateurs et Assistants de Projet ..\n<\/p>\n\n<p style=\"text-align: center; color: red; font-size: 20px; margin-top: 40px;\">aucun pr\u00e9requis technique particulier n&#8217;est n\u00e9cessaire pour cette formation. Cependant, une compr\u00e9hension de base de la gestion de projet et des concepts agiles peut \u00eatre b\u00e9n\u00e9fique.\n<\/p>                        <\/div>\n                    <\/div>\n                                    <div class=\"tab-pane elementkit-tab-pane elementor-repeater-item-8ccf88b \" id=\"content-8ccf88b69de2d698977f\" role=\"tabpanel\"\n                         aria-labelledby=\"content-8ccf88b69de2d698977f-tab\">\n                        <div class=\"animated fadeIn\">\n                            <p style=\"text-align: center; font-size: 20px; color: red; margin-bottom: 60px;\"><span style=\"color: #000;\">Dur\u00e9e de la Formation :<\/span> <i class=\"fa fa-calendar\" style=\"color: #576194;\"><\/i> 2 Jours<\/p>\n\n<h4>1-Introduction \u00e0 JIRA \n<\/h4>\n\n\n<p><i class=\"fa fa-check\" style=\"color: green;\"><\/i> Pr\u00e9sentation de JIRA et de son utilisation dans la gestion de projets agiles.\n<\/p>\n\n<p><i class=\"fa fa-check\" style=\"color: green;\"><\/i> Vue d&#8217;ensemble de l&#8217;interface utilisateur de JIRA.\n<\/p>\n\n<p><i class=\"fa fa-check\" style=\"color: green;\"><\/i> Navigation dans JIRA : tableaux de bord, projets, tickets.\n<\/p>\n\n<h4>2-Configuration de Base \n<\/h4>\n\n\n<p><i class=\"fa fa-check\" style=\"color: green;\"><\/i> Cr\u00e9ation et configuration de projets JIRA.\n<\/p>\n\n<p><i class=\"fa fa-check\" style=\"color: green;\"><\/i> Types de projets : Scrum, Kanban, et projets classiques.\n<\/p>\n\n<p><i class=\"fa fa-check\" style=\"color: green;\"><\/i> Configuration des tableaux JIRA pour les diff\u00e9rents types de projets.\n<\/p>\n\n\n<p><i class=\"fa fa-check\" style=\"color: green;\"><\/i> Cr\u00e9ation et gestion de projets.\n<\/p>\n\n\n<h4>3-Gestion des Tickets (Issues) \n<\/h4>\n\n\n<p><i class=\"fa fa-check\" style=\"color: green;\"><\/i> Cr\u00e9ation de tickets : bugs, t\u00e2ches, stories, \u00e9pop\u00e9es.\n<\/p>\n\n<p><i class=\"fa fa-check\" style=\"color: green;\"><\/i> \u00c9dition et mise \u00e0 jour des tickets.\n<\/p>\n\n<p><i class=\"fa fa-check\" style=\"color: green;\"><\/i> Utilisation des sous-t\u00e2ches et des relations entre tickets.\n<\/p>\n\n<h4>4-Workflows et \u00c9tats des Tickets \n<\/h4>\n\n\n<p><i class=\"fa fa-check\" style=\"color: green;\"><\/i> Comprendre les workflows par d\u00e9faut dans JIRA.\n<\/p>\n\n<p><i class=\"fa fa-check\" style=\"color: green;\"><\/i> Personnalisation des workflows pour les besoins sp\u00e9cifiques du projet.\n<\/p>\n\n<p><i class=\"fa fa-check\" style=\"color: green;\"><\/i> Gestion des \u00e9tats des tickets et transitions entre \u00e9tats.\n<\/p>\n\n<h4>5-Permissions et R\u00f4les d&#8217;Utilisateurs \n<\/h4>\n\n\n<p><i class=\"fa fa-check\" style=\"color: green;\"><\/i> Configuration des permissions de projet.\n<\/p>\n\n<p><i class=\"fa fa-check\" style=\"color: green;\"><\/i> Gestion des r\u00f4les et des groupes d&#8217;utilisateurs.\n<\/p>\n\n<p><i class=\"fa fa-check\" style=\"color: green;\"><\/i> Attribution de permissions sp\u00e9cifiques aux utilisateurs et groupes.\n<\/p>\n\n<h4>6-Personnalisation des Champs et \u00c9crans \n<\/h4>\n\n\n<p><i class=\"fa fa-check\" style=\"color: green;\"><\/i> Ajout et gestion des champs personnalis\u00e9s.\n<\/p>\n\n<p><i class=\"fa fa-check\" style=\"color: green;\"><\/i> Personnalisation des \u00e9crans de tickets.\n<\/p>\n\n<p><i class=\"fa fa-check\" style=\"color: green;\"><\/i> Utilisation des configurations d&#8217;\u00e9cran pour diff\u00e9rents types de tickets.\n<\/p>\n\n<h4>7-Filtres et Tableaux de Bord \n<\/h4>\n\n<p><i class=\"fa fa-check\" style=\"color: green;\"><\/i> Cr\u00e9ation et utilisation des filtres pour la recherche de tickets.\n<\/p>\n\n<p><i class=\"fa fa-check\" style=\"color: green;\"><\/i> Configuration des tableaux de bord pour le suivi des projets.\n<\/p>\n\n<p><i class=\"fa fa-check\" style=\"color: green;\"><\/i> Utilisation des gadgets pour la visualisation des donn\u00e9es.\n<\/p>\n\n<h4>8-Rapports et M\u00e9triques \n<\/h4>\n\n<p><i class=\"fa fa-check\" style=\"color: green;\"><\/i> G\u00e9n\u00e9ration de rapports standard dans JIRA.\n<\/p>\n\n<p><i class=\"fa fa-check\" style=\"color: green;\"><\/i> Utilisation des m\u00e9triques pour le suivi des performances du projet.\n<\/p>\n\n<p><i class=\"fa fa-check\" style=\"color: green;\"><\/i> Personnalisation des rapports pour les besoins sp\u00e9cifiques.\n<\/p>                        <\/div>\n                    <\/div>\n                                    <div class=\"tab-pane elementkit-tab-pane elementor-repeater-item-3096e7d \" id=\"content-3096e7d69de2d698977f\" role=\"tabpanel\"\n                         aria-labelledby=\"content-3096e7d69de2d698977f-tab\">\n                        <div class=\"animated fadeIn\">\n                            <p><i class=\"fa fa-check\" style=\"color: green;\"><\/i> Comprendre les concepts de base et l&#8217;interface utilisateur de JIRA.\n<\/p>\n\n<p><i class=\"fa fa-check\" style=\"color: green;\"><\/i> Savoir configurer des projets et des tableaux JIRA.\n<\/p>\n\n<p><i class=\"fa fa-check\" style=\"color: green;\"><\/i> Apprendre \u00e0 cr\u00e9er et g\u00e9rer des tickets (issues) dans JIRA.\n<\/p>\n\n<p><i class=\"fa fa-check\" style=\"color: green;\"><\/i> Utiliser les workflows et les \u00e9tats des tickets.\n<\/p>\n\n<p><i class=\"fa fa-check\" style=\"color: green;\"><\/i> Ma\u00eetriser les permissions et les r\u00f4les d&#8217;utilisateurs.\n<\/p>\n\n<p><i class=\"fa fa-check\" style=\"color: green;\"><\/i> Personnaliser les champs et les \u00e9crans des tickets.\n<\/p>\n\n<p><i class=\"fa fa-check\" style=\"color: green;\"><\/i> Utiliser les filtres et les tableaux de bord pour le suivi des projets.\n<\/p>\n\n<p><i class=\"fa fa-check\" style=\"color: green;\"><\/i> Acqu\u00e9rir les comp\u00e9tences pour g\u00e9n\u00e9rer des rapports et des m\u00e9triques.\n<\/p>\n\n                        <\/div>\n                    <\/div>\n                                    <div class=\"tab-pane elementkit-tab-pane elementor-repeater-item-00f52ae \" id=\"content-00f52ae69de2d698977f\" role=\"tabpanel\"\n                         aria-labelledby=\"content-00f52ae69de2d698977f-tab\">\n                        <div class=\"animated fadeIn\">\n                            <p><i class=\"fa fa-check\" style=\"color: green;\"><\/i> Pr\u00e9sentations et d\u00e9monstrations\n<\/p>\n\n<p><i class=\"fa fa-check\" style=\"color: green;\"><\/i> Discussions de Groupe\n<\/p>\n\n<p><i class=\"fa fa-check\" style=\"color: green;\"><\/i> Approche Interactive\n<\/p>\n\n<p><i class=\"fa fa-check\" style=\"color: green;\"><\/i> \u00c9tudes de Cas<\/p>                        <\/div>\n                    <\/div>\n                            <\/div>\n        <\/div>\n    <\/div>\t\t<\/div>\n\t\t\t\t<\/div>\n\t\t\t\t\t<\/div>\n\t\t<\/div>\n\t\t\t\t\t<\/div>\n\t\t<\/section>\n\t\t\t\t\t<\/div>\n\t\t<\/div>\n\t\t\t\t\t<\/div>\n\t\t<\/section>\n\t\t\t\t<\/div>\n\t\t","protected":false},"excerpt":{"rendered":"<p>JIRA Fondamentaux Niveau 1 D\u00e9couvrez notre formation en Jira Fondamentaux Niveau 1, une initiation essentielle sur deux jours pour ma\u00eetriser l&#8217;utilisation de Jira dans la gestion agile de projet. Guid\u00e9s par des formateurs exp\u00e9riment\u00e9s, vous explorerez les bases de Jira, apprendrez \u00e0 configurer des projets, \u00e0 cr\u00e9er et g\u00e9rer des [&hellip;]<\/p>\n","protected":false},"author":1,"featured_media":0,"parent":0,"menu_order":0,"comment_status":"closed","ping_status":"closed","template":"elementor_theme","meta":{"footnotes":""},"class_list":["post-7528","page","type-page","status-publish","hentry"],"_links":{"self":[{"href":"https:\/\/mesguides.info\/test-yetinnov\/wp-json\/wp\/v2\/pages\/7528"}],"collection":[{"href":"https:\/\/mesguides.info\/test-yetinnov\/wp-json\/wp\/v2\/pages"}],"about":[{"href":"https:\/\/mesguides.info\/test-yetinnov\/wp-json\/wp\/v2\/types\/page"}],"author":[{"embeddable":true,"href":"https:\/\/mesguides.info\/test-yetinnov\/wp-json\/wp\/v2\/users\/1"}],"replies":[{"embeddable":true,"href":"https:\/\/mesguides.info\/test-yetinnov\/wp-json\/wp\/v2\/comments?post=7528"}],"version-history":[{"count":10,"href":"https:\/\/mesguides.info\/test-yetinnov\/wp-json\/wp\/v2\/pages\/7528\/revisions"}],"predecessor-version":[{"id":8599,"href":"https:\/\/mesguides.info\/test-yetinnov\/wp-json\/wp\/v2\/pages\/7528\/revisions\/8599"}],"wp:attachment":[{"href":"https:\/\/mesguides.info\/test-yetinnov\/wp-json\/wp\/v2\/media?parent=7528"}],"curies":[{"name":"wp","href":"https:\/\/api.w.org\/{rel}","templated":true}]}}