{"id":7519,"date":"2024-08-26T12:09:32","date_gmt":"2024-08-26T10:09:32","guid":{"rendered":"https:\/\/mesguides.info\/test-yetinnov\/?page_id=7519"},"modified":"2024-09-09T11:02:12","modified_gmt":"2024-09-09T09:02:12","slug":"ms-azure-devops","status":"publish","type":"page","link":"https:\/\/mesguides.info\/test-yetinnov\/ms-azure-devops\/","title":{"rendered":"MS Azure DevOps"},"content":{"rendered":"\t\t<div data-elementor-type=\"wp-page\" data-elementor-id=\"7519\" class=\"elementor elementor-7519\">\n\t\t\t\t\t\t<section class=\"elementor-section elementor-top-section elementor-element elementor-element-c7cb38e elementor-section-boxed elementor-section-height-default elementor-section-height-default\" data-id=\"c7cb38e\" data-element_type=\"section\" data-settings=\"{&quot;background_background&quot;:&quot;classic&quot;,&quot;_ha_eqh_enable&quot;:false}\">\n\t\t\t\t\t\t<div class=\"elementor-container elementor-column-gap-default\">\n\t\t\t\t\t<div class=\"elementor-column elementor-col-100 elementor-top-column elementor-element elementor-element-c85c407\" data-id=\"c85c407\" data-element_type=\"column\">\n\t\t\t<div class=\"elementor-widget-wrap elementor-element-populated\">\n\t\t\t\t\t\t<section class=\"elementor-section elementor-inner-section elementor-element elementor-element-8812c70 elementor-section-full_width elementor-section-height-default elementor-section-height-default\" data-id=\"8812c70\" data-element_type=\"section\" data-settings=\"{&quot;_ha_eqh_enable&quot;:false}\">\n\t\t\t\t\t\t<div class=\"elementor-container elementor-column-gap-no\">\n\t\t\t\t\t<div class=\"elementor-column elementor-col-100 elementor-inner-column elementor-element elementor-element-29fa80d\" data-id=\"29fa80d\" data-element_type=\"column\">\n\t\t\t<div class=\"elementor-widget-wrap elementor-element-populated\">\n\t\t\t\t\t\t<div class=\"elementor-element elementor-element-9915907 elementor-invisible elementor-widget elementor-widget-elementskit-heading\" data-id=\"9915907\" data-element_type=\"widget\" data-settings=\"{&quot;_animation&quot;:&quot;fadeInUp&quot;}\" data-widget_type=\"elementskit-heading.default\">\n\t\t\t\t<div class=\"elementor-widget-container\">\n\t\t\t<div class=\"ekit-wid-con\" ><div class=\"ekit-heading elementskit-section-title-wraper center   ekit_heading_tablet-   ekit_heading_mobile-\"><h2 class=\"ekit-heading--title elementskit-section-title \">MS Azure DevOps<\/h2><div class=\"ekit_heading_separetor_wraper ekit_heading_elementskit-border-divider\"><div class=\"elementskit-border-divider\"><\/div><\/div>\t\t\t\t<div class='ekit-heading__description'>\n\t\t\t\t\t<p>D\u00e9couvrez notre formation en MS Azure DevOps, une immersion intensive de 2 jours con\u00e7ue pour les professionnels cherchant \u00e0 ma\u00eetriser les outils et les pratiques essentiels pour la gestion de projets et le d\u00e9veloppement logiciel dans l'\u00e9cosyst\u00e8me Azure.<\/p>\n\t\t\t\t<\/div>\n\t\t\t<\/div><\/div>\t\t<\/div>\n\t\t\t\t<\/div>\n\t\t\t\t<div class=\"elementor-element elementor-element-d9a7e6d elementor-widget elementor-widget-elementskit-simple-tab\" data-id=\"d9a7e6d\" data-element_type=\"widget\" data-widget_type=\"elementskit-simple-tab.default\">\n\t\t\t\t<div class=\"elementor-widget-container\">\n\t\t\t<div class=\"ekit-wid-con\" >        <div class=\"elementkit-tab-wraper   elementskit-fitcontent-tab \">\n            <ul class=\"nav nav-tabs elementkit-tab-nav  elementskit_tooltip_style elementskit_tooltip_style\">\n                                    <li class=\"elementkit-nav-item elementor-repeater-item-e7fb3c4\">\n                        <a class=\"elementkit-nav-link  active show left-pos\" id=\"content-e7fb3c469de2c73dde81-tab\" data-ekit-handler-id=\"pourquoi-se-former-en-ms-azure-devops-\" data-ekit-toggle=\"tab\" data-target=\"#content-e7fb3c469de2c73dde81\" href=\"#Content-e7fb3c469de2c73dde81\"\n                            data-ekit-toggle-trigger=\"click\"\n                            aria-describedby=\"Content-e7fb3c469de2c73dde81\">\n                            <span class=\" elementskit-tab-icon\"><\/span>                            <span class=\"elementskit-tab-title\"> Pourquoi se former en MS Azure DevOps? <\/span>\n                        <\/a>\n                    <\/li>\n                                        <li class=\"elementkit-nav-item elementor-repeater-item-9077dfd\">\n                        <a class=\"elementkit-nav-link  left-pos\" id=\"content-9077dfd69de2c73dde81-tab\" data-ekit-handler-id=\"cibles\" data-ekit-toggle=\"tab\" data-target=\"#content-9077dfd69de2c73dde81\" href=\"#Content-9077dfd69de2c73dde81\"\n                            data-ekit-toggle-trigger=\"click\"\n                            aria-describedby=\"Content-9077dfd69de2c73dde81\">\n                            <span class=\" elementskit-tab-icon\"><\/span>                            <span class=\"elementskit-tab-title\"> Cibles<\/span>\n                        <\/a>\n                    <\/li>\n                                        <li class=\"elementkit-nav-item elementor-repeater-item-8ccf88b\">\n                        <a class=\"elementkit-nav-link  left-pos\" id=\"content-8ccf88b69de2c73dde81-tab\" data-ekit-handler-id=\"-programme-de-formation-\" data-ekit-toggle=\"tab\" data-target=\"#content-8ccf88b69de2c73dde81\" href=\"#Content-8ccf88b69de2c73dde81\"\n                            data-ekit-toggle-trigger=\"click\"\n                            aria-describedby=\"Content-8ccf88b69de2c73dde81\">\n                            <span class=\" elementskit-tab-icon\"><\/span>                            <span class=\"elementskit-tab-title\">  Programme de formation <\/span>\n                        <\/a>\n                    <\/li>\n                                        <li class=\"elementkit-nav-item elementor-repeater-item-3096e7d\">\n                        <a class=\"elementkit-nav-link  left-pos\" id=\"content-3096e7d69de2c73dde81-tab\" data-ekit-handler-id=\"objectifs-de-la-formation-\" data-ekit-toggle=\"tab\" data-target=\"#content-3096e7d69de2c73dde81\" href=\"#Content-3096e7d69de2c73dde81\"\n                            data-ekit-toggle-trigger=\"click\"\n                            aria-describedby=\"Content-3096e7d69de2c73dde81\">\n                            <span class=\" elementskit-tab-icon\"><\/span>                            <span class=\"elementskit-tab-title\"> Objectifs de la formation <\/span>\n                        <\/a>\n                    <\/li>\n                                        <li class=\"elementkit-nav-item elementor-repeater-item-00f52ae\">\n                        <a class=\"elementkit-nav-link  left-pos\" id=\"content-00f52ae69de2c73dde81-tab\" data-ekit-handler-id=\"objectifs-p-dagogiques-\" data-ekit-toggle=\"tab\" data-target=\"#content-00f52ae69de2c73dde81\" href=\"#Content-00f52ae69de2c73dde81\"\n                            data-ekit-toggle-trigger=\"click\"\n                            aria-describedby=\"Content-00f52ae69de2c73dde81\">\n                            <span class=\" elementskit-tab-icon\"><\/span>                            <span class=\"elementskit-tab-title\"> Objectifs p\u00e9dagogiques <\/span>\n                        <\/a>\n                    <\/li>\n                                <\/ul>\n\n            <div class=\"tab-content elementkit-tab-content\">\n                                    <div class=\"tab-pane elementkit-tab-pane elementor-repeater-item-e7fb3c4  active show\" id=\"content-e7fb3c469de2c73dde81\" role=\"tabpanel\"\n                         aria-labelledby=\"content-e7fb3c469de2c73dde81-tab\">\n                        <div class=\"animated fadeIn\">\n                            <p>Azure DevOps est une suite de services offrant un acc\u00e8s \u00e0 des outils sp\u00e9cialis\u00e9s. Gr\u00e2ce \u00e0 Azure DevOps, vous pouvez cr\u00e9er, tester et d\u00e9ployer des applications aussi bien dans le cloud qu&#8217;en local.<\/p>                        <\/div>\n                    <\/div>\n                                    <div class=\"tab-pane elementkit-tab-pane elementor-repeater-item-9077dfd \" id=\"content-9077dfd69de2c73dde81\" role=\"tabpanel\"\n                         aria-labelledby=\"content-9077dfd69de2c73dde81-tab\">\n                        <div class=\"animated fadeIn\">\n                            <p style=\"text-align: center; font-size: 20px; margin-bottom: 40px;\"><strong>A quel public cette formation s\u2019adresse-t-elle?<\/strong><\/p>\n\n<p><i class=\"fa fa-check\" style=\"color: green;\"><\/i> Chefs de projet technique,\n<\/p>\n\n<p><i class=\"fa fa-check\" style=\"color: green;\"><\/i> Architectes,\n<\/p>\n\n<p><i class=\"fa fa-check\" style=\"color: green;\"><\/i> IT d\u00e9v\n<\/p>\n\n<p style=\"text-align: center; color: red; font-size: 20px; margin-top: 40px;\">Convient \u00e0 tous les niveaux, sans pr\u00e9requis.<\/p>                        <\/div>\n                    <\/div>\n                                    <div class=\"tab-pane elementkit-tab-pane elementor-repeater-item-8ccf88b \" id=\"content-8ccf88b69de2c73dde81\" role=\"tabpanel\"\n                         aria-labelledby=\"content-8ccf88b69de2c73dde81-tab\">\n                        <div class=\"animated fadeIn\">\n                            <p style=\"text-align: center; font-size: 20px; color: red; margin-bottom: 60px;\"><span style=\"color: #000;\">Dur\u00e9e de la Formation :<\/span> <i class=\"fa fa-calendar\" style=\"color: #576194;\"><\/i> 2 Jours<\/p>\n<h4>1-Introduction \u00e0 DevOps : \n<\/h4>\n<p><i class=\"fa fa-check\" style=\"color: green;\"><\/i> Historique et principes fondamentaux de DevOps.\n<\/p>\n\n<p><i class=\"fa fa-check\" style=\"color: green;\"><\/i> Importance de DevOps dans le cycle de vie du d\u00e9veloppement logiciel.<\/p>\n\n<p><i class=\"fa fa-check\" style=\"color: green;\"><\/i> Pr\u00e9sentation des outils DevOps populaires. <\/p>\n\n<h4>2-Pr\u00e9sentation d&#8217;Azure DevOps:\n<\/h4>\n<p><i class=\"fa fa-check\" style=\"color: green;\"><\/i> Vue d&#8217;ensemble des services Azure DevOps : Boards, Repos, Pipelines, Test Plans, Artifacts.\n<\/p>\n\n<p><i class=\"fa fa-check\" style=\"color: green;\"><\/i> Cr\u00e9ation et configuration d\u2019un compte Azure DevOps. \n<\/p>\n\n<h4>3-Gestion de Projet avec Azure Boards :\n<\/h4>\n<p><i class=\"fa fa-check\" style=\"color: green;\"><\/i> Cr\u00e9ation et gestion de projets.\n<\/p>\n\n<p><i class=\"fa fa-check\" style=\"color: green;\"><\/i> Utilisation des tableaux Kanban et des tableaux Scrum.\n<\/p>\n\n<p><i class=\"fa fa-check\" style=\"color: green;\"><\/i> Suivi des t\u00e2ches et gestion des backlogs. \n<\/p>\n\n\n<h4>4-Contr\u00f4le de Version avec Azure Repos\n<\/h4>\n<p><i class=\"fa fa-check\" style=\"color: green;\"><\/i> Introduction \u00e0 Git et \u00e0 son int\u00e9gration avec Azure Repos.\n<\/p>\n\n<p><i class=\"fa fa-check\" style=\"color: green;\"><\/i> Cr\u00e9ation et gestion de d\u00e9p\u00f4ts Git.\n<\/p>\n\n<p><i class=\"fa fa-check\" style=\"color: green;\"><\/i> Strat\u00e9gies de branches et Pull Requests.\n<\/p>\n\n\n<h4>5-Introduction \u00e0 l&#8217;Int\u00e9gration Continue (CI) :\n<\/h4>\n<p><i class=\"fa fa-check\" style=\"color: green;\"><\/i> Concepts de base de l&#8217;int\u00e9gration continue.\n<\/p>\n\n<p><i class=\"fa fa-check\" style=\"color: green;\"><\/i> Configuration des pipelines CI avec Azure Pipelines.\n<\/p>\n\n<p><i class=\"fa fa-check\" style=\"color: green;\"><\/i> Mise en place de builds automatiques.\n<\/p>\n\n\n<h4>6-Introduction \u00e0 la Livraison Continue (CD) :\n<\/h4>\n<p><i class=\"fa fa-check\" style=\"color: green;\"><\/i> Concepts de base de la livraison continue.\n<\/p>\n\n<p><i class=\"fa fa-check\" style=\"color: green;\"><\/i> D\u00e9ploiement automatique avec Azure Pipelines.\n<\/p>\n\n<p><i class=\"fa fa-check\" style=\"color: green;\"><\/i> Configuration de strat\u00e9gies de d\u00e9ploiement.\n<\/p>\n\n\n<h4>7-Gestion des Tests avec Azure Test Plans :\n<\/h4>\n<p><i class=\"fa fa-check\" style=\"color: green;\"><\/i> Introduction aux tests manuels et automatis\u00e9s.\n<\/p>\n\n<p><i class=\"fa fa-check\" style=\"color: green;\"><\/i> Configuration des suites de tests et des plans de tests.\n<\/p>\n\n<p><i class=\"fa fa-check\" style=\"color: green;\"><\/i> Int\u00e9gration des tests dans les pipelines CI\/CD.\n<\/p>\n\n\n<h4>8-Gestion des Artefacts avec Azure Artifacts :\n<\/h4>\n<p><i class=\"fa fa-check\" style=\"color: green;\"><\/i> Utilisation d\u2019Azure Artifacts pour le stockage et la gestion des paquets.\n<\/p>\n\n<p><i class=\"fa fa-check\" style=\"color: green;\"><\/i> Publication et consommation de paquets.\n<\/p>\n\n\n<h4>9-S\u00e9curit\u00e9 et Monitoring :\n<\/h4>\n<p><i class=\"fa fa-check\" style=\"color: green;\"><\/i> Mise en \u0153uvre des meilleures pratiques de s\u00e9curit\u00e9 dans Azure DevOps.<\/p>\n\n<p><i class=\"fa fa-check\" style=\"color: green;\"><\/i> Surveillance et analyse des performances des applications d\u00e9ploy\u00e9es.\n<\/p>\n\n                        <\/div>\n                    <\/div>\n                                    <div class=\"tab-pane elementkit-tab-pane elementor-repeater-item-3096e7d \" id=\"content-3096e7d69de2c73dde81\" role=\"tabpanel\"\n                         aria-labelledby=\"content-3096e7d69de2c73dde81-tab\">\n                        <div class=\"animated fadeIn\">\n                            \n<p><i class=\"fa fa-check\" style=\"color: green;\"><\/i> Comprendre les concepts fondamentaux de DevOps.\n<\/p>\n\n<p><i class=\"fa fa-check\" style=\"color: green;\"><\/i> Ma\u00eetriser les outils et services offerts par Azure DevOps.<\/p>\n\n<p><i class=\"fa fa-check\" style=\"color: green;\"><\/i> Savoir configurer et g\u00e9rer des pipelines CI\/CD.\n<\/p>\n\n<p><i class=\"fa fa-check\" style=\"color: green;\"><\/i> Am\u00e9liorer la collaboration entre les \u00e9quipes de d\u00e9veloppement et d&#8217;op\u00e9rations.\n<\/p>\n\n<p><i class=\"fa fa-check\" style=\"color: green;\"><\/i> Automatiser les processus de d\u00e9veloppement, de test et de d\u00e9ploiement.<\/p>                        <\/div>\n                    <\/div>\n                                    <div class=\"tab-pane elementkit-tab-pane elementor-repeater-item-00f52ae \" id=\"content-00f52ae69de2c73dde81\" role=\"tabpanel\"\n                         aria-labelledby=\"content-00f52ae69de2c73dde81-tab\">\n                        <div class=\"animated fadeIn\">\n                            <p><i class=\"fa fa-check\" style=\"color: green;\"><\/i> Pr\u00e9sentations, \n<\/p>\n\n<p><i class=\"fa fa-check\" style=\"color: green;\"><\/i> Exemples p\u00e9dagogiques et concrets pour assimiler les principaux concepts, \n<\/p>\n\n<p><i class=\"fa fa-check\" style=\"color: green;\"><\/i> \u00c9tude de cas pratique\n<\/p>\n                        <\/div>\n                    <\/div>\n                            <\/div>\n        <\/div>\n    <\/div>\t\t<\/div>\n\t\t\t\t<\/div>\n\t\t\t\t\t<\/div>\n\t\t<\/div>\n\t\t\t\t\t<\/div>\n\t\t<\/section>\n\t\t\t\t\t<\/div>\n\t\t<\/div>\n\t\t\t\t\t<\/div>\n\t\t<\/section>\n\t\t\t\t<\/div>\n\t\t","protected":false},"excerpt":{"rendered":"<p>MS Azure DevOps D\u00e9couvrez notre formation en MS Azure DevOps, une immersion intensive de 2 jours con\u00e7ue pour les professionnels cherchant \u00e0 ma\u00eetriser les outils et les pratiques essentiels pour la gestion de projets et le d\u00e9veloppement logiciel dans l&#8217;\u00e9cosyst\u00e8me Azure. Pourquoi se former en MS Azure DevOps? Cibles Programme [&hellip;]<\/p>\n","protected":false},"author":1,"featured_media":0,"parent":0,"menu_order":0,"comment_status":"closed","ping_status":"closed","template":"elementor_theme","meta":{"footnotes":""},"class_list":["post-7519","page","type-page","status-publish","hentry"],"_links":{"self":[{"href":"https:\/\/mesguides.info\/test-yetinnov\/wp-json\/wp\/v2\/pages\/7519"}],"collection":[{"href":"https:\/\/mesguides.info\/test-yetinnov\/wp-json\/wp\/v2\/pages"}],"about":[{"href":"https:\/\/mesguides.info\/test-yetinnov\/wp-json\/wp\/v2\/types\/page"}],"author":[{"embeddable":true,"href":"https:\/\/mesguides.info\/test-yetinnov\/wp-json\/wp\/v2\/users\/1"}],"replies":[{"embeddable":true,"href":"https:\/\/mesguides.info\/test-yetinnov\/wp-json\/wp\/v2\/comments?post=7519"}],"version-history":[{"count":10,"href":"https:\/\/mesguides.info\/test-yetinnov\/wp-json\/wp\/v2\/pages\/7519\/revisions"}],"predecessor-version":[{"id":8596,"href":"https:\/\/mesguides.info\/test-yetinnov\/wp-json\/wp\/v2\/pages\/7519\/revisions\/8596"}],"wp:attachment":[{"href":"https:\/\/mesguides.info\/test-yetinnov\/wp-json\/wp\/v2\/media?parent=7519"}],"curies":[{"name":"wp","href":"https:\/\/api.w.org\/{rel}","templated":true}]}}