{"id":7510,"date":"2024-08-26T11:39:07","date_gmt":"2024-08-26T09:39:07","guid":{"rendered":"https:\/\/mesguides.info\/test-yetinnov\/?page_id=7510"},"modified":"2024-09-09T11:02:01","modified_gmt":"2024-09-09T09:02:01","slug":"ms-project","status":"publish","type":"page","link":"https:\/\/mesguides.info\/test-yetinnov\/ms-project\/","title":{"rendered":"MS Project"},"content":{"rendered":"\t\t<div data-elementor-type=\"wp-page\" data-elementor-id=\"7510\" class=\"elementor elementor-7510\">\n\t\t\t\t\t\t<section class=\"elementor-section elementor-top-section elementor-element elementor-element-e2644ab elementor-section-boxed elementor-section-height-default elementor-section-height-default\" data-id=\"e2644ab\" data-element_type=\"section\" data-settings=\"{&quot;background_background&quot;:&quot;classic&quot;,&quot;_ha_eqh_enable&quot;:false}\">\n\t\t\t\t\t\t<div class=\"elementor-container elementor-column-gap-default\">\n\t\t\t\t\t<div class=\"elementor-column elementor-col-100 elementor-top-column elementor-element elementor-element-90c9b12\" data-id=\"90c9b12\" data-element_type=\"column\">\n\t\t\t<div class=\"elementor-widget-wrap elementor-element-populated\">\n\t\t\t\t\t\t<section class=\"elementor-section elementor-inner-section elementor-element elementor-element-f272d70 elementor-section-full_width elementor-section-height-default elementor-section-height-default\" data-id=\"f272d70\" data-element_type=\"section\" data-settings=\"{&quot;_ha_eqh_enable&quot;:false}\">\n\t\t\t\t\t\t<div class=\"elementor-container elementor-column-gap-no\">\n\t\t\t\t\t<div class=\"elementor-column elementor-col-100 elementor-inner-column elementor-element elementor-element-81e3b3c\" data-id=\"81e3b3c\" data-element_type=\"column\">\n\t\t\t<div class=\"elementor-widget-wrap elementor-element-populated\">\n\t\t\t\t\t\t<div class=\"elementor-element elementor-element-94fe51c elementor-invisible elementor-widget elementor-widget-elementskit-heading\" data-id=\"94fe51c\" data-element_type=\"widget\" data-settings=\"{&quot;_animation&quot;:&quot;fadeInUp&quot;}\" data-widget_type=\"elementskit-heading.default\">\n\t\t\t\t<div class=\"elementor-widget-container\">\n\t\t\t<div class=\"ekit-wid-con\" ><div class=\"ekit-heading elementskit-section-title-wraper center   ekit_heading_tablet-   ekit_heading_mobile-\"><h2 class=\"ekit-heading--title elementskit-section-title \">MS Project \u2013 Outil de gestion de projet<\/h2><div class=\"ekit_heading_separetor_wraper ekit_heading_elementskit-border-divider\"><div class=\"elementskit-border-divider\"><\/div><\/div>\t\t\t\t<div class='ekit-heading__description'>\n\t\t\t\t\t<p>D\u00e9couvrez notre formation en MS Project, con\u00e7ue pour les professionnels cherchant \u00e0 ma\u00eetriser cet outil puissant de gestion de projet. Nous savons qu'une gestion de projet efficace est essentielle pour r\u00e9ussir dans un environnement agile et en constante \u00e9volution. Que vous soyez d\u00e9butant ou utilisateur exp\u00e9riment\u00e9, cette formation vous offrira des comp\u00e9tences pratiques et des insights pr\u00e9cieux pour optimiser la gestion de vos projets et atteindre vos objectifs avec succ\u00e8s. Rejoignez-nous et transformez votre approche de la gestion de projet gr\u00e2ce \u00e0 MS Project.<\/p>\n\t\t\t\t<\/div>\n\t\t\t<\/div><\/div>\t\t<\/div>\n\t\t\t\t<\/div>\n\t\t\t\t<div class=\"elementor-element elementor-element-1f21621 elementor-widget elementor-widget-elementskit-simple-tab\" data-id=\"1f21621\" data-element_type=\"widget\" data-widget_type=\"elementskit-simple-tab.default\">\n\t\t\t\t<div class=\"elementor-widget-container\">\n\t\t\t<div class=\"ekit-wid-con\" >        <div class=\"elementkit-tab-wraper   elementskit-fitcontent-tab \">\n            <ul class=\"nav nav-tabs elementkit-tab-nav  elementskit_tooltip_style elementskit_tooltip_style\">\n                                    <li class=\"elementkit-nav-item elementor-repeater-item-e7fb3c4\">\n                        <a class=\"elementkit-nav-link  active show left-pos\" id=\"content-e7fb3c469de2c739a6af-tab\" data-ekit-handler-id=\"pourquoi-se-former-en-ms-project-\" data-ekit-toggle=\"tab\" data-target=\"#content-e7fb3c469de2c739a6af\" href=\"#Content-e7fb3c469de2c739a6af\"\n                            data-ekit-toggle-trigger=\"click\"\n                            aria-describedby=\"Content-e7fb3c469de2c739a6af\">\n                            <span class=\" elementskit-tab-icon\"><\/span>                            <span class=\"elementskit-tab-title\"> Pourquoi se former en MS Project ?<\/span>\n                        <\/a>\n                    <\/li>\n                                        <li class=\"elementkit-nav-item elementor-repeater-item-9077dfd\">\n                        <a class=\"elementkit-nav-link  left-pos\" id=\"content-9077dfd69de2c739a6af-tab\" data-ekit-handler-id=\"cibles\" data-ekit-toggle=\"tab\" data-target=\"#content-9077dfd69de2c739a6af\" href=\"#Content-9077dfd69de2c739a6af\"\n                            data-ekit-toggle-trigger=\"click\"\n                            aria-describedby=\"Content-9077dfd69de2c739a6af\">\n                            <span class=\" elementskit-tab-icon\"><\/span>                            <span class=\"elementskit-tab-title\"> Cibles<\/span>\n                        <\/a>\n                    <\/li>\n                                        <li class=\"elementkit-nav-item elementor-repeater-item-8ccf88b\">\n                        <a class=\"elementkit-nav-link  left-pos\" id=\"content-8ccf88b69de2c739a6af-tab\" data-ekit-handler-id=\"-programme-de-formation-\" data-ekit-toggle=\"tab\" data-target=\"#content-8ccf88b69de2c739a6af\" href=\"#Content-8ccf88b69de2c739a6af\"\n                            data-ekit-toggle-trigger=\"click\"\n                            aria-describedby=\"Content-8ccf88b69de2c739a6af\">\n                            <span class=\" elementskit-tab-icon\"><\/span>                            <span class=\"elementskit-tab-title\">  Programme de formation <\/span>\n                        <\/a>\n                    <\/li>\n                                        <li class=\"elementkit-nav-item elementor-repeater-item-3096e7d\">\n                        <a class=\"elementkit-nav-link  left-pos\" id=\"content-3096e7d69de2c739a6af-tab\" data-ekit-handler-id=\"objectifs-de-la-formation-\" data-ekit-toggle=\"tab\" data-target=\"#content-3096e7d69de2c739a6af\" href=\"#Content-3096e7d69de2c739a6af\"\n                            data-ekit-toggle-trigger=\"click\"\n                            aria-describedby=\"Content-3096e7d69de2c739a6af\">\n                            <span class=\" elementskit-tab-icon\"><\/span>                            <span class=\"elementskit-tab-title\"> Objectifs de la formation <\/span>\n                        <\/a>\n                    <\/li>\n                                        <li class=\"elementkit-nav-item elementor-repeater-item-00f52ae\">\n                        <a class=\"elementkit-nav-link  left-pos\" id=\"content-00f52ae69de2c739a6af-tab\" data-ekit-handler-id=\"objectifs-p-dagogiques-\" data-ekit-toggle=\"tab\" data-target=\"#content-00f52ae69de2c739a6af\" href=\"#Content-00f52ae69de2c739a6af\"\n                            data-ekit-toggle-trigger=\"click\"\n                            aria-describedby=\"Content-00f52ae69de2c739a6af\">\n                            <span class=\" elementskit-tab-icon\"><\/span>                            <span class=\"elementskit-tab-title\"> Objectifs p\u00e9dagogiques <\/span>\n                        <\/a>\n                    <\/li>\n                                <\/ul>\n\n            <div class=\"tab-content elementkit-tab-content\">\n                                    <div class=\"tab-pane elementkit-tab-pane elementor-repeater-item-e7fb3c4  active show\" id=\"content-e7fb3c469de2c739a6af\" role=\"tabpanel\"\n                         aria-labelledby=\"content-e7fb3c469de2c739a6af-tab\">\n                        <div class=\"animated fadeIn\">\n                            Dans un monde o\u00f9 la gestion de projets devient de plus en plus complexe et n\u00e9cessite une coordination rigoureuse, la ma\u00eetrise de MS Project repr\u00e9sente un atout incontournable. MS Project est un outil puissant et flexible qui permet de planifier, suivre, et g\u00e9rer efficacement des projets de toute envergure. Se former en MS Project permet non seulement d&#8217;acqu\u00e9rir des comp\u00e9tences techniques pr\u00e9cieuses, mais aussi d&#8217;am\u00e9liorer la capacit\u00e9 \u00e0 orchestrer des \u00e9quipes, des ressources, et des d\u00e9lais de mani\u00e8re harmonieuse. En d\u00e9veloppant une expertise sur cet outil, vous serez mieux pr\u00e9par\u00e9 pour optimiser la gestion de vos projets, augmenter votre productivit\u00e9, et atteindre vos objectifs avec pr\u00e9cision et efficacit\u00e9.\n                        <\/div>\n                    <\/div>\n                                    <div class=\"tab-pane elementkit-tab-pane elementor-repeater-item-9077dfd \" id=\"content-9077dfd69de2c739a6af\" role=\"tabpanel\"\n                         aria-labelledby=\"content-9077dfd69de2c739a6af-tab\">\n                        <div class=\"animated fadeIn\">\n                            <p style=\"text-align: center; font-size: 20px; margin-bottom: 40px;\"><strong>A quel public cette formation s\u2019adresse-t-elle?<\/strong><\/p>\nToute personne impliqu\u00e9e dans la conduite d&#8217;un projet: organisationnel, technique, administratif ou autre.\n\n<i class=\"fa fa-check\" style=\"color: green;\"><\/i> Coach Agile, Manager\n\n<i class=\"fa fa-check\" style=\"color: green;\"><\/i> Chef de projet \/ p\u00f4le\n\n<i class=\"fa fa-check\" style=\"color: green;\"><\/i> Scrum Master\n\n<i class=\"fa fa-check\" style=\"color: green;\"><\/i> Product Owner\n\n<i class=\"fa fa-check\" style=\"color: green;\"><\/i> Responsable de produit\n\n<i class=\"fa fa-check\" style=\"color: green;\"><\/i> Direction g\u00e9n\u00e9rale\n<p style=\"text-align: center; color: red; font-size: 20px; margin-top: 40px;\">Convient \u00e0 tous les niveaux, sans pr\u00e9requis.<\/p>                        <\/div>\n                    <\/div>\n                                    <div class=\"tab-pane elementkit-tab-pane elementor-repeater-item-8ccf88b \" id=\"content-8ccf88b69de2c739a6af\" role=\"tabpanel\"\n                         aria-labelledby=\"content-8ccf88b69de2c739a6af-tab\">\n                        <div class=\"animated fadeIn\">\n                            <p style=\"text-align: center; font-size: 20px; color: red; margin-bottom: 60px;\"><span style=\"color: #000;\">Dur\u00e9e de la Formation :<\/span> <i class=\"fa fa-calendar\" style=\"color: #576194;\"><\/i> 3 Jours<\/p>\n\n<h4>1-Les fondamentaux de la conduite de projet\n<\/h4>\n<p><i class=\"fa fa-check\" style=\"color: green;\"><\/i> Conna\u00eetre les concepts cl\u00e9s d\u2019un projet <\/p>\n\n<p><i class=\"fa fa-check\" style=\"color: green;\"><\/i> Comprendre le fonctionnement en mode projet <\/p>\n\n<p><i class=\"fa fa-check\" style=\"color: green;\"><\/i> Identifier les fonctions de base requises dans un outil de conduite de projet \n<\/p>\n\n<p>Travaux pratiques : vue d\u2019ensemble de l\u2019outil MS Project 2010 \u2013 D\u00e9marrer le projet\n<\/p>\n\n<p><i class=\"fa fa-check\" style=\"color: green;\"><\/i> Les diff\u00e9rences entre la version 2010 et les versions ant\u00e9rieures.\n<\/p>\n\n<p><i class=\"fa fa-check\" style=\"color: green;\"><\/i> Environnement g\u00e9n\u00e9ral du projet.\n<\/p>\n\n<p><i class=\"fa fa-check\" style=\"color: green;\"><\/i> Interface graphique : Pr\u00e9sentation des tables et modes d&#8217;affichage<\/p>\n\n<p><i class=\"fa fa-check\" style=\"color: green;\"><\/i> Diff\u00e9rences entre sophismes et paralogismes.\n<\/p>\n\n<h4>2-Identifier les besoins et les ressources pour r\u00e9aliser le projet \n<\/h4>\n<p><i class=\"fa fa-check\" style=\"color: green;\"><\/i> D\u00e9couper le projet en t\u00e2ches  coh\u00e9rentes\n<\/p>\n\n<p><i class=\"fa fa-check\" style=\"color: green;\"><\/i> Identifier les contenus des t\u00e2ches \u00e0 ex\u00e9cuter\n<\/p>\n\n<p><i class=\"fa fa-check\" style=\"color: green;\"><\/i> Construire l\u2019organigramme des t\u00e2ches\n<\/p>\n\n<p>Travaux pratiques : Construire le planning d\u00e9taill\u00e9 avec gestion des ressources\n<\/p>\n\n<p><i class=\"fa fa-check\" style=\"color: green;\"><\/i> Construire un planning en grandes mailles : d\u00e9finir et lier des t\u00e2ches, affecter des dur\u00e9es.<\/p>\n\n<p><i class=\"fa fa-check\" style=\"color: green;\"><\/i> D\u00e9couper le planning : t\u00e2ches subordonn\u00e9es, t\u00e2ches r\u00e9p\u00e9titives, contraintes, jalons et indicateurs.<\/p>\n\n<p><i class=\"fa fa-check\" style=\"color: green;\"><\/i> Optimiser le chemin critique par le PERT ; rep\u00e9rer les dates cl\u00e9s.<\/p>\n\n<p><i class=\"fa fa-check\" style=\"color: green;\"><\/i> Exploiter le planning : personnaliser l&#8217;\u00e9cran, tris, filtres.<\/p>\n\n<p><i class=\"fa fa-check\" style=\"color: green;\"><\/i> Importer les t\u00e2ches dans Outlook.<\/p>\n\n<h4>3-Organiser le projet : acteurs d\u2019un projet\n<\/h4>\n<p><i class=\"fa fa-check\" style=\"color: green;\"><\/i> D\u00e9finir les r\u00f4les et les responsabilit\u00e9s des acteurs du projet\n<\/p>\n\n<p><i class=\"fa fa-check\" style=\"color: green;\"><\/i> D\u00e9tailler le r\u00f4le et les responsabilit\u00e9s du chef de projet\n<\/p>\n\n<p><i class=\"fa fa-check\" style=\"color: green;\"><\/i> Identifier les ressources n\u00e9cessaires \u00e0 chaque t\u00e2che \n<\/p>\n\n<p>Travaux pratiques : G\u00e9rer les ressources humaines : l\u2019organisation du projet\n<\/p>\n\n<p><i class=\"fa fa-check\" style=\"color: green;\"><\/i> Affecter, param\u00e9trer les ressources : groupes, calendriers sp\u00e9cifiques, capacit\u00e9 maximale.\n<\/p>\n\n<p><i class=\"fa fa-check\" style=\"color: green;\"><\/i> Auditer les ressources : d\u00e9tecter les surutilisations.<\/p>\n\n<p><i class=\"fa fa-check\" style=\"color: green;\"><\/i> Estimer les ressources budget.<\/p>\n\n<h4>4-Estimer et faire le suivi du projet : co\u00fbts, d\u00e9lais, suivi d\u2019avancement\n<\/h4>\n<p><i class=\"fa fa-check\" style=\"color: green;\"><\/i> Estimer les co\u00fbts et \u00e9tablir un budget pr\u00e9visionnel\n<\/p>\n\n<p><i class=\"fa fa-check\" style=\"color: green;\"><\/i> Estimer les dur\u00e9es et \u00e9tablir un calendrier pr\u00e9visionnel\n<\/p>\n\n<p><i class=\"fa fa-check\" style=\"color: green;\"><\/i> Suivre les co\u00fbts et le calendrier par les plannings PERT et GANTT (jalons, chemin critique, \u2026)\n<\/p>\n\n<p>Travaux pratiques : Suivre le projet \n<\/p>\n\n<p><i class=\"fa fa-check\" style=\"color: green;\"><\/i> Effectuer le suivi courant (Diagramme de GANTT) : enregistrer les pr\u00e9visions, exploiter le suivi, comparer le pr\u00e9vu et le r\u00e9alis\u00e9, replanifier, calculer des champs, \u00e9diter des rapports, surveiller les dates cl\u00e9s, les d\u00e9rives. \n<\/p>\n\n<p><i class=\"fa fa-check\" style=\"color: green;\"><\/i> Les rapports graphiques (int\u00e9gration des tableaux dynamiques d\u2019Excel).<\/p>\n\n<p><i class=\"fa fa-check\" style=\"color: green;\"><\/i> Enregistrer, visualiser les diff\u00e9rents \u00e9tats du projet, faire des simulations.<\/p>\n\n<h4>5-Conclusion<\/h4>                        <\/div>\n                    <\/div>\n                                    <div class=\"tab-pane elementkit-tab-pane elementor-repeater-item-3096e7d \" id=\"content-3096e7d69de2c739a6af\" role=\"tabpanel\"\n                         aria-labelledby=\"content-3096e7d69de2c739a6af-tab\">\n                        <div class=\"animated fadeIn\">\n                            \n<p>La gestion d&#8217;un projet peut s&#8217;av\u00e9rer complexe et prendre beaucoup de temps : nombreux acteurs, multiplication des t\u00e2ches, partage de ressources, priorit\u00e9s floues\u2026 MS Project est une aide pr\u00e9cieuse pour gagner du temps en simulation, planification et suivi des plannings. Cette formation a pour besoins essentiels : \n<\/p>\n<p><i class=\"fa fa-check\" style=\"color: green;\"><\/i> S\u2019approprier le processus de conduite de projet <\/p>\n\n<p><i class=\"fa fa-check\" style=\"color: green;\"><\/i> Ma\u00eetriser l\u2019outil MS Project de gestion de projet \n <\/p>\n\n<p><i class=\"fa fa-check\" style=\"color: green;\"><\/i> R\u00e9ussir le projet dans le respect des objectifs fix\u00e9s\n <\/p>                        <\/div>\n                    <\/div>\n                                    <div class=\"tab-pane elementkit-tab-pane elementor-repeater-item-00f52ae \" id=\"content-00f52ae69de2c739a6af\" role=\"tabpanel\"\n                         aria-labelledby=\"content-00f52ae69de2c739a6af-tab\">\n                        <div class=\"animated fadeIn\">\n                            <p><i class=\"fa fa-check\" style=\"color: green;\"><\/i> Pr\u00e9sentations, \n<\/p>\n\n<p><i class=\"fa fa-check\" style=\"color: green;\"><\/i> Exemples p\u00e9dagogiques et concrets pour assimiler les principaux concepts,\n<\/p>\n\n<p><i class=\"fa fa-check\" style=\"color: green;\"><\/i> \u00c9coute des participants et identification de leurs besoins , <\/p>\n\n<p><i class=\"fa fa-check\" style=\"color: green;\"><\/i> \u00c9tude de cas pratique\n<\/p>                        <\/div>\n                    <\/div>\n                            <\/div>\n        <\/div>\n    <\/div>\t\t<\/div>\n\t\t\t\t<\/div>\n\t\t\t\t\t<\/div>\n\t\t<\/div>\n\t\t\t\t\t<\/div>\n\t\t<\/section>\n\t\t\t\t\t<\/div>\n\t\t<\/div>\n\t\t\t\t\t<\/div>\n\t\t<\/section>\n\t\t\t\t<\/div>\n\t\t","protected":false},"excerpt":{"rendered":"<p>MS Project \u2013 Outil de gestion de projet D\u00e9couvrez notre formation en MS Project, con\u00e7ue pour les professionnels cherchant \u00e0 ma\u00eetriser cet outil puissant de gestion de projet. Nous savons qu&#8217;une gestion de projet efficace est essentielle pour r\u00e9ussir dans un environnement agile et en constante \u00e9volution. Que vous soyez [&hellip;]<\/p>\n","protected":false},"author":1,"featured_media":0,"parent":0,"menu_order":0,"comment_status":"closed","ping_status":"closed","template":"elementor_theme","meta":{"footnotes":""},"class_list":["post-7510","page","type-page","status-publish","hentry"],"_links":{"self":[{"href":"https:\/\/mesguides.info\/test-yetinnov\/wp-json\/wp\/v2\/pages\/7510"}],"collection":[{"href":"https:\/\/mesguides.info\/test-yetinnov\/wp-json\/wp\/v2\/pages"}],"about":[{"href":"https:\/\/mesguides.info\/test-yetinnov\/wp-json\/wp\/v2\/types\/page"}],"author":[{"embeddable":true,"href":"https:\/\/mesguides.info\/test-yetinnov\/wp-json\/wp\/v2\/users\/1"}],"replies":[{"embeddable":true,"href":"https:\/\/mesguides.info\/test-yetinnov\/wp-json\/wp\/v2\/comments?post=7510"}],"version-history":[{"count":13,"href":"https:\/\/mesguides.info\/test-yetinnov\/wp-json\/wp\/v2\/pages\/7510\/revisions"}],"predecessor-version":[{"id":8593,"href":"https:\/\/mesguides.info\/test-yetinnov\/wp-json\/wp\/v2\/pages\/7510\/revisions\/8593"}],"wp:attachment":[{"href":"https:\/\/mesguides.info\/test-yetinnov\/wp-json\/wp\/v2\/media?parent=7510"}],"curies":[{"name":"wp","href":"https:\/\/api.w.org\/{rel}","templated":true}]}}