{"id":7480,"date":"2024-08-26T10:12:07","date_gmt":"2024-08-26T08:12:07","guid":{"rendered":"https:\/\/mesguides.info\/test-yetinnov\/?page_id=7480"},"modified":"2024-09-09T10:38:30","modified_gmt":"2024-09-09T08:38:30","slug":"pmi-acp","status":"publish","type":"page","link":"https:\/\/mesguides.info\/test-yetinnov\/pmi-acp\/","title":{"rendered":"PMI ACP"},"content":{"rendered":"\t\t<div data-elementor-type=\"wp-page\" data-elementor-id=\"7480\" class=\"elementor elementor-7480\">\n\t\t\t\t\t\t<section class=\"elementor-section elementor-top-section elementor-element elementor-element-60a372e elementor-section-boxed elementor-section-height-default elementor-section-height-default\" data-id=\"60a372e\" data-element_type=\"section\" data-settings=\"{&quot;background_background&quot;:&quot;classic&quot;,&quot;_ha_eqh_enable&quot;:false}\">\n\t\t\t\t\t\t<div class=\"elementor-container elementor-column-gap-default\">\n\t\t\t\t\t<div class=\"elementor-column elementor-col-100 elementor-top-column elementor-element elementor-element-b23532f\" data-id=\"b23532f\" data-element_type=\"column\">\n\t\t\t<div class=\"elementor-widget-wrap elementor-element-populated\">\n\t\t\t\t\t\t<section class=\"elementor-section elementor-inner-section elementor-element elementor-element-a04066e elementor-section-full_width elementor-section-height-default elementor-section-height-default\" data-id=\"a04066e\" data-element_type=\"section\" data-settings=\"{&quot;_ha_eqh_enable&quot;:false}\">\n\t\t\t\t\t\t<div class=\"elementor-container elementor-column-gap-no\">\n\t\t\t\t\t<div class=\"elementor-column elementor-col-100 elementor-inner-column elementor-element elementor-element-ef4279f\" data-id=\"ef4279f\" data-element_type=\"column\">\n\t\t\t<div class=\"elementor-widget-wrap elementor-element-populated\">\n\t\t\t\t\t\t<div class=\"elementor-element elementor-element-946c35b elementor-invisible elementor-widget elementor-widget-elementskit-heading\" data-id=\"946c35b\" data-element_type=\"widget\" data-settings=\"{&quot;_animation&quot;:&quot;fadeInUp&quot;}\" data-widget_type=\"elementskit-heading.default\">\n\t\t\t\t<div class=\"elementor-widget-container\">\n\t\t\t<div class=\"ekit-wid-con\" ><div class=\"ekit-heading elementskit-section-title-wraper center   ekit_heading_tablet-   ekit_heading_mobile-\"><h2 class=\"ekit-heading--title elementskit-section-title \">PMI ACP<\/h2><div class=\"ekit_heading_separetor_wraper ekit_heading_elementskit-border-divider\"><div class=\"elementskit-border-divider\"><\/div><\/div>\t\t\t\t<div class='ekit-heading__description'>\n\t\t\t\t\t<p>D\u00e9couvrez notre formation PMI ACP, con\u00e7ue pour r\u00e9pondre aux besoins croissants des professionnels cherchant \u00e0 ma\u00eetriser les principes de l'agilit\u00e9 dans un environnement professionnel dynamique. Notre programme est sp\u00e9cialement \u00e9labor\u00e9 par des experts reconnus dans le domaine, garantissant une approche pratique et strat\u00e9gique pour int\u00e9grer efficacement les m\u00e9thodologies agiles dans votre pratique professionnelle. <\/p>\n\t\t\t\t<\/div>\n\t\t\t<\/div><\/div>\t\t<\/div>\n\t\t\t\t<\/div>\n\t\t\t\t<div class=\"elementor-element elementor-element-fc2da10 elementor-widget elementor-widget-elementskit-simple-tab\" data-id=\"fc2da10\" data-element_type=\"widget\" data-widget_type=\"elementskit-simple-tab.default\">\n\t\t\t\t<div class=\"elementor-widget-container\">\n\t\t\t<div class=\"ekit-wid-con\" >        <div class=\"elementkit-tab-wraper   elementskit-fitcontent-tab \">\n            <ul class=\"nav nav-tabs elementkit-tab-nav  elementskit_tooltip_style elementskit_tooltip_style\">\n                                    <li class=\"elementkit-nav-item elementor-repeater-item-e7fb3c4\">\n                        <a class=\"elementkit-nav-link  active show left-pos\" id=\"content-e7fb3c469de2cc4b711a-tab\" data-ekit-handler-id=\"pourquoi-la-certification-pmi-acp-\" data-ekit-toggle=\"tab\" data-target=\"#content-e7fb3c469de2cc4b711a\" href=\"#Content-e7fb3c469de2cc4b711a\"\n                            data-ekit-toggle-trigger=\"click\"\n                            aria-describedby=\"Content-e7fb3c469de2cc4b711a\">\n                            <span class=\" elementskit-tab-icon\"><\/span>                            <span class=\"elementskit-tab-title\"> Pourquoi la certification PMI-ACP\u00ae ? <\/span>\n                        <\/a>\n                    <\/li>\n                                        <li class=\"elementkit-nav-item elementor-repeater-item-9077dfd\">\n                        <a class=\"elementkit-nav-link  left-pos\" id=\"content-9077dfd69de2cc4b711a-tab\" data-ekit-handler-id=\"cibles\" data-ekit-toggle=\"tab\" data-target=\"#content-9077dfd69de2cc4b711a\" href=\"#Content-9077dfd69de2cc4b711a\"\n                            data-ekit-toggle-trigger=\"click\"\n                            aria-describedby=\"Content-9077dfd69de2cc4b711a\">\n                            <span class=\" elementskit-tab-icon\"><\/span>                            <span class=\"elementskit-tab-title\"> Cibles<\/span>\n                        <\/a>\n                    <\/li>\n                                        <li class=\"elementkit-nav-item elementor-repeater-item-8ccf88b\">\n                        <a class=\"elementkit-nav-link  left-pos\" id=\"content-8ccf88b69de2cc4b711a-tab\" data-ekit-handler-id=\"-programme-de-formation-\" data-ekit-toggle=\"tab\" data-target=\"#content-8ccf88b69de2cc4b711a\" href=\"#Content-8ccf88b69de2cc4b711a\"\n                            data-ekit-toggle-trigger=\"click\"\n                            aria-describedby=\"Content-8ccf88b69de2cc4b711a\">\n                            <span class=\" elementskit-tab-icon\"><\/span>                            <span class=\"elementskit-tab-title\">  Programme de formation <\/span>\n                        <\/a>\n                    <\/li>\n                                        <li class=\"elementkit-nav-item elementor-repeater-item-3096e7d\">\n                        <a class=\"elementkit-nav-link  left-pos\" id=\"content-3096e7d69de2cc4b711a-tab\" data-ekit-handler-id=\"objectifs-de-la-formation-\" data-ekit-toggle=\"tab\" data-target=\"#content-3096e7d69de2cc4b711a\" href=\"#Content-3096e7d69de2cc4b711a\"\n                            data-ekit-toggle-trigger=\"click\"\n                            aria-describedby=\"Content-3096e7d69de2cc4b711a\">\n                            <span class=\" elementskit-tab-icon\"><\/span>                            <span class=\"elementskit-tab-title\"> Objectifs de la formation <\/span>\n                        <\/a>\n                    <\/li>\n                                        <li class=\"elementkit-nav-item elementor-repeater-item-00f52ae\">\n                        <a class=\"elementkit-nav-link  left-pos\" id=\"content-00f52ae69de2cc4b711a-tab\" data-ekit-handler-id=\"objectifs-p-dagogiques-\" data-ekit-toggle=\"tab\" data-target=\"#content-00f52ae69de2cc4b711a\" href=\"#Content-00f52ae69de2cc4b711a\"\n                            data-ekit-toggle-trigger=\"click\"\n                            aria-describedby=\"Content-00f52ae69de2cc4b711a\">\n                            <span class=\" elementskit-tab-icon\"><\/span>                            <span class=\"elementskit-tab-title\"> Objectifs p\u00e9dagogiques <\/span>\n                        <\/a>\n                    <\/li>\n                                <\/ul>\n\n            <div class=\"tab-content elementkit-tab-content\">\n                                    <div class=\"tab-pane elementkit-tab-pane elementor-repeater-item-e7fb3c4  active show\" id=\"content-e7fb3c469de2cc4b711a\" role=\"tabpanel\"\n                         aria-labelledby=\"content-e7fb3c469de2cc4b711a-tab\">\n                        <div class=\"animated fadeIn\">\n                            Dans le monde actuel des affaires, o\u00f9 la flexibilit\u00e9 et la r\u00e9activit\u00e9 sont essentielles, l&#8217;agilit\u00e9 est devenue un pilier central pour r\u00e9ussir dans la gestion de projets. La certification PMI-ACP\u00ae est reconnue mondialement comme une validation des comp\u00e9tences en gestion de projet agile, offrant une m\u00e9thodologie robuste pour naviguer \u00e0 travers les d\u00e9fis complexes du d\u00e9veloppement logiciel, de l&#8217;innovation produit et bien plus encore. Cette formation PMI-ACP\u00ae vous pr\u00e9parera \u00e0 ma\u00eetriser les principes agiles, \u00e0 optimiser les processus et \u00e0 conduire des \u00e9quipes vers la r\u00e9ussite projet dans un environnement dynamique. Rejoignez-nous pour transformer votre approche de la gestion de projet et propulser votre carri\u00e8re vers de nouveaux sommets d&#8217;efficacit\u00e9 et d&#8217;adaptabilit\u00e9. \n                        <\/div>\n                    <\/div>\n                                    <div class=\"tab-pane elementkit-tab-pane elementor-repeater-item-9077dfd \" id=\"content-9077dfd69de2cc4b711a\" role=\"tabpanel\"\n                         aria-labelledby=\"content-9077dfd69de2cc4b711a-tab\">\n                        <div class=\"animated fadeIn\">\n                            <p style=\"text-align: center; font-size: 20px; margin-bottom: 40px;\"><strong>A quel public cette formation s\u2019adresse-t-elle?<\/strong><\/p>\n<i class=\"fa fa-check\" style=\"color: green;\"><\/i> Chefs de projets MOE et MOA, architectes et consultants\u2026 Toute personne impliqu\u00e9e dans un projet agile. Toute personne se pr\u00e9parant \u00e0 passer l&#8217;examen PMI-ACP\u00ae\n\n<p style=\"text-align: center; color: red; font-size: 20px; margin-top: 40px;\">Pour pouvoir passer l&#8217;examen PMI-ACP\u00ae, il est n\u00e9cessaire d&#8217;\u00eatre approuv\u00e9 par le PMI. Il est \u00e9galement essentiel de poss\u00e9der de solides comp\u00e9tences en gestion de projet, tant dans les m\u00e9thodes de d\u00e9veloppement en cascade que dans les m\u00e9thodes agiles.\n<\/p>                        <\/div>\n                    <\/div>\n                                    <div class=\"tab-pane elementkit-tab-pane elementor-repeater-item-8ccf88b \" id=\"content-8ccf88b69de2cc4b711a\" role=\"tabpanel\"\n                         aria-labelledby=\"content-8ccf88b69de2cc4b711a-tab\">\n                        <div class=\"animated fadeIn\">\n                            <p style=\"text-align: center; font-size: 20px; color: red; margin-bottom: 60px;\"><span style=\"color: #000;\">Dur\u00e9e de la Formation :<\/span> <i class=\"fa fa-calendar\" style=\"color: #576194;\"><\/i> 3 Jours<\/p>\n\n<h4>1-Introduction et Fondamentaux de l&#8217;Agilit\u00e9 \n<\/h4>\n<p><i class=\"fa fa-check\" style=\"color: green;\"><\/i> Introduction \u00e0 l&#8217;Agilit\u00e9 et \u00e0 la M\u00e9thodologie PMI-ACP<\/p>\n\n<p><i class=\"fa fa-check\" style=\"color: green;\"><\/i> Contractualisation Agile et Adaptabilit\u00e9 des M\u00e9thodes Agiles\n<\/p>\n\n<p><i class=\"fa fa-check\" style=\"color: green;\"><\/i> Mod\u00e9lisation des Besoins Utilisateurs\n<\/p>\n\n<p><i class=\"fa fa-check\" style=\"color: green;\"><\/i> D\u00e9finition des Sc\u00e9narios d&#8217;Utilisation en Agile \n<\/p>\n\n<h4>2-Aspects Manag\u00e9riaux et Techniques de Facilitation \n<\/h4>\n<p><i class=\"fa fa-check\" style=\"color: green;\"><\/i> Vue d&#8217;ensemble des Aspects Manag\u00e9riaux d&#8217;un Projet Agile<\/p>\n\n<p><i class=\"fa fa-check\" style=\"color: green;\"><\/i> Techniques de Facilitation d&#8217;une \u00c9quipe Agile<\/p>\n\n<p><i class=\"fa fa-check\" style=\"color: green;\"><\/i> Estimation et Planification des It\u00e9rations<\/p>\n\n<p><i class=\"fa fa-check\" style=\"color: green;\"><\/i> Priorisation des T\u00e2ches et Gestion du Backlog <\/p>\n\n\n<p style=\"text-align: center; color: red; font-size: 20px; margin-top: 40px;\">Pr\u00e9paration \u00e0 l&#8217;Examen de la certification PMI-ACP\u00ae (Agile Certified Practitioner) !\n<\/p>\n                        <\/div>\n                    <\/div>\n                                    <div class=\"tab-pane elementkit-tab-pane elementor-repeater-item-3096e7d \" id=\"content-3096e7d69de2cc4b711a\" role=\"tabpanel\"\n                         aria-labelledby=\"content-3096e7d69de2cc4b711a-tab\">\n                        <div class=\"animated fadeIn\">\n                            <p><i class=\"fa fa-check\" style=\"color: green;\"><\/i> Am\u00e9liorer l&#8217;Agilit\u00e9 et la Pr\u00e9dictibilit\u00e9<\/p>\n\n<p><i class=\"fa fa-check\" style=\"color: green;\"><\/i> R\u00e9duire les D\u00e9lais des Projets Informatiques\n<\/p>\n\n<p><i class=\"fa fa-check\" style=\"color: green;\"><\/i> Rendre les Progr\u00e8s Visibles pour les Clients et les Utilisateurs\n<\/p>\n\n<p><i class=\"fa fa-check\" style=\"color: green;\"><\/i> Adapter les Pratiques Agiles \u00e0 des Contextes Non Favorables\n<\/p>                        <\/div>\n                    <\/div>\n                                    <div class=\"tab-pane elementkit-tab-pane elementor-repeater-item-00f52ae \" id=\"content-00f52ae69de2cc4b711a\" role=\"tabpanel\"\n                         aria-labelledby=\"content-00f52ae69de2cc4b711a-tab\">\n                        <div class=\"animated fadeIn\">\n                            <p><i class=\"fa fa-check\" style=\"color: green;\"><\/i> Ce programme est con\u00e7u pour \u00eatre interactif et pratique, avec un \u00e9quilibre entre th\u00e9orie et activit\u00e9s pratiques pour garantir une bonne compr\u00e9hension et une application efficace des concepts appris.<\/p>\n\n                        <\/div>\n                    <\/div>\n                            <\/div>\n        <\/div>\n    <\/div>\t\t<\/div>\n\t\t\t\t<\/div>\n\t\t\t\t\t<\/div>\n\t\t<\/div>\n\t\t\t\t\t<\/div>\n\t\t<\/section>\n\t\t\t\t\t<\/div>\n\t\t<\/div>\n\t\t\t\t\t<\/div>\n\t\t<\/section>\n\t\t\t\t<\/div>\n\t\t","protected":false},"excerpt":{"rendered":"<p>PMI ACP D\u00e9couvrez notre formation PMI ACP, con\u00e7ue pour r\u00e9pondre aux besoins croissants des professionnels cherchant \u00e0 ma\u00eetriser les principes de l&#8217;agilit\u00e9 dans un environnement professionnel dynamique. Notre programme est sp\u00e9cialement \u00e9labor\u00e9 par des experts reconnus dans le domaine, garantissant une approche pratique et strat\u00e9gique pour int\u00e9grer efficacement les m\u00e9thodologies [&hellip;]<\/p>\n","protected":false},"author":1,"featured_media":0,"parent":0,"menu_order":0,"comment_status":"closed","ping_status":"closed","template":"elementor_theme","meta":{"footnotes":""},"class_list":["post-7480","page","type-page","status-publish","hentry"],"_links":{"self":[{"href":"https:\/\/mesguides.info\/test-yetinnov\/wp-json\/wp\/v2\/pages\/7480"}],"collection":[{"href":"https:\/\/mesguides.info\/test-yetinnov\/wp-json\/wp\/v2\/pages"}],"about":[{"href":"https:\/\/mesguides.info\/test-yetinnov\/wp-json\/wp\/v2\/types\/page"}],"author":[{"embeddable":true,"href":"https:\/\/mesguides.info\/test-yetinnov\/wp-json\/wp\/v2\/users\/1"}],"replies":[{"embeddable":true,"href":"https:\/\/mesguides.info\/test-yetinnov\/wp-json\/wp\/v2\/comments?post=7480"}],"version-history":[{"count":10,"href":"https:\/\/mesguides.info\/test-yetinnov\/wp-json\/wp\/v2\/pages\/7480\/revisions"}],"predecessor-version":[{"id":8527,"href":"https:\/\/mesguides.info\/test-yetinnov\/wp-json\/wp\/v2\/pages\/7480\/revisions\/8527"}],"wp:attachment":[{"href":"https:\/\/mesguides.info\/test-yetinnov\/wp-json\/wp\/v2\/media?parent=7480"}],"curies":[{"name":"wp","href":"https:\/\/api.w.org\/{rel}","templated":true}]}}