{"id":7467,"date":"2024-08-23T15:01:01","date_gmt":"2024-08-23T13:01:01","guid":{"rendered":"https:\/\/mesguides.info\/test-yetinnov\/?page_id=7467"},"modified":"2024-09-09T10:37:41","modified_gmt":"2024-09-09T08:37:41","slug":"safe-for-scrum-master-team-coach","status":"publish","type":"page","link":"https:\/\/mesguides.info\/test-yetinnov\/safe-for-scrum-master-team-coach\/","title":{"rendered":"SAFe For Scrum Master &#8211; TEAM Coach"},"content":{"rendered":"\t\t<div data-elementor-type=\"wp-page\" data-elementor-id=\"7467\" class=\"elementor elementor-7467\">\n\t\t\t\t\t\t<section class=\"elementor-section elementor-top-section elementor-element elementor-element-2749d89 elementor-section-boxed elementor-section-height-default elementor-section-height-default\" data-id=\"2749d89\" data-element_type=\"section\" data-settings=\"{&quot;background_background&quot;:&quot;classic&quot;,&quot;_ha_eqh_enable&quot;:false}\">\n\t\t\t\t\t\t<div class=\"elementor-container elementor-column-gap-default\">\n\t\t\t\t\t<div class=\"elementor-column elementor-col-100 elementor-top-column elementor-element elementor-element-0b66a5f\" data-id=\"0b66a5f\" data-element_type=\"column\">\n\t\t\t<div class=\"elementor-widget-wrap elementor-element-populated\">\n\t\t\t\t\t\t<section class=\"elementor-section elementor-inner-section elementor-element elementor-element-f348fdb elementor-section-full_width elementor-section-height-default elementor-section-height-default\" data-id=\"f348fdb\" data-element_type=\"section\" data-settings=\"{&quot;_ha_eqh_enable&quot;:false}\">\n\t\t\t\t\t\t<div class=\"elementor-container elementor-column-gap-no\">\n\t\t\t\t\t<div class=\"elementor-column elementor-col-100 elementor-inner-column elementor-element elementor-element-ff57b80\" data-id=\"ff57b80\" data-element_type=\"column\">\n\t\t\t<div class=\"elementor-widget-wrap elementor-element-populated\">\n\t\t\t\t\t\t<div class=\"elementor-element elementor-element-15fe9e3 elementor-invisible elementor-widget elementor-widget-elementskit-heading\" data-id=\"15fe9e3\" data-element_type=\"widget\" data-settings=\"{&quot;_animation&quot;:&quot;fadeInUp&quot;}\" data-widget_type=\"elementskit-heading.default\">\n\t\t\t\t<div class=\"elementor-widget-container\">\n\t\t\t<div class=\"ekit-wid-con\" ><div class=\"ekit-heading elementskit-section-title-wraper center   ekit_heading_tablet-   ekit_heading_mobile-\"><h2 class=\"ekit-heading--title elementskit-section-title \">SAFe For SCRUM MASTER <\/h2><div class=\"ekit_heading_separetor_wraper ekit_heading_elementskit-border-divider\"><div class=\"elementskit-border-divider\"><\/div><\/div>\t\t\t\t<div class='ekit-heading__description'>\n\t\t\t\t\t<p>D\u00e9couvrez comment int\u00e9grer harmonieusement les pratiques Scrum dans le cadre du Scaled Agile Framework (SAFe) avec notre formation SAFe for Scrum Master\/Team Coach. En tant que Scrum Master ou coach d'\u00e9quipe, votre r\u00f4le est crucial pour favoriser la collaboration et l'efficacit\u00e9 au sein des \u00e9quipes agiles tout en alignant les objectifs organisationnels avec les principes agiles. Pr\u00e9parez-vous \u00e0 jouer un r\u00f4le cl\u00e9 dans la transformation agile de votre organisation et \u00e0 maximiser la valeur livr\u00e9e \u00e0 vos clients.<\/p>\n\t\t\t\t<\/div>\n\t\t\t<\/div><\/div>\t\t<\/div>\n\t\t\t\t<\/div>\n\t\t\t\t<div class=\"elementor-element elementor-element-cd179a4 elementor-widget elementor-widget-elementskit-simple-tab\" data-id=\"cd179a4\" data-element_type=\"widget\" data-widget_type=\"elementskit-simple-tab.default\">\n\t\t\t\t<div class=\"elementor-widget-container\">\n\t\t\t<div class=\"ekit-wid-con\" >        <div class=\"elementkit-tab-wraper   elementskit-fitcontent-tab \">\n            <ul class=\"nav nav-tabs elementkit-tab-nav  elementskit_tooltip_style elementskit_tooltip_style\">\n                                    <li class=\"elementkit-nav-item elementor-repeater-item-e7fb3c4\">\n                        <a class=\"elementkit-nav-link  active show left-pos\" id=\"content-e7fb3c469de2d4534766-tab\" data-ekit-handler-id=\"pourquoi-safe-for-scrum-master-\" data-ekit-toggle=\"tab\" data-target=\"#content-e7fb3c469de2d4534766\" href=\"#Content-e7fb3c469de2d4534766\"\n                            data-ekit-toggle-trigger=\"click\"\n                            aria-describedby=\"Content-e7fb3c469de2d4534766\">\n                            <span class=\" elementskit-tab-icon\"><\/span>                            <span class=\"elementskit-tab-title\"> Pourquoi SAFe For SCRUM MASTER  ? <\/span>\n                        <\/a>\n                    <\/li>\n                                        <li class=\"elementkit-nav-item elementor-repeater-item-9077dfd\">\n                        <a class=\"elementkit-nav-link  left-pos\" id=\"content-9077dfd69de2d4534766-tab\" data-ekit-handler-id=\"cibles\" data-ekit-toggle=\"tab\" data-target=\"#content-9077dfd69de2d4534766\" href=\"#Content-9077dfd69de2d4534766\"\n                            data-ekit-toggle-trigger=\"click\"\n                            aria-describedby=\"Content-9077dfd69de2d4534766\">\n                            <span class=\" elementskit-tab-icon\"><\/span>                            <span class=\"elementskit-tab-title\"> Cibles<\/span>\n                        <\/a>\n                    <\/li>\n                                        <li class=\"elementkit-nav-item elementor-repeater-item-8ccf88b\">\n                        <a class=\"elementkit-nav-link  left-pos\" id=\"content-8ccf88b69de2d4534766-tab\" data-ekit-handler-id=\"-programme-de-formation-\" data-ekit-toggle=\"tab\" data-target=\"#content-8ccf88b69de2d4534766\" href=\"#Content-8ccf88b69de2d4534766\"\n                            data-ekit-toggle-trigger=\"click\"\n                            aria-describedby=\"Content-8ccf88b69de2d4534766\">\n                            <span class=\" elementskit-tab-icon\"><\/span>                            <span class=\"elementskit-tab-title\">  Programme de formation <\/span>\n                        <\/a>\n                    <\/li>\n                                <\/ul>\n\n            <div class=\"tab-content elementkit-tab-content\">\n                                    <div class=\"tab-pane elementkit-tab-pane elementor-repeater-item-e7fb3c4  active show\" id=\"content-e7fb3c469de2d4534766\" role=\"tabpanel\"\n                         aria-labelledby=\"content-e7fb3c469de2d4534766-tab\">\n                        <div class=\"animated fadeIn\">\n                            <p>SAFe 6.0 d\u00e9di\u00e9e aux Scrum Masters ! Dans le paysage complexe du d\u00e9veloppement logiciel moderne, l&#8217;agilit\u00e9 est essentielle pour naviguer avec succ\u00e8s. Cette formation vous fournira les outils et les connaissances n\u00e9cessaires pour int\u00e9grer efficacement les principes SAFe \u00e0 votre r\u00f4le de Scrum Master. D\u00e9couvrez comment harmoniser les m\u00e9thodologies agiles \u00e0 l&#8217;\u00e9chelle, maximiser la collaboration inter-\u00e9quipes et optimiser la livraison de valeur. Pr\u00e9parez-vous \u00e0 relever les d\u00e9fis du scaling agile avec confiance et ma\u00eetrise.\n<\/p>                        <\/div>\n                    <\/div>\n                                    <div class=\"tab-pane elementkit-tab-pane elementor-repeater-item-9077dfd \" id=\"content-9077dfd69de2d4534766\" role=\"tabpanel\"\n                         aria-labelledby=\"content-9077dfd69de2d4534766-tab\">\n                        <div class=\"animated fadeIn\">\n                            <p style=\"text-align: center; font-size: 20px; margin-bottom: 40px;\"><strong>A quel public cette formation s\u2019adresse-t-elle?<\/strong><\/p>\n<p><i class=\"fa fa-check\" style=\"color: green;\"><\/i> Managers &#038; Product managers, chefs d\u2019\u00e9quipe +, ing\u00e9nieurs de formations, d\u00e9veloppeurs<\/p>\n                        <\/div>\n                    <\/div>\n                                    <div class=\"tab-pane elementkit-tab-pane elementor-repeater-item-8ccf88b \" id=\"content-8ccf88b69de2d4534766\" role=\"tabpanel\"\n                         aria-labelledby=\"content-8ccf88b69de2d4534766-tab\">\n                        <div class=\"animated fadeIn\">\n                            <p style=\"text-align: center; font-size: 20px; color: red; margin-bottom: 60px;\"><span style=\"color: #000;\">Dur\u00e9e de la Formation :<\/span> <i class=\"fa fa-calendar\" style=\"color: #576194;\"><\/i> 3 Jours<\/p>\n<h4>1-Fondamentaux du Scrum Master dans SAFe<\/h4>\n<p><i class=\"fa fa-check\" style=\"color: green;\"><\/i> Introduction \u00e0 SAFe et ses principes fondamentaux.<\/p>\n<p><i class=\"fa fa-check\" style=\"color: green;\"><\/i> R\u00f4le du Scrum Master dans une organisation agile \u00e0 grande \u00e9chelle .<\/p>\n<p><i class=\"fa fa-check\" style=\"color: green;\"><\/i> Comparaison du r\u00f4le de Scrum Master dans le cadre de SAFe vs. Scrum.<\/p>\n<p><i class=\"fa fa-check\" style=\"color: green;\"><\/i> Facilitation des \u00e9v\u00e9nements Scrum \u00e0 l&#8217;\u00e9chelle.<\/p>\n<h4>2-Planification et Ex\u00e9cution du Program Increment (PI)<\/h4>\n<p><i class=\"fa fa-check\" style=\"color: green;\"><\/i> Compr\u00e9hension approfondie du Program Increment (PI).<\/p>\n<p><i class=\"fa fa-check\" style=\"color: green;\"><\/i> Planification de PI : artefacts et pratiques cl\u00e9s.<\/p>\n<p><i class=\"fa fa-check\" style=\"color: green;\"><\/i> Coordination des \u00e9quipes et gestion des d\u00e9pendances.<\/p>\n<p><i class=\"fa fa-check\" style=\"color: green;\"><\/i> Ex\u00e9cution du PI : flux de valeur, synchronisation et livraison continue.<\/p>\n<p><i class=\"fa fa-check\" style=\"color: green;\"><\/i> D\u00e9mo de fin de PI et r\u00e9trospective.<\/p>\n<p><i class=\"fa fa-check\" style=\"color: green;\"><\/i> Pratique avec des simulations de PI .<\/p>\n<h4>3-Am\u00e9lioration Continue et Pr\u00e9paration \u00e0 l&#8217;Examen SSM<\/h4>\n<p><i class=\"fa fa-check\" style=\"color: green;\"><\/i> Techniques d&#8217;am\u00e9lioration continue dans un environnement SAFe .<\/p>\n\n<p style=\"text-align: center; color: red; font-size: 20px; margin-top: 40px;\">PREPARATION A L\u2019EXAMEN SAFe FOR Scrum MASTER \u2013 SSM \u00ab\u00a0Scaled AGILE Framework\u00a0\u00bb\n<\/p>                        <\/div>\n                    <\/div>\n                            <\/div>\n        <\/div>\n    <\/div>\t\t<\/div>\n\t\t\t\t<\/div>\n\t\t\t\t\t<\/div>\n\t\t<\/div>\n\t\t\t\t\t<\/div>\n\t\t<\/section>\n\t\t\t\t\t<\/div>\n\t\t<\/div>\n\t\t\t\t\t<\/div>\n\t\t<\/section>\n\t\t\t\t<\/div>\n\t\t","protected":false},"excerpt":{"rendered":"<p>SAFe For SCRUM MASTER D\u00e9couvrez comment int\u00e9grer harmonieusement les pratiques Scrum dans le cadre du Scaled Agile Framework (SAFe) avec notre formation SAFe for Scrum Master\/Team Coach. En tant que Scrum Master ou coach d&#8217;\u00e9quipe, votre r\u00f4le est crucial pour favoriser la collaboration et l&#8217;efficacit\u00e9 au sein des \u00e9quipes agiles [&hellip;]<\/p>\n","protected":false},"author":1,"featured_media":0,"parent":0,"menu_order":0,"comment_status":"closed","ping_status":"closed","template":"elementor_theme","meta":{"footnotes":""},"class_list":["post-7467","page","type-page","status-publish","hentry"],"_links":{"self":[{"href":"https:\/\/mesguides.info\/test-yetinnov\/wp-json\/wp\/v2\/pages\/7467"}],"collection":[{"href":"https:\/\/mesguides.info\/test-yetinnov\/wp-json\/wp\/v2\/pages"}],"about":[{"href":"https:\/\/mesguides.info\/test-yetinnov\/wp-json\/wp\/v2\/types\/page"}],"author":[{"embeddable":true,"href":"https:\/\/mesguides.info\/test-yetinnov\/wp-json\/wp\/v2\/users\/1"}],"replies":[{"embeddable":true,"href":"https:\/\/mesguides.info\/test-yetinnov\/wp-json\/wp\/v2\/comments?post=7467"}],"version-history":[{"count":10,"href":"https:\/\/mesguides.info\/test-yetinnov\/wp-json\/wp\/v2\/pages\/7467\/revisions"}],"predecessor-version":[{"id":8524,"href":"https:\/\/mesguides.info\/test-yetinnov\/wp-json\/wp\/v2\/pages\/7467\/revisions\/8524"}],"wp:attachment":[{"href":"https:\/\/mesguides.info\/test-yetinnov\/wp-json\/wp\/v2\/media?parent=7467"}],"curies":[{"name":"wp","href":"https:\/\/api.w.org\/{rel}","templated":true}]}}