{"id":7446,"date":"2024-08-23T14:00:41","date_gmt":"2024-08-23T12:00:41","guid":{"rendered":"https:\/\/mesguides.info\/test-yetinnov\/?page_id=7446"},"modified":"2024-09-09T10:37:04","modified_gmt":"2024-09-09T08:37:04","slug":"safe-popm","status":"publish","type":"page","link":"https:\/\/mesguides.info\/test-yetinnov\/safe-popm\/","title":{"rendered":"SAFe POPM"},"content":{"rendered":"\t\t<div data-elementor-type=\"wp-page\" data-elementor-id=\"7446\" class=\"elementor elementor-7446\">\n\t\t\t\t\t\t<section class=\"elementor-section elementor-top-section elementor-element elementor-element-be42760 elementor-section-boxed elementor-section-height-default elementor-section-height-default\" data-id=\"be42760\" data-element_type=\"section\" data-settings=\"{&quot;background_background&quot;:&quot;classic&quot;,&quot;_ha_eqh_enable&quot;:false}\">\n\t\t\t\t\t\t<div class=\"elementor-container elementor-column-gap-default\">\n\t\t\t\t\t<div class=\"elementor-column elementor-col-100 elementor-top-column elementor-element elementor-element-96c0a6a\" data-id=\"96c0a6a\" data-element_type=\"column\">\n\t\t\t<div class=\"elementor-widget-wrap elementor-element-populated\">\n\t\t\t\t\t\t<section class=\"elementor-section elementor-inner-section elementor-element elementor-element-be8d8f2 elementor-section-full_width elementor-section-height-default elementor-section-height-default\" data-id=\"be8d8f2\" data-element_type=\"section\" data-settings=\"{&quot;_ha_eqh_enable&quot;:false}\">\n\t\t\t\t\t\t<div class=\"elementor-container elementor-column-gap-no\">\n\t\t\t\t\t<div class=\"elementor-column elementor-col-100 elementor-inner-column elementor-element elementor-element-2f25f80\" data-id=\"2f25f80\" data-element_type=\"column\">\n\t\t\t<div class=\"elementor-widget-wrap elementor-element-populated\">\n\t\t\t\t\t\t<div class=\"elementor-element elementor-element-7a7d71d elementor-invisible elementor-widget elementor-widget-elementskit-heading\" data-id=\"7a7d71d\" data-element_type=\"widget\" data-settings=\"{&quot;_animation&quot;:&quot;fadeInUp&quot;}\" data-widget_type=\"elementskit-heading.default\">\n\t\t\t\t<div class=\"elementor-widget-container\">\n\t\t\t<div class=\"ekit-wid-con\" ><div class=\"ekit-heading elementskit-section-title-wraper center   ekit_heading_tablet-   ekit_heading_mobile-\"><h2 class=\"ekit-heading--title elementskit-section-title \">SAFe POPM <\/h2><div class=\"ekit_heading_separetor_wraper ekit_heading_elementskit-border-divider\"><div class=\"elementskit-border-divider\"><\/div><\/div>\t\t\t\t<div class='ekit-heading__description'>\n\t\t\t\t\t<p>Explorez les fondations de la gestion de produit dans le contexte agile avec notre formation SAFe Product Owner\/Product Manager (POPM). Dans le paysage dynamique des affaires d'aujourd'hui, la capacit\u00e9 \u00e0 livrer rapidement de la valeur tout en r\u00e9pondant aux besoins changeants des clients est essentielle. Pr\u00e9parez-vous \u00e0 acqu\u00e9rir une compr\u00e9hension approfondie des pratiques agiles, \u00e0 d\u00e9velopper vos comp\u00e9tences en leadership et \u00e0 ma\u00eetriser les strat\u00e9gies qui maximisent la valeur pour votre organisation et vos clients.<\/p>\n\t\t\t\t<\/div>\n\t\t\t<\/div><\/div>\t\t<\/div>\n\t\t\t\t<\/div>\n\t\t\t\t<div class=\"elementor-element elementor-element-5ea01c1 elementor-widget elementor-widget-elementskit-simple-tab\" data-id=\"5ea01c1\" data-element_type=\"widget\" data-widget_type=\"elementskit-simple-tab.default\">\n\t\t\t\t<div class=\"elementor-widget-container\">\n\t\t\t<div class=\"ekit-wid-con\" >        <div class=\"elementkit-tab-wraper   elementskit-fitcontent-tab \">\n            <ul class=\"nav nav-tabs elementkit-tab-nav  elementskit_tooltip_style elementskit_tooltip_style\">\n                                    <li class=\"elementkit-nav-item elementor-repeater-item-e7fb3c4\">\n                        <a class=\"elementkit-nav-link  active show left-pos\" id=\"content-e7fb3c469de2c9f26c13-tab\" data-ekit-handler-id=\"pourquoi-safe-popm-\" data-ekit-toggle=\"tab\" data-target=\"#content-e7fb3c469de2c9f26c13\" href=\"#Content-e7fb3c469de2c9f26c13\"\n                            data-ekit-toggle-trigger=\"click\"\n                            aria-describedby=\"Content-e7fb3c469de2c9f26c13\">\n                            <span class=\" elementskit-tab-icon\"><\/span>                            <span class=\"elementskit-tab-title\"> Pourquoi SAFe POPM  ? <\/span>\n                        <\/a>\n                    <\/li>\n                                        <li class=\"elementkit-nav-item elementor-repeater-item-9077dfd\">\n                        <a class=\"elementkit-nav-link  left-pos\" id=\"content-9077dfd69de2c9f26c13-tab\" data-ekit-handler-id=\"cibles\" data-ekit-toggle=\"tab\" data-target=\"#content-9077dfd69de2c9f26c13\" href=\"#Content-9077dfd69de2c9f26c13\"\n                            data-ekit-toggle-trigger=\"click\"\n                            aria-describedby=\"Content-9077dfd69de2c9f26c13\">\n                            <span class=\" elementskit-tab-icon\"><\/span>                            <span class=\"elementskit-tab-title\"> Cibles<\/span>\n                        <\/a>\n                    <\/li>\n                                        <li class=\"elementkit-nav-item elementor-repeater-item-8ccf88b\">\n                        <a class=\"elementkit-nav-link  left-pos\" id=\"content-8ccf88b69de2c9f26c13-tab\" data-ekit-handler-id=\"-programme-de-formation-\" data-ekit-toggle=\"tab\" data-target=\"#content-8ccf88b69de2c9f26c13\" href=\"#Content-8ccf88b69de2c9f26c13\"\n                            data-ekit-toggle-trigger=\"click\"\n                            aria-describedby=\"Content-8ccf88b69de2c9f26c13\">\n                            <span class=\" elementskit-tab-icon\"><\/span>                            <span class=\"elementskit-tab-title\">  Programme de formation <\/span>\n                        <\/a>\n                    <\/li>\n                                        <li class=\"elementkit-nav-item elementor-repeater-item-00f52ae\">\n                        <a class=\"elementkit-nav-link  left-pos\" id=\"content-00f52ae69de2c9f26c13-tab\" data-ekit-handler-id=\"objectifs-p-dagogiques-\" data-ekit-toggle=\"tab\" data-target=\"#content-00f52ae69de2c9f26c13\" href=\"#Content-00f52ae69de2c9f26c13\"\n                            data-ekit-toggle-trigger=\"click\"\n                            aria-describedby=\"Content-00f52ae69de2c9f26c13\">\n                            <span class=\" elementskit-tab-icon\"><\/span>                            <span class=\"elementskit-tab-title\"> Objectifs p\u00e9dagogiques <\/span>\n                        <\/a>\n                    <\/li>\n                                        <li class=\"elementkit-nav-item elementor-repeater-item-3096e7d\">\n                        <a class=\"elementkit-nav-link  left-pos\" id=\"content-3096e7d69de2c9f26c13-tab\" data-ekit-handler-id=\"objectifs-de-la-formation-\" data-ekit-toggle=\"tab\" data-target=\"#content-3096e7d69de2c9f26c13\" href=\"#Content-3096e7d69de2c9f26c13\"\n                            data-ekit-toggle-trigger=\"click\"\n                            aria-describedby=\"Content-3096e7d69de2c9f26c13\">\n                            <span class=\" elementskit-tab-icon\"><\/span>                            <span class=\"elementskit-tab-title\"> Objectifs de la formation <\/span>\n                        <\/a>\n                    <\/li>\n                                <\/ul>\n\n            <div class=\"tab-content elementkit-tab-content\">\n                                    <div class=\"tab-pane elementkit-tab-pane elementor-repeater-item-e7fb3c4  active show\" id=\"content-e7fb3c469de2c9f26c13\" role=\"tabpanel\"\n                         aria-labelledby=\"content-e7fb3c469de2c9f26c13-tab\">\n                        <div class=\"animated fadeIn\">\n                            Le cadre SAFe (Scaled Agile Framework) propose des m\u00e9thodes \u00e9prouv\u00e9es pour g\u00e9rer cette complexit\u00e9 \u00e0 grande \u00e9chelle. Le r\u00f4le de Product Owner \/ Product Manager (POPM) est crucial dans ce cadre, car il permet de s&#8217;assurer que les \u00e9quipes travaillent sur les bonnes priorit\u00e9s et livrent des produits de haute qualit\u00e9.\nRejoignez-nous pour d\u00e9couvrir comment devenir un acteur cl\u00e9 dans la transformation agile de votre organisation.\n                        <\/div>\n                    <\/div>\n                                    <div class=\"tab-pane elementkit-tab-pane elementor-repeater-item-9077dfd \" id=\"content-9077dfd69de2c9f26c13\" role=\"tabpanel\"\n                         aria-labelledby=\"content-9077dfd69de2c9f26c13-tab\">\n                        <div class=\"animated fadeIn\">\n                            <p style=\"text-align: center; font-size: 20px; margin-bottom: 40px;\"><strong>A quel public cette formation s\u2019adresse-t-elle?<\/strong><\/p>\n<i class=\"fa fa-check\" style=\"color: green;\"><\/i> Product Owners &amp; Product managers, business analysts +, architecte d\u2019entreprise , responsable de processus, coach et cadres agiles\u2026.\n<p style=\"text-align: center; color: red; font-size: 20px; margin-top: 40px;\">Toutes personnes souhaitant am\u00e9liorer acqu\u00e9rir des comp\u00e9tences en agilit\u00e9 \u00e0 l\u2019\u00e9chelle\n.<\/p>                        <\/div>\n                    <\/div>\n                                    <div class=\"tab-pane elementkit-tab-pane elementor-repeater-item-8ccf88b \" id=\"content-8ccf88b69de2c9f26c13\" role=\"tabpanel\"\n                         aria-labelledby=\"content-8ccf88b69de2c9f26c13-tab\">\n                        <div class=\"animated fadeIn\">\n                            <p style=\"text-align: center; font-size: 20px; color: red; margin-bottom: 60px;\"><span style=\"color: #000;\">Dur\u00e9e de la Formation :<\/span> <i class=\"fa fa-calendar\" style=\"color: #576194;\"><\/i> 3 Jours<\/p>\n\n<h4>1-Introduction et Fondamentaux du Framework SAFe\u00ae\n<\/h4>\n<p><i class=\"fa fa-check\" style=\"color: green;\"><\/i> Principes fondamentaux de SAFe\u00ae\n.<\/p>\n\n\n<h4>2-Vue d&#8217;ensemble de SAFe\u00ae\n<\/h4>\n<p><i class=\"fa fa-check\" style=\"color: green;\"><\/i> Les 4 configurations de SAFe\u00ae (Essential, Large Solution, Portfolio, Full SAFe\u00ae).<\/p>\n\n<p><i class=\"fa fa-check\" style=\"color: green;\"><\/i> Les 7 comp\u00e9tences de base de Lean Enterprise.\n<\/p>\n\n<p><i class=\"fa fa-check\" style=\"color: green;\"><\/i> Les r\u00f4les et responsabilit\u00e9s au sein de SAFe\u00ae.\n<\/p>\n\n\n<h4>3-R\u00f4les de Product Manager et Product Owner dans SAFe\u00ae\n\n<\/h4>\n<p><i class=\"fa fa-check\" style=\"color: green;\"><\/i> Diff\u00e9rences et similitudes entre les r\u00f4les\n.<\/p>\n\n<p><i class=\"fa fa-check\" style=\"color: green;\"><\/i> Responsabilit\u00e9s cl\u00e9s et attentes\n.\n<\/p>\n\n<h4>4-Principes Lean-Agile\n<\/h4>\n<p><i class=\"fa fa-check\" style=\"color: green;\"><\/i> Pens\u00e9e Lean-Agile et mentalit\u00e9\n.<\/p>\n\n<p><i class=\"fa fa-check\" style=\"color: green;\"><\/i> Les 10 principes Lean-Agile de SAFe\u00ae    .\n<\/p>\n\n<h4>5-Mise en Pratique du Framework SAFe\u00ae\n<\/h4>\n<p><i class=\"fa fa-check\" style=\"color: green;\"><\/i> Gestion du Backlog Produit\n.<\/p>\n\n<p><i class=\"fa fa-check\" style=\"color: green;\"><\/i> Planification de l&#8217;Increment Program (PI Planning).\n<\/p>\n\n<p><i class=\"fa fa-check\" style=\"color: green;\"><\/i> Cr\u00e9ation d&#8217;un backlog produit\n.\n<\/p>\n\n<p><i class=\"fa fa-check\" style=\"color: green;\"><\/i> Ex\u00e9cution et Livraisons.\n<\/p>\n\n<p><i class=\"fa fa-check\" style=\"color: green;\"><\/i> Gestion des d\u00e9pendances et des risques.\n<\/p>\n\n<p style=\"text-align: center; color: red; font-size: 20px; margin-top: 40px;\">PREPARATION A L\u2019EXAMEN SAFe\u00ae 6 Product Owner\/Product Manager \u2013 POPM \u00ab\u00a0Scaled AGILE Framework\u00a0\u00bb.<\/p>\n                        <\/div>\n                    <\/div>\n                                    <div class=\"tab-pane elementkit-tab-pane elementor-repeater-item-00f52ae \" id=\"content-00f52ae69de2c9f26c13\" role=\"tabpanel\"\n                         aria-labelledby=\"content-00f52ae69de2c9f26c13-tab\">\n                        <div class=\"animated fadeIn\">\n                            <p><i class=\"fa fa-check\" style=\"color: green;\"><\/i> 40% th\u00e9orique, 60% pratique,\n.<\/p>\n\n<p><i class=\"fa fa-check\" style=\"color: green;\"><\/i> Les sessions th\u00e9oriques approfondies, les \u00e9tudes de cas pratiques et les simulations d&#8217;\u00e9v\u00e9nements SAFe int\u00e9gr\u00e9es dans ces programmes pr\u00e9parent les participants \u00e0 g\u00e9rer efficacement les processus agiles. En mettant l&#8217;accent sur l&#8217;interaction et l&#8217;apprentissage pratique, ces formations visent \u00e0 renforcer les comp\u00e9tences essentielles n\u00e9cessaires pour exceller dans la gestion de produits et la gestion des programmes, facilitant ainsi une application imm\u00e9diate et efficace des connaissances acquises dans des environnements professionnels r\u00e9els.\n<\/p>\n\n                        <\/div>\n                    <\/div>\n                                    <div class=\"tab-pane elementkit-tab-pane elementor-repeater-item-3096e7d \" id=\"content-3096e7d69de2c9f26c13\" role=\"tabpanel\"\n                         aria-labelledby=\"content-3096e7d69de2c9f26c13-tab\">\n                        <div class=\"animated fadeIn\">\n                            <p><i class=\"fa fa-check\" style=\"color: green;\"><\/i> Acqu\u00e9rir une ma\u00eetrise approfondie du Framework SAFe\u00ae pour les r\u00f4les de Product Manager et Product Owner\n.<\/p>\n\n<p><i class=\"fa fa-check\" style=\"color: green;\"><\/i> Appliquer concr\u00e8tement le framework \u00e0 travers des \u00e9tudes de cas pratiques.<\/p>\n\n<p><i class=\"fa fa-check\" style=\"color: green;\"><\/i> Se pr\u00e9parer \u00e0 la certification SAFe\u00ae 6 pour Product Owner\/Product Manager.<\/p>\n\n                        <\/div>\n                    <\/div>\n                            <\/div>\n        <\/div>\n    <\/div>\t\t<\/div>\n\t\t\t\t<\/div>\n\t\t\t\t\t<\/div>\n\t\t<\/div>\n\t\t\t\t\t<\/div>\n\t\t<\/section>\n\t\t\t\t\t<\/div>\n\t\t<\/div>\n\t\t\t\t\t<\/div>\n\t\t<\/section>\n\t\t\t\t<\/div>\n\t\t","protected":false},"excerpt":{"rendered":"<p>SAFe POPM Explorez les fondations de la gestion de produit dans le contexte agile avec notre formation SAFe Product Owner\/Product Manager (POPM). Dans le paysage dynamique des affaires d&#8217;aujourd&#8217;hui, la capacit\u00e9 \u00e0 livrer rapidement de la valeur tout en r\u00e9pondant aux besoins changeants des clients est essentielle. Pr\u00e9parez-vous \u00e0 acqu\u00e9rir [&hellip;]<\/p>\n","protected":false},"author":1,"featured_media":0,"parent":0,"menu_order":0,"comment_status":"closed","ping_status":"closed","template":"elementor_theme","meta":{"footnotes":""},"class_list":["post-7446","page","type-page","status-publish","hentry"],"_links":{"self":[{"href":"https:\/\/mesguides.info\/test-yetinnov\/wp-json\/wp\/v2\/pages\/7446"}],"collection":[{"href":"https:\/\/mesguides.info\/test-yetinnov\/wp-json\/wp\/v2\/pages"}],"about":[{"href":"https:\/\/mesguides.info\/test-yetinnov\/wp-json\/wp\/v2\/types\/page"}],"author":[{"embeddable":true,"href":"https:\/\/mesguides.info\/test-yetinnov\/wp-json\/wp\/v2\/users\/1"}],"replies":[{"embeddable":true,"href":"https:\/\/mesguides.info\/test-yetinnov\/wp-json\/wp\/v2\/comments?post=7446"}],"version-history":[{"count":24,"href":"https:\/\/mesguides.info\/test-yetinnov\/wp-json\/wp\/v2\/pages\/7446\/revisions"}],"predecessor-version":[{"id":8521,"href":"https:\/\/mesguides.info\/test-yetinnov\/wp-json\/wp\/v2\/pages\/7446\/revisions\/8521"}],"wp:attachment":[{"href":"https:\/\/mesguides.info\/test-yetinnov\/wp-json\/wp\/v2\/media?parent=7446"}],"curies":[{"name":"wp","href":"https:\/\/api.w.org\/{rel}","templated":true}]}}