{"id":7440,"date":"2024-08-23T13:27:16","date_gmt":"2024-08-23T11:27:16","guid":{"rendered":"https:\/\/mesguides.info\/test-yetinnov\/?page_id=7440"},"modified":"2024-09-09T10:36:07","modified_gmt":"2024-09-09T08:36:07","slug":"safe-agilist-6-0","status":"publish","type":"page","link":"https:\/\/mesguides.info\/test-yetinnov\/safe-agilist-6-0\/","title":{"rendered":"SAFe Agilist 6.0"},"content":{"rendered":"\t\t<div data-elementor-type=\"wp-page\" data-elementor-id=\"7440\" class=\"elementor elementor-7440\">\n\t\t\t\t\t\t<section class=\"elementor-section elementor-top-section elementor-element elementor-element-79ced44 elementor-section-boxed elementor-section-height-default elementor-section-height-default\" data-id=\"79ced44\" data-element_type=\"section\" data-settings=\"{&quot;background_background&quot;:&quot;classic&quot;,&quot;_ha_eqh_enable&quot;:false}\">\n\t\t\t\t\t\t<div class=\"elementor-container elementor-column-gap-default\">\n\t\t\t\t\t<div class=\"elementor-column elementor-col-100 elementor-top-column elementor-element elementor-element-570a1a7\" data-id=\"570a1a7\" data-element_type=\"column\">\n\t\t\t<div class=\"elementor-widget-wrap elementor-element-populated\">\n\t\t\t\t\t\t<section class=\"elementor-section elementor-inner-section elementor-element elementor-element-148ca47 elementor-section-full_width elementor-section-height-default elementor-section-height-default\" data-id=\"148ca47\" data-element_type=\"section\" data-settings=\"{&quot;_ha_eqh_enable&quot;:false}\">\n\t\t\t\t\t\t<div class=\"elementor-container elementor-column-gap-no\">\n\t\t\t\t\t<div class=\"elementor-column elementor-col-100 elementor-inner-column elementor-element elementor-element-bcd7b5f\" data-id=\"bcd7b5f\" data-element_type=\"column\">\n\t\t\t<div class=\"elementor-widget-wrap elementor-element-populated\">\n\t\t\t\t\t\t<div class=\"elementor-element elementor-element-a54b061 elementor-invisible elementor-widget elementor-widget-elementskit-heading\" data-id=\"a54b061\" data-element_type=\"widget\" data-settings=\"{&quot;_animation&quot;:&quot;fadeInUp&quot;}\" data-widget_type=\"elementskit-heading.default\">\n\t\t\t\t<div class=\"elementor-widget-container\">\n\t\t\t<div class=\"ekit-wid-con\" ><div class=\"ekit-heading elementskit-section-title-wraper center   ekit_heading_tablet-   ekit_heading_mobile-\"><h2 class=\"ekit-heading--title elementskit-section-title \">SAFe Agilist 6.0<\/h2><div class=\"ekit_heading_separetor_wraper ekit_heading_elementskit-border-divider\"><div class=\"elementskit-border-divider\"><\/div><\/div>\t\t\t\t<div class='ekit-heading__description'>\n\t\t\t\t\t<p>Bienvenue dans le monde de la transformation agile avec notre formation SAFe Agilist 6.0. Dans un paysage professionnel en constante \u00e9volution, l'agilit\u00e9 devient non seulement un avantage concurrentiel mais aussi un imp\u00e9ratif pour les organisations cherchant \u00e0 innover, \u00e0 s'adapter rapidement et \u00e0 r\u00e9pondre aux demandes du march\u00e9 avec efficacit\u00e9. Notre programme SAFe Agilist 6.0 est con\u00e7u pour fournir aux leaders et aux praticiens les connaissances et les comp\u00e9tences n\u00e9cessaires pour naviguer dans cette transformation complexe. Pr\u00e9parez-vous \u00e0 d\u00e9couvrir les principes fondamentaux, les pratiques \u00e9prouv\u00e9es et les strat\u00e9gies cl\u00e9s qui vous permettront de mener le changement avec confiance et succ\u00e8s.<\/p>\n\t\t\t\t<\/div>\n\t\t\t<\/div><\/div>\t\t<\/div>\n\t\t\t\t<\/div>\n\t\t\t\t<div class=\"elementor-element elementor-element-5a39768 elementor-widget elementor-widget-elementskit-simple-tab\" data-id=\"5a39768\" data-element_type=\"widget\" data-widget_type=\"elementskit-simple-tab.default\">\n\t\t\t\t<div class=\"elementor-widget-container\">\n\t\t\t<div class=\"ekit-wid-con\" >        <div class=\"elementkit-tab-wraper   elementskit-fitcontent-tab \">\n            <ul class=\"nav nav-tabs elementkit-tab-nav  elementskit_tooltip_style elementskit_tooltip_style\">\n                                    <li class=\"elementkit-nav-item elementor-repeater-item-e7fb3c4\">\n                        <a class=\"elementkit-nav-link  active show left-pos\" id=\"content-e7fb3c469de2d466b71e-tab\" data-ekit-handler-id=\"pourquoi-safe-6-0-\" data-ekit-toggle=\"tab\" data-target=\"#content-e7fb3c469de2d466b71e\" href=\"#Content-e7fb3c469de2d466b71e\"\n                            data-ekit-toggle-trigger=\"click\"\n                            aria-describedby=\"Content-e7fb3c469de2d466b71e\">\n                            <span class=\" elementskit-tab-icon\"><\/span>                            <span class=\"elementskit-tab-title\"> Pourquoi SAFe 6.0 ? <\/span>\n                        <\/a>\n                    <\/li>\n                                        <li class=\"elementkit-nav-item elementor-repeater-item-9077dfd\">\n                        <a class=\"elementkit-nav-link  left-pos\" id=\"content-9077dfd69de2d466b71e-tab\" data-ekit-handler-id=\"cibles\" data-ekit-toggle=\"tab\" data-target=\"#content-9077dfd69de2d466b71e\" href=\"#Content-9077dfd69de2d466b71e\"\n                            data-ekit-toggle-trigger=\"click\"\n                            aria-describedby=\"Content-9077dfd69de2d466b71e\">\n                            <span class=\" elementskit-tab-icon\"><\/span>                            <span class=\"elementskit-tab-title\"> Cibles<\/span>\n                        <\/a>\n                    <\/li>\n                                        <li class=\"elementkit-nav-item elementor-repeater-item-8ccf88b\">\n                        <a class=\"elementkit-nav-link  left-pos\" id=\"content-8ccf88b69de2d466b71e-tab\" data-ekit-handler-id=\"-programme-de-formation-\" data-ekit-toggle=\"tab\" data-target=\"#content-8ccf88b69de2d466b71e\" href=\"#Content-8ccf88b69de2d466b71e\"\n                            data-ekit-toggle-trigger=\"click\"\n                            aria-describedby=\"Content-8ccf88b69de2d466b71e\">\n                            <span class=\" elementskit-tab-icon\"><\/span>                            <span class=\"elementskit-tab-title\">  Programme de formation <\/span>\n                        <\/a>\n                    <\/li>\n                                        <li class=\"elementkit-nav-item elementor-repeater-item-00f52ae\">\n                        <a class=\"elementkit-nav-link  left-pos\" id=\"content-00f52ae69de2d466b71e-tab\" data-ekit-handler-id=\"objectifs-de-la-formation-\" data-ekit-toggle=\"tab\" data-target=\"#content-00f52ae69de2d466b71e\" href=\"#Content-00f52ae69de2d466b71e\"\n                            data-ekit-toggle-trigger=\"click\"\n                            aria-describedby=\"Content-00f52ae69de2d466b71e\">\n                            <span class=\" elementskit-tab-icon\"><\/span>                            <span class=\"elementskit-tab-title\"> Objectifs de la formation <\/span>\n                        <\/a>\n                    <\/li>\n                                <\/ul>\n\n            <div class=\"tab-content elementkit-tab-content\">\n                                    <div class=\"tab-pane elementkit-tab-pane elementor-repeater-item-e7fb3c4  active show\" id=\"content-e7fb3c469de2d466b71e\" role=\"tabpanel\"\n                         aria-labelledby=\"content-e7fb3c469de2d466b71e-tab\">\n                        <div class=\"animated fadeIn\">\n                            Dans un monde o\u00f9 l&#8217;agilit\u00e9 est devenue essentielle pour la r\u00e9ussite des entreprises, SAFe 6.0 (Scaled Agile Framework) se distingue comme une m\u00e9thodologie de choix pour coordonner les efforts de plusieurs \u00e9quipes au sein de grandes organisations. Mais pourquoi choisir SAFe 6.0 ? Cette version offre des am\u00e9liorations significatives en mati\u00e8re de flux de valeur, d&#8217;efficacit\u00e9 op\u00e9rationnelle et de collaboration \u00e0 l&#8217;\u00e9chelle. En adoptant SAFe 6.0, vous pourrez non seulement optimiser vos processus de d\u00e9veloppement, mais aussi r\u00e9pondre de mani\u00e8re plus flexible et rapide aux besoins changeants de votre march\u00e9. Rejoignez-nous pour d\u00e9couvrir comment SAFe 6.0 peut transformer votre organisation et vous propulser vers le succ\u00e8s.\n                        <\/div>\n                    <\/div>\n                                    <div class=\"tab-pane elementkit-tab-pane elementor-repeater-item-9077dfd \" id=\"content-9077dfd69de2d466b71e\" role=\"tabpanel\"\n                         aria-labelledby=\"content-9077dfd69de2d466b71e-tab\">\n                        <div class=\"animated fadeIn\">\n                            <p style=\"text-align: center; font-size: 20px; margin-bottom: 40px;\"><strong>A quel public cette formation s\u2019adresse-t-elle?<\/strong><\/p>\n<p><i class=\"fa fa-check\" style=\"color: green;\"><\/i> D\u00e9veloppeur<\/p>\n\n<p><i class=\"fa fa-check\" style=\"color: green;\"><\/i> Testeur<\/p>\n\n<p><i class=\"fa fa-check\" style=\"color: green;\"><\/i> Int\u00e9grateur<\/p>\n\n<p><i class=\"fa fa-check\" style=\"color: green;\"><\/i> Consultant &#038; coach agile, ing\u00e9nieur, chef d\u2019\u00e9quipe, SM, PDG\/CEO, gestionnaire de portefeuille\u2026\n<\/p>\n\n\n\n\n\n<p style=\"text-align: center; color: red; font-size: 20px; margin-top: 40px;\">Cette formation est accessible \u00e0 tous les niveaux d&#8217;exp\u00e9rience. Cependant, des connaissances en agilit\u00e9 constituent un v\u00e9ritable atout.\n<\/p>                        <\/div>\n                    <\/div>\n                                    <div class=\"tab-pane elementkit-tab-pane elementor-repeater-item-8ccf88b \" id=\"content-8ccf88b69de2d466b71e\" role=\"tabpanel\"\n                         aria-labelledby=\"content-8ccf88b69de2d466b71e-tab\">\n                        <div class=\"animated fadeIn\">\n                            <p style=\"text-align: center; font-size: 20px; color: red; margin-bottom: 60px;\"><span style=\"color: #000;\">Dur\u00e9e de la Formation :<\/span> <i class=\"fa fa-calendar\" style=\"color: #576194;\"><\/i> 3 Jours<\/p>\n\n<h4>1-Introduction \u00e0 SAFe 6.0 <\/h4>\n<p><i class=\"fa fa-check\" style=\"color: green;\"><\/i> Concepts et principes de base de SAFe.\n<\/p>\n\n<p><i class=\"fa fa-check\" style=\"color: green;\"><\/i> D\u00e9couvrir le Lean , le manifeste Agile &#038; les principes de Safe.\n<\/p>\n\n<p><i class=\"fa fa-check\" style=\"color: green;\"><\/i> Les quatre configurations de SAFe (Essential SAFe, Large Solution SAFe, Portfolio SAFe, Full SAFe).\n<\/p>\n\n<h4>2-Principes Fondamentaux de SAFe \n<\/h4>\n<p><i class=\"fa fa-check\" style=\"color: green;\"><\/i> Comment ces principes guident les d\u00e9cisions et les actions dans une organisation.\n<\/p>\n\n<h4>3-Les Composants de SAFe \n<\/h4>\n<p><i class=\"fa fa-check\" style=\"color: green;\"><\/i> Les \u00e9quipes et les r\u00f4les (Agile Teams, Agile Release Train, Solution Train,\u2026).\n<\/p>\n\n<p><i class=\"fa fa-check\" style=\"color: green;\"><\/i> Les \u00e9v\u00e9nements SAFe (PI Planning, System Demo, Inspect &#038; Adapt, \u2026).\n<\/p>\n\n<p><i class=\"fa fa-check\" style=\"color: green;\"><\/i> Les artefacts SAFe (Program Backlog, Solution Backlog, PI Objectives, \u2026).\n<\/p>\n\n<h4>4-Agilit\u00e9 Commerciale et SAFe\n<\/h4>\n<p><i class=\"fa fa-check\" style=\"color: green;\"><\/i> D\u00e9finition &#038; importance de l\u2019agilit\u00e9 commerciale.\n<\/p>\n\n<p><i class=\"fa fa-check\" style=\"color: green;\"><\/i> R\u00f4les et responsabilit\u00e9s durant le PI Planning.\n<\/p>\n\n\n<h4>5-L&#8217;Agilit\u00e9 Commerciale dans SAFe\n<\/h4>\n<p><i class=\"fa fa-check\" style=\"color: green;\"><\/i> Comment SAFe prend en charge l&#8217;agilit\u00e9 commerciale.\n<\/p>\n\n<p><i class=\"fa fa-check\" style=\"color: green;\"><\/i> Alignement strat\u00e9gique et ex\u00e9cution agile.\n<\/p>\n\n\n<h4>6- Mettre en \u0152uvre l&#8217;Agilit\u00e9 Commerciale avec SAFe\n<\/h4>\n\n<p><i class=\"fa fa-check\" style=\"color: green;\"><\/i> Comp\u00e9tences de base (Lean Portfolio Management, Organizational Agility, Continuous Learning Culture, etc.).\n<\/p>\n\n<p><i class=\"fa fa-check\" style=\"color: green;\"><\/i> Comment chaque comp\u00e9tence contribue \u00e0 l&#8217;agilit\u00e9 commerciale.\n<\/p>\n\n<h4>7- D\u00e9marrage avec SAFe dans une Organisation  \n<\/h4>\n\n<p><i class=\"fa fa-check\" style=\"color: green;\"><\/i> Pr\u00e9paration au D\u00e9marrage.\n<\/p>\n\n\n<h4>8- Planification de la Transformation SAFe\n<\/h4>\n\n<p><i class=\"fa fa-check\" style=\"color: green;\"><\/i> \u00c9tapes initiales de la transformation.\n<\/p>\n\n<p><i class=\"fa fa-check\" style=\"color: green;\"><\/i> Roadmap de mise en \u0153uvre de SAFe.\n<\/p>\n\n\n<h4>9- Lancement de l&#8217;ART (Agile Release Train)\n<\/h4>\n\n<p><i class=\"fa fa-check\" style=\"color: green;\"><\/i> \u00c9tapes initiales de la transformation.\n<\/p>\n\n<p><i class=\"fa fa-check\" style=\"color: green;\"><\/i> Organisation de la premi\u00e8re session de PI Planning.\n<\/p>                        <\/div>\n                    <\/div>\n                                    <div class=\"tab-pane elementkit-tab-pane elementor-repeater-item-00f52ae \" id=\"content-00f52ae69de2d466b71e\" role=\"tabpanel\"\n                         aria-labelledby=\"content-00f52ae69de2d466b71e-tab\">\n                        <div class=\"animated fadeIn\">\n                            <p><i class=\"fa fa-check\" style=\"color: green;\"><\/i> Acqu\u00e9rir une compr\u00e9hension approfondie de SAFe et de son application dans diff\u00e9rentes configurations organisationnelles.\n<\/p>\n\n<p><i class=\"fa fa-check\" style=\"color: green;\"><\/i> Comprendre l&#8217;importance de l&#8217;agilit\u00e9 commerciale et comment SAFe la facilite.\n<\/p>\n\n<p><i class=\"fa fa-check\" style=\"color: green;\"><\/i> Savoir comment d\u00e9marrer et r\u00e9ussir une transformation SAFe dans une organisation, en mettant l&#8217;accent sur la pr\u00e9paration, la planification et l&#8217;ex\u00e9cution.\n<\/p>\n\n\n<p><i class=\"fa fa-check\" style=\"color: green;\"><\/i> \u00catre capable de mettre en pratique les concepts appris \u00e0 travers des exercices et des simulations, et d&#8217;appliquer ces connaissances dans des situations r\u00e9elles.\n<\/p>                        <\/div>\n                    <\/div>\n                            <\/div>\n        <\/div>\n    <\/div>\t\t<\/div>\n\t\t\t\t<\/div>\n\t\t\t\t\t<\/div>\n\t\t<\/div>\n\t\t\t\t\t<\/div>\n\t\t<\/section>\n\t\t\t\t\t<\/div>\n\t\t<\/div>\n\t\t\t\t\t<\/div>\n\t\t<\/section>\n\t\t\t\t<\/div>\n\t\t","protected":false},"excerpt":{"rendered":"<p>SAFe Agilist 6.0 Bienvenue dans le monde de la transformation agile avec notre formation SAFe Agilist 6.0. Dans un paysage professionnel en constante \u00e9volution, l&#8217;agilit\u00e9 devient non seulement un avantage concurrentiel mais aussi un imp\u00e9ratif pour les organisations cherchant \u00e0 innover, \u00e0 s&#8217;adapter rapidement et \u00e0 r\u00e9pondre aux demandes du [&hellip;]<\/p>\n","protected":false},"author":1,"featured_media":0,"parent":0,"menu_order":0,"comment_status":"closed","ping_status":"closed","template":"elementor_theme","meta":{"footnotes":""},"class_list":["post-7440","page","type-page","status-publish","hentry"],"_links":{"self":[{"href":"https:\/\/mesguides.info\/test-yetinnov\/wp-json\/wp\/v2\/pages\/7440"}],"collection":[{"href":"https:\/\/mesguides.info\/test-yetinnov\/wp-json\/wp\/v2\/pages"}],"about":[{"href":"https:\/\/mesguides.info\/test-yetinnov\/wp-json\/wp\/v2\/types\/page"}],"author":[{"embeddable":true,"href":"https:\/\/mesguides.info\/test-yetinnov\/wp-json\/wp\/v2\/users\/1"}],"replies":[{"embeddable":true,"href":"https:\/\/mesguides.info\/test-yetinnov\/wp-json\/wp\/v2\/comments?post=7440"}],"version-history":[{"count":13,"href":"https:\/\/mesguides.info\/test-yetinnov\/wp-json\/wp\/v2\/pages\/7440\/revisions"}],"predecessor-version":[{"id":8518,"href":"https:\/\/mesguides.info\/test-yetinnov\/wp-json\/wp\/v2\/pages\/7440\/revisions\/8518"}],"wp:attachment":[{"href":"https:\/\/mesguides.info\/test-yetinnov\/wp-json\/wp\/v2\/media?parent=7440"}],"curies":[{"name":"wp","href":"https:\/\/api.w.org\/{rel}","templated":true}]}}