{"id":7431,"date":"2024-08-23T13:05:59","date_gmt":"2024-08-23T11:05:59","guid":{"rendered":"https:\/\/mesguides.info\/test-yetinnov\/?page_id=7431"},"modified":"2024-09-09T10:34:36","modified_gmt":"2024-09-09T08:34:36","slug":"professional-scrum-product-owner-i-pspo-i","status":"publish","type":"page","link":"https:\/\/mesguides.info\/test-yetinnov\/professional-scrum-product-owner-i-pspo-i\/","title":{"rendered":"Professional Scrum Product Owner I \u2013 PSPO I"},"content":{"rendered":"\t\t<div data-elementor-type=\"wp-page\" data-elementor-id=\"7431\" class=\"elementor elementor-7431\">\n\t\t\t\t\t\t<section class=\"elementor-section elementor-top-section elementor-element elementor-element-6fef0e4 elementor-section-boxed elementor-section-height-default elementor-section-height-default\" data-id=\"6fef0e4\" data-element_type=\"section\" data-settings=\"{&quot;background_background&quot;:&quot;classic&quot;,&quot;_ha_eqh_enable&quot;:false}\">\n\t\t\t\t\t\t<div class=\"elementor-container elementor-column-gap-default\">\n\t\t\t\t\t<div class=\"elementor-column elementor-col-100 elementor-top-column elementor-element elementor-element-2713206\" data-id=\"2713206\" data-element_type=\"column\">\n\t\t\t<div class=\"elementor-widget-wrap elementor-element-populated\">\n\t\t\t\t\t\t<section class=\"elementor-section elementor-inner-section elementor-element elementor-element-b12eb1f elementor-section-full_width elementor-section-height-default elementor-section-height-default\" data-id=\"b12eb1f\" data-element_type=\"section\" data-settings=\"{&quot;_ha_eqh_enable&quot;:false}\">\n\t\t\t\t\t\t<div class=\"elementor-container elementor-column-gap-no\">\n\t\t\t\t\t<div class=\"elementor-column elementor-col-100 elementor-inner-column elementor-element elementor-element-3dc30f5\" data-id=\"3dc30f5\" data-element_type=\"column\">\n\t\t\t<div class=\"elementor-widget-wrap elementor-element-populated\">\n\t\t\t\t\t\t<div class=\"elementor-element elementor-element-8164801 elementor-invisible elementor-widget elementor-widget-elementskit-heading\" data-id=\"8164801\" data-element_type=\"widget\" data-settings=\"{&quot;_animation&quot;:&quot;fadeInUp&quot;}\" data-widget_type=\"elementskit-heading.default\">\n\t\t\t\t<div class=\"elementor-widget-container\">\n\t\t\t<div class=\"ekit-wid-con\" ><div class=\"ekit-heading elementskit-section-title-wraper center   ekit_heading_tablet-   ekit_heading_mobile-\"><h2 class=\"ekit-heading--title elementskit-section-title \">Professional Scrum Product Owner I \u2013 PSPO I<\/h2><div class=\"ekit_heading_separetor_wraper ekit_heading_elementskit-border-divider\"><div class=\"elementskit-border-divider\"><\/div><\/div>\t\t\t\t<div class='ekit-heading__description'>\n\t\t\t\t\t<p>Bienvenue \u00e0 cette formation intensive sur le Product Owner Professional I (PSPO I). Gr\u00e2ce \u00e0 nos experts , vous explorez en profondeur le r\u00f4le strat\u00e9gique du Product Owner dans le cadre agile, en mettant l'accent sur la gestion de produit et la maximisation de la valeur pour l'entreprise. Cette formation vous fournira les connaissances et les comp\u00e9tences n\u00e9cessaires pour naviguer avec succ\u00e8s dans le monde complexe et dynamique de la gestion de produit agile, en vous pr\u00e9parant \u00e0 assumer un r\u00f4le central dans la cr\u00e9ation de produits innovants et \u00e0 succ\u00e8s.<\/p>\n\t\t\t\t<\/div>\n\t\t\t<\/div><\/div>\t\t<\/div>\n\t\t\t\t<\/div>\n\t\t\t\t<div class=\"elementor-element elementor-element-52b663d elementor-widget elementor-widget-elementskit-simple-tab\" data-id=\"52b663d\" data-element_type=\"widget\" data-widget_type=\"elementskit-simple-tab.default\">\n\t\t\t\t<div class=\"elementor-widget-container\">\n\t\t\t<div class=\"ekit-wid-con\" >        <div class=\"elementkit-tab-wraper   elementskit-fitcontent-tab \">\n            <ul class=\"nav nav-tabs elementkit-tab-nav  elementskit_tooltip_style elementskit_tooltip_style\">\n                                    <li class=\"elementkit-nav-item elementor-repeater-item-e7fb3c4\">\n                        <a class=\"elementkit-nav-link  active show left-pos\" id=\"content-e7fb3c469de2d6a3e270-tab\" data-ekit-handler-id=\"pourquoi-pspo-i-\" data-ekit-toggle=\"tab\" data-target=\"#content-e7fb3c469de2d6a3e270\" href=\"#Content-e7fb3c469de2d6a3e270\"\n                            data-ekit-toggle-trigger=\"click\"\n                            aria-describedby=\"Content-e7fb3c469de2d6a3e270\">\n                            <span class=\" elementskit-tab-icon\"><\/span>                            <span class=\"elementskit-tab-title\"> Pourquoi PSPO I ? <\/span>\n                        <\/a>\n                    <\/li>\n                                        <li class=\"elementkit-nav-item elementor-repeater-item-9077dfd\">\n                        <a class=\"elementkit-nav-link  left-pos\" id=\"content-9077dfd69de2d6a3e270-tab\" data-ekit-handler-id=\"cibles\" data-ekit-toggle=\"tab\" data-target=\"#content-9077dfd69de2d6a3e270\" href=\"#Content-9077dfd69de2d6a3e270\"\n                            data-ekit-toggle-trigger=\"click\"\n                            aria-describedby=\"Content-9077dfd69de2d6a3e270\">\n                            <span class=\" elementskit-tab-icon\"><\/span>                            <span class=\"elementskit-tab-title\"> Cibles<\/span>\n                        <\/a>\n                    <\/li>\n                                        <li class=\"elementkit-nav-item elementor-repeater-item-8ccf88b\">\n                        <a class=\"elementkit-nav-link  left-pos\" id=\"content-8ccf88b69de2d6a3e270-tab\" data-ekit-handler-id=\"-programme-de-formation-\" data-ekit-toggle=\"tab\" data-target=\"#content-8ccf88b69de2d6a3e270\" href=\"#Content-8ccf88b69de2d6a3e270\"\n                            data-ekit-toggle-trigger=\"click\"\n                            aria-describedby=\"Content-8ccf88b69de2d6a3e270\">\n                            <span class=\" elementskit-tab-icon\"><\/span>                            <span class=\"elementskit-tab-title\">  Programme de formation <\/span>\n                        <\/a>\n                    <\/li>\n                                        <li class=\"elementkit-nav-item elementor-repeater-item-00f52ae\">\n                        <a class=\"elementkit-nav-link  left-pos\" id=\"content-00f52ae69de2d6a3e270-tab\" data-ekit-handler-id=\"objectifs-de-la-formation-\" data-ekit-toggle=\"tab\" data-target=\"#content-00f52ae69de2d6a3e270\" href=\"#Content-00f52ae69de2d6a3e270\"\n                            data-ekit-toggle-trigger=\"click\"\n                            aria-describedby=\"Content-00f52ae69de2d6a3e270\">\n                            <span class=\" elementskit-tab-icon\"><\/span>                            <span class=\"elementskit-tab-title\"> Objectifs de la formation <\/span>\n                        <\/a>\n                    <\/li>\n                                        <li class=\"elementkit-nav-item elementor-repeater-item-5e2f044\">\n                        <a class=\"elementkit-nav-link  left-pos\" id=\"content-5e2f04469de2d6a3e270-tab\" data-ekit-handler-id=\"objectifs-p-dagogique\" data-ekit-toggle=\"tab\" data-target=\"#content-5e2f04469de2d6a3e270\" href=\"#Content-5e2f04469de2d6a3e270\"\n                            data-ekit-toggle-trigger=\"click\"\n                            aria-describedby=\"Content-5e2f04469de2d6a3e270\">\n                            <span class=\" elementskit-tab-icon\"><\/span>                            <span class=\"elementskit-tab-title\"> Objectifs P\u00e9dagogique<\/span>\n                        <\/a>\n                    <\/li>\n                                <\/ul>\n\n            <div class=\"tab-content elementkit-tab-content\">\n                                    <div class=\"tab-pane elementkit-tab-pane elementor-repeater-item-e7fb3c4  active show\" id=\"content-e7fb3c469de2d6a3e270\" role=\"tabpanel\"\n                         aria-labelledby=\"content-e7fb3c469de2d6a3e270-tab\">\n                        <div class=\"animated fadeIn\">\n                            D\u00e9couvrez les raisons incontournables de choisir la certification PSPOI et d&#8217;atteindre de nouveaux niveaux de comp\u00e9tences en gestion de produits agiles.\n                        <\/div>\n                    <\/div>\n                                    <div class=\"tab-pane elementkit-tab-pane elementor-repeater-item-9077dfd \" id=\"content-9077dfd69de2d6a3e270\" role=\"tabpanel\"\n                         aria-labelledby=\"content-9077dfd69de2d6a3e270-tab\">\n                        <div class=\"animated fadeIn\">\n                            <p style=\"text-align: center; font-size: 20px; margin-bottom: 40px;\"><strong>A quel public cette formation s\u2019adresse-t-elle?<\/strong><\/p>\n\n<p><i class=\"fa fa-check\" style=\"color: green;\"><\/i> Tout individu int\u00e9ress\u00e9 par l&#8217;am\u00e9lioration de ses comp\u00e9tences en gestion de projet agile.\n<\/p>\n<p style=\"text-align: center; color: red; font-size: 20px; margin-top: 40px;\">Aucun pr\u00e9requis n&#8217;est n\u00e9cessaire pour les personnes souhaitant y participer.<\/p>                        <\/div>\n                    <\/div>\n                                    <div class=\"tab-pane elementkit-tab-pane elementor-repeater-item-8ccf88b \" id=\"content-8ccf88b69de2d6a3e270\" role=\"tabpanel\"\n                         aria-labelledby=\"content-8ccf88b69de2d6a3e270-tab\">\n                        <div class=\"animated fadeIn\">\n                            <p style=\"text-align: center; font-size: 20px; color: red; margin-bottom: 60px;\"><span style=\"color: #000;\">Dur\u00e9e de la Formation :<\/span> <i class=\"fa fa-calendar\" style=\"color: #576194;\"><\/i> 2 Jours<\/p>\n\n<h4>1-Fondations de la Gestion Agile des Produits<\/h4>\n<p><i class=\"fa fa-check\" style=\"color: green;\"><\/i> Exploration des principes fondamentaux et des valeurs de l&#8217;agilit\u00e9.<\/p>\n\n<p><i class=\"fa fa-check\" style=\"color: green;\"><\/i> R\u00f4les et responsabilit\u00e9s du Product Owner.<\/p>\n\n<p><i class=\"fa fa-check\" style=\"color: green;\"><\/i> Vision du produit et strat\u00e9gie.<\/p>\n\n<h4>2-Techniques Avanc\u00e9es et Certification PSPOI<\/h4>\n<p><i class=\"fa fa-check\" style=\"color: green;\"><\/i> Gestion de la valeur et du retour sur investissement (ROI).<\/p>\n\n<p><i class=\"fa fa-check\" style=\"color: green;\"><\/i> Planification et estimation dans un environnement agile.<\/p>\n\n<p><i class=\"fa fa-check\" style=\"color: green;\"><\/i> Adaptation de la strat\u00e9gie produit.<\/p>\n\n<p><i class=\"fa fa-check\" style=\"color: green;\"><\/i> Surveillance et rapport des progr\u00e8s du produit.<\/p>\n\n<p><i class=\"fa fa-check\" style=\"color: green;\"><\/i> R\u00e9vision et r\u00e9trospective du sprint.<\/p>\n\n<p><i class=\"fa fa-check\" style=\"color: green;\"><\/i> Pr\u00e9paration \u00e0 l&#8217;examen de certification PSPOI.<\/p>                        <\/div>\n                    <\/div>\n                                    <div class=\"tab-pane elementkit-tab-pane elementor-repeater-item-00f52ae \" id=\"content-00f52ae69de2d6a3e270\" role=\"tabpanel\"\n                         aria-labelledby=\"content-00f52ae69de2d6a3e270-tab\">\n                        <div class=\"animated fadeIn\">\n                            <p><i class=\"fa fa-check\" style=\"color: green;\"><\/i> Comprendre les Principes Fondamentaux de la Gestion Agile des Produits.<\/p>\n\n<p><i class=\"fa fa-check\" style=\"color: green;\"><\/i> Ma\u00eetriser la Gestion du Backlog de Produit.<\/p>\n\n<p><i class=\"fa fa-check\" style=\"color: green;\"><\/i> Optimiser la Collaboration et la Communication.<\/p>\n\n<p><i class=\"fa fa-check\" style=\"color: green;\"><\/i> G\u00e9rer la Valeur et Optimiser le Retour sur Investissement.<\/p>\n\n                        <\/div>\n                    <\/div>\n                                    <div class=\"tab-pane elementkit-tab-pane elementor-repeater-item-5e2f044 \" id=\"content-5e2f04469de2d6a3e270\" role=\"tabpanel\"\n                         aria-labelledby=\"content-5e2f04469de2d6a3e270-tab\">\n                        <div class=\"animated fadeIn\">\n                            <p><i class=\"fa fa-check\" style=\"color: green;\"><\/i> 60% pratique<\/p>\n\n<p><i class=\"fa fa-check\" style=\"color: green;\"><\/i> 40% th\u00e9orique<\/p>\n\n<p><i class=\"fa fa-check\" style=\"color: green;\"><\/i> Cette formation PSPO I propose une approche compl\u00e8te des objectifs vis\u00e9s, en int\u00e9grant des sessions th\u00e9oriques approfondies, des \u00e9tudes de cas pratiques, des simulations d&#8217;\u00e9v\u00e9nements Scrum, et une pr\u00e9paration d\u00e9taill\u00e9e \u00e0 la certification PSPO I. Elle vise \u00e0 stimuler l&#8217;interaction et \u00e0 favoriser un apprentissage pratique enrichissant pour tous les participants.\n<\/p>                        <\/div>\n                    <\/div>\n                            <\/div>\n        <\/div>\n    <\/div>\t\t<\/div>\n\t\t\t\t<\/div>\n\t\t\t\t\t<\/div>\n\t\t<\/div>\n\t\t\t\t\t<\/div>\n\t\t<\/section>\n\t\t\t\t\t<\/div>\n\t\t<\/div>\n\t\t\t\t\t<\/div>\n\t\t<\/section>\n\t\t\t\t<\/div>\n\t\t","protected":false},"excerpt":{"rendered":"<p>Professional Scrum Product Owner I \u2013 PSPO I Bienvenue \u00e0 cette formation intensive sur le Product Owner Professional I (PSPO I). Gr\u00e2ce \u00e0 nos experts , vous explorez en profondeur le r\u00f4le strat\u00e9gique du Product Owner dans le cadre agile, en mettant l&#8217;accent sur la gestion de produit et la [&hellip;]<\/p>\n","protected":false},"author":1,"featured_media":0,"parent":0,"menu_order":0,"comment_status":"closed","ping_status":"closed","template":"elementor_theme","meta":{"footnotes":""},"class_list":["post-7431","page","type-page","status-publish","hentry"],"_links":{"self":[{"href":"https:\/\/mesguides.info\/test-yetinnov\/wp-json\/wp\/v2\/pages\/7431"}],"collection":[{"href":"https:\/\/mesguides.info\/test-yetinnov\/wp-json\/wp\/v2\/pages"}],"about":[{"href":"https:\/\/mesguides.info\/test-yetinnov\/wp-json\/wp\/v2\/types\/page"}],"author":[{"embeddable":true,"href":"https:\/\/mesguides.info\/test-yetinnov\/wp-json\/wp\/v2\/users\/1"}],"replies":[{"embeddable":true,"href":"https:\/\/mesguides.info\/test-yetinnov\/wp-json\/wp\/v2\/comments?post=7431"}],"version-history":[{"count":13,"href":"https:\/\/mesguides.info\/test-yetinnov\/wp-json\/wp\/v2\/pages\/7431\/revisions"}],"predecessor-version":[{"id":8515,"href":"https:\/\/mesguides.info\/test-yetinnov\/wp-json\/wp\/v2\/pages\/7431\/revisions\/8515"}],"wp:attachment":[{"href":"https:\/\/mesguides.info\/test-yetinnov\/wp-json\/wp\/v2\/media?parent=7431"}],"curies":[{"name":"wp","href":"https:\/\/api.w.org\/{rel}","templated":true}]}}