{"id":7410,"date":"2024-08-23T12:32:45","date_gmt":"2024-08-23T10:32:45","guid":{"rendered":"https:\/\/mesguides.info\/test-yetinnov\/?page_id=7410"},"modified":"2024-09-12T12:02:43","modified_gmt":"2024-09-12T10:02:43","slug":"psm-i-professional-scrum-master-i","status":"publish","type":"page","link":"https:\/\/mesguides.info\/test-yetinnov\/psm-i-professional-scrum-master-i\/","title":{"rendered":"PSM I \u2013 Professional Scrum Master I"},"content":{"rendered":"\t\t<div data-elementor-type=\"wp-page\" data-elementor-id=\"7410\" class=\"elementor elementor-7410\">\n\t\t\t\t\t\t<section class=\"elementor-section elementor-top-section elementor-element elementor-element-e1cc68e elementor-section-boxed elementor-section-height-default elementor-section-height-default\" data-id=\"e1cc68e\" data-element_type=\"section\" data-settings=\"{&quot;background_background&quot;:&quot;classic&quot;,&quot;_ha_eqh_enable&quot;:false}\">\n\t\t\t\t\t\t<div class=\"elementor-container elementor-column-gap-default\">\n\t\t\t\t\t<div class=\"elementor-column elementor-col-100 elementor-top-column elementor-element elementor-element-beb92eb\" data-id=\"beb92eb\" data-element_type=\"column\">\n\t\t\t<div class=\"elementor-widget-wrap elementor-element-populated\">\n\t\t\t\t\t\t<section class=\"elementor-section elementor-inner-section elementor-element elementor-element-4f555c1 elementor-section-full_width elementor-section-height-default elementor-section-height-default\" data-id=\"4f555c1\" data-element_type=\"section\" data-settings=\"{&quot;_ha_eqh_enable&quot;:false}\">\n\t\t\t\t\t\t<div class=\"elementor-container elementor-column-gap-no\">\n\t\t\t\t\t<div class=\"elementor-column elementor-col-100 elementor-inner-column elementor-element elementor-element-2c29093\" data-id=\"2c29093\" data-element_type=\"column\">\n\t\t\t<div class=\"elementor-widget-wrap elementor-element-populated\">\n\t\t\t\t\t\t<div class=\"elementor-element elementor-element-fa3a234 elementor-invisible elementor-widget elementor-widget-elementskit-heading\" data-id=\"fa3a234\" data-element_type=\"widget\" data-settings=\"{&quot;_animation&quot;:&quot;fadeInUp&quot;}\" data-widget_type=\"elementskit-heading.default\">\n\t\t\t\t<div class=\"elementor-widget-container\">\n\t\t\t<div class=\"ekit-wid-con\" ><div class=\"ekit-heading elementskit-section-title-wraper center   ekit_heading_tablet-   ekit_heading_mobile-\"><h2 class=\"ekit-heading--title elementskit-section-title \">Professional Scrum Master I \u2013 PSM I<\/h2><div class=\"ekit_heading_separetor_wraper ekit_heading_elementskit-border-divider\"><div class=\"elementskit-border-divider\"><\/div><\/div>\t\t\t\t<div class='ekit-heading__description'>\n\t\t\t\t\t<p>Bienvenue \u00e0 cette formation de 2 jours sur le Scrum Master Professional I (PSM I). Au cours des sessions de formations et \u00e0 l\u2019aide de nos experts, vous plongerez dans les principes et les pratiques fondamentaux de Scrum, une m\u00e9thodologie agile de gestion de projet largement utilis\u00e9e dans divers secteurs. Pr\u00e9parez-vous \u00e0 une immersion dans un environnement d'apprentissage interactif et engageant o\u00f9 vous pourrez d\u00e9couvrir comment Scrum peut transformer votre approche du travail en \u00e9quipe et de la gestion de projet.<\/p>\n\t\t\t\t<\/div>\n\t\t\t<\/div><\/div>\t\t<\/div>\n\t\t\t\t<\/div>\n\t\t\t\t<div class=\"elementor-element elementor-element-10c73ee elementor-widget elementor-widget-elementskit-simple-tab\" data-id=\"10c73ee\" data-element_type=\"widget\" data-widget_type=\"elementskit-simple-tab.default\">\n\t\t\t\t<div class=\"elementor-widget-container\">\n\t\t\t<div class=\"ekit-wid-con\" >        <div class=\"elementkit-tab-wraper   elementskit-fitcontent-tab \">\n            <ul class=\"nav nav-tabs elementkit-tab-nav  elementskit_tooltip_style elementskit_tooltip_style\">\n                                    <li class=\"elementkit-nav-item elementor-repeater-item-e7fb3c4\">\n                        <a class=\"elementkit-nav-link  active show left-pos\" id=\"content-e7fb3c469de2dad8e0e6-tab\" data-ekit-handler-id=\"pourquoi-psm-i-\" data-ekit-toggle=\"tab\" data-target=\"#content-e7fb3c469de2dad8e0e6\" href=\"#Content-e7fb3c469de2dad8e0e6\"\n                            data-ekit-toggle-trigger=\"click\"\n                            aria-describedby=\"Content-e7fb3c469de2dad8e0e6\">\n                            <span class=\" elementskit-tab-icon\"><\/span>                            <span class=\"elementskit-tab-title\"> Pourquoi PSM I ? <\/span>\n                        <\/a>\n                    <\/li>\n                                        <li class=\"elementkit-nav-item elementor-repeater-item-9077dfd\">\n                        <a class=\"elementkit-nav-link  left-pos\" id=\"content-9077dfd69de2dad8e0e6-tab\" data-ekit-handler-id=\"cibles\" data-ekit-toggle=\"tab\" data-target=\"#content-9077dfd69de2dad8e0e6\" href=\"#Content-9077dfd69de2dad8e0e6\"\n                            data-ekit-toggle-trigger=\"click\"\n                            aria-describedby=\"Content-9077dfd69de2dad8e0e6\">\n                            <span class=\" elementskit-tab-icon\"><\/span>                            <span class=\"elementskit-tab-title\"> Cibles<\/span>\n                        <\/a>\n                    <\/li>\n                                        <li class=\"elementkit-nav-item elementor-repeater-item-8ccf88b\">\n                        <a class=\"elementkit-nav-link  left-pos\" id=\"content-8ccf88b69de2dad8e0e6-tab\" data-ekit-handler-id=\"-programme-de-formation-\" data-ekit-toggle=\"tab\" data-target=\"#content-8ccf88b69de2dad8e0e6\" href=\"#Content-8ccf88b69de2dad8e0e6\"\n                            data-ekit-toggle-trigger=\"click\"\n                            aria-describedby=\"Content-8ccf88b69de2dad8e0e6\">\n                            <span class=\" elementskit-tab-icon\"><\/span>                            <span class=\"elementskit-tab-title\">  Programme de formation <\/span>\n                        <\/a>\n                    <\/li>\n                                        <li class=\"elementkit-nav-item elementor-repeater-item-00f52ae\">\n                        <a class=\"elementkit-nav-link  left-pos\" id=\"content-00f52ae69de2dad8e0e6-tab\" data-ekit-handler-id=\"objectifs-de-la-formation-\" data-ekit-toggle=\"tab\" data-target=\"#content-00f52ae69de2dad8e0e6\" href=\"#Content-00f52ae69de2dad8e0e6\"\n                            data-ekit-toggle-trigger=\"click\"\n                            aria-describedby=\"Content-00f52ae69de2dad8e0e6\">\n                            <span class=\" elementskit-tab-icon\"><\/span>                            <span class=\"elementskit-tab-title\"> Objectifs de la formation <\/span>\n                        <\/a>\n                    <\/li>\n                                        <li class=\"elementkit-nav-item elementor-repeater-item-5e2f044\">\n                        <a class=\"elementkit-nav-link  left-pos\" id=\"content-5e2f04469de2dad8e0e6-tab\" data-ekit-handler-id=\"objectifs-p-dagogique\" data-ekit-toggle=\"tab\" data-target=\"#content-5e2f04469de2dad8e0e6\" href=\"#Content-5e2f04469de2dad8e0e6\"\n                            data-ekit-toggle-trigger=\"click\"\n                            aria-describedby=\"Content-5e2f04469de2dad8e0e6\">\n                            <span class=\" elementskit-tab-icon\"><\/span>                            <span class=\"elementskit-tab-title\"> Objectifs P\u00e9dagogique<\/span>\n                        <\/a>\n                    <\/li>\n                                <\/ul>\n\n            <div class=\"tab-content elementkit-tab-content\">\n                                    <div class=\"tab-pane elementkit-tab-pane elementor-repeater-item-e7fb3c4  active show\" id=\"content-e7fb3c469de2dad8e0e6\" role=\"tabpanel\"\n                         aria-labelledby=\"content-e7fb3c469de2dad8e0e6-tab\">\n                        <div class=\"animated fadeIn\">\n                            <p>Explorez comment la certification PSMI peut dynamiser votre carri\u00e8re dans la gestion de projet agile.<\/p>                        <\/div>\n                    <\/div>\n                                    <div class=\"tab-pane elementkit-tab-pane elementor-repeater-item-9077dfd \" id=\"content-9077dfd69de2dad8e0e6\" role=\"tabpanel\"\n                         aria-labelledby=\"content-9077dfd69de2dad8e0e6-tab\">\n                        <div class=\"animated fadeIn\">\n                            <p style=\"text-align: center; font-size: 20px; margin-bottom: 40px;\"><strong>A quel public cette formation s\u2019adresse-t-elle?<\/strong><\/p>\n\n<p><i class=\"fa fa-check\" style=\"color: green;\"><\/i> Tout individu int\u00e9ress\u00e9 par l&#8217;am\u00e9lioration de ses comp\u00e9tences en gestion de projet agile.\n<\/p>\n<p style=\"text-align: center; color: red; font-size: 20px; margin-top: 40px;\">Aucun pr\u00e9requis n&#8217;est n\u00e9cessaire pour les personnes souhaitant y participer.<\/p>                        <\/div>\n                    <\/div>\n                                    <div class=\"tab-pane elementkit-tab-pane elementor-repeater-item-8ccf88b \" id=\"content-8ccf88b69de2dad8e0e6\" role=\"tabpanel\"\n                         aria-labelledby=\"content-8ccf88b69de2dad8e0e6-tab\">\n                        <div class=\"animated fadeIn\">\n                            <p style=\"text-align: center; font-size: 20px; color: red; margin-bottom: 60px;\"><span style=\"color: #000;\">Dur\u00e9e de la Formation :<\/span> <i class=\"fa fa-calendar\" style=\"color: #576194;\"><\/i> 2 Jours<\/p>\n<h4>1-Introduction \u00e0 l&#8217;Agilit\u00e9<\/h4>\n<p><i class=\"fa fa-check\" style=\"color: green;\"><\/i> Exploration des principes fondamentaux et des valeurs de l&#8217;agilit\u00e9.<\/p>\n\n<p><i class=\"fa fa-check\" style=\"color: green;\"><\/i> Comparaison avec les m\u00e9thodologies traditionnelles de gestion de projet.\n<\/p>\n\n<p><i class=\"fa fa-check\" style=\"color: green;\"><\/i> Discussion sur les avantages de l&#8217;approche agile dans diff\u00e9rents contextes.\n<\/p>\n\n<p><i class=\"fa fa-check\" style=\"color: green;\"><\/i> Scrum en profondeur : Historique, framework et principes cl\u00e9s.\n<\/p>\n\n<p><i class=\"fa fa-check\" style=\"color: green;\"><\/i> Les r\u00f4les dans Scrum : Scrum Master, Product Owner, et l&#8217;\u00e9quipe de d\u00e9veloppement.\n<\/p>\n\n<p><i class=\"fa fa-check\" style=\"color: green;\"><\/i> Responsabilit\u00e9s sp\u00e9cifiques \u00e0 chaque r\u00f4le et interrelations.\n<\/p>\n\n<p><i class=\"fa fa-check\" style=\"color: green;\"><\/i> Les \u00e9v\u00e9nements Scrum : Sprint, Sprint Planning, Daily Scrum, Sprint Review, et Sprint R\u00e9trospective.\n<\/p>\n\n<p><i class=\"fa fa-check\" style=\"color: green;\"><\/i> Techniques pour organiser et faciliter efficacement ces \u00e9v\u00e9nements.\n<\/p>\n\n<p><i class=\"fa fa-check\" style=\"color: green;\"><\/i> \u00c9tude de cas pratique : Simulation d&#8217;un Sprint Planning et d&#8217;un Daily Scrum.\n<\/p>\n\n<h4>2-Collaboration et Efficacit\u00e9 Collective\n<\/h4>\n<p><i class=\"fa fa-check\" style=\"color: green;\"><\/i> Ma\u00eetrise des concepts de base, du framework et des r\u00f4les Scrum.\n<\/p>\n\n<p><i class=\"fa fa-check\" style=\"color: green;\"><\/i> Optimisation de la collaboration dans une \u00e9quipe Scrum.\n<\/p>\n\n<p><i class=\"fa fa-check\" style=\"color: green;\"><\/i> Techniques de communication et de r\u00e9solution des conflits.\n<\/p>\n\n<p><i class=\"fa fa-check\" style=\"color: green;\"><\/i> Exercices pratiques de renforcement de l&#8217;\u00e9quipe.\n<\/p>\n\n<p><i class=\"fa fa-check\" style=\"color: green;\"><\/i> Application de Scrum dans diff\u00e9rents environnements et types de projets.\n<\/p>\n\n<p><i class=\"fa fa-check\" style=\"color: green;\"><\/i> Identification des cas d&#8217;utilisation appropri\u00e9s pour Scrum.\n<\/p>\n\n<p><i class=\"fa fa-check\" style=\"color: green;\"><\/i> Discussion sur les adaptations et les bonnes pratiques pour chaque contexte.\n<\/p>\n\n<p><i class=\"fa fa-check\" style=\"color: green;\"><\/i> Pr\u00e9paration \u00e0 l&#8217;examen PSM I \n<\/p>\n\n                        <\/div>\n                    <\/div>\n                                    <div class=\"tab-pane elementkit-tab-pane elementor-repeater-item-00f52ae \" id=\"content-00f52ae69de2dad8e0e6\" role=\"tabpanel\"\n                         aria-labelledby=\"content-00f52ae69de2dad8e0e6-tab\">\n                        <div class=\"animated fadeIn\">\n                            <p><i class=\"fa fa-check\" style=\"color: green;\"><\/i> Comprendre les principes fondamentaux de l&#8217;agilit\u00e9 et leurs valeurs.<\/p>\n\n<p><i class=\"fa fa-check\" style=\"color: green;\"><\/i> Ma\u00eetriser les m\u00e9thodologies sp\u00e9cifiques aux projets Scrum.\n<\/p>\n\n<p><i class=\"fa fa-check\" style=\"color: green;\"><\/i> D\u00e9finir clairement les r\u00f4les et responsabilit\u00e9s au sein d&#8217;une \u00e9quipe Scrum.\n<\/p>\n\n<p><i class=\"fa fa-check\" style=\"color: green;\"><\/i> Appliquer efficacement les techniques et outils de gestion Scrum.\n<\/p>\n\n<p><i class=\"fa fa-check\" style=\"color: green;\"><\/i> Pr\u00e9parer et organiser des projets gr\u00e2ce \u00e0 des \u00e9tudes de cas et des simulations.\n<\/p>\n\n<p><i class=\"fa fa-check\" style=\"color: green;\"><\/i> Optimiser la collaboration et l&#8217;efficacit\u00e9 collective avec Scrum.\n<\/p>\n\n<p><i class=\"fa fa-check\" style=\"color: green;\"><\/i> Identifier les situations propices \u00e0 l&#8217;application de Scrum.\n<\/p>\n\n<p><i class=\"fa fa-check\" style=\"color: green;\"><\/i> Se pr\u00e9parer pour obtenir la certification PSM I. \n<\/p>                        <\/div>\n                    <\/div>\n                                    <div class=\"tab-pane elementkit-tab-pane elementor-repeater-item-5e2f044 \" id=\"content-5e2f04469de2dad8e0e6\" role=\"tabpanel\"\n                         aria-labelledby=\"content-5e2f04469de2dad8e0e6-tab\">\n                        <div class=\"animated fadeIn\">\n                            \n<p><i class=\"fa fa-check\" style=\"color: green;\"><\/i> Cette formation couvre de mani\u00e8re exhaustive les objectifs de formation sp\u00e9cifi\u00e9s, en int\u00e9grant des sessions th\u00e9oriques, des \u00e9tudes de cas pratiques, des simulations d&#8217;\u00e9v\u00e9nements Scrum, et une pr\u00e9paration d\u00e9taill\u00e9e pour la certification PSM I, tout en favorisant l&#8217;interaction et l&#8217;apprentissage pratique des participants.\n<\/p>\n\n<p><i class=\"fa fa-check\" style=\"color: green;\"><\/i> 60% pratique, 40% th\u00e9orique\n<\/p>\n\n<p><i class=\"fa fa-check\" style=\"color: green;\"><\/i> 2 jours de cours \u2013 (12 heures)\n<\/p>\n                        <\/div>\n                    <\/div>\n                            <\/div>\n        <\/div>\n    <\/div>\t\t<\/div>\n\t\t\t\t<\/div>\n\t\t\t\t\t<\/div>\n\t\t<\/div>\n\t\t\t\t\t<\/div>\n\t\t<\/section>\n\t\t\t\t\t<\/div>\n\t\t<\/div>\n\t\t\t\t\t<\/div>\n\t\t<\/section>\n\t\t\t\t<\/div>\n\t\t","protected":false},"excerpt":{"rendered":"<p>Professional Scrum Master I \u2013 PSM I Bienvenue \u00e0 cette formation de 2 jours sur le Scrum Master Professional I (PSM I). Au cours des sessions de formations et \u00e0 l\u2019aide de nos experts, vous plongerez dans les principes et les pratiques fondamentaux de Scrum, une m\u00e9thodologie agile de gestion [&hellip;]<\/p>\n","protected":false},"author":1,"featured_media":0,"parent":0,"menu_order":0,"comment_status":"closed","ping_status":"closed","template":"elementor_theme","meta":{"footnotes":""},"class_list":["post-7410","page","type-page","status-publish","hentry"],"_links":{"self":[{"href":"https:\/\/mesguides.info\/test-yetinnov\/wp-json\/wp\/v2\/pages\/7410"}],"collection":[{"href":"https:\/\/mesguides.info\/test-yetinnov\/wp-json\/wp\/v2\/pages"}],"about":[{"href":"https:\/\/mesguides.info\/test-yetinnov\/wp-json\/wp\/v2\/types\/page"}],"author":[{"embeddable":true,"href":"https:\/\/mesguides.info\/test-yetinnov\/wp-json\/wp\/v2\/users\/1"}],"replies":[{"embeddable":true,"href":"https:\/\/mesguides.info\/test-yetinnov\/wp-json\/wp\/v2\/comments?post=7410"}],"version-history":[{"count":19,"href":"https:\/\/mesguides.info\/test-yetinnov\/wp-json\/wp\/v2\/pages\/7410\/revisions"}],"predecessor-version":[{"id":8904,"href":"https:\/\/mesguides.info\/test-yetinnov\/wp-json\/wp\/v2\/pages\/7410\/revisions\/8904"}],"wp:attachment":[{"href":"https:\/\/mesguides.info\/test-yetinnov\/wp-json\/wp\/v2\/media?parent=7410"}],"curies":[{"name":"wp","href":"https:\/\/api.w.org\/{rel}","templated":true}]}}