{"id":7394,"date":"2024-08-23T10:19:07","date_gmt":"2024-08-23T08:19:07","guid":{"rendered":"https:\/\/mesguides.info\/test-yetinnov\/?page_id=7394"},"modified":"2024-09-09T10:32:25","modified_gmt":"2024-09-09T08:32:25","slug":"les-fondamentaux-du-kanban","status":"publish","type":"page","link":"https:\/\/mesguides.info\/test-yetinnov\/les-fondamentaux-du-kanban\/","title":{"rendered":"Les fondamentaux du KANBAN"},"content":{"rendered":"\t\t<div data-elementor-type=\"wp-page\" data-elementor-id=\"7394\" class=\"elementor elementor-7394\">\n\t\t\t\t\t\t<section class=\"elementor-section elementor-top-section elementor-element elementor-element-d8af8c5 elementor-section-boxed elementor-section-height-default elementor-section-height-default\" data-id=\"d8af8c5\" data-element_type=\"section\" data-settings=\"{&quot;background_background&quot;:&quot;classic&quot;,&quot;_ha_eqh_enable&quot;:false}\">\n\t\t\t\t\t\t<div class=\"elementor-container elementor-column-gap-default\">\n\t\t\t\t\t<div class=\"elementor-column elementor-col-100 elementor-top-column elementor-element elementor-element-ac7d546\" data-id=\"ac7d546\" data-element_type=\"column\">\n\t\t\t<div class=\"elementor-widget-wrap elementor-element-populated\">\n\t\t\t\t\t\t<section class=\"elementor-section elementor-inner-section elementor-element elementor-element-9c3a346 elementor-section-full_width elementor-section-height-default elementor-section-height-default\" data-id=\"9c3a346\" data-element_type=\"section\" data-settings=\"{&quot;_ha_eqh_enable&quot;:false}\">\n\t\t\t\t\t\t<div class=\"elementor-container elementor-column-gap-no\">\n\t\t\t\t\t<div class=\"elementor-column elementor-col-100 elementor-inner-column elementor-element elementor-element-d144ec9\" data-id=\"d144ec9\" data-element_type=\"column\">\n\t\t\t<div class=\"elementor-widget-wrap elementor-element-populated\">\n\t\t\t\t\t\t<div class=\"elementor-element elementor-element-000168e elementor-invisible elementor-widget elementor-widget-elementskit-heading\" data-id=\"000168e\" data-element_type=\"widget\" data-settings=\"{&quot;_animation&quot;:&quot;fadeInUp&quot;}\" data-widget_type=\"elementskit-heading.default\">\n\t\t\t\t<div class=\"elementor-widget-container\">\n\t\t\t<div class=\"ekit-wid-con\" ><div class=\"ekit-heading elementskit-section-title-wraper center   ekit_heading_tablet-   ekit_heading_mobile-\"><h2 class=\"ekit-heading--title elementskit-section-title \">Les fondamentaux  du KANBAN<\/h2><div class=\"ekit_heading_separetor_wraper ekit_heading_elementskit-border-divider\"><div class=\"elementskit-border-divider\"><\/div><\/div>\t\t\t\t<div class='ekit-heading__description'>\n\t\t\t\t\t<p>Bienvenue \u00e0 la formation \"Les fondamentaux du KANBAN\" d'une journ\u00e9e! Le KANBAN, issu des m\u00e9thodes de gestion Lean, est une approche puissante pour am\u00e9liorer l'efficacit\u00e9 et la visibilit\u00e9 des processus de travail. Que vous soyez nouveau dans le domaine ou que vous cherchiez \u00e0 approfondir vos connaissances, cette formation vous fournira les comp\u00e9tences essentielles pour int\u00e9grer avec succ\u00e8s le KANBAN dans votre environnement professionnel.<\/p>\n\t\t\t\t<\/div>\n\t\t\t<\/div><\/div>\t\t<\/div>\n\t\t\t\t<\/div>\n\t\t\t\t<div class=\"elementor-element elementor-element-eb4a5f4 elementor-widget elementor-widget-elementskit-simple-tab\" data-id=\"eb4a5f4\" data-element_type=\"widget\" data-widget_type=\"elementskit-simple-tab.default\">\n\t\t\t\t<div class=\"elementor-widget-container\">\n\t\t\t<div class=\"ekit-wid-con\" >        <div class=\"elementkit-tab-wraper   elementskit-fitcontent-tab \">\n            <ul class=\"nav nav-tabs elementkit-tab-nav  elementskit_tooltip_style elementskit_tooltip_style\">\n                                    <li class=\"elementkit-nav-item elementor-repeater-item-e7fb3c4\">\n                        <a class=\"elementkit-nav-link  active show left-pos\" id=\"content-e7fb3c469dd2b187e466-tab\" data-ekit-handler-id=\"pourquoi-kanban-\" data-ekit-toggle=\"tab\" data-target=\"#content-e7fb3c469dd2b187e466\" href=\"#Content-e7fb3c469dd2b187e466\"\n                            data-ekit-toggle-trigger=\"click\"\n                            aria-describedby=\"Content-e7fb3c469dd2b187e466\">\n                            <span class=\" elementskit-tab-icon\"><\/span>                            <span class=\"elementskit-tab-title\"> Pourquoi KANBAN ? <\/span>\n                        <\/a>\n                    <\/li>\n                                        <li class=\"elementkit-nav-item elementor-repeater-item-9077dfd\">\n                        <a class=\"elementkit-nav-link  left-pos\" id=\"content-9077dfd69dd2b187e466-tab\" data-ekit-handler-id=\"cibles\" data-ekit-toggle=\"tab\" data-target=\"#content-9077dfd69dd2b187e466\" href=\"#Content-9077dfd69dd2b187e466\"\n                            data-ekit-toggle-trigger=\"click\"\n                            aria-describedby=\"Content-9077dfd69dd2b187e466\">\n                            <span class=\" elementskit-tab-icon\"><\/span>                            <span class=\"elementskit-tab-title\"> Cibles<\/span>\n                        <\/a>\n                    <\/li>\n                                        <li class=\"elementkit-nav-item elementor-repeater-item-8ccf88b\">\n                        <a class=\"elementkit-nav-link  left-pos\" id=\"content-8ccf88b69dd2b187e466-tab\" data-ekit-handler-id=\"-programme-de-formation-\" data-ekit-toggle=\"tab\" data-target=\"#content-8ccf88b69dd2b187e466\" href=\"#Content-8ccf88b69dd2b187e466\"\n                            data-ekit-toggle-trigger=\"click\"\n                            aria-describedby=\"Content-8ccf88b69dd2b187e466\">\n                            <span class=\" elementskit-tab-icon\"><\/span>                            <span class=\"elementskit-tab-title\">  Programme de formation <\/span>\n                        <\/a>\n                    <\/li>\n                                        <li class=\"elementkit-nav-item elementor-repeater-item-00f52ae\">\n                        <a class=\"elementkit-nav-link  left-pos\" id=\"content-00f52ae69dd2b187e466-tab\" data-ekit-handler-id=\"objectifs-de-la-formation-\" data-ekit-toggle=\"tab\" data-target=\"#content-00f52ae69dd2b187e466\" href=\"#Content-00f52ae69dd2b187e466\"\n                            data-ekit-toggle-trigger=\"click\"\n                            aria-describedby=\"Content-00f52ae69dd2b187e466\">\n                            <span class=\" elementskit-tab-icon\"><\/span>                            <span class=\"elementskit-tab-title\"> Objectifs de la formation <\/span>\n                        <\/a>\n                    <\/li>\n                                        <li class=\"elementkit-nav-item elementor-repeater-item-5e2f044\">\n                        <a class=\"elementkit-nav-link  left-pos\" id=\"content-5e2f04469dd2b187e466-tab\" data-ekit-handler-id=\"objectifs-p-dagogique\" data-ekit-toggle=\"tab\" data-target=\"#content-5e2f04469dd2b187e466\" href=\"#Content-5e2f04469dd2b187e466\"\n                            data-ekit-toggle-trigger=\"click\"\n                            aria-describedby=\"Content-5e2f04469dd2b187e466\">\n                            <span class=\" elementskit-tab-icon\"><\/span>                            <span class=\"elementskit-tab-title\"> Objectifs P\u00e9dagogique<\/span>\n                        <\/a>\n                    <\/li>\n                                <\/ul>\n\n            <div class=\"tab-content elementkit-tab-content\">\n                                    <div class=\"tab-pane elementkit-tab-pane elementor-repeater-item-e7fb3c4  active show\" id=\"content-e7fb3c469dd2b187e466\" role=\"tabpanel\"\n                         aria-labelledby=\"content-e7fb3c469dd2b187e466-tab\">\n                        <div class=\"animated fadeIn\">\n                            <p>Bienvenue \u00e0 notre formation sur les fondamentaux du Kanban. Aujourd&#8217;hui, nous allons explorer une m\u00e9thode puissante et flexible pour g\u00e9rer vos projets et am\u00e9liorer votre flux de travail. Le Kanban, originaire du syst\u00e8me de production Toyota, est devenu un pilier des m\u00e9thodologies agiles, offrant des moyens efficaces de visualiser le travail, de limiter le travail en cours et de g\u00e9rer le flux de mani\u00e8re proactive.\n<\/p>\n<p>Que vous soyez nouveau dans les pratiques agiles ou que vous cherchiez \u00e0 optimiser vos processus existants, cette formation vous fournira les outils et les connaissances n\u00e9cessaires pour mettre en \u0153uvre le Kanban avec succ\u00e8s dans votre environnement de travail. \u00c0 travers des sessions interactives, des \u00e9tudes de cas et des exercices pratiques, vous apprendrez \u00e0 cr\u00e9er et \u00e0 utiliser des tableaux Kanban pour maximiser la productivit\u00e9, am\u00e9liorer la collaboration et garantir une livraison continue et de qualit\u00e9 \u00e0 vos clients et utilisateurs.\n<\/p>\n<p>Pr\u00e9parez-vous \u00e0 transformer votre approche de la gestion de projet et \u00e0 d\u00e9couvrir comment le Kanban peut vous aider \u00e0 atteindre vos objectifs de mani\u00e8re plus efficace et pr\u00e9visible.\n<\/p>                        <\/div>\n                    <\/div>\n                                    <div class=\"tab-pane elementkit-tab-pane elementor-repeater-item-9077dfd \" id=\"content-9077dfd69dd2b187e466\" role=\"tabpanel\"\n                         aria-labelledby=\"content-9077dfd69dd2b187e466-tab\">\n                        <div class=\"animated fadeIn\">\n                            <p style=\"text-align: center; font-size: 20px; margin-bottom: 40px;\"><strong>A quel public cette formation s\u2019adresse-t-elle?<\/strong><\/p>\n\n<p><i class=\"fa fa-check\" style=\"color:green;\"><\/i> Tous les acteurs du changement et futurs concepteurs du syst\u00e8me Kanban, incluant les directeurs, managers, directeurs de projet, responsables m\u00e9thodes et qualit\u00e9, chefs de projet et coachs agiles.\n<\/p>\n\n<p style=\"text-align: center; color: red; font-size: 20px; margin-top: 40px;\">Aucun pr\u00e9requis n&#8217;est n\u00e9cessaire pour les personnes souhaitant y participer.<\/p>                        <\/div>\n                    <\/div>\n                                    <div class=\"tab-pane elementkit-tab-pane elementor-repeater-item-8ccf88b \" id=\"content-8ccf88b69dd2b187e466\" role=\"tabpanel\"\n                         aria-labelledby=\"content-8ccf88b69dd2b187e466-tab\">\n                        <div class=\"animated fadeIn\">\n                            <p style=\"text-align: center; font-size: 20px;color:red;margin-bottom:60px;\"><span style=\"color:#000;\">Dur\u00e9e de la Formation :<\/span> <i class=\"fa fa-calendar\" style=\"color:#576194;\"><\/i> 1 jour<\/p>\n\n<h4>1-Introduction \u00e0 l&#8217;Agilit\u00e9 et \u00e0 la Pr\u00e9dictibilit\u00e9\n<\/h4>\n\n \t<p><i class=\"fa fa-check\" style=\"color:green;\"><\/i> D\u00e9finitions et principes de base de l&#8217;agilit\u00e9.\n<\/p>\n \t<p><i class=\"fa fa-check\" style=\"color:green;\"><\/i> Importance de la pr\u00e9dictibilit\u00e9 dans les projets.\n<\/p>\n <p><i class=\"fa fa-check\" style=\"color:green;\"><\/i> B\u00e9n\u00e9fices de l&#8217;agilit\u00e9 et de la pr\u00e9dictibilit\u00e9 pour les clients et les utilisateurs.\n<\/p>\n\n<h4>2-Techniques pour Am\u00e9liorer l&#8217;Agilit\u00e9 et la Pr\u00e9dictibilit\u00e9\n<\/h4>\n\n \t<p><i class=\"fa fa-check\" style=\"color:green;\"><\/i> Mise en place de cycles de d\u00e9veloppement courts et it\u00e9ratifs.\n<\/p>\n \t<p><i class=\"fa fa-check\" style=\"color:green;\"><\/i> Utilisation de m\u00e9triques et d&#8217;outils pour suivre la progression et les d\u00e9lais.\n<\/p>\n <p><i class=\"fa fa-check\" style=\"color:green;\"><\/i> Gestion proactive des risques et des changements.\n\n<\/p>\n\n<h4>3-R\u00e9duire les D\u00e9lais des Projets Informatiques\n\n<\/h4>\n\n \t<p><i class=\"fa fa-check\" style=\"color:green;\"><\/i> Identification des goulots d&#8217;\u00e9tranglement et des inefficacit\u00e9s.\n\n<\/p>\n \t<p><i class=\"fa fa-check\" style=\"color:green;\"><\/i> Techniques pour acc\u00e9l\u00e9rer le d\u00e9veloppement et la livraison.\n\n<\/p>\n <p><i class=\"fa fa-check\" style=\"color:green;\"><\/i> Importance de la collaboration et de la communication.\n\n\n<\/p>\n\n\n<h4>4-Am\u00e9liorer la Visibilit\u00e9 pour les Clients et les Utilisateurs\n<\/h4>\n\n \t<p><i class=\"fa fa-check\" style=\"color:green;\"><\/i> Techniques de communication transparente.\n\n\n<\/p>\n \t<p><i class=\"fa fa-check\" style=\"color:green;\"><\/i> Utilisation de tableaux de bord et de rapports de progression.\n\n<\/p>\n <p><i class=\"fa fa-check\" style=\"color:green;\"><\/i> Importance du feedback des clients et des utilisateurs.\n<\/p>\n\n<h4>5-Gestion des Projets dans un Contexte Non Favorable \u00e0 l&#8217;Agile\n\n<\/h4>\n\n \t<p><i class=\"fa fa-check\" style=\"color:green;\"><\/i> Apprendre \u00e0 appliquer les principes agiles dans des environnements non favorables.\n\n\n\n<\/p>\n \t                        <\/div>\n                    <\/div>\n                                    <div class=\"tab-pane elementkit-tab-pane elementor-repeater-item-00f52ae \" id=\"content-00f52ae69dd2b187e466\" role=\"tabpanel\"\n                         aria-labelledby=\"content-00f52ae69dd2b187e466-tab\">\n                        <div class=\"animated fadeIn\">\n                            <p><i class=\"fa fa-check\" style=\"color:green;\"><\/i> Am\u00e9liorer l&#8217;Agilit\u00e9 et la Pr\u00e9dictibilit\u00e9\n<\/p>\n<p><i class=\"fa fa-check\" style=\"color:green;\"><\/i> R\u00e9duire les D\u00e9lais des Projets Informatiques\n<\/p>\n<p><i class=\"fa fa-check\" style=\"color:green;\"><\/i> Rendre les Progr\u00e8s Visibles pour les Clients et les Utilisateurs\n<\/p>\n<p><i class=\"fa fa-check\" style=\"color:green;\"><\/i> Adapter les Pratiques Agiles \u00e0 des Contextes Non Favorables\n<\/p>                        <\/div>\n                    <\/div>\n                                    <div class=\"tab-pane elementkit-tab-pane elementor-repeater-item-5e2f044 \" id=\"content-5e2f04469dd2b187e466\" role=\"tabpanel\"\n                         aria-labelledby=\"content-5e2f04469dd2b187e466-tab\">\n                        <div class=\"animated fadeIn\">\n                            <p><i class=\"fa fa-check\" style=\"color:green;\"><\/i> Ce programme est con\u00e7u pour \u00eatre interactif et pratique, avec un \u00e9quilibre entre th\u00e9orie et activit\u00e9s pratiques pour garantir une bonne compr\u00e9hension et une application efficace des concepts appris.\n\n<\/p>                        <\/div>\n                    <\/div>\n                            <\/div>\n        <\/div>\n    <\/div>\t\t<\/div>\n\t\t\t\t<\/div>\n\t\t\t\t\t<\/div>\n\t\t<\/div>\n\t\t\t\t\t<\/div>\n\t\t<\/section>\n\t\t\t\t\t<\/div>\n\t\t<\/div>\n\t\t\t\t\t<\/div>\n\t\t<\/section>\n\t\t\t\t<\/div>\n\t\t","protected":false},"excerpt":{"rendered":"<p>Les fondamentaux du KANBAN Bienvenue \u00e0 la formation &#8220;Les fondamentaux du KANBAN&#8221; d&#8217;une journ\u00e9e! Le KANBAN, issu des m\u00e9thodes de gestion Lean, est une approche puissante pour am\u00e9liorer l&#8217;efficacit\u00e9 et la visibilit\u00e9 des processus de travail. Que vous soyez nouveau dans le domaine ou que vous cherchiez \u00e0 approfondir vos [&hellip;]<\/p>\n","protected":false},"author":1,"featured_media":0,"parent":0,"menu_order":0,"comment_status":"closed","ping_status":"closed","template":"elementor_theme","meta":{"footnotes":""},"class_list":["post-7394","page","type-page","status-publish","hentry"],"_links":{"self":[{"href":"https:\/\/mesguides.info\/test-yetinnov\/wp-json\/wp\/v2\/pages\/7394"}],"collection":[{"href":"https:\/\/mesguides.info\/test-yetinnov\/wp-json\/wp\/v2\/pages"}],"about":[{"href":"https:\/\/mesguides.info\/test-yetinnov\/wp-json\/wp\/v2\/types\/page"}],"author":[{"embeddable":true,"href":"https:\/\/mesguides.info\/test-yetinnov\/wp-json\/wp\/v2\/users\/1"}],"replies":[{"embeddable":true,"href":"https:\/\/mesguides.info\/test-yetinnov\/wp-json\/wp\/v2\/comments?post=7394"}],"version-history":[{"count":10,"href":"https:\/\/mesguides.info\/test-yetinnov\/wp-json\/wp\/v2\/pages\/7394\/revisions"}],"predecessor-version":[{"id":8509,"href":"https:\/\/mesguides.info\/test-yetinnov\/wp-json\/wp\/v2\/pages\/7394\/revisions\/8509"}],"wp:attachment":[{"href":"https:\/\/mesguides.info\/test-yetinnov\/wp-json\/wp\/v2\/media?parent=7394"}],"curies":[{"name":"wp","href":"https:\/\/api.w.org\/{rel}","templated":true}]}}