{"id":7261,"date":"2024-08-22T11:31:34","date_gmt":"2024-08-22T09:31:34","guid":{"rendered":"https:\/\/mesguides.info\/test-yetinnov\/?page_id=7261"},"modified":"2024-09-09T10:31:07","modified_gmt":"2024-09-09T08:31:07","slug":"les-fondamentaux-de-lagilite-scrum","status":"publish","type":"page","link":"https:\/\/mesguides.info\/test-yetinnov\/les-fondamentaux-de-lagilite-scrum\/","title":{"rendered":"Les fondamentaux de l\u2019Agilit\u00e9 &amp; Scrum"},"content":{"rendered":"\t\t<div data-elementor-type=\"wp-page\" data-elementor-id=\"7261\" class=\"elementor elementor-7261\">\n\t\t\t\t\t\t<section class=\"elementor-section elementor-top-section elementor-element elementor-element-68f55ea7 elementor-section-boxed elementor-section-height-default elementor-section-height-default\" data-id=\"68f55ea7\" data-element_type=\"section\" id=\"xs_tab_9\" data-settings=\"{&quot;background_background&quot;:&quot;classic&quot;,&quot;_ha_eqh_enable&quot;:false}\">\n\t\t\t\t\t\t<div class=\"elementor-container elementor-column-gap-default\">\n\t\t\t\t\t<div class=\"elementor-column elementor-col-100 elementor-top-column elementor-element elementor-element-3b65e947\" data-id=\"3b65e947\" data-element_type=\"column\">\n\t\t\t<div class=\"elementor-widget-wrap elementor-element-populated\">\n\t\t\t\t\t\t<div class=\"elementor-element elementor-element-638c2293 elementor-invisible elementor-widget elementor-widget-elementskit-heading\" data-id=\"638c2293\" data-element_type=\"widget\" data-settings=\"{&quot;_animation&quot;:&quot;fadeInUp&quot;}\" data-widget_type=\"elementskit-heading.default\">\n\t\t\t\t<div class=\"elementor-widget-container\">\n\t\t\t<div class=\"ekit-wid-con\" ><div class=\"ekit-heading elementskit-section-title-wraper center   ekit_heading_tablet-   ekit_heading_mobile-\"><h2 class=\"ekit-heading--title elementskit-section-title \">Les fondamentaux de Scrum &amp; l\u2019agilit\u00e9 <\/h2><div class=\"ekit_heading_separetor_wraper ekit_heading_elementskit-border-divider\"><div class=\"elementskit-border-divider\"><\/div><\/div>\t\t\t\t<div class='ekit-heading__description'>\n\t\t\t\t\t<p>Bienvenue \u00e0 notre formation intensive de 2 jours sur les fondamentaux de Scrum et de l'agilit\u00e9. Au cours de ce programme, vous d\u00e9couvrirez les principes et les pratiques cl\u00e9s qui sous-tendent l'approche agile et le cadre Scrum. \u00c0 travers des sessions interactives et des exercices pratiques, vous acquerrez les comp\u00e9tences n\u00e9cessaires pour am\u00e9liorer la collaboration au sein de vos \u00e9quipes, optimiser la gestion de vos projets et favoriser une culture de l'am\u00e9lioration continue. Pr\u00e9parez-vous \u00e0 transformer votre mani\u00e8re de travailler et \u00e0 adopter une approche plus flexible et r\u00e9active face aux d\u00e9fis de votre organisation.<\/p>\n\t\t\t\t<\/div>\n\t\t\t<\/div><\/div>\t\t<\/div>\n\t\t\t\t<\/div>\n\t\t\t\t<section class=\"elementor-section elementor-inner-section elementor-element elementor-element-6c336ca1 elementor-section-full_width elementor-section-height-default elementor-section-height-default\" data-id=\"6c336ca1\" data-element_type=\"section\" data-settings=\"{&quot;_ha_eqh_enable&quot;:false}\">\n\t\t\t\t\t\t<div class=\"elementor-container elementor-column-gap-no\">\n\t\t\t\t\t<div class=\"elementor-column elementor-col-100 elementor-inner-column elementor-element elementor-element-2d2c4624\" data-id=\"2d2c4624\" data-element_type=\"column\">\n\t\t\t<div class=\"elementor-widget-wrap elementor-element-populated\">\n\t\t\t\t\t\t<div class=\"elementor-element elementor-element-e7c1a3 elementor-widget elementor-widget-elementskit-simple-tab\" data-id=\"e7c1a3\" data-element_type=\"widget\" data-widget_type=\"elementskit-simple-tab.default\">\n\t\t\t\t<div class=\"elementor-widget-container\">\n\t\t\t<div class=\"ekit-wid-con\" >        <div class=\"elementkit-tab-wraper   elementskit-fitcontent-tab \">\n            <ul class=\"nav nav-tabs elementkit-tab-nav  elementskit_tooltip_style elementskit_tooltip_style\">\n                                    <li class=\"elementkit-nav-item elementor-repeater-item-e7fb3c4\">\n                        <a class=\"elementkit-nav-link  active show left-pos\" id=\"content-e7fb3c469de2d5b35efc-tab\" data-ekit-handler-id=\"pourquoi-agilit-scrum-\" data-ekit-toggle=\"tab\" data-target=\"#content-e7fb3c469de2d5b35efc\" href=\"#Content-e7fb3c469de2d5b35efc\"\n                            data-ekit-toggle-trigger=\"click\"\n                            aria-describedby=\"Content-e7fb3c469de2d5b35efc\">\n                            <span class=\" elementskit-tab-icon\"><\/span>                            <span class=\"elementskit-tab-title\"> Pourquoi Agilit\u00e9 & Scrum ? <\/span>\n                        <\/a>\n                    <\/li>\n                                        <li class=\"elementkit-nav-item elementor-repeater-item-9077dfd\">\n                        <a class=\"elementkit-nav-link  left-pos\" id=\"content-9077dfd69de2d5b35efc-tab\" data-ekit-handler-id=\"cibles\" data-ekit-toggle=\"tab\" data-target=\"#content-9077dfd69de2d5b35efc\" href=\"#Content-9077dfd69de2d5b35efc\"\n                            data-ekit-toggle-trigger=\"click\"\n                            aria-describedby=\"Content-9077dfd69de2d5b35efc\">\n                            <span class=\" elementskit-tab-icon\"><\/span>                            <span class=\"elementskit-tab-title\"> Cibles<\/span>\n                        <\/a>\n                    <\/li>\n                                        <li class=\"elementkit-nav-item elementor-repeater-item-8ccf88b\">\n                        <a class=\"elementkit-nav-link  left-pos\" id=\"content-8ccf88b69de2d5b35efc-tab\" data-ekit-handler-id=\"-programme-de-formation-\" data-ekit-toggle=\"tab\" data-target=\"#content-8ccf88b69de2d5b35efc\" href=\"#Content-8ccf88b69de2d5b35efc\"\n                            data-ekit-toggle-trigger=\"click\"\n                            aria-describedby=\"Content-8ccf88b69de2d5b35efc\">\n                            <span class=\" elementskit-tab-icon\"><\/span>                            <span class=\"elementskit-tab-title\">  Programme de formation <\/span>\n                        <\/a>\n                    <\/li>\n                                        <li class=\"elementkit-nav-item elementor-repeater-item-00f52ae\">\n                        <a class=\"elementkit-nav-link  left-pos\" id=\"content-00f52ae69de2d5b35efc-tab\" data-ekit-handler-id=\"objectifs-de-la-formation-\" data-ekit-toggle=\"tab\" data-target=\"#content-00f52ae69de2d5b35efc\" href=\"#Content-00f52ae69de2d5b35efc\"\n                            data-ekit-toggle-trigger=\"click\"\n                            aria-describedby=\"Content-00f52ae69de2d5b35efc\">\n                            <span class=\" elementskit-tab-icon\"><\/span>                            <span class=\"elementskit-tab-title\"> Objectifs de la formation <\/span>\n                        <\/a>\n                    <\/li>\n                                        <li class=\"elementkit-nav-item elementor-repeater-item-5e2f044\">\n                        <a class=\"elementkit-nav-link  left-pos\" id=\"content-5e2f04469de2d5b35efc-tab\" data-ekit-handler-id=\"objectifs-p-dagogique\" data-ekit-toggle=\"tab\" data-target=\"#content-5e2f04469de2d5b35efc\" href=\"#Content-5e2f04469de2d5b35efc\"\n                            data-ekit-toggle-trigger=\"click\"\n                            aria-describedby=\"Content-5e2f04469de2d5b35efc\">\n                            <span class=\" elementskit-tab-icon\"><\/span>                            <span class=\"elementskit-tab-title\"> Objectifs P\u00e9dagogique<\/span>\n                        <\/a>\n                    <\/li>\n                                <\/ul>\n\n            <div class=\"tab-content elementkit-tab-content\">\n                                    <div class=\"tab-pane elementkit-tab-pane elementor-repeater-item-e7fb3c4  active show\" id=\"content-e7fb3c469de2d5b35efc\" role=\"tabpanel\"\n                         aria-labelledby=\"content-e7fb3c469de2d5b35efc-tab\">\n                        <div class=\"animated fadeIn\">\n                            Avec nos formations en Agilit\u00e9 &#038; Scrum, vous rendrez la gestion de vos projets plus fiable et augmenterez la satisfaction des utilisateurs, tout en maximisant la valeur de vos projets complexes.\n                        <\/div>\n                    <\/div>\n                                    <div class=\"tab-pane elementkit-tab-pane elementor-repeater-item-9077dfd \" id=\"content-9077dfd69de2d5b35efc\" role=\"tabpanel\"\n                         aria-labelledby=\"content-9077dfd69de2d5b35efc-tab\">\n                        <div class=\"animated fadeIn\">\n                            <p style=\"text-align: center; font-size: 20px; margin-bottom: 40px;\"><strong>A quel public cette formation s\u2019adresse-t-elle?<\/strong><\/p>\n\n<p><i class=\"fa fa-check\" style=\"color:green;\"><\/i> Top managers &amp; middle managers<\/p>\n <p><i class=\"fa fa-check\" style=\"color:green;\"><\/i> Toute personne qui m\u00e8ne (ou compte mener) dans un projet de transformation agile dans une entreprise ou une organisation.<\/p>\n\n<p style=\"text-align: center; color: red; font-size: 20px; margin-top: 40px;\">Aucun pr\u00e9requis n&#8217;est n\u00e9cessaire pour les personnes souhaitant y participer.<\/p>                        <\/div>\n                    <\/div>\n                                    <div class=\"tab-pane elementkit-tab-pane elementor-repeater-item-8ccf88b \" id=\"content-8ccf88b69de2d5b35efc\" role=\"tabpanel\"\n                         aria-labelledby=\"content-8ccf88b69de2d5b35efc-tab\">\n                        <div class=\"animated fadeIn\">\n                            <p style=\"text-align: center; font-size: 20px;color:red;margin-bottom:60px;\"><span style=\"color:#000;\">Dur\u00e9e de la Formation :<\/span> <i class=\"fa fa-calendar\" style=\"color:#576194;\"><\/i> 2 Jours<\/p>\n\n<h4>1-Comprendre les principes de l&#8217;approche Agile<\/h4>\n\n \t<p><i class=\"fa fa-check\" style=\"color:green;\"><\/i> D\u00e9couvrir l&#8217;origine du mouvement Agile.<\/p>\n \t<p><i class=\"fa fa-check\" style=\"color:green;\"><\/i> Comprendre les valeurs et les principes Agiles.<\/p>\n <p><i class=\"fa fa-check\" style=\"color:green;\"><\/i> Comparer l\u2019approche agile au cycle de vie en cascade (classique).<\/p>\n\n\n<h4>2-Appr\u00e9hender les b\u00e9n\u00e9fices de l\u2019adoption de l\u2019agilit\u00e9<\/h4>\n<p><i class=\"fa fa-check\" style=\"color:green;\"><\/i> Distinguer les avantages et les inconv\u00e9nients de l&#8217;approche Agile.<\/p>\n <p><i class=\"fa fa-check\" style=\"color:green;\"><\/i> D\u00e9tailler les b\u00e9n\u00e9fices des grands principes Agiles.<\/p>\n <p><i class=\"fa fa-check\" style=\"color:green;\"><\/i> Savoir quand appliquer une m\u00e9thode Agile ou une m\u00e9thode classique.<\/p>\n <p><i class=\"fa fa-check\" style=\"color:green;\"><\/i> Retenir les principes de gestion de projet, communs \u00e0 toutes les m\u00e9thodes.<\/p>\n\n<h4>3-Cas d\u2019\u00e9tude : Conduire un projet Agile avec la m\u00e9thode SCRUM<\/h4>\n<p><i class=\"fa fa-check\" style=\"color:green;\"><\/i> Comprendre l&#8217;approche it\u00e9rative et incr\u00e9mentale en Sprints.<\/p>\n<p><i class=\"fa fa-check\" style=\"color:green;\"><\/i> Identifier le Product Owner et le Scrum Master, leurs r\u00f4le et responsabilit\u00e9s.<\/p>\n <p><i class=\"fa fa-check\" style=\"color:green;\"><\/i> D\u00e9finir le Backlog produit.<\/p>\n<p><i class=\"fa fa-check\" style=\"color:green;\"><\/i> Estimer la charge des Stories.<\/p>\n <p><i class=\"fa fa-check\" style=\"color:green;\"><\/i> Planifier la Release et le Sprint.<\/p>\n<p><i class=\"fa fa-check\" style=\"color:green;\"><\/i> Se r\u00e9unir quotidiennement pour le Scrum.<\/p>\n<p><i class=\"fa fa-check\" style=\"color:green;\"><\/i> Effectuer la revue du Sprint.<\/p>\n <p><i class=\"fa fa-check\" style=\"color:green;\"><\/i> Pratiquer l&#8217;am\u00e9lioration continue avec la R\u00e9trospective de Sprint.<\/p>\n\n\n<h4>4-Conna\u00eetre les points d&#8217;attention en contexte Agile<\/h4>\n<p><i class=\"fa fa-check\" style=\"color:green;\"><\/i> Anticiper l&#8217;impact organisationnel des m\u00e9thodes Agiles.<\/p>\n <p><i class=\"fa fa-check\" style=\"color:green;\"><\/i> G\u00e9rer de grands projets en Agile.<\/p>\n                        <\/div>\n                    <\/div>\n                                    <div class=\"tab-pane elementkit-tab-pane elementor-repeater-item-00f52ae \" id=\"content-00f52ae69de2d5b35efc\" role=\"tabpanel\"\n                         aria-labelledby=\"content-00f52ae69de2d5b35efc-tab\">\n                        <div class=\"animated fadeIn\">\n                            <p><i class=\"fa fa-check\" style=\"color:green;\"><\/i> Comprendre comment fonctionne une approche agile pour mener un projet.<\/p>\n <p><i class=\"fa fa-check\" style=\"color:green;\"><\/i> Savoir quels sont les b\u00e9n\u00e9fices concrets qu\u2019une telle approche peut apporter \u00e0 votre organisation.<\/p>\n <p><i class=\"fa fa-check\" style=\"color:green;\"><\/i> Comprendre comment am\u00e9liorer la productivit\u00e9 des \u00e9quipes projets avec une approche agile.<\/p>\n<p><i class=\"fa fa-check\" style=\"color:green;\"><\/i> Conna\u00eetre les diff\u00e9rentes m\u00e9thodes agiles disponibles sur le march\u00e9.<\/p>\n<p><i class=\"fa fa-check\" style=\"color:green;\"><\/i> D\u00e9terminer par o\u00f9 commencer pour mettre en \u0153uvre une approche agile avec Scrum.<\/p>\n <p><i class=\"fa fa-check\" style=\"color:green;\"><\/i> \u00c9viter les principaux pi\u00e8ges li\u00e9s \u00e0 cette mise en \u0153uvre.<\/p>\n                        <\/div>\n                    <\/div>\n                                    <div class=\"tab-pane elementkit-tab-pane elementor-repeater-item-5e2f044 \" id=\"content-5e2f04469de2d5b35efc\" role=\"tabpanel\"\n                         aria-labelledby=\"content-5e2f04469de2d5b35efc-tab\">\n                        <div class=\"animated fadeIn\">\n                            <p>L&#8217;objectif est que les participants acqui\u00e8rent de l&#8217;exp\u00e9rience de mani\u00e8re naturelle lors des ateliers et assimilent plus efficacement les concepts pr\u00e9sent\u00e9s.<\/p>\n<p><i class=\"fa fa-check\" style=\"color:green;\"><\/i> Cette formation de 2 jours comprend une partie th\u00e9orique avec des d\u00e9bats et des sessions de questions\/r\u00e9ponses, ainsi qu&#8217;une partie pratique avec une \u00e9tude de cas, des simulations de situations r\u00e9elles, des exercices, des ateliers et des serious games en fin de chaque journ\u00e9e.<\/p>\n <p><i class=\"fa fa-check\" style=\"color:green;\"><\/i> 50% pratique &amp; 50% th\u00e9orique.<\/p>\n                        <\/div>\n                    <\/div>\n                            <\/div>\n        <\/div>\n    <\/div>\t\t<\/div>\n\t\t\t\t<\/div>\n\t\t\t\t\t<\/div>\n\t\t<\/div>\n\t\t\t\t\t<\/div>\n\t\t<\/section>\n\t\t\t\t\t<\/div>\n\t\t<\/div>\n\t\t\t\t\t<\/div>\n\t\t<\/section>\n\t\t\t\t<\/div>\n\t\t","protected":false},"excerpt":{"rendered":"<p>Les fondamentaux de Scrum &amp; l\u2019agilit\u00e9 Bienvenue \u00e0 notre formation intensive de 2 jours sur les fondamentaux de Scrum et de l&#8217;agilit\u00e9. Au cours de ce programme, vous d\u00e9couvrirez les principes et les pratiques cl\u00e9s qui sous-tendent l&#8217;approche agile et le cadre Scrum. \u00c0 travers des sessions interactives et des [&hellip;]<\/p>\n","protected":false},"author":1,"featured_media":0,"parent":0,"menu_order":0,"comment_status":"closed","ping_status":"closed","template":"elementor_theme","meta":{"footnotes":""},"class_list":["post-7261","page","type-page","status-publish","hentry"],"_links":{"self":[{"href":"https:\/\/mesguides.info\/test-yetinnov\/wp-json\/wp\/v2\/pages\/7261"}],"collection":[{"href":"https:\/\/mesguides.info\/test-yetinnov\/wp-json\/wp\/v2\/pages"}],"about":[{"href":"https:\/\/mesguides.info\/test-yetinnov\/wp-json\/wp\/v2\/types\/page"}],"author":[{"embeddable":true,"href":"https:\/\/mesguides.info\/test-yetinnov\/wp-json\/wp\/v2\/users\/1"}],"replies":[{"embeddable":true,"href":"https:\/\/mesguides.info\/test-yetinnov\/wp-json\/wp\/v2\/comments?post=7261"}],"version-history":[{"count":46,"href":"https:\/\/mesguides.info\/test-yetinnov\/wp-json\/wp\/v2\/pages\/7261\/revisions"}],"predecessor-version":[{"id":8506,"href":"https:\/\/mesguides.info\/test-yetinnov\/wp-json\/wp\/v2\/pages\/7261\/revisions\/8506"}],"wp:attachment":[{"href":"https:\/\/mesguides.info\/test-yetinnov\/wp-json\/wp\/v2\/media?parent=7261"}],"curies":[{"name":"wp","href":"https:\/\/api.w.org\/{rel}","templated":true}]}}